{"id":103,"date":"2022-10-03T11:16:22","date_gmt":"2022-10-03T10:16:22","guid":{"rendered":"http:\/\/mmabay.co.uk\/gratis-online-dating-sites-find-sex-i-dit-omraade\/"},"modified":"2022-10-11T16:05:31","modified_gmt":"2022-10-11T15:05:31","slug":"gratis-online-dating-sites-find-sex-i-dit-omraade","status":"publish","type":"page","link":"https:\/\/mmabay.co.uk\/da\/","title":{"rendered":"Gratis online dating sites &#8211; Find sex i dit omr\u00e5de"},"content":{"rendered":"<p>Casual dating er forskellig fra afslappet sex, fordi det indeb\u00e6rer meget mindre risiko. Mens afslappet sex ofte kr\u00e6ver en vis grad af tillid og komfort, kr\u00e6ver casual dating ikke noget lignende. Du beh\u00f8ver ikke bekymre dig om at blive s\u00e5ret eller blive skuffet. Der er intet pres for at g\u00f8re noget, du ikke \u00f8nsker at g\u00f8re. Hvis du beslutter dig for at sl\u00e5 op med nogen, holder du simpelthen op med at se hinanden. Og hvis du begynder at se en anden, forts\u00e6tter du bare med at g\u00f8re, hvad du har gjort.<\/p>\n<p>Casual dating kan fungere godt for de fleste mennesker. Der er mange grunde til, at det kan v\u00e6re den perfekte pasform for dig. For eksempel er du m\u00e5ske for nylig kommet ud af et langvarigt forhold, og du \u00f8nsker ikke rigtig at hoppe ind i noget for alvorligt p\u00e5 dette tidspunkt i dit liv. M\u00e5ske vil du udforske datingscenen p\u00e5 dine egne betingelser og uden at skulle bekymre dig om forventninger eller pres. Eller m\u00e5ske \u00f8nsker du simpelthen ikke at forpligte dig til en person ad gangen.<\/p>\n<h2>Fordele og ulemper<\/h2>\n<p>Der er masser af ulemper ved casual dating, og nogle af dem kan overraske dig. Hvis du har t\u00e6nkt p\u00e5 at pr\u00f8ve afslappet dating, er her otte ting, du m\u00e5ske ikke er klar over om denne type forhold.<\/p>\n<h3>Casual dating f\u00f8rer ikke altid til engagement<\/h3>\n<p>Du tror m\u00e5ske, at fordi du tilf\u00e6ldigt har datet nogen i nogen tid nu, vil du til sidst flytte ind i et engageret forhold sammen. Dette er dog ikke n\u00f8dvendigvis sandt. Nogle mennesker ender aldrig med at komme videre med et forhold, mens andre beslutter at afbryde deres afslappede forbindelser. Uanset hvad garanterer casual dating ikke en fremtid sammen.<\/p>\n<h3>Der er ingen garanti for kompatibilitet<\/h3>\n<p>N\u00e5r du begynder tilf\u00e6ldigt at date nogen, kan du antage, at I begge vil v\u00e6re kompatible med hinanden. Men det er sj\u00e6ldent tilf\u00e6ldet. Selvom I m\u00e5ske f\u00f8ler, at I kender hinanden godt nok til at g\u00f8re antagelser om, hvordan I ville arbejde sammen, har I stadig ikke brugt meget tid p\u00e5 at l\u00e6re hinanden at kende. Og da du faktisk aldrig har v\u00e6ret n\u00f8dt til at s\u00e6tte dig selv derude og stille sp\u00f8rgsm\u00e5l, forst\u00e5r du muligvis ikke visse dele af en anden persons personlighed. Dette kan give problemer hen ad vejen.<\/p>\n<h3>Du kan g\u00e5 glip af muligheder<\/h3>\n<p>Hvis du tilf\u00e6ldigt dater nogen, har du ingen grund til at g\u00e5 ud p\u00e5 datoer med andre mennesker. N\u00e5r man er single <a href=\"http:\/\/www.deittisovellus.net\">Deittisovellus.net<\/a>, har man typisk mulighed for at m\u00f8de mange forskellige mennesker og se, hvor tingene b\u00e6rer hen. Men n\u00e5r du tilf\u00e6ldigt dater nogen allerede, har du muligvis ikke chancen for at g\u00f8re dette. Du kan ogs\u00e5 g\u00e5 glip af at m\u00f8de potentielle partnere, der ikke er interesseret i casual dating.<\/p>\n<h2>Hot Picks af Sex Hookup Apps<\/h2>\n<p>Hvis du nogensinde har pr\u00f8vet online dating, ved du, hvor sv\u00e6rt det kan v\u00e6re at finde nogen speciel. Og selvom der er masser af websteder derude, der hj\u00e6lper dig med at oprette forbindelse til mennesker, er de fleste af dem ikke designet til at g\u00f8re det nemt at finde k\u00e6rlighed. S\u00e5 hvad g\u00f8r du?<\/p>\n<h3>H\u00e6ngsel<\/h3>\n<p>Hinge er en af de apps, hvor det kr\u00e6ver lidt tilv\u00e6nning. Du bliver pr\u00e6senteret for en liste over potentielle matches baseret p\u00e5 f\u00e6lles venner, f\u00e6lles placeringer og f\u00e6lles interesser. N\u00e5r du stryger til venstre eller h\u00f8jre, f\u00f8res du til den n\u00e6ste sk\u00e6rm, hvor du kan l\u00e6re mere om den person, du lige har matchet med. Denne proces forts\u00e6tter, indtil du finder nogen, du kan lide nok til at forts\u00e6tte med at chatte.<\/p>\n<p>Appen kommer med et par begr\u00e6nsninger. For det f\u00f8rste er der ingen ubegr\u00e6nsede swipes, medmindre du betaler $ 4.99 pr. M\u00e5ned for et premiumabonnement. For det andet kan du ikke sende beskeder til folk i din k\u00f8, medmindre du betaler for et premiumabonnement. For det tredje vises der kun tre profiler p\u00e5 \u00e9n gang, hvilket g\u00f8r det sv\u00e6rt at holde styr p\u00e5, hvad du laver. Og endelig <a href=\"http:\/\/www.treffisivusto.com\">Treffisivusto.com<\/a>, hvis du ikke kan lide den person, du m\u00f8dte, stryger du simpelthen v\u00e6k uden at have en chance for at sige farvel.<\/p>\n<h3>T\u00e6ndstik<\/h3>\n<p>Match er en af de mest popul\u00e6re datingsider i Nordamerika. Med millioner af mennesker registreret over hele kloden tilbyder det en bred vifte af muligheder for at finde k\u00e6rlighed. Uanset om du vil date tilf\u00e6ldigt, starte en familie eller bare leder efter venner, giver Match en r\u00e6kke forskellige m\u00e5der at oprette forbindelse til andre p\u00e5.<\/p>\n<p>Webstedet kan prale af et stort antal medlemmer, hvilket g\u00f8r det nemt at gennemse profiler og finde potentielle datoer. N\u00e5r du tilmelder dig, v\u00e6lger du, hvilken type person du s\u00f8ger &#8211; afslappet, venskab, romantik osv. Du v\u00e6lger ogs\u00e5, hvor mange sp\u00f8rgsm\u00e5l du vil have besvaret om dig selv. N\u00e5r du har gennemf\u00f8rt disse trin, kan du s\u00f8ge efter matches baseret p\u00e5 placering, k\u00f8n, interesser, hobbyer og endda alder.<\/p>\n<p>N\u00e5r du har fundet en person, du kan lide, kan du sende beskeder og udveksle telefonnumre. Men hvis du beslutter dig for at g\u00e5 videre, kan du opgradere dit medlemskab til Premium, som giver dig mulighed for at se yderligere oplysninger om hvert medlem. For eksempel kan du finde ud af, om de er single, gift, skilt, forlovet eller en del af et andet par. Premium l\u00e5ser ogs\u00e5 op for adgang til eksklusive funktioner s\u00e5som VIP-chatrum, hvor du kan m\u00f8de singler i det virkelige liv.<\/p>\n<h3>Fyrsvamp<\/h3>\n<p>Tinder regerer suver\u00e6nt i denne arena, fordi det er let at bruge, gratis, og der er ingen adgangsbarrierer. Du beh\u00f8ver ikke engang at downloade appen &#8211; du kan f\u00e5 adgang til den via mobilbrowser. Og mens du kan m\u00f8de folk til uformelle datoer eller afslappet sex p\u00e5 de fleste af disse apps, er Tinder den, hvor folk leder efter noget mere meningsfuldt.<\/p>\n<p>Appen er ekstremt ligetil at forst\u00e5, selvom det betyder, at folk foretager hurtige snap-vurderinger, som undertiden kan udvikle sig til at fokusere tungere p\u00e5 nogens fotos end deres profil og interesser. Hvis du vil oprette forbindelse til nogen, skal du g\u00e5 ud over overfladeniveauet for at se, om de potentielt kan passe godt.<\/p>\n<p>For at matche tempoet skal du pr\u00f8ve at v\u00e6re opm\u00e6rksom p\u00e5 dine billeder og fors\u00f8ge at skildre dig selv i det bedst mulige lys. For eksempel anbefaler Schneider at uploade billeder, der viser dit smil, da smil ofte betragtes som attraktivt. Hun foresl\u00e5r ogs\u00e5 at s\u00f8rge for, at dit ansigt ikke er for t\u00e6t p\u00e5 kameraet, da det f\u00e5r dig til at se mindre tilg\u00e6ngelig ud.<\/p>\n<p>Du kan ogs\u00e5 overveje at tage et par minutter til at skrive en kort beskrivelse, der inkluderer dine hobbyer, karrierem\u00e5l og ambitioner. P\u00e5 denne m\u00e5de vil folk vide, hvorfor du er interesseret i at oprette forbindelse til dem.<\/p>\n<p>Endelig anbefaler Schneider at holde tingene sjove. Tag ikke dig selv for alvorligt, og t\u00e6nk ikke for meget over tingene. Bare slap af og nyd processen.<\/p>\n","protected":false},"excerpt":{"rendered":"<div class=\"mh-excerpt\"><p>Casual dating er forskellig fra afslappet sex, fordi det indeb\u00e6rer meget mindre risiko. Mens afslappet sex ofte kr\u00e6ver en vis grad af tillid og komfort, <a class=\"mh-excerpt-more\" href=\"https:\/\/mmabay.co.uk\/da\/\" title=\"Gratis online dating sites &#8211; Find sex i dit omr\u00e5de\">[&#8230;]<\/a><\/p>\n<\/div>","protected":false},"author":1,"featured_media":0,"parent":0,"menu_order":0,"comment_status":"closed","ping_status":"closed","template":"","meta":[],"yoast_head":"<!-- This site is optimized with the Yoast SEO plugin v17.7.1 - https:\/\/yoast.com\/wordpress\/plugins\/seo\/ -->\n<title>Gratis online dating sites - Find sex i dit omr\u00e5de - Bay Reviews<\/title>\n<meta name=\"robots\" content=\"index, follow, max-snippet:-1, max-image-preview:large, max-video-preview:-1\" \/>\n<link rel=\"canonical\" href=\"https:\/\/mmabay.co.uk\/da\/\" \/>\n<meta property=\"og:locale\" content=\"da_DK\" \/>\n<meta property=\"og:type\" content=\"article\" \/>\n<meta property=\"og:title\" content=\"Gratis online dating sites - Find sex i dit omr\u00e5de - Bay Reviews\" \/>\n<meta property=\"og:description\" content=\"Casual dating er forskellig fra afslappet sex, fordi det indeb\u00e6rer meget mindre risiko. Mens afslappet sex ofte kr\u00e6ver en vis grad af tillid og komfort, [...]\" \/>\n<meta property=\"og:url\" content=\"https:\/\/mmabay.co.uk\/da\/\" \/>\n<meta property=\"og:site_name\" content=\"Bay Reviews\" \/>\n<meta property=\"article:modified_time\" content=\"2022-10-11T15:05:31+00:00\" \/>\n<meta name=\"twitter:card\" content=\"summary_large_image\" \/>\n<meta name=\"twitter:label1\" content=\"Estimeret l\u00e6setid\" \/>\n\t<meta name=\"twitter:data1\" content=\"6 minutter\" \/>\n<script type=\"application\/ld+json\" class=\"yoast-schema-graph\">{\"@context\":\"https:\/\/schema.org\",\"@graph\":[{\"@type\":\"WebSite\",\"@id\":\"https:\/\/mmabay.co.uk\/da\/#website\",\"url\":\"https:\/\/mmabay.co.uk\/da\/\",\"name\":\"Bay Reviews\",\"description\":\"Casual Hookup Finder\",\"potentialAction\":[{\"@type\":\"SearchAction\",\"target\":{\"@type\":\"EntryPoint\",\"urlTemplate\":\"https:\/\/mmabay.co.uk\/da\/?s={search_term_string}\"},\"query-input\":\"required name=search_term_string\"}],\"inLanguage\":\"da-DK\"},{\"@type\":\"WebPage\",\"@id\":\"https:\/\/mmabay.co.uk\/da\/#webpage\",\"url\":\"https:\/\/mmabay.co.uk\/da\/\",\"name\":\"Gratis online dating sites - Find sex i dit omr\\u00e5de - Bay Reviews\",\"isPartOf\":{\"@id\":\"https:\/\/mmabay.co.uk\/da\/#website\"},\"datePublished\":\"2022-10-03T10:16:22+00:00\",\"dateModified\":\"2022-10-11T15:05:31+00:00\",\"breadcrumb\":{\"@id\":\"https:\/\/mmabay.co.uk\/da\/#breadcrumb\"},\"inLanguage\":\"da-DK\",\"potentialAction\":[{\"@type\":\"ReadAction\",\"target\":[\"https:\/\/mmabay.co.uk\/da\/\"]}]},{\"@type\":\"BreadcrumbList\",\"@id\":\"https:\/\/mmabay.co.uk\/da\/#breadcrumb\",\"itemListElement\":[{\"@type\":\"ListItem\",\"position\":1,\"name\":\"Home\",\"item\":\"https:\/\/mmabay.co.uk\/da\/\"},{\"@type\":\"ListItem\",\"position\":2,\"name\":\"Gratis online dating sites &#8211; Find sex i dit omr\\u00e5de\"}]}]}<\/script>\n<!-- \/ Yoast SEO plugin. -->","yoast_head_json":{"title":"Gratis online dating sites - Find sex i dit omr\u00e5de - Bay Reviews","robots":{"index":"index","follow":"follow","max-snippet":"max-snippet:-1","max-image-preview":"max-image-preview:large","max-video-preview":"max-video-preview:-1"},"canonical":"https:\/\/mmabay.co.uk\/da\/","og_locale":"da_DK","og_type":"article","og_title":"Gratis online dating sites - Find sex i dit omr\u00e5de - Bay Reviews","og_description":"Casual dating er forskellig fra afslappet sex, fordi det indeb\u00e6rer meget mindre risiko. Mens afslappet sex ofte kr\u00e6ver en vis grad af tillid og komfort, [...]","og_url":"https:\/\/mmabay.co.uk\/da\/","og_site_name":"Bay Reviews","article_modified_time":"2022-10-11T15:05:31+00:00","twitter_card":"summary_large_image","twitter_misc":{"Estimeret l\u00e6setid":"6 minutter"},"schema":{"@context":"https:\/\/schema.org","@graph":[{"@type":"WebSite","@id":"https:\/\/mmabay.co.uk\/da\/#website","url":"https:\/\/mmabay.co.uk\/da\/","name":"Bay Reviews","description":"Casual Hookup Finder","potentialAction":[{"@type":"SearchAction","target":{"@type":"EntryPoint","urlTemplate":"https:\/\/mmabay.co.uk\/da\/?s={search_term_string}"},"query-input":"required name=search_term_string"}],"inLanguage":"da-DK"},{"@type":"WebPage","@id":"https:\/\/mmabay.co.uk\/da\/#webpage","url":"https:\/\/mmabay.co.uk\/da\/","name":"Gratis online dating sites - Find sex i dit omr\u00e5de - Bay Reviews","isPartOf":{"@id":"https:\/\/mmabay.co.uk\/da\/#website"},"datePublished":"2022-10-03T10:16:22+00:00","dateModified":"2022-10-11T15:05:31+00:00","breadcrumb":{"@id":"https:\/\/mmabay.co.uk\/da\/#breadcrumb"},"inLanguage":"da-DK","potentialAction":[{"@type":"ReadAction","target":["https:\/\/mmabay.co.uk\/da\/"]}]},{"@type":"BreadcrumbList","@id":"https:\/\/mmabay.co.uk\/da\/#breadcrumb","itemListElement":[{"@type":"ListItem","position":1,"name":"Home","item":"https:\/\/mmabay.co.uk\/da\/"},{"@type":"ListItem","position":2,"name":"Gratis online dating sites &#8211; Find sex i dit omr\u00e5de"}]}]}},"_links":{"self":[{"href":"https:\/\/mmabay.co.uk\/da\/wp-json\/wp\/v2\/pages\/103"}],"collection":[{"href":"https:\/\/mmabay.co.uk\/da\/wp-json\/wp\/v2\/pages"}],"about":[{"href":"https:\/\/mmabay.co.uk\/da\/wp-json\/wp\/v2\/types\/page"}],"author":[{"embeddable":true,"href":"https:\/\/mmabay.co.uk\/da\/wp-json\/wp\/v2\/users\/1"}],"replies":[{"embeddable":true,"href":"https:\/\/mmabay.co.uk\/da\/wp-json\/wp\/v2\/comments?post=103"}],"version-history":[{"count":1,"href":"https:\/\/mmabay.co.uk\/da\/wp-json\/wp\/v2\/pages\/103\/revisions"}],"predecessor-version":[{"id":251,"href":"https:\/\/mmabay.co.uk\/da\/wp-json\/wp\/v2\/pages\/103\/revisions\/251"}],"wp:attachment":[{"href":"https:\/\/mmabay.co.uk\/da\/wp-json\/wp\/v2\/media?parent=103"}],"curies":[{"name":"wp","href":"https:\/\/api.w.org\/{rel}","templated":true}]}}