{"id":151,"date":"2022-10-03T13:15:06","date_gmt":"2022-10-03T12:15:06","guid":{"rendered":"http:\/\/mmabay.co.uk\/fabswingers\/"},"modified":"2022-10-03T13:15:06","modified_gmt":"2022-10-03T12:15:06","slug":"fabswingers","status":"publish","type":"page","link":"https:\/\/mmabay.co.uk\/da\/fabswingers\/","title":{"rendered":"FabSwingers"},"content":{"rendered":"<p>Der er mange dating apps derude, men FabSwingers er en af de eneste specielt til swingere. Dette g\u00f8r det til en god mulighed for folk, der er i den livsstil. Appen er nem at bruge og har mange funktioner, hvilket g\u00f8r den til en god mulighed for swingere, der \u00f8nsker at m\u00f8de andre swingere. Appen er ogs\u00e5 gratis at bruge, hvilket er en anden stor fordel. Samlet set er FabSwingers en god mulighed for swingere, der \u00f8nsker at m\u00f8de andre swingere i deres omr\u00e5de.<\/p>\n<h2>Hvordan er funktionerne?<\/h2>\n<p>FabSwingers er en datingapp, der <a href=\"http:\/\/mmabay.co.uk\/da\/xcheaters\/\">giver brugerne mulighed for at oprette forbindelse til andre ligesindede i deres omr\u00e5de<\/a>. Appen har en r\u00e6kke funktioner, der g\u00f8r det nemt at finde og oprette forbindelse til potentielle kampe. Brugere kan s\u00f8ge efter andre medlemmer efter placering, alder og interesser. De kan ogs\u00e5 se profiler og billeder og sende beskeder. Appen har ogs\u00e5 en chatfunktion, s\u00e5 brugerne kan chatte med andre medlemmer i realtid.<\/p>\n<h2>Muligheder for medlemskab<\/h2>\n<p>FabSwingers er en dating app, der giver dig mulighed for at oprette forbindelse til andre swingere i dit omr\u00e5de. Der er to tilg\u00e6ngelige medlemskabsmuligheder: gratis og betalt. Det gratis medlemskab giver dig adgang til de grundl\u00e6ggende funktioner i appen, mens det betalte medlemskab giver dig adgang til alle funktionerne i appen. Det betalte medlemskab giver dig ogs\u00e5 adgang til eksklusive funktioner, s\u00e5som muligheden for at se, hvem der er online, og hvem der ikke er.<\/p>\n<p>Omkostningerne ved et FabSwingers-medlemskab er meget rimelige sammenlignet med andre datingapps. For et m\u00e5nedligt gebyr f\u00e5r du adgang til alle funktionerne p\u00e5 webstedet, herunder messaging, s\u00f8gning og profilvisninger. Du f\u00e5r ogs\u00e5 adgang til webstedets omfattende database over medlemmer. Omkostningerne ved et FabSwingers-medlemskab er meget rimelige sammenlignet med andre datingapps.<\/p>\n<h2>Tilmelding &#8211; er det nemt?<\/h2>\n<p>Ja, det er nemt at tilmelde sig FabSwingers! Bare g\u00e5 til hjemmesiden og udfyld en hurtig formular med din e-mail-adresse, brugernavn og adgangskode. N\u00e5r du er klar, kan du begynde at gennemse profiler, sende beskeder og arrangere m\u00f8der med andre medlemmer. Hele processen b\u00f8r kun tage et par minutter, og s\u00e5 er du p\u00e5 vej til at m\u00f8de nye mennesker og nyde alle fordelene ved webstedet.<\/p>\n<h2>Alternativer til FabSwingers<\/h2>\n<p>Der er et par alternativer til FabSwingers, der henvender sig til dem, der er interesseret i den svingende livsstil. SDC (Swingers Date Club) og Kasidie er to popul\u00e6re muligheder. Begge platforme tilbyder en lignende oplevelse som FabSwingers, med en stor brugerbase og forskellige funktioner, der hj\u00e6lper dig med at oprette forbindelse til andre swingere.<\/p>\n<p>Hvis du ikke er interesseret i den svingende livsstil, er der masser af andre datingapps derude, der kan im\u00f8dekomme dine behov. Tinder, Bumble og Hinge er alle popul\u00e6re valg for dem, der leder efter en mere traditionel datingoplevelse.<\/p>\n<p>FabSwingers er en af de sikreste dating apps til r\u00e5dighed. Appen kr\u00e6ver, at alle brugere bekr\u00e6fter deres identitet med en gyldig e-mail-adresse, og alle brugerprofiler er grundigt unders\u00f8gt af FabSwingers-teamet. Derudover bruger appen en streng privatlivspolitik for at holde brugerdata sikre og sikre. Samlet set er FabSwingers en sikker og p\u00e5lidelig mulighed for dem, der leder efter en svingende partner.<\/p>\n<h2>Er FabSwingers det v\u00e6rd?<\/h2>\n<p>Der er mange dating apps derude, og det kan v\u00e6re sv\u00e6rt at beslutte, hvilken man skal g\u00e5 med. Nogle mennesker sv\u00e6rger til Tinder, mens andre foretr\u00e6kker Bumble. S\u00e5 er der apps som Masser af fisk og Match.com. Og glem ikke alle niche dating apps som Jdate og Christian Mingle. S\u00e5 hvor passer FabSwingers ind? N\u00e5, hvis du leder efter en datingapp, der henvender sig til swingere, s\u00e5 er FabSwingers bestemt prisen v\u00e6rd. Appen er nem at bruge og har mange fantastiske funktioner. Plus, det er meget billigere end de fleste af de andre dating apps derude.<\/p>\n<p>S\u00e5 hvis du \u00f8nsker at tilf\u00f8je lidt krydderi til dit datingliv, s\u00e5 er FabSwingers bestemt vejen at g\u00e5.<\/p>\n","protected":false},"excerpt":{"rendered":"<div class=\"mh-excerpt\"><p>Der er mange dating apps derude, men FabSwingers er en af de eneste specielt til swingere. Dette g\u00f8r det til en god mulighed for folk, <a class=\"mh-excerpt-more\" href=\"https:\/\/mmabay.co.uk\/da\/fabswingers\/\" title=\"FabSwingers\">[&#8230;]<\/a><\/p>\n<\/div>","protected":false},"author":1,"featured_media":0,"parent":0,"menu_order":0,"comment_status":"closed","ping_status":"closed","template":"","meta":[],"yoast_head":"<!-- This site is optimized with the Yoast SEO plugin v17.7.1 - https:\/\/yoast.com\/wordpress\/plugins\/seo\/ -->\n<title>FabSwingers - Bay Reviews<\/title>\n<meta name=\"robots\" content=\"index, follow, max-snippet:-1, max-image-preview:large, max-video-preview:-1\" \/>\n<link rel=\"canonical\" href=\"https:\/\/mmabay.co.uk\/da\/fabswingers\/\" \/>\n<meta property=\"og:locale\" content=\"da_DK\" \/>\n<meta property=\"og:type\" content=\"article\" \/>\n<meta property=\"og:title\" content=\"FabSwingers - Bay Reviews\" \/>\n<meta property=\"og:description\" content=\"Der er mange dating apps derude, men FabSwingers er en af de eneste specielt til swingere. Dette g\u00f8r det til en god mulighed for folk, [...]\" \/>\n<meta property=\"og:url\" content=\"https:\/\/mmabay.co.uk\/da\/fabswingers\/\" \/>\n<meta property=\"og:site_name\" content=\"Bay Reviews\" \/>\n<meta name=\"twitter:card\" content=\"summary_large_image\" \/>\n<meta name=\"twitter:label1\" content=\"Estimeret l\u00e6setid\" \/>\n\t<meta name=\"twitter:data1\" content=\"3 minutter\" \/>\n<script type=\"application\/ld+json\" class=\"yoast-schema-graph\">{\"@context\":\"https:\/\/schema.org\",\"@graph\":[{\"@type\":\"WebSite\",\"@id\":\"https:\/\/mmabay.co.uk\/da\/#website\",\"url\":\"https:\/\/mmabay.co.uk\/da\/\",\"name\":\"Bay Reviews\",\"description\":\"Casual Hookup Finder\",\"potentialAction\":[{\"@type\":\"SearchAction\",\"target\":{\"@type\":\"EntryPoint\",\"urlTemplate\":\"https:\/\/mmabay.co.uk\/da\/?s={search_term_string}\"},\"query-input\":\"required name=search_term_string\"}],\"inLanguage\":\"da-DK\"},{\"@type\":\"WebPage\",\"@id\":\"https:\/\/mmabay.co.uk\/da\/fabswingers\/#webpage\",\"url\":\"https:\/\/mmabay.co.uk\/da\/fabswingers\/\",\"name\":\"FabSwingers - Bay Reviews\",\"isPartOf\":{\"@id\":\"https:\/\/mmabay.co.uk\/da\/#website\"},\"datePublished\":\"2022-10-03T12:15:06+00:00\",\"dateModified\":\"2022-10-03T12:15:06+00:00\",\"breadcrumb\":{\"@id\":\"https:\/\/mmabay.co.uk\/da\/fabswingers\/#breadcrumb\"},\"inLanguage\":\"da-DK\",\"potentialAction\":[{\"@type\":\"ReadAction\",\"target\":[\"https:\/\/mmabay.co.uk\/da\/fabswingers\/\"]}]},{\"@type\":\"BreadcrumbList\",\"@id\":\"https:\/\/mmabay.co.uk\/da\/fabswingers\/#breadcrumb\",\"itemListElement\":[{\"@type\":\"ListItem\",\"position\":1,\"name\":\"Home\",\"item\":\"https:\/\/mmabay.co.uk\/da\/\"},{\"@type\":\"ListItem\",\"position\":2,\"name\":\"FabSwingers\"}]}]}<\/script>\n<!-- \/ Yoast SEO plugin. -->","yoast_head_json":{"title":"FabSwingers - Bay Reviews","robots":{"index":"index","follow":"follow","max-snippet":"max-snippet:-1","max-image-preview":"max-image-preview:large","max-video-preview":"max-video-preview:-1"},"canonical":"https:\/\/mmabay.co.uk\/da\/fabswingers\/","og_locale":"da_DK","og_type":"article","og_title":"FabSwingers - Bay Reviews","og_description":"Der er mange dating apps derude, men FabSwingers er en af de eneste specielt til swingere. Dette g\u00f8r det til en god mulighed for folk, [...]","og_url":"https:\/\/mmabay.co.uk\/da\/fabswingers\/","og_site_name":"Bay Reviews","twitter_card":"summary_large_image","twitter_misc":{"Estimeret l\u00e6setid":"3 minutter"},"schema":{"@context":"https:\/\/schema.org","@graph":[{"@type":"WebSite","@id":"https:\/\/mmabay.co.uk\/da\/#website","url":"https:\/\/mmabay.co.uk\/da\/","name":"Bay Reviews","description":"Casual Hookup Finder","potentialAction":[{"@type":"SearchAction","target":{"@type":"EntryPoint","urlTemplate":"https:\/\/mmabay.co.uk\/da\/?s={search_term_string}"},"query-input":"required name=search_term_string"}],"inLanguage":"da-DK"},{"@type":"WebPage","@id":"https:\/\/mmabay.co.uk\/da\/fabswingers\/#webpage","url":"https:\/\/mmabay.co.uk\/da\/fabswingers\/","name":"FabSwingers - Bay Reviews","isPartOf":{"@id":"https:\/\/mmabay.co.uk\/da\/#website"},"datePublished":"2022-10-03T12:15:06+00:00","dateModified":"2022-10-03T12:15:06+00:00","breadcrumb":{"@id":"https:\/\/mmabay.co.uk\/da\/fabswingers\/#breadcrumb"},"inLanguage":"da-DK","potentialAction":[{"@type":"ReadAction","target":["https:\/\/mmabay.co.uk\/da\/fabswingers\/"]}]},{"@type":"BreadcrumbList","@id":"https:\/\/mmabay.co.uk\/da\/fabswingers\/#breadcrumb","itemListElement":[{"@type":"ListItem","position":1,"name":"Home","item":"https:\/\/mmabay.co.uk\/da\/"},{"@type":"ListItem","position":2,"name":"FabSwingers"}]}]}},"_links":{"self":[{"href":"https:\/\/mmabay.co.uk\/da\/wp-json\/wp\/v2\/pages\/151"}],"collection":[{"href":"https:\/\/mmabay.co.uk\/da\/wp-json\/wp\/v2\/pages"}],"about":[{"href":"https:\/\/mmabay.co.uk\/da\/wp-json\/wp\/v2\/types\/page"}],"author":[{"embeddable":true,"href":"https:\/\/mmabay.co.uk\/da\/wp-json\/wp\/v2\/users\/1"}],"replies":[{"embeddable":true,"href":"https:\/\/mmabay.co.uk\/da\/wp-json\/wp\/v2\/comments?post=151"}],"version-history":[{"count":0,"href":"https:\/\/mmabay.co.uk\/da\/wp-json\/wp\/v2\/pages\/151\/revisions"}],"wp:attachment":[{"href":"https:\/\/mmabay.co.uk\/da\/wp-json\/wp\/v2\/media?parent=151"}],"curies":[{"name":"wp","href":"https:\/\/api.w.org\/{rel}","templated":true}]}}