{"id":163,"date":"2022-10-03T13:10:32","date_gmt":"2022-10-03T12:10:32","guid":{"rendered":"http:\/\/mmabay.co.uk\/opvarmedeaffairs\/"},"modified":"2022-10-03T13:10:32","modified_gmt":"2022-10-03T12:10:32","slug":"opvarmedeaffairs","status":"publish","type":"page","link":"https:\/\/mmabay.co.uk\/da\/opvarmedeaffairs\/","title":{"rendered":"OpvarmedeAffairs"},"content":{"rendered":"<p>HeatedAffairs er en af de mest popul\u00e6re sexting-apps, der er tilg\u00e6ngelige i dag. Appen giver brugerne mulighed for at sende og modtage seksuelle beskeder og billeder samt oprette forbindelse til andre brugere, der er interesserede i sexting. HeatedAffairs er en fantastisk m\u00e5de at krydre dit sexliv eller tilf\u00f8je lidt ekstra sp\u00e6nding til dit forhold. <a href=\"http:\/\/mmabay.co.uk\/da\/dobbeltliste\/\">Appen er gratis at downloade og bruge<\/a>, og der er ingen abonnementsgebyrer.<\/p>\n<h2>Gr\u00e6nseflade<\/h2>\n<p>HeatedAffairs interface er super brugervenlig og nem at navigere. Du kan finde det, du leder efter hurtigt og nemt, og designet er slankt og moderne. Appen er ogs\u00e5 meget intuitiv og lydh\u00f8r, s\u00e5 du har ingen problemer med at bruge den. Samlet set er HeatedAffairs-gr\u00e6nsefladen en af de bedste i branchen og g\u00f8r det nemt og sjovt at finde en date.<\/p>\n<h2>Dine muligheder<\/h2>\n<p>Der er mange forskellige dating apps derude, og det kan v\u00e6re sv\u00e6rt at beslutte, hvilken der passer til dig. Hvis du leder efter noget lidt mere dampende og mindre seri\u00f8st, kan Heated Affairs v\u00e6re en god mulighed for dig. Denne app er designet til folk, der leder efter afslappede tilslutninger og anliggender, s\u00e5 du kan helt sikkert forvente at finde nogle mennesker, der bare leder efter en fysisk forbindelse. Der er dog ogs\u00e5 mange mennesker p\u00e5 appen, der leder efter noget mere f\u00f8lelsesm\u00e6ssigt og langsigtet, s\u00e5 det er bestemt v\u00e6rd at tjekke ud, om du er \u00e5ben for begge muligheder. Det fantastiske ved Heated Affairs er, at det er en domfri zone, s\u00e5 du kan f\u00f8le dig fri til at v\u00e6re dig selv og udforske din seksualitet uden bekymring.<\/p>\n<p>Omkostningerne ved HeatedAffairs er $ 39.99 for en m\u00e5neds medlemskab og $ 19.99 for et tre m\u00e5neders medlemskab. Der er ogs\u00e5 et seks m\u00e5neders medlemskab tilg\u00e6ngeligt for $ 9.99. HeatedAffairs tilbyder en r\u00e6kke funktioner til sine medlemmer, herunder muligheden for at s\u00f8ge efter medlemmer efter placering, alder, k\u00f8n og interesser. HeatedAffairs tilbyder ogs\u00e5 en r\u00e6kke kommunikationsv\u00e6rkt\u00f8jer, s\u00e5som chatrum, instant messaging og e-mail. HeatedAffairs er en dating app, der henvender sig til gifte og tilknyttede personer, der leder efter lidt ekstra sp\u00e6nding i deres liv.<\/p>\n<h2>Sikkerhed<\/h2>\n<p>Der er mange dating apps derude, og det kan v\u00e6re sv\u00e6rt at vide, hvilke der er sikre at bruge. HeatedAffairs er en dating app, der er designet til at v\u00e6re sikker og sikker for sine brugere. Appen har en r\u00e6kke funktioner, der hj\u00e6lper med at holde sine brugere sikre, herunder en streng verifikationsproces, et rapporteringssystem for brugere, der f\u00f8ler sig usikre, og en blokeringsfunktion for brugere, der ikke \u00f8nsker at blive kontaktet af bestemte personer. HeatedAffairs har ogs\u00e5 et team af moderatorer, der arbejder for at holde appen sikker og ren for sine brugere. Samlet set er HeatedAffairs en sikker datingapp, som du kan stole p\u00e5.<\/p>\n<h2>Proces for medlemskab<\/h2>\n<p>For at blive medlem af Heated Affairs skal du f\u00f8rst oprette en konto. Du bliver derefter bedt om at angive din e-mail-adresse, oprette en adgangskode og v\u00e6lge dit k\u00f8n og det k\u00f8n, du s\u00f8ger. N\u00e5r dette er gjort, vil du kunne f\u00e5 adgang til webstedets funktioner. For at kunne bruge webstedets meddelelsessystem skal du opgradere til et betalt medlemskab. Betalte medlemskaber giver adgang til yderligere funktioner, s\u00e5som muligheden for at se, hvem der har set din profil, sende og modtage ubegr\u00e6nsede beskeder og se medlemsbilleder.<\/p>\n<h2>Steder, der ligner opvarmedeAffairs<\/h2>\n<p>Der er mange sider, der ligner HeatedAffairs, n\u00e5r det kommer til online dating. Nogle andre popul\u00e6re dating apps er Tinder, OkCupid og Bumble. Alle disse apps giver brugerne mulighed for at oprette en profil, tilf\u00f8je fotos og stryge til venstre eller h\u00f8jre p\u00e5 andre brugere for at indikere interesse. Disse apps ligner HeatedAffairs, idet de alle er designet til at hj\u00e6lpe brugerne med at m\u00f8de nye mennesker. Hver app har dog sine egne unikke funktioner og brugerbase. For eksempel er Tinder kendt for sin hookup-kultur, mens OkCupid er mere rettet mod forhold. Bumble er unik, fordi den kun tillader kvinder at indlede kontakt med m\u00e6nd. HeatedAffairs ligner disse andre apps, idet det er en platform til at m\u00f8de nye mennesker, men det har ogs\u00e5 unikke funktioner, der adskiller det. For eksempel har HeatedAffairs fokus p\u00e5 udenoms\u00e6gteskabelige aff\u00e6rer og diskrete m\u00f8der. Dette g\u00f8r det til en god mulighed for dem, der leder efter noget udenfor<\/p>\n<h2>Er HeatedAffairs det v\u00e6rd?<\/h2>\n<p>Der er mange dating apps til r\u00e5dighed, og det kan v\u00e6re sv\u00e6rt at beslutte, hvilken der skal bruges. HeatedAffairs er en popul\u00e6r mulighed, og den har mange funktioner, der appellerer til brugerne. Det er vigtigt at bem\u00e6rke, at det er en betalt app, s\u00e5 du bliver n\u00f8dt til at beslutte, om omkostningerne er det v\u00e6rd for dig. Nogle mennesker finder ud af, at funktionerne og kvaliteten af HeatedAffairs er prisen v\u00e6rd, mens andre ikke g\u00f8r det. Det er en personlig beslutning, og du b\u00f8r afveje fordele og ulemper, f\u00f8r du tr\u00e6ffer en beslutning.<\/p>\n","protected":false},"excerpt":{"rendered":"<div class=\"mh-excerpt\"><p>HeatedAffairs er en af de mest popul\u00e6re sexting-apps, der er tilg\u00e6ngelige i dag. Appen giver brugerne mulighed for at sende og modtage seksuelle beskeder og <a class=\"mh-excerpt-more\" href=\"https:\/\/mmabay.co.uk\/da\/opvarmedeaffairs\/\" title=\"OpvarmedeAffairs\">[&#8230;]<\/a><\/p>\n<\/div>","protected":false},"author":1,"featured_media":0,"parent":0,"menu_order":0,"comment_status":"closed","ping_status":"closed","template":"","meta":[],"yoast_head":"<!-- This site is optimized with the Yoast SEO plugin v17.7.1 - https:\/\/yoast.com\/wordpress\/plugins\/seo\/ -->\n<title>OpvarmedeAffairs - Bay Reviews<\/title>\n<meta name=\"robots\" content=\"index, follow, max-snippet:-1, max-image-preview:large, max-video-preview:-1\" \/>\n<link rel=\"canonical\" href=\"https:\/\/mmabay.co.uk\/da\/opvarmedeaffairs\/\" \/>\n<meta property=\"og:locale\" content=\"da_DK\" \/>\n<meta property=\"og:type\" content=\"article\" \/>\n<meta property=\"og:title\" content=\"OpvarmedeAffairs - Bay Reviews\" \/>\n<meta property=\"og:description\" content=\"HeatedAffairs er en af de mest popul\u00e6re sexting-apps, der er tilg\u00e6ngelige i dag. Appen giver brugerne mulighed for at sende og modtage seksuelle beskeder og [...]\" \/>\n<meta property=\"og:url\" content=\"https:\/\/mmabay.co.uk\/da\/opvarmedeaffairs\/\" \/>\n<meta property=\"og:site_name\" content=\"Bay Reviews\" \/>\n<meta name=\"twitter:card\" content=\"summary_large_image\" \/>\n<meta name=\"twitter:label1\" content=\"Estimeret l\u00e6setid\" \/>\n\t<meta name=\"twitter:data1\" content=\"4 minutter\" \/>\n<script type=\"application\/ld+json\" class=\"yoast-schema-graph\">{\"@context\":\"https:\/\/schema.org\",\"@graph\":[{\"@type\":\"WebSite\",\"@id\":\"https:\/\/mmabay.co.uk\/da\/#website\",\"url\":\"https:\/\/mmabay.co.uk\/da\/\",\"name\":\"Bay Reviews\",\"description\":\"Casual Hookup Finder\",\"potentialAction\":[{\"@type\":\"SearchAction\",\"target\":{\"@type\":\"EntryPoint\",\"urlTemplate\":\"https:\/\/mmabay.co.uk\/da\/?s={search_term_string}\"},\"query-input\":\"required name=search_term_string\"}],\"inLanguage\":\"da-DK\"},{\"@type\":\"WebPage\",\"@id\":\"https:\/\/mmabay.co.uk\/da\/opvarmedeaffairs\/#webpage\",\"url\":\"https:\/\/mmabay.co.uk\/da\/opvarmedeaffairs\/\",\"name\":\"OpvarmedeAffairs - Bay Reviews\",\"isPartOf\":{\"@id\":\"https:\/\/mmabay.co.uk\/da\/#website\"},\"datePublished\":\"2022-10-03T12:10:32+00:00\",\"dateModified\":\"2022-10-03T12:10:32+00:00\",\"breadcrumb\":{\"@id\":\"https:\/\/mmabay.co.uk\/da\/opvarmedeaffairs\/#breadcrumb\"},\"inLanguage\":\"da-DK\",\"potentialAction\":[{\"@type\":\"ReadAction\",\"target\":[\"https:\/\/mmabay.co.uk\/da\/opvarmedeaffairs\/\"]}]},{\"@type\":\"BreadcrumbList\",\"@id\":\"https:\/\/mmabay.co.uk\/da\/opvarmedeaffairs\/#breadcrumb\",\"itemListElement\":[{\"@type\":\"ListItem\",\"position\":1,\"name\":\"Home\",\"item\":\"https:\/\/mmabay.co.uk\/da\/\"},{\"@type\":\"ListItem\",\"position\":2,\"name\":\"OpvarmedeAffairs\"}]}]}<\/script>\n<!-- \/ Yoast SEO plugin. -->","yoast_head_json":{"title":"OpvarmedeAffairs - Bay Reviews","robots":{"index":"index","follow":"follow","max-snippet":"max-snippet:-1","max-image-preview":"max-image-preview:large","max-video-preview":"max-video-preview:-1"},"canonical":"https:\/\/mmabay.co.uk\/da\/opvarmedeaffairs\/","og_locale":"da_DK","og_type":"article","og_title":"OpvarmedeAffairs - Bay Reviews","og_description":"HeatedAffairs er en af de mest popul\u00e6re sexting-apps, der er tilg\u00e6ngelige i dag. Appen giver brugerne mulighed for at sende og modtage seksuelle beskeder og [...]","og_url":"https:\/\/mmabay.co.uk\/da\/opvarmedeaffairs\/","og_site_name":"Bay Reviews","twitter_card":"summary_large_image","twitter_misc":{"Estimeret l\u00e6setid":"4 minutter"},"schema":{"@context":"https:\/\/schema.org","@graph":[{"@type":"WebSite","@id":"https:\/\/mmabay.co.uk\/da\/#website","url":"https:\/\/mmabay.co.uk\/da\/","name":"Bay Reviews","description":"Casual Hookup Finder","potentialAction":[{"@type":"SearchAction","target":{"@type":"EntryPoint","urlTemplate":"https:\/\/mmabay.co.uk\/da\/?s={search_term_string}"},"query-input":"required name=search_term_string"}],"inLanguage":"da-DK"},{"@type":"WebPage","@id":"https:\/\/mmabay.co.uk\/da\/opvarmedeaffairs\/#webpage","url":"https:\/\/mmabay.co.uk\/da\/opvarmedeaffairs\/","name":"OpvarmedeAffairs - Bay Reviews","isPartOf":{"@id":"https:\/\/mmabay.co.uk\/da\/#website"},"datePublished":"2022-10-03T12:10:32+00:00","dateModified":"2022-10-03T12:10:32+00:00","breadcrumb":{"@id":"https:\/\/mmabay.co.uk\/da\/opvarmedeaffairs\/#breadcrumb"},"inLanguage":"da-DK","potentialAction":[{"@type":"ReadAction","target":["https:\/\/mmabay.co.uk\/da\/opvarmedeaffairs\/"]}]},{"@type":"BreadcrumbList","@id":"https:\/\/mmabay.co.uk\/da\/opvarmedeaffairs\/#breadcrumb","itemListElement":[{"@type":"ListItem","position":1,"name":"Home","item":"https:\/\/mmabay.co.uk\/da\/"},{"@type":"ListItem","position":2,"name":"OpvarmedeAffairs"}]}]}},"_links":{"self":[{"href":"https:\/\/mmabay.co.uk\/da\/wp-json\/wp\/v2\/pages\/163"}],"collection":[{"href":"https:\/\/mmabay.co.uk\/da\/wp-json\/wp\/v2\/pages"}],"about":[{"href":"https:\/\/mmabay.co.uk\/da\/wp-json\/wp\/v2\/types\/page"}],"author":[{"embeddable":true,"href":"https:\/\/mmabay.co.uk\/da\/wp-json\/wp\/v2\/users\/1"}],"replies":[{"embeddable":true,"href":"https:\/\/mmabay.co.uk\/da\/wp-json\/wp\/v2\/comments?post=163"}],"version-history":[{"count":0,"href":"https:\/\/mmabay.co.uk\/da\/wp-json\/wp\/v2\/pages\/163\/revisions"}],"wp:attachment":[{"href":"https:\/\/mmabay.co.uk\/da\/wp-json\/wp\/v2\/media?parent=163"}],"curies":[{"name":"wp","href":"https:\/\/api.w.org\/{rel}","templated":true}]}}