{"id":168,"date":"2022-10-03T13:14:33","date_gmt":"2022-10-03T12:14:33","guid":{"rendered":"http:\/\/mmabay.co.uk\/xcheaters\/"},"modified":"2022-10-03T13:14:33","modified_gmt":"2022-10-03T12:14:33","slug":"xcheaters","status":"publish","type":"page","link":"https:\/\/mmabay.co.uk\/da\/xcheaters\/","title":{"rendered":"XCheaters"},"content":{"rendered":"<p>Der er mange tilslutningssider derude, der im\u00f8dekommer folk, der leder efter et afslappet, uforpligtende forhold. XCheaters er et af disse websteder. Det er et popul\u00e6rt sted for folk, der leder efter en hurtig tilslutning, og det er ogs\u00e5 et godt sted for folk, der leder efter et l\u00e6ngerevarende forhold. Webstedet har mange funktioner, der g\u00f8r det nemt at finde kampe, og det har ogs\u00e5 mange medlemmer, s\u00e5 du er sikker p\u00e5 at finde nogen, der er kompatible med dig.<\/p>\n<h2>Tilslutning funktioner<\/h2>\n<p>XCheaters Hookup er en ny datingapp, der giver brugerne mulighed for at oprette forbindelse til potentielle kampe i deres omr\u00e5de. Appen indeholder en r\u00e6kke funktioner, der g\u00f8r det nemt at finde og oprette forbindelse til potentielle kampe. Appen giver ogs\u00e5 brugerne mulighed for at chatte med potentielle kampe i realtid. Appen er gratis at downloade og bruge.<\/p>\n<h2>Dit valg<\/h2>\n<p>Der er mange dating apps derude, men XCheaters er bestemt en af de bedste. Det er let at bruge og har masser af funktioner, der g\u00f8r det godt til at finde en dato eller bare en tilslutning. S\u00f8gefunktionen er rigtig god, og du kan indsn\u00e6vre dine resultater med et v\u00e6ld af forskellige kriterier. Beskedsystemet er ogs\u00e5 fantastisk, og du kan nemt holde styr p\u00e5 dine samtaler. Samlet set er XCheaters en god mulighed for alle, der leder efter en datingapp.<\/p>\n<h2>Gebyrer<\/h2>\n<p>Der er ingen tvivl om, at datingapps har revolutioneret den m\u00e5de, vi dater og m\u00f8der mennesker p\u00e5. Men sammen med den bekvemmelighed, de har bragt, er der ogs\u00e5 et nyt s\u00e6t udfordringer. En af de st\u00f8rste er sp\u00f8rgsm\u00e5let om gebyrer. Nogle dating apps, som Tinder, er helt gratis at bruge. Andre, som Bumble, opkr\u00e6ver et m\u00e5nedligt abonnementsgebyr. Og stadig andre, som eHarmony, opkr\u00e6ver et gebyr pr. Service (i dette tilf\u00e6lde for hver besked, du sender). Problemet er, at disse gebyrer kan tilf\u00f8jes, og de er ikke altid klare. For eksempel annonceres Bumbles abonnementsgebyr som $ 8.99 pr. M\u00e5ned. Men hvis du vil bruge deres premium-funktioner, som &#8220;SuperSwipes&#8221;, skal du betale yderligere $ 9.99 pr. M\u00e5ned. S\u00e5 det er virkelig $ 18 pr. M\u00e5ned. Og s\u00e5 er der de skjulte gebyrer. Nogle apps, som Hinge, opkr\u00e6ver $ 3.99<\/p>\n<h2>Var tilmeldingen let?<\/h2>\n<p>Hvis du leder efter en nem m\u00e5de at m\u00f8de nye mennesker p\u00e5, er XCheaters bestemt vejen at g\u00e5. Tilmeldingsprocessen er hurtig og enkel, og du kan begynde at chatte med folk p\u00e5 f\u00e5 minutter. Interfacet er brugervenligt og let at navigere, og hele oplevelsen er bare generelt underholdende. Jeg vil helt klart anbefale XCheaters til alle, der leder efter en ny dating app.<\/p>\n<h2>Websteder som XCheaters<\/h2>\n<p>Der er et par websteder som XCheaters, der er popul\u00e6re blandt folk, der leder efter datingapps. Disse websteder tilbyder en r\u00e6kke funktioner, der giver brugerne mulighed for at finde potentielle kampe og chatte med dem. Nogle af de funktioner, der tilbydes af disse websteder, inkluderer:<\/p>\n<ul>\n<li>Avancerede s\u00f8gemuligheder, der giver brugerne mulighed for at finde matches baseret p\u00e5 deres placering, alder, interesser og meget mere.<\/li>\n<li>En bred vifte af kommunikationsv\u00e6rkt\u00f8jer, der giver brugerne mulighed for at chatte med kampe og l\u00e6re dem bedre at kende.<\/li>\n<li>Muligheden for at uploade billeder og videoer, s\u00e5 matches kan f\u00e5 en bedre id\u00e9 om, hvem de taler med.<\/li>\n<li>En r\u00e6kke funktioner, der g\u00f8r det nemt at finde og chatte med matches.<\/li>\n<\/ul>\n<p>Hvis du leder efter en datingapp, der tilbyder alle disse funktioner, b\u00f8r du helt sikkert tjekke et af webstederne som XCheaters.<\/p>\n<p>Hvis du leder efter en sikker datingapp, er XCheaters en god mulighed. Appen tilbyder en sikker platform for brugere til at oprette forbindelse og kommunikere med hinanden. Alle personlige oplysninger krypteres og gemmes sikkert p\u00e5 appens servere. Derudover tilbyder XCheaters en r\u00e6kke sikkerhedsfunktioner, herunder en blokeringsfunktion og en rapporteringsfunktion. Hvis du st\u00f8der p\u00e5 problemer eller har mistanke om, at nogen ikke er den, de siger, de er, kan du rapportere dem til appens supportteam. XCheaters er en god mulighed for dem, der \u00f8nsker en sikker og sikker m\u00e5de at oprette forbindelse til andre.<\/p>\n<h2>Er XCheaters det v\u00e6rd?<\/h2>\n<p>Der er mange dating apps derude, og det kan v\u00e6re sv\u00e6rt at beslutte, hvilken man skal g\u00e5 med. XCheaters er en nyere dating app, og den har bestemt et stort potentiale. Det st\u00f8rste salgsargument for denne app er bestemt prisen. Det er kun $ 4.99 om m\u00e5neden, hvilket er meget billigere end de fleste andre dating apps. Appen har ogs\u00e5 en masse funktioner, som andre datingapps ikke har, som en avanceret s\u00f8gefunktion og muligheden for at se, hvem der har set din profil. Ulempen ved denne app er, at den ikke har en meget stor brugerbase endnu, s\u00e5 du har m\u00e5ske ikke s\u00e5 meget held med at finde kampe. Samlet set er XCheaters absolut v\u00e6rd at koste og er absolut v\u00e6rd at tjekke ud.<\/p>\n","protected":false},"excerpt":{"rendered":"<div class=\"mh-excerpt\"><p>Der er mange tilslutningssider derude, der im\u00f8dekommer folk, der leder efter et afslappet, uforpligtende forhold. XCheaters er et af disse websteder. Det er et popul\u00e6rt <a class=\"mh-excerpt-more\" href=\"https:\/\/mmabay.co.uk\/da\/xcheaters\/\" title=\"XCheaters\">[&#8230;]<\/a><\/p>\n<\/div>","protected":false},"author":1,"featured_media":0,"parent":0,"menu_order":0,"comment_status":"closed","ping_status":"closed","template":"","meta":[],"yoast_head":"<!-- This site is optimized with the Yoast SEO plugin v17.7.1 - https:\/\/yoast.com\/wordpress\/plugins\/seo\/ -->\n<title>XCheaters - Bay Reviews<\/title>\n<meta name=\"robots\" content=\"index, follow, max-snippet:-1, max-image-preview:large, max-video-preview:-1\" \/>\n<link rel=\"canonical\" href=\"https:\/\/mmabay.co.uk\/da\/xcheaters\/\" \/>\n<meta property=\"og:locale\" content=\"da_DK\" \/>\n<meta property=\"og:type\" content=\"article\" \/>\n<meta property=\"og:title\" content=\"XCheaters - Bay Reviews\" \/>\n<meta property=\"og:description\" content=\"Der er mange tilslutningssider derude, der im\u00f8dekommer folk, der leder efter et afslappet, uforpligtende forhold. XCheaters er et af disse websteder. Det er et popul\u00e6rt [...]\" \/>\n<meta property=\"og:url\" content=\"https:\/\/mmabay.co.uk\/da\/xcheaters\/\" \/>\n<meta property=\"og:site_name\" content=\"Bay Reviews\" \/>\n<meta name=\"twitter:card\" content=\"summary_large_image\" \/>\n<meta name=\"twitter:label1\" content=\"Estimeret l\u00e6setid\" \/>\n\t<meta name=\"twitter:data1\" content=\"4 minutter\" \/>\n<script type=\"application\/ld+json\" class=\"yoast-schema-graph\">{\"@context\":\"https:\/\/schema.org\",\"@graph\":[{\"@type\":\"WebSite\",\"@id\":\"https:\/\/mmabay.co.uk\/da\/#website\",\"url\":\"https:\/\/mmabay.co.uk\/da\/\",\"name\":\"Bay Reviews\",\"description\":\"Casual Hookup Finder\",\"potentialAction\":[{\"@type\":\"SearchAction\",\"target\":{\"@type\":\"EntryPoint\",\"urlTemplate\":\"https:\/\/mmabay.co.uk\/da\/?s={search_term_string}\"},\"query-input\":\"required name=search_term_string\"}],\"inLanguage\":\"da-DK\"},{\"@type\":\"WebPage\",\"@id\":\"https:\/\/mmabay.co.uk\/da\/xcheaters\/#webpage\",\"url\":\"https:\/\/mmabay.co.uk\/da\/xcheaters\/\",\"name\":\"XCheaters - Bay Reviews\",\"isPartOf\":{\"@id\":\"https:\/\/mmabay.co.uk\/da\/#website\"},\"datePublished\":\"2022-10-03T12:14:33+00:00\",\"dateModified\":\"2022-10-03T12:14:33+00:00\",\"breadcrumb\":{\"@id\":\"https:\/\/mmabay.co.uk\/da\/xcheaters\/#breadcrumb\"},\"inLanguage\":\"da-DK\",\"potentialAction\":[{\"@type\":\"ReadAction\",\"target\":[\"https:\/\/mmabay.co.uk\/da\/xcheaters\/\"]}]},{\"@type\":\"BreadcrumbList\",\"@id\":\"https:\/\/mmabay.co.uk\/da\/xcheaters\/#breadcrumb\",\"itemListElement\":[{\"@type\":\"ListItem\",\"position\":1,\"name\":\"Home\",\"item\":\"https:\/\/mmabay.co.uk\/da\/\"},{\"@type\":\"ListItem\",\"position\":2,\"name\":\"XCheaters\"}]}]}<\/script>\n<!-- \/ Yoast SEO plugin. -->","yoast_head_json":{"title":"XCheaters - Bay Reviews","robots":{"index":"index","follow":"follow","max-snippet":"max-snippet:-1","max-image-preview":"max-image-preview:large","max-video-preview":"max-video-preview:-1"},"canonical":"https:\/\/mmabay.co.uk\/da\/xcheaters\/","og_locale":"da_DK","og_type":"article","og_title":"XCheaters - Bay Reviews","og_description":"Der er mange tilslutningssider derude, der im\u00f8dekommer folk, der leder efter et afslappet, uforpligtende forhold. XCheaters er et af disse websteder. Det er et popul\u00e6rt [...]","og_url":"https:\/\/mmabay.co.uk\/da\/xcheaters\/","og_site_name":"Bay Reviews","twitter_card":"summary_large_image","twitter_misc":{"Estimeret l\u00e6setid":"4 minutter"},"schema":{"@context":"https:\/\/schema.org","@graph":[{"@type":"WebSite","@id":"https:\/\/mmabay.co.uk\/da\/#website","url":"https:\/\/mmabay.co.uk\/da\/","name":"Bay Reviews","description":"Casual Hookup Finder","potentialAction":[{"@type":"SearchAction","target":{"@type":"EntryPoint","urlTemplate":"https:\/\/mmabay.co.uk\/da\/?s={search_term_string}"},"query-input":"required name=search_term_string"}],"inLanguage":"da-DK"},{"@type":"WebPage","@id":"https:\/\/mmabay.co.uk\/da\/xcheaters\/#webpage","url":"https:\/\/mmabay.co.uk\/da\/xcheaters\/","name":"XCheaters - Bay Reviews","isPartOf":{"@id":"https:\/\/mmabay.co.uk\/da\/#website"},"datePublished":"2022-10-03T12:14:33+00:00","dateModified":"2022-10-03T12:14:33+00:00","breadcrumb":{"@id":"https:\/\/mmabay.co.uk\/da\/xcheaters\/#breadcrumb"},"inLanguage":"da-DK","potentialAction":[{"@type":"ReadAction","target":["https:\/\/mmabay.co.uk\/da\/xcheaters\/"]}]},{"@type":"BreadcrumbList","@id":"https:\/\/mmabay.co.uk\/da\/xcheaters\/#breadcrumb","itemListElement":[{"@type":"ListItem","position":1,"name":"Home","item":"https:\/\/mmabay.co.uk\/da\/"},{"@type":"ListItem","position":2,"name":"XCheaters"}]}]}},"_links":{"self":[{"href":"https:\/\/mmabay.co.uk\/da\/wp-json\/wp\/v2\/pages\/168"}],"collection":[{"href":"https:\/\/mmabay.co.uk\/da\/wp-json\/wp\/v2\/pages"}],"about":[{"href":"https:\/\/mmabay.co.uk\/da\/wp-json\/wp\/v2\/types\/page"}],"author":[{"embeddable":true,"href":"https:\/\/mmabay.co.uk\/da\/wp-json\/wp\/v2\/users\/1"}],"replies":[{"embeddable":true,"href":"https:\/\/mmabay.co.uk\/da\/wp-json\/wp\/v2\/comments?post=168"}],"version-history":[{"count":0,"href":"https:\/\/mmabay.co.uk\/da\/wp-json\/wp\/v2\/pages\/168\/revisions"}],"wp:attachment":[{"href":"https:\/\/mmabay.co.uk\/da\/wp-json\/wp\/v2\/media?parent=168"}],"curies":[{"name":"wp","href":"https:\/\/api.w.org\/{rel}","templated":true}]}}