{"id":175,"date":"2022-10-03T13:09:41","date_gmt":"2022-10-03T12:09:41","guid":{"rendered":"http:\/\/mmabay.co.uk\/dobbeltliste\/"},"modified":"2022-10-03T13:09:41","modified_gmt":"2022-10-03T12:09:41","slug":"dobbeltliste","status":"publish","type":"page","link":"https:\/\/mmabay.co.uk\/da\/dobbeltliste\/","title":{"rendered":"Dobbeltliste"},"content":{"rendered":"<p>Der er en ny datingapp p\u00e5 scenen, og den hedder DoubleList. I mods\u00e6tning til andre datingapps er DoubleList specielt designet til folk, der leder efter NSA (no strings attached) sex.<\/p>\n<p>Hvis du er tr\u00e6t af at stryge til venstre og h\u00f8jre, kun for at finde dig selv skuffet over resultaterne, kan DoubleList v\u00e6re v\u00e6rd at tjekke ud. Appen er stadig i sine tidlige stadier, men den har allerede f\u00e5et meget tr\u00e6kkraft hos brugere, der leder efter noget lidt anderledes. S\u00e5 hvis du er interesseret i at udforske din seksualitet uden nogen bindinger, s\u00e5 er DoubleList m\u00e5ske bare appen for dig.<\/p>\n<h2>App-funktioner<\/h2>\n<p>DoubleList er en ny datingapp, der giver brugerne mulighed for at <a href=\"http:\/\/mmabay.co.uk\/da\/xpickup\/\">finde kampe baseret p\u00e5 deres placering og interesser<\/a>. Appen giver ogs\u00e5 brugerne mulighed for at oprette en profil og tilf\u00f8je fotos, s\u00e5 potentielle matches kan l\u00e6re mere om dem. En af de unikke funktioner ved DoubleList er muligheden for at se, hvem der har kunnet lide dig, f\u00f8r du overhovedet har matchet med dem. Det betyder, at du kan begynde at chatte med nogen med det samme uden at skulle vente p\u00e5, at de kan lide dig tilbage. DoubleList er ogs\u00e5 en af de eneste datingapps, der giver brugerne mulighed for at s\u00f8ge efter matches efter n\u00f8gleord, s\u00e5 du kan finde nogen, der deler dine interesser. Appen er gratis at downloade og bruge, og den er tilg\u00e6ngelig p\u00e5 b\u00e5de iOS og Android.<\/p>\n<h2>Dit valg<\/h2>\n<p>Der er ingen tvivl om, at datingapps har \u00e6ndret den m\u00e5de, vi dater p\u00e5. Vi er ikke l\u00e6ngere begr\u00e6nset til at m\u00f8de nogen p\u00e5 en bar eller gennem en f\u00e6lles ven. Nu kan vi blot stryge til h\u00f8jre for at oprette forbindelse til nogen, der fanger vores \u00f8je.<\/p>\n<p>Men med s\u00e5 mange dating apps at v\u00e6lge imellem, kan det v\u00e6re sv\u00e6rt at vide, hvilken der passer til dig. Derfor har vi lavet en liste over de bedste datingapps, s\u00e5 du kan tr\u00e6ffe en informeret beslutning om, hvilken app der passer til dig. Hvis du leder efter et seri\u00f8st forhold, s\u00e5 anbefaler vi eHarmony. Denne app er designet til at hj\u00e6lpe dig med at finde en langsigtet partner, og det er en af de mest popul\u00e6re datingapps derude. Hvis du leder efter noget lidt mere afslappet, s\u00e5 anbefaler vi Tinder. Denne app er perfekt til folk, der bare leder efter en hurtig tilslutning.<\/p>\n<p>Og hvis du leder efter noget imellem, s\u00e5 anbefaler vi DoubleList!<\/p>\n<h2>Pr\u00e6mie omkostninger<\/h2>\n<p>DoubleList er en datingapp, der giver brugerne mulighed for at oprette forbindelse til hinanden af forskellige \u00e5rsager, herunder dating, tilslutning eller simpelthen at f\u00e5 nye venner. Appen er gratis at downloade og bruge, men den tilbyder ogs\u00e5 et premiumabonnement, der giver brugerne adgang til yderligere funktioner, s\u00e5som avancerede s\u00f8gemuligheder og muligheden for at se, hvem der har set din profil. Premiumabonnementet koster $ 9.99 pr. M\u00e5ned, og det fornyes automatisk hver m\u00e5ned, medmindre du annullerer det. Appen giver ogs\u00e5 brugerne mulighed for at tilmelde sig en konto og logge ind. Appen har en enkel gr\u00e6nseflade og er nem at bruge. DoubleList er en fantastisk app til at m\u00f8de nye mennesker og oprette forbindelse til andre brugere.<\/p>\n<h2>Alternativer til DoubleList<\/h2>\n<p>Der er mange alternativer til DoubleList for dem, der leder efter en dating-app. Nogle af disse inkluderer Tinder, Bumble, OkCupid og Match.com. Alle disse apps har deres egne unikke funktioner og henvender sig til forskellige m\u00e5lgrupper. For eksempel er Tinder en af de mest popul\u00e6re datingapps og er kendt for sin swipe-funktion. Bumble er en anden popul\u00e6r app, der giver kvinder mulighed for at tage det f\u00f8rste skridt. OkCupid er en gratis app, der er kendt for sine dybdeg\u00e5ende profiler og Match.com er en betalt app, der betragtes som mere seri\u00f8s.<\/p>\n<h2>Sikkerhed<\/h2>\n<p>N\u00e5r det kommer til online dating, er sikkerhed altid et stort problem. Du kan dog v\u00e6re sikker p\u00e5, at DoubleList er en sikker datingapp. Alle dine personlige oplysninger er beskyttet, og appen bruger SSL-kryptering til at holde dine data sikre. Derudover besk\u00e6ftiger DoubleList et team af sikkerhedseksperter, der altid arbejder p\u00e5 at holde appen sikker og sikker. S\u00e5 du kan fokusere p\u00e5 at finde dit perfekte match uden at bekymre dig om din sikkerhed.<\/p>\n<h2>Er DoubleList det v\u00e6rd?<\/h2>\n<p>Der er mange dating apps derude, s\u00e5 det kan v\u00e6re sv\u00e6rt at beslutte, hvilken du skal bruge dine penge p\u00e5. Hvis du overvejer DoubleList, er det v\u00e6rd at overveje omkostningerne. Et m\u00e5nedligt abonnement p\u00e5 appen koster $ 9.99, hvilket ikke er s\u00e5 d\u00e5rligt. Du skal dog ogs\u00e5 betale $ 0.99 pr. Besked, du sender, hvilket kan tilf\u00f8jes, hvis du er en tung bruger.<\/p>\n<p>S\u00e5 er DoubleList prisen v\u00e6rd? Det afh\u00e6nger af, hvordan du bruger det. Hvis du er en afslappet bruger, der kun sender et par beskeder om m\u00e5neden, er det sandsynligvis ikke det v\u00e6rd. Men hvis du er en tung bruger, der sender mange beskeder, kan det v\u00e6re prisen v\u00e6rd.<\/p>\n","protected":false},"excerpt":{"rendered":"<div class=\"mh-excerpt\"><p>Der er en ny datingapp p\u00e5 scenen, og den hedder DoubleList. I mods\u00e6tning til andre datingapps er DoubleList specielt designet til folk, der leder efter <a class=\"mh-excerpt-more\" href=\"https:\/\/mmabay.co.uk\/da\/dobbeltliste\/\" title=\"Dobbeltliste\">[&#8230;]<\/a><\/p>\n<\/div>","protected":false},"author":1,"featured_media":0,"parent":0,"menu_order":0,"comment_status":"closed","ping_status":"closed","template":"","meta":[],"yoast_head":"<!-- This site is optimized with the Yoast SEO plugin v17.7.1 - https:\/\/yoast.com\/wordpress\/plugins\/seo\/ -->\n<title>Dobbeltliste - Bay Reviews<\/title>\n<meta name=\"robots\" content=\"index, follow, max-snippet:-1, max-image-preview:large, max-video-preview:-1\" \/>\n<link rel=\"canonical\" href=\"https:\/\/mmabay.co.uk\/da\/dobbeltliste\/\" \/>\n<meta property=\"og:locale\" content=\"da_DK\" \/>\n<meta property=\"og:type\" content=\"article\" \/>\n<meta property=\"og:title\" content=\"Dobbeltliste - Bay Reviews\" \/>\n<meta property=\"og:description\" content=\"Der er en ny datingapp p\u00e5 scenen, og den hedder DoubleList. I mods\u00e6tning til andre datingapps er DoubleList specielt designet til folk, der leder efter [...]\" \/>\n<meta property=\"og:url\" content=\"https:\/\/mmabay.co.uk\/da\/dobbeltliste\/\" \/>\n<meta property=\"og:site_name\" content=\"Bay Reviews\" \/>\n<meta name=\"twitter:card\" content=\"summary_large_image\" \/>\n<meta name=\"twitter:label1\" content=\"Estimeret l\u00e6setid\" \/>\n\t<meta name=\"twitter:data1\" content=\"4 minutter\" \/>\n<script type=\"application\/ld+json\" class=\"yoast-schema-graph\">{\"@context\":\"https:\/\/schema.org\",\"@graph\":[{\"@type\":\"WebSite\",\"@id\":\"https:\/\/mmabay.co.uk\/da\/#website\",\"url\":\"https:\/\/mmabay.co.uk\/da\/\",\"name\":\"Bay Reviews\",\"description\":\"Casual Hookup Finder\",\"potentialAction\":[{\"@type\":\"SearchAction\",\"target\":{\"@type\":\"EntryPoint\",\"urlTemplate\":\"https:\/\/mmabay.co.uk\/da\/?s={search_term_string}\"},\"query-input\":\"required name=search_term_string\"}],\"inLanguage\":\"da-DK\"},{\"@type\":\"WebPage\",\"@id\":\"https:\/\/mmabay.co.uk\/da\/dobbeltliste\/#webpage\",\"url\":\"https:\/\/mmabay.co.uk\/da\/dobbeltliste\/\",\"name\":\"Dobbeltliste - Bay Reviews\",\"isPartOf\":{\"@id\":\"https:\/\/mmabay.co.uk\/da\/#website\"},\"datePublished\":\"2022-10-03T12:09:41+00:00\",\"dateModified\":\"2022-10-03T12:09:41+00:00\",\"breadcrumb\":{\"@id\":\"https:\/\/mmabay.co.uk\/da\/dobbeltliste\/#breadcrumb\"},\"inLanguage\":\"da-DK\",\"potentialAction\":[{\"@type\":\"ReadAction\",\"target\":[\"https:\/\/mmabay.co.uk\/da\/dobbeltliste\/\"]}]},{\"@type\":\"BreadcrumbList\",\"@id\":\"https:\/\/mmabay.co.uk\/da\/dobbeltliste\/#breadcrumb\",\"itemListElement\":[{\"@type\":\"ListItem\",\"position\":1,\"name\":\"Home\",\"item\":\"https:\/\/mmabay.co.uk\/da\/\"},{\"@type\":\"ListItem\",\"position\":2,\"name\":\"Dobbeltliste\"}]}]}<\/script>\n<!-- \/ Yoast SEO plugin. -->","yoast_head_json":{"title":"Dobbeltliste - Bay Reviews","robots":{"index":"index","follow":"follow","max-snippet":"max-snippet:-1","max-image-preview":"max-image-preview:large","max-video-preview":"max-video-preview:-1"},"canonical":"https:\/\/mmabay.co.uk\/da\/dobbeltliste\/","og_locale":"da_DK","og_type":"article","og_title":"Dobbeltliste - Bay Reviews","og_description":"Der er en ny datingapp p\u00e5 scenen, og den hedder DoubleList. I mods\u00e6tning til andre datingapps er DoubleList specielt designet til folk, der leder efter [...]","og_url":"https:\/\/mmabay.co.uk\/da\/dobbeltliste\/","og_site_name":"Bay Reviews","twitter_card":"summary_large_image","twitter_misc":{"Estimeret l\u00e6setid":"4 minutter"},"schema":{"@context":"https:\/\/schema.org","@graph":[{"@type":"WebSite","@id":"https:\/\/mmabay.co.uk\/da\/#website","url":"https:\/\/mmabay.co.uk\/da\/","name":"Bay Reviews","description":"Casual Hookup Finder","potentialAction":[{"@type":"SearchAction","target":{"@type":"EntryPoint","urlTemplate":"https:\/\/mmabay.co.uk\/da\/?s={search_term_string}"},"query-input":"required name=search_term_string"}],"inLanguage":"da-DK"},{"@type":"WebPage","@id":"https:\/\/mmabay.co.uk\/da\/dobbeltliste\/#webpage","url":"https:\/\/mmabay.co.uk\/da\/dobbeltliste\/","name":"Dobbeltliste - Bay Reviews","isPartOf":{"@id":"https:\/\/mmabay.co.uk\/da\/#website"},"datePublished":"2022-10-03T12:09:41+00:00","dateModified":"2022-10-03T12:09:41+00:00","breadcrumb":{"@id":"https:\/\/mmabay.co.uk\/da\/dobbeltliste\/#breadcrumb"},"inLanguage":"da-DK","potentialAction":[{"@type":"ReadAction","target":["https:\/\/mmabay.co.uk\/da\/dobbeltliste\/"]}]},{"@type":"BreadcrumbList","@id":"https:\/\/mmabay.co.uk\/da\/dobbeltliste\/#breadcrumb","itemListElement":[{"@type":"ListItem","position":1,"name":"Home","item":"https:\/\/mmabay.co.uk\/da\/"},{"@type":"ListItem","position":2,"name":"Dobbeltliste"}]}]}},"_links":{"self":[{"href":"https:\/\/mmabay.co.uk\/da\/wp-json\/wp\/v2\/pages\/175"}],"collection":[{"href":"https:\/\/mmabay.co.uk\/da\/wp-json\/wp\/v2\/pages"}],"about":[{"href":"https:\/\/mmabay.co.uk\/da\/wp-json\/wp\/v2\/types\/page"}],"author":[{"embeddable":true,"href":"https:\/\/mmabay.co.uk\/da\/wp-json\/wp\/v2\/users\/1"}],"replies":[{"embeddable":true,"href":"https:\/\/mmabay.co.uk\/da\/wp-json\/wp\/v2\/comments?post=175"}],"version-history":[{"count":0,"href":"https:\/\/mmabay.co.uk\/da\/wp-json\/wp\/v2\/pages\/175\/revisions"}],"wp:attachment":[{"href":"https:\/\/mmabay.co.uk\/da\/wp-json\/wp\/v2\/media?parent=175"}],"curies":[{"name":"wp","href":"https:\/\/api.w.org\/{rel}","templated":true}]}}