{"id":195,"date":"2022-10-03T13:09:10","date_gmt":"2022-10-03T12:09:10","guid":{"rendered":"http:\/\/mmabay.co.uk\/xpickup\/"},"modified":"2022-10-03T13:09:10","modified_gmt":"2022-10-03T12:09:10","slug":"xpickup","status":"publish","type":"page","link":"https:\/\/mmabay.co.uk\/da\/xpickup\/","title":{"rendered":"XPickup"},"content":{"rendered":"<p>Der er et par forskellige slags <a href=\"http:\/\/mmabay.co.uk\/onebbw\/\">afhentningssexsider<\/a>. Nogle er rettet mod at hj\u00e6lpe folk med at tilslutte sig fremmede til one night stands. Andre er mere som dating apps, men med den ekstra funktion at hj\u00e6lpe dig med at finde nogen at have sex med.<\/p>\n<p>Hvis du leder efter et one night stand, kan et websted som Pure eller Tinder v\u00e6re en god mulighed. Disse websteder handler om at m\u00f8de nogen og derefter komme i gang. Der er ingen grund til at rode rundt med smalltalk eller bekymre sig om, hvad man skal g\u00f8re n\u00e6ste gang.<\/p>\n<p>Hvis du leder efter noget lidt mere seri\u00f8st, s\u00e5 kan et websted som OkCupid v\u00e6re en bedre mulighed. Disse websteder handler stadig om tilslutning, men de giver dig ogs\u00e5 mulighed for at l\u00e6re nogen lidt bedre at kende, f\u00f8r du m\u00f8des. Dette kan hj\u00e6lpe med at sikre, at I begge er p\u00e5 samme side, f\u00f8r I bliver fysiske.<\/p>\n<h2>Type funktioner<\/h2>\n<p>Der er mange forskellige typer funktioner, der kan findes p\u00e5 dating apps. Nogle af de mest popul\u00e6re inkluderer muligheden for at s\u00f8ge efter andre brugere efter placering, alder, k\u00f8n og interesser; evnen til at sende beskeder til andre brugere evnen til at se, hvem der har set din profil; og evnen til at se, hvem der er online. Andre funktioner, der bliver mere almindelige, inkluderer muligheden for at se, hvem der har \u00f8nsket din profil, muligheden for at se, hvem der har foretrukket dig, og muligheden for at se, hvem der har sendt dig en flirt.<\/p>\n<h2>Dit valg<\/h2>\n<p>Der er masser af dating apps at v\u00e6lge imellem i disse dage, og det kan v\u00e6re sv\u00e6rt at finde ud af, hvilken der passer til dig. Men hvis du leder efter noget lidt anderledes, kan XPickup v\u00e6re v\u00e6rd at tjekke ud.<\/p>\n<p>I mods\u00e6tning til nogle andre datingapps handler XPickup om at give brugerne magten til at v\u00e6lge, hvem de vil tale med. Du kan gennemse profiler og v\u00e6lge dem, der interesserer dig. Og hvis du ikke er sikker p\u00e5 nogen, kan du altid bare sende dem en &#8220;afhentning&#8221; og se, om de er interesserede.<\/p>\n<p>XPickup er ogs\u00e5 fantastisk til folk, der er genert eller indadvendt, da du kan tage din tid og v\u00e6lge, hvem du vil tale med. Der er intet pres for at sende beskeder til nogen med det samme, og du kan bare chatte, n\u00e5r du er klar.<\/p>\n<p>S\u00e5 hvis du er tr\u00e6t af de samme gamle dating apps, s\u00e5 pr\u00f8v XPickup. Det kan bare v\u00e6re pick-me-up<\/p>\n<p>Der er mange dating apps derude, og hver enkelt har en anden pris. Nogle er gratis, mens andre opkr\u00e6ver et m\u00e5nedligt eller \u00e5rligt gebyr. XPickup er en af de mere overkommelige dating apps, der koster kun $ 9.99 per m\u00e5ned. Dette g\u00f8r det til en god mulighed for dem med et budget. Hvad mere er, XPickup tilbyder en 7-dages pr\u00f8veperiode, s\u00e5 du kan pr\u00f8ve det, f\u00f8r du forpligter dig til et betalt abonnement. Dette er en fantastisk m\u00e5de at se, om appen passer til dig. Hvis du leder efter en datingapp, der ikke bryder banken, er XPickup bestemt v\u00e6rd at tjekke ud.<\/p>\n<h2>Proces for medlemskab<\/h2>\n<p>XPickup er en ny datingapp, der giver brugerne mulighed for at oprette forbindelse til potentielle kampe i deres omr\u00e5de. Appen er gratis at downloade og oprette en profil. For at blive medlem skal brugerne tilmelde sig et m\u00e5nedligt abonnement. Abonnementet giver brugerne adgang til XPicups eksklusive funktioner, s\u00e5som muligheden for at se, hvem der har set deres profil, sende ubegr\u00e6nsede beskeder og se potentielle matches profiler. XPickup tilbyder ogs\u00e5 et VIP-medlemskab, som giver brugerne endnu mere adgang til eksklusive funktioner, s\u00e5som muligheden for at se, hvem der har \u00f8nsket deres profil, sende ubegr\u00e6nsede beskeder og se potentielle matches profiler.<\/p>\n<h2>Ligner XPickup<\/h2>\n<p>Der er mange dating apps p\u00e5 markedet, hver med deres egne unikke funktioner. En ting, som mange af disse apps har til f\u00e6lles, er dog muligheden for at give brugerne mulighed for at &#8220;hente&#8221; andre brugere, der er i n\u00e6rheden. Denne funktion er ekstremt praktisk for brugere, der \u00f8nsker at m\u00f8de nye mennesker i deres omr\u00e5de.<\/p>\n<p>XPickup er en dating app, der tager dette koncept et skridt videre. Det giver ikke kun brugere mulighed for at hente andre brugere, der er i n\u00e6rheden, men det giver dem ogs\u00e5 mulighed for at se et kort over, hvor disse brugere er placeret. Dette g\u00f8r det endnu nemmere at finde nogen, der er t\u00e6t p\u00e5, og som du m\u00e5ske er interesseret i at m\u00f8de.<\/p>\n<p>Hvis du er tr\u00e6t af de samme gamle dating apps, s\u00e5 er XPickup bestemt v\u00e6rd at tjekke ud. Det er en fantastisk m\u00e5de at m\u00f8de nye mennesker i dit omr\u00e5de, og du ved aldrig, du kan bare finde dit perfekte match.<\/p>\n<h2>Sikkerhed<\/h2>\n<p>Der er mange dating apps derude, og det kan v\u00e6re sv\u00e6rt at vide, hvilke der er sikre at bruge. XPickup er en dating app, der er fokuseret p\u00e5 sikkerhed og sikkerhed. De har et team af eksperter, der arbejder h\u00e5rdt for at holde appen sikker og sikker for brugerne. XPickup har ogs\u00e5 en r\u00e6kke funktioner, der hj\u00e6lper med at holde brugerne sikre, s\u00e5som et fotoverifikationssystem. Det betyder, at du kan v\u00e6re sikker p\u00e5, at den person, du taler med, er den, de siger, de er. XPickup er en god mulighed for dem, der leder efter en sikker og sikker dating app.<\/p>\n<h2>Er XPickup det v\u00e6rd?<\/h2>\n<p>Der er mange forskellige dating apps derude, og det kan v\u00e6re sv\u00e6rt at beslutte, hvilken der passer til dig. Hvis du leder efter noget lidt mere seri\u00f8st end en tilslutning, kan XPickup v\u00e6re prisen v\u00e6rd. Appen er designet til at hj\u00e6lpe dig med at finde langsigtede relationer, s\u00e5 det er en god mulighed, hvis du \u00f8nsker at sl\u00e5 dig ned. Det er dog vigtigt at huske, at ingen datingapp er perfekt, og du skal stadig g\u00f8re en indsats for at finde et kompatibelt match.<\/p>\n","protected":false},"excerpt":{"rendered":"<div class=\"mh-excerpt\"><p>Der er et par forskellige slags afhentningssexsider. Nogle er rettet mod at hj\u00e6lpe folk med at tilslutte sig fremmede til one night stands. Andre er <a class=\"mh-excerpt-more\" href=\"https:\/\/mmabay.co.uk\/da\/xpickup\/\" title=\"XPickup\">[&#8230;]<\/a><\/p>\n<\/div>","protected":false},"author":1,"featured_media":0,"parent":0,"menu_order":0,"comment_status":"closed","ping_status":"closed","template":"","meta":[],"yoast_head":"<!-- This site is optimized with the Yoast SEO plugin v17.7.1 - https:\/\/yoast.com\/wordpress\/plugins\/seo\/ -->\n<title>XPickup - Bay Reviews<\/title>\n<meta name=\"robots\" content=\"index, follow, max-snippet:-1, max-image-preview:large, max-video-preview:-1\" \/>\n<link rel=\"canonical\" href=\"https:\/\/mmabay.co.uk\/da\/xpickup\/\" \/>\n<meta property=\"og:locale\" content=\"da_DK\" \/>\n<meta property=\"og:type\" content=\"article\" \/>\n<meta property=\"og:title\" content=\"XPickup - Bay Reviews\" \/>\n<meta property=\"og:description\" content=\"Der er et par forskellige slags afhentningssexsider. Nogle er rettet mod at hj\u00e6lpe folk med at tilslutte sig fremmede til one night stands. Andre er [...]\" \/>\n<meta property=\"og:url\" content=\"https:\/\/mmabay.co.uk\/da\/xpickup\/\" \/>\n<meta property=\"og:site_name\" content=\"Bay Reviews\" \/>\n<meta name=\"twitter:card\" content=\"summary_large_image\" \/>\n<meta name=\"twitter:label1\" content=\"Estimeret l\u00e6setid\" \/>\n\t<meta name=\"twitter:data1\" content=\"5 minutter\" \/>\n<script type=\"application\/ld+json\" class=\"yoast-schema-graph\">{\"@context\":\"https:\/\/schema.org\",\"@graph\":[{\"@type\":\"WebSite\",\"@id\":\"https:\/\/mmabay.co.uk\/da\/#website\",\"url\":\"https:\/\/mmabay.co.uk\/da\/\",\"name\":\"Bay Reviews\",\"description\":\"Casual Hookup Finder\",\"potentialAction\":[{\"@type\":\"SearchAction\",\"target\":{\"@type\":\"EntryPoint\",\"urlTemplate\":\"https:\/\/mmabay.co.uk\/da\/?s={search_term_string}\"},\"query-input\":\"required name=search_term_string\"}],\"inLanguage\":\"da-DK\"},{\"@type\":\"WebPage\",\"@id\":\"https:\/\/mmabay.co.uk\/da\/xpickup\/#webpage\",\"url\":\"https:\/\/mmabay.co.uk\/da\/xpickup\/\",\"name\":\"XPickup - Bay Reviews\",\"isPartOf\":{\"@id\":\"https:\/\/mmabay.co.uk\/da\/#website\"},\"datePublished\":\"2022-10-03T12:09:10+00:00\",\"dateModified\":\"2022-10-03T12:09:10+00:00\",\"breadcrumb\":{\"@id\":\"https:\/\/mmabay.co.uk\/da\/xpickup\/#breadcrumb\"},\"inLanguage\":\"da-DK\",\"potentialAction\":[{\"@type\":\"ReadAction\",\"target\":[\"https:\/\/mmabay.co.uk\/da\/xpickup\/\"]}]},{\"@type\":\"BreadcrumbList\",\"@id\":\"https:\/\/mmabay.co.uk\/da\/xpickup\/#breadcrumb\",\"itemListElement\":[{\"@type\":\"ListItem\",\"position\":1,\"name\":\"Home\",\"item\":\"https:\/\/mmabay.co.uk\/da\/\"},{\"@type\":\"ListItem\",\"position\":2,\"name\":\"XPickup\"}]}]}<\/script>\n<!-- \/ Yoast SEO plugin. -->","yoast_head_json":{"title":"XPickup - Bay Reviews","robots":{"index":"index","follow":"follow","max-snippet":"max-snippet:-1","max-image-preview":"max-image-preview:large","max-video-preview":"max-video-preview:-1"},"canonical":"https:\/\/mmabay.co.uk\/da\/xpickup\/","og_locale":"da_DK","og_type":"article","og_title":"XPickup - Bay Reviews","og_description":"Der er et par forskellige slags afhentningssexsider. Nogle er rettet mod at hj\u00e6lpe folk med at tilslutte sig fremmede til one night stands. Andre er [...]","og_url":"https:\/\/mmabay.co.uk\/da\/xpickup\/","og_site_name":"Bay Reviews","twitter_card":"summary_large_image","twitter_misc":{"Estimeret l\u00e6setid":"5 minutter"},"schema":{"@context":"https:\/\/schema.org","@graph":[{"@type":"WebSite","@id":"https:\/\/mmabay.co.uk\/da\/#website","url":"https:\/\/mmabay.co.uk\/da\/","name":"Bay Reviews","description":"Casual Hookup Finder","potentialAction":[{"@type":"SearchAction","target":{"@type":"EntryPoint","urlTemplate":"https:\/\/mmabay.co.uk\/da\/?s={search_term_string}"},"query-input":"required name=search_term_string"}],"inLanguage":"da-DK"},{"@type":"WebPage","@id":"https:\/\/mmabay.co.uk\/da\/xpickup\/#webpage","url":"https:\/\/mmabay.co.uk\/da\/xpickup\/","name":"XPickup - Bay Reviews","isPartOf":{"@id":"https:\/\/mmabay.co.uk\/da\/#website"},"datePublished":"2022-10-03T12:09:10+00:00","dateModified":"2022-10-03T12:09:10+00:00","breadcrumb":{"@id":"https:\/\/mmabay.co.uk\/da\/xpickup\/#breadcrumb"},"inLanguage":"da-DK","potentialAction":[{"@type":"ReadAction","target":["https:\/\/mmabay.co.uk\/da\/xpickup\/"]}]},{"@type":"BreadcrumbList","@id":"https:\/\/mmabay.co.uk\/da\/xpickup\/#breadcrumb","itemListElement":[{"@type":"ListItem","position":1,"name":"Home","item":"https:\/\/mmabay.co.uk\/da\/"},{"@type":"ListItem","position":2,"name":"XPickup"}]}]}},"_links":{"self":[{"href":"https:\/\/mmabay.co.uk\/da\/wp-json\/wp\/v2\/pages\/195"}],"collection":[{"href":"https:\/\/mmabay.co.uk\/da\/wp-json\/wp\/v2\/pages"}],"about":[{"href":"https:\/\/mmabay.co.uk\/da\/wp-json\/wp\/v2\/types\/page"}],"author":[{"embeddable":true,"href":"https:\/\/mmabay.co.uk\/da\/wp-json\/wp\/v2\/users\/1"}],"replies":[{"embeddable":true,"href":"https:\/\/mmabay.co.uk\/da\/wp-json\/wp\/v2\/comments?post=195"}],"version-history":[{"count":0,"href":"https:\/\/mmabay.co.uk\/da\/wp-json\/wp\/v2\/pages\/195\/revisions"}],"wp:attachment":[{"href":"https:\/\/mmabay.co.uk\/da\/wp-json\/wp\/v2\/media?parent=195"}],"curies":[{"name":"wp","href":"https:\/\/api.w.org\/{rel}","templated":true}]}}