{"id":231,"date":"2022-10-03T13:07:38","date_gmt":"2022-10-03T12:07:38","guid":{"rendered":"http:\/\/mmabay.co.uk\/findmyflings\/"},"modified":"2022-10-03T13:07:38","modified_gmt":"2022-10-03T12:07:38","slug":"findmyflings","status":"publish","type":"page","link":"https:\/\/mmabay.co.uk\/da\/findmyflings\/","title":{"rendered":"FindMyFlings"},"content":{"rendered":"<p>FindMyFlings er en <a href=\"http:\/\/mmabay.co.uk\/squirt\/\">fantastisk ny dating app<\/a> , der hj\u00e6lper dig med at finde lokale singler, der leder efter det samme som dig. Uanset om du leder efter et afslappet hookup eller et mere seri\u00f8st forhold, kan FindMyFlings hj\u00e6lpe dig med at finde dit perfekte match. Appen er nem at bruge og har masser af fantastiske funktioner, som et indbygget chatsystem og en &#8220;flirtende&#8221; funktion, der giver dig mulighed for at lade andre brugere vide, at du er interesseret i dem. Bedst af alt er det helt gratis at bruge!<\/p>\n<h2>Tilslutning funktioner<\/h2>\n<p>FindMyFlings er en tilslutningsapp, der giver dig mulighed for at finde potentielle tilslutninger i n\u00e6rheden af dig. Appen er gratis at downloade og bruge, og den tilbyder en r\u00e6kke funktioner, der hj\u00e6lper dig med at finde et match. Du kan se profiler fra andre brugere, sende beskeder og fotos og endda m\u00f8des personligt, hvis I begge er interesserede. Appen har ogs\u00e5 en &#8220;fling finder&#8221; -funktion, der giver dig mulighed for at s\u00f8ge efter potentielle tilslutninger i dit omr\u00e5de. Uanset om du leder efter en engangsforbindelse eller et langvarigt forhold, kan FindMyFlings hj\u00e6lpe dig med at finde det, du leder efter.<\/p>\n<h2>Muligheder for medlemskab<\/h2>\n<p>Der er et par forskellige medlemsmuligheder for FindMyFlings. Du kan tilmelde dig en gratis konto, som giver dig begr\u00e6nset adgang til webstedet, eller du kan opgradere til en betalt konto. Betalte konti starter ved $ 9.99 pr. M\u00e5ned, og de kommer med et par ekstra funktioner, s\u00e5som ubegr\u00e6nset messaging og adgang til premium-s\u00f8gefiltre.<\/p>\n<p>Hvis du leder efter en datingapp, der kan hj\u00e6lpe dig med at finde en afslappet fling, s\u00e5 er FindMyFlings bestemt v\u00e6rd at tjekke ud. Den gratis konto er en fantastisk m\u00e5de at komme i gang p\u00e5, men hvis du virkelig \u00f8nsker at f\u00e5 mest muligt ud af webstedet, er det bestemt det v\u00e6rd at opgradere til en betalt konto.<\/p>\n<h2>Kontingent<\/h2>\n<p>FindMyFlings tilbyder en r\u00e6kke medlemsmuligheder, der passer til dine behov. Du kan v\u00e6lge at betale m\u00e5nedligt, kvartalsvis eller \u00e5rligt. Det m\u00e5nedlige gebyr er $ 24.99, kvartalsgebyret er $ 69.99, og det \u00e5rlige gebyr er $ 119.99. FindMyFlings tilbyder ogs\u00e5 en 7-dages gratis pr\u00f8veperiode, s\u00e5 du kan pr\u00f8ve, f\u00f8r du k\u00f8ber.<\/p>\n<p>FindMyFlings er en god mulighed for dem, der leder efter en datingapp, der tilbyder en r\u00e6kke funktioner og muligheder. Medlemskontingenterne er rimelige, og den 7-dages gratis pr\u00f8veperiode er en fantastisk m\u00e5de at pr\u00f8ve appen p\u00e5, f\u00f8r du forpligter dig til et betalt medlemskab.<\/p>\n<h2>Profil og tilmeld dig<\/h2>\n<p>Hvis du leder efter en fling, er FindMyFlings datingappen for dig. Med over 50 millioner brugere er FindMyFlings den st\u00f8rste datingapp for singler, der leder efter en fling. FindMyFlings er gratis at downloade og bruge, og du kan tilmelde dig en konto p\u00e5 f\u00e5 sekunder. N\u00e5r du er tilmeldt, kan du begynde at gennemse profiler af singler i dit omr\u00e5de. N\u00e5r du finder en person, du er interesseret i, kan du sende vedkommende en besked og begynde at chatte. FindMyFlings er en fantastisk m\u00e5de at m\u00f8de nye mennesker og have det sjovt.<\/p>\n<h2>Websteder som FindMyFlings<\/h2>\n<p>Der er en r\u00e6kke apps, der im\u00f8dekommer forskellige behov, n\u00e5r det kommer til dating. FindMyFlings er en mulighed, der fokuserer p\u00e5 at forbinde folk til afslappede m\u00f8der. Appen er tilg\u00e6ngelig gratis p\u00e5 iOS og Android, og det er et af de mere popul\u00e6re valg for dem, der leder efter en fling.<\/p>\n<p>FindMyFlings er ret ligetil &#8211; du opretter en profil med nogle fotos og lidt om dig selv, og s\u00e5 kan du gennemse profiler fra andre brugere i dit omr\u00e5de. Hvis du finder en person, du er interesseret i, kan du sende vedkommende en besked og se, om der er en forbindelse.<\/p>\n<p>Appen bruges mest af folk i 20&#8217;erne og 30&#8217;erne, og det er en fantastisk m\u00e5de at m\u00f8de nogen til et afslappet m\u00f8de, hvis det er det, du leder efter. Men fordi det er fokuseret p\u00e5 tilslutninger, er det m\u00e5ske ikke det bedste valg, hvis du leder efter<\/p>\n<p>FindMyFlings er en sikker dating app, der giver dig mulighed for at finde potentielle partnere i dit omr\u00e5de. Appen bruger din placering til at finde matches og giver dig mulighed for at chatte med dem. Du kan ogs\u00e5 se deres profiler og fotos. FindMyFlings er en sikker app, der bruger SSL-kryptering til at beskytte dine data. Appen har ogs\u00e5 en privatlivspolitik, der giver dig mulighed for at kontrollere, hvem der kan se dine oplysninger. FindMyFlings er en sikker dating app, som du kan bruge til at finde potentielle partnere i dit omr\u00e5de.<\/p>\n<h2>Er FindMyFlings det v\u00e6rd?<\/h2>\n<p>Der er s\u00e5 mange dating apps p\u00e5 markedet, at det kan v\u00e6re sv\u00e6rt at vide, hvilken der passer til dig. Hvis du leder efter noget seri\u00f8st, kan FindMyFlings v\u00e6re prisen v\u00e6rd. Det er en popul\u00e6r app med et godt ry for at hj\u00e6lpe folk med at finde langsigtede relationer. Ulempen er, at det ikke er gratis at bruge, s\u00e5 du bliver n\u00f8dt til at beslutte, om det er investeringen v\u00e6rd.<\/p>\n","protected":false},"excerpt":{"rendered":"<div class=\"mh-excerpt\"><p>FindMyFlings er en fantastisk ny dating app , der hj\u00e6lper dig med at finde lokale singler, der leder efter det samme som dig. Uanset om <a class=\"mh-excerpt-more\" href=\"https:\/\/mmabay.co.uk\/da\/findmyflings\/\" title=\"FindMyFlings\">[&#8230;]<\/a><\/p>\n<\/div>","protected":false},"author":1,"featured_media":0,"parent":0,"menu_order":0,"comment_status":"closed","ping_status":"closed","template":"","meta":[],"yoast_head":"<!-- This site is optimized with the Yoast SEO plugin v17.7.1 - https:\/\/yoast.com\/wordpress\/plugins\/seo\/ -->\n<title>FindMyFlings - Bay Reviews<\/title>\n<meta name=\"robots\" content=\"index, follow, max-snippet:-1, max-image-preview:large, max-video-preview:-1\" \/>\n<link rel=\"canonical\" href=\"https:\/\/mmabay.co.uk\/da\/findmyflings\/\" \/>\n<meta property=\"og:locale\" content=\"da_DK\" \/>\n<meta property=\"og:type\" content=\"article\" \/>\n<meta property=\"og:title\" content=\"FindMyFlings - Bay Reviews\" \/>\n<meta property=\"og:description\" content=\"FindMyFlings er en fantastisk ny dating app , der hj\u00e6lper dig med at finde lokale singler, der leder efter det samme som dig. Uanset om [...]\" \/>\n<meta property=\"og:url\" content=\"https:\/\/mmabay.co.uk\/da\/findmyflings\/\" \/>\n<meta property=\"og:site_name\" content=\"Bay Reviews\" \/>\n<meta name=\"twitter:card\" content=\"summary_large_image\" \/>\n<meta name=\"twitter:label1\" content=\"Estimeret l\u00e6setid\" \/>\n\t<meta name=\"twitter:data1\" content=\"4 minutter\" \/>\n<script type=\"application\/ld+json\" class=\"yoast-schema-graph\">{\"@context\":\"https:\/\/schema.org\",\"@graph\":[{\"@type\":\"WebSite\",\"@id\":\"https:\/\/mmabay.co.uk\/da\/#website\",\"url\":\"https:\/\/mmabay.co.uk\/da\/\",\"name\":\"Bay Reviews\",\"description\":\"Casual Hookup Finder\",\"potentialAction\":[{\"@type\":\"SearchAction\",\"target\":{\"@type\":\"EntryPoint\",\"urlTemplate\":\"https:\/\/mmabay.co.uk\/da\/?s={search_term_string}\"},\"query-input\":\"required name=search_term_string\"}],\"inLanguage\":\"da-DK\"},{\"@type\":\"WebPage\",\"@id\":\"https:\/\/mmabay.co.uk\/da\/findmyflings\/#webpage\",\"url\":\"https:\/\/mmabay.co.uk\/da\/findmyflings\/\",\"name\":\"FindMyFlings - Bay Reviews\",\"isPartOf\":{\"@id\":\"https:\/\/mmabay.co.uk\/da\/#website\"},\"datePublished\":\"2022-10-03T12:07:38+00:00\",\"dateModified\":\"2022-10-03T12:07:38+00:00\",\"breadcrumb\":{\"@id\":\"https:\/\/mmabay.co.uk\/da\/findmyflings\/#breadcrumb\"},\"inLanguage\":\"da-DK\",\"potentialAction\":[{\"@type\":\"ReadAction\",\"target\":[\"https:\/\/mmabay.co.uk\/da\/findmyflings\/\"]}]},{\"@type\":\"BreadcrumbList\",\"@id\":\"https:\/\/mmabay.co.uk\/da\/findmyflings\/#breadcrumb\",\"itemListElement\":[{\"@type\":\"ListItem\",\"position\":1,\"name\":\"Home\",\"item\":\"https:\/\/mmabay.co.uk\/da\/\"},{\"@type\":\"ListItem\",\"position\":2,\"name\":\"FindMyFlings\"}]}]}<\/script>\n<!-- \/ Yoast SEO plugin. -->","yoast_head_json":{"title":"FindMyFlings - Bay Reviews","robots":{"index":"index","follow":"follow","max-snippet":"max-snippet:-1","max-image-preview":"max-image-preview:large","max-video-preview":"max-video-preview:-1"},"canonical":"https:\/\/mmabay.co.uk\/da\/findmyflings\/","og_locale":"da_DK","og_type":"article","og_title":"FindMyFlings - Bay Reviews","og_description":"FindMyFlings er en fantastisk ny dating app , der hj\u00e6lper dig med at finde lokale singler, der leder efter det samme som dig. Uanset om [...]","og_url":"https:\/\/mmabay.co.uk\/da\/findmyflings\/","og_site_name":"Bay Reviews","twitter_card":"summary_large_image","twitter_misc":{"Estimeret l\u00e6setid":"4 minutter"},"schema":{"@context":"https:\/\/schema.org","@graph":[{"@type":"WebSite","@id":"https:\/\/mmabay.co.uk\/da\/#website","url":"https:\/\/mmabay.co.uk\/da\/","name":"Bay Reviews","description":"Casual Hookup Finder","potentialAction":[{"@type":"SearchAction","target":{"@type":"EntryPoint","urlTemplate":"https:\/\/mmabay.co.uk\/da\/?s={search_term_string}"},"query-input":"required name=search_term_string"}],"inLanguage":"da-DK"},{"@type":"WebPage","@id":"https:\/\/mmabay.co.uk\/da\/findmyflings\/#webpage","url":"https:\/\/mmabay.co.uk\/da\/findmyflings\/","name":"FindMyFlings - Bay Reviews","isPartOf":{"@id":"https:\/\/mmabay.co.uk\/da\/#website"},"datePublished":"2022-10-03T12:07:38+00:00","dateModified":"2022-10-03T12:07:38+00:00","breadcrumb":{"@id":"https:\/\/mmabay.co.uk\/da\/findmyflings\/#breadcrumb"},"inLanguage":"da-DK","potentialAction":[{"@type":"ReadAction","target":["https:\/\/mmabay.co.uk\/da\/findmyflings\/"]}]},{"@type":"BreadcrumbList","@id":"https:\/\/mmabay.co.uk\/da\/findmyflings\/#breadcrumb","itemListElement":[{"@type":"ListItem","position":1,"name":"Home","item":"https:\/\/mmabay.co.uk\/da\/"},{"@type":"ListItem","position":2,"name":"FindMyFlings"}]}]}},"_links":{"self":[{"href":"https:\/\/mmabay.co.uk\/da\/wp-json\/wp\/v2\/pages\/231"}],"collection":[{"href":"https:\/\/mmabay.co.uk\/da\/wp-json\/wp\/v2\/pages"}],"about":[{"href":"https:\/\/mmabay.co.uk\/da\/wp-json\/wp\/v2\/types\/page"}],"author":[{"embeddable":true,"href":"https:\/\/mmabay.co.uk\/da\/wp-json\/wp\/v2\/users\/1"}],"replies":[{"embeddable":true,"href":"https:\/\/mmabay.co.uk\/da\/wp-json\/wp\/v2\/comments?post=231"}],"version-history":[{"count":0,"href":"https:\/\/mmabay.co.uk\/da\/wp-json\/wp\/v2\/pages\/231\/revisions"}],"wp:attachment":[{"href":"https:\/\/mmabay.co.uk\/da\/wp-json\/wp\/v2\/media?parent=231"}],"curies":[{"name":"wp","href":"https:\/\/api.w.org\/{rel}","templated":true}]}}