{"id":110,"date":"2022-10-03T11:16:22","date_gmt":"2022-10-03T10:16:22","guid":{"rendered":"http:\/\/mmabay.co.uk\/kostenlose-online-dating-sites-finden-sie-sex-in-ihrer-naehe\/"},"modified":"2022-10-17T13:55:52","modified_gmt":"2022-10-17T12:55:52","slug":"kostenlose-online-dating-sites-finden-sie-sex-in-ihrer-naehe","status":"publish","type":"page","link":"https:\/\/mmabay.co.uk\/de\/","title":{"rendered":"Kostenlose Online-Dating-Sites &#8211; Finden Sie Sex in Ihrer N\u00e4he"},"content":{"rendered":"<p>Casual Dating unterscheidet sich von Gelegenheitssex, da es viel weniger Risiko beinhaltet. W\u00e4hrend Gelegenheitssex oft ein gewisses Ma\u00df an Vertrauen und Komfort erfordert, erfordert Casual Dating nichts dergleichen. Sie m\u00fcssen sich keine Sorgen machen, verletzt zu werden oder entt\u00e4uscht zu werden. Es gibt keinen Druck, etwas zu tun, was du nicht tun willst. Wenn du dich entscheidest, mit jemandem Schluss zu machen, h\u00f6rst du einfach auf, dich zu sehen. Und wenn du anf\u00e4ngst, jemand anderen zu sehen, machst du einfach weiter, was du getan hast.<\/p>\n<p>Casual Dating kann f\u00fcr die meisten Menschen gut funktionieren. Es gibt viele Gr\u00fcnde, warum es perfekt zu Ihnen passen kann. Zum Beispiel, vielleicht bist du k\u00fcrzlich aus einer lang anhaltenden Beziehung herausgekommen und suchst an diesem Punkt in deinem Leben nicht wirklich danach, in etwas zu Ernstes zu springen. Vielleicht m\u00f6chten Sie die Dating-Szene zu Ihren eigenen Bedingungen erkunden <a href=\"https:\/\/www.sextingonline.net\/de\/\">free online sexting<\/a> und ohne sich um Erwartungen oder Druck k\u00fcmmern zu m\u00fcssen. Oder vielleicht m\u00f6chten Sie sich einfach nicht auf eine Person nach der anderen festlegen.<\/p>\n<h2>Vor- und Nachteile<\/h2>\n<p>Es gibt viele Nachteile f\u00fcr Casual Dating, und einige von ihnen k\u00f6nnen Sie \u00fcberraschen. Wenn Sie dar\u00fcber nachgedacht haben, Casual Dating auszuprobieren, sind hier acht Dinge, die Sie vielleicht nicht \u00fcber diese Art von Beziehung wissen.<\/p>\n<h3>Casual Dating f\u00fchrt nicht immer zu Engagement<\/h3>\n<p>Du denkst vielleicht, dass du, weil du seit einiger Zeit zuf\u00e4llig mit jemandem zusammen bist, irgendwann in eine engagierte Beziehung gehen wirst. Dies ist jedoch nicht unbedingt wahr. Manche Menschen kommen nie mit einer Beziehung voran, w\u00e4hrend andere beschlie\u00dfen, ihre zuf\u00e4lligen Verbindungen abzubrechen. So oder so, Casual Dating garantiert keine gemeinsame Zukunft.<\/p>\n<h3>Es gibt keine Garantie f\u00fcr die Kompatibilit\u00e4t<\/h3>\n<p>Wenn Sie anfangen, sich zuf\u00e4llig mit jemandem zu verabreden, k\u00f6nnen Sie davon ausgehen, dass Sie beide miteinander kompatibel sind. Aber das ist selten der Fall. Auch wenn Sie vielleicht das Gef\u00fchl haben, dass Sie sich gut genug kennen, um Annahmen dar\u00fcber zu treffen, wie Sie zusammenarbeiten w\u00fcrden, haben Sie immer noch nicht viel Zeit damit verbracht, sich kennenzulernen. Und da du dich nie wirklich da drau\u00dfen hinstellen und Fragen stellen musstest, verstehst du m\u00f6glicherweise bestimmte Teile der Pers\u00f6nlichkeit einer anderen Person nicht. Dies k\u00f6nnte zu Problemen auf der Stra\u00dfe f\u00fchren.<\/p>\n<h3>Sie k\u00f6nnen Gelegenheiten verpassen<\/h3>\n<p>Wenn Sie zuf\u00e4llig mit jemandem ausgehen, haben Sie keinen Grund, mit anderen Leuten auszugehen. Wenn Sie Single sind, haben Sie normalerweise die M\u00f6glichkeit, viele verschiedene Leute zu treffen und zu sehen, wohin die Dinge gehen. Aber wenn Sie bereits zuf\u00e4llig mit jemandem ausgehen, haben Sie m\u00f6glicherweise nicht die M\u00f6glichkeit, dies zu tun. M\u00f6glicherweise verpassen <a href=\"https:\/\/vrpguide.com\/de\/vr-pornoseiten-die-besten-vr-pornofilme\/czech-vr-casting-bewertung\/\">CZ VR porn<\/a> sie auch potenzielle Partner, die nicht an Casual Dating interessiert sind.<\/p>\n<h2>Hot Picks von Sex Hookup Apps<\/h2>\n<p>Wenn Sie jemals Online-Dating ausprobiert haben, wissen Sie, wie schwer es sein kann, jemanden Besonderen zu finden. Und w\u00e4hrend es viele Websites gibt, die Ihnen helfen, sich mit Menschen zu verbinden, sind die meisten von ihnen nicht darauf ausgelegt, das Finden von Liebe zu erleichtern. Also, was machst du?<\/p>\n<h3>Scharnier<\/h3>\n<p>Hinge ist eine dieser Apps, bei denen es gew\u00f6hnungsbed\u00fcrftig ist. Sie erhalten eine Liste potenzieller \u00dcbereinstimmungen, die auf gemeinsamen Freunden, gemeinsamen Standorten und gemeinsamen Interessen basieren. Sobald Sie nach links oder rechts wischen, werden Sie zum n\u00e4chsten Bildschirm weitergeleitet, auf dem Sie mehr \u00fcber die Person erfahren k\u00f6nnen, mit der Sie gerade zusammengearbeitet haben. Dieser Vorgang wird fortgesetzt, bis Sie jemanden finden, den Sie genug m\u00f6gen, um weiter zu chatten.<\/p>\n<p>Die App hat einige Einschr\u00e4nkungen. Zun\u00e4chst einmal gibt es keine unbegrenzten Swipes, es sei denn, Sie zahlen $ 4.99 pro Monat f\u00fcr ein Premium-Abonnement. Zweitens k\u00f6nnen Sie keine Nachrichten an Personen in Ihrer Warteschlange senden, es sei denn, Sie zahlen f\u00fcr ein Premium-Abonnement. Drittens werden nur drei Profile gleichzeitig angezeigt, was es schwierig macht, den \u00dcberblick dar\u00fcber zu behalten, was Sie tun. Und schlie\u00dflich, wenn Sie die Person, die Sie getroffen haben, nicht m\u00f6gen, wischen Sie einfach weg, ohne eine Chance zu haben, sich zu verabschieden.<\/p>\n<h3>Streichholz<\/h3>\n<p>Match ist eine der beliebtesten Dating-Sites in Nordamerika. Mit Millionen von <a href=\"https:\/\/www.jerkoffforme.com\/de\/bbw-cams\/\">BBW cam live<\/a> registrierten Menschen auf der ganzen Welt bietet es eine breite Palette von M\u00f6glichkeiten, Liebe zu finden. Egal, ob Sie sich zwanglos verabreden, eine Familie gr\u00fcnden oder einfach nur nach Freunden suchen, Match bietet eine Vielzahl von M\u00f6glichkeiten, sich mit anderen zu verbinden.<\/p>\n<p>Die Website verf\u00fcgt \u00fcber eine gro\u00dfe Anzahl von Mitgliedern, so dass es einfach ist, Profile zu durchsuchen und potenzielle Daten zu finden. Wenn Sie sich anmelden, w\u00e4hlen Sie, welche Art von Person Sie suchen &#8211; Casual, Freundschaft, Romantik usw. Sie w\u00e4hlen auch aus, wie viele Fragen Sie \u00fcber sich selbst beantworten m\u00f6chten. Sobald Sie diese Schritte abgeschlossen haben, k\u00f6nnen Sie nach \u00dcbereinstimmungen basierend auf Standort, Geschlecht, Interessen, Hobbys und sogar Alter suchen.<\/p>\n<p>Sobald Sie jemanden gefunden haben, den Sie m\u00f6gen, k\u00f6nnen Sie Nachrichten senden und Telefonnummern austauschen. Wenn Sie sich jedoch entscheiden, weiter zu gehen, k\u00f6nnen Sie Ihre Mitgliedschaft auf Premium upgraden, wodurch Sie zus\u00e4tzliche Informationen zu jedem Mitglied anzeigen k\u00f6nnen. Sie k\u00f6nnen beispielsweise erfahren, ob sie alleinstehend, verheiratet, geschieden, verlobt oder Teil eines anderen Paares sind. Premium bietet auch Zugang zu exklusiven Funktionen wie VIP-Chatrooms, in denen Sie Singles im wirklichen Leben treffen k\u00f6nnen.<\/p>\n<h3>Zunder<\/h3>\n<p>Tinder herrscht in dieser Arena an erster Stelle, weil es einfach zu bedienen und kostenlos ist und es keine Eintrittsbarrieren gibt. Sie m\u00fcssen die App nicht einmal herunterladen &#8211; Sie k\u00f6nnen \u00fcber den mobilen Browser darauf zugreifen. Und w\u00e4hrend Sie in den meisten dieser Apps Leute f\u00fcr informelle Dates oder Gelegenheitssex treffen k\u00f6nnen, ist Tinder derjenige, bei dem die Leute nach etwas Sinnvollerem suchen.<\/p>\n<p>Die App ist extrem einfach zu verstehen, obwohl das bedeutet, dass die Leute schnelle Snap-Urteile f\u00e4llen, die manchmal dazu f\u00fchren k\u00f6nnen, dass sie sich st\u00e4rker auf die Fotos einer Person konzentrieren als auf ihr Profil und ihre Interessen. Wenn Sie sich mit jemandem verbinden m\u00f6chten, m\u00fcssen Sie \u00fcber die Oberfl\u00e4chenebene hinausgehen, um zu sehen, ob er m\u00f6glicherweise gut passt.<\/p>\n<p>Um dem Tempo zu entsprechen, versuchen Sie, auf Ihre Bilder zu achten und sich selbst im bestm\u00f6glichen Licht darzustellen. Zum Beispiel r\u00e4t Schneider, Bilder hochzuladen, die Ihr L\u00e4cheln zeigen, da L\u00e4cheln oft als attraktiv angesehen wird. Sie schl\u00e4gt auch vor, sicherzustellen, dass Ihr Gesicht nicht zu nahe an der Kamera ist, da Sie dadurch weniger zug\u00e4nglich aussehen.<\/p>\n<p>Sie k\u00f6nnen sich auch ein paar Minuten Zeit nehmen, um eine kurze Beschreibung zu schreiben, die Ihre Hobbys, Karriereziele und Bestrebungen enth\u00e4lt. Auf diese Weise wissen die Leute, warum Sie daran interessiert sind, sich mit ihnen zu verbinden.<\/p>\n<p>Schlie\u00dflich empfiehlt Schneider, dass die Dinge Spa\u00df machen. Nimm dich selbst nicht zu ernst und denke nicht zu viel nach. Entspannen Sie sich einfach und genie\u00dfen Sie den Prozess.<\/p>\n","protected":false},"excerpt":{"rendered":"<div class=\"mh-excerpt\"><p>Casual Dating unterscheidet sich von Gelegenheitssex, da es viel weniger Risiko beinhaltet. W\u00e4hrend Gelegenheitssex oft ein gewisses Ma\u00df an Vertrauen und Komfort erfordert, erfordert Casual <a class=\"mh-excerpt-more\" href=\"https:\/\/mmabay.co.uk\/de\/\" title=\"Kostenlose Online-Dating-Sites &#8211; Finden Sie Sex in Ihrer N\u00e4he\">[&#8230;]<\/a><\/p>\n<\/div>","protected":false},"author":1,"featured_media":0,"parent":0,"menu_order":0,"comment_status":"closed","ping_status":"closed","template":"","meta":[],"yoast_head":"<!-- This site is optimized with the Yoast SEO plugin v17.7.1 - https:\/\/yoast.com\/wordpress\/plugins\/seo\/ -->\n<title>Kostenlose Online-Dating-Sites - Finden Sie Sex in Ihrer N\u00e4he - Bay Reviews<\/title>\n<meta name=\"robots\" content=\"index, follow, max-snippet:-1, max-image-preview:large, max-video-preview:-1\" \/>\n<link rel=\"canonical\" href=\"https:\/\/mmabay.co.uk\/de\/\" \/>\n<meta property=\"og:locale\" content=\"de_DE\" \/>\n<meta property=\"og:type\" content=\"article\" \/>\n<meta property=\"og:title\" content=\"Kostenlose Online-Dating-Sites - Finden Sie Sex in Ihrer N\u00e4he - Bay Reviews\" \/>\n<meta property=\"og:description\" content=\"Casual Dating unterscheidet sich von Gelegenheitssex, da es viel weniger Risiko beinhaltet. W\u00e4hrend Gelegenheitssex oft ein gewisses Ma\u00df an Vertrauen und Komfort erfordert, erfordert Casual [...]\" \/>\n<meta property=\"og:url\" content=\"https:\/\/mmabay.co.uk\/de\/\" \/>\n<meta property=\"og:site_name\" content=\"Bay Reviews\" \/>\n<meta property=\"article:modified_time\" content=\"2022-10-17T12:55:52+00:00\" \/>\n<meta name=\"twitter:card\" content=\"summary_large_image\" \/>\n<meta name=\"twitter:label1\" content=\"Gesch\u00e4tzte Lesezeit\" \/>\n\t<meta name=\"twitter:data1\" content=\"6 minutes\" \/>\n<script type=\"application\/ld+json\" class=\"yoast-schema-graph\">{\"@context\":\"https:\/\/schema.org\",\"@graph\":[{\"@type\":\"WebSite\",\"@id\":\"https:\/\/mmabay.co.uk\/de\/#website\",\"url\":\"https:\/\/mmabay.co.uk\/de\/\",\"name\":\"Bay Reviews\",\"description\":\"Casual Hookup Finder\",\"potentialAction\":[{\"@type\":\"SearchAction\",\"target\":{\"@type\":\"EntryPoint\",\"urlTemplate\":\"https:\/\/mmabay.co.uk\/de\/?s={search_term_string}\"},\"query-input\":\"required name=search_term_string\"}],\"inLanguage\":\"de-DE\"},{\"@type\":\"WebPage\",\"@id\":\"https:\/\/mmabay.co.uk\/de\/#webpage\",\"url\":\"https:\/\/mmabay.co.uk\/de\/\",\"name\":\"Kostenlose Online-Dating-Sites - Finden Sie Sex in Ihrer N\\u00e4he - Bay Reviews\",\"isPartOf\":{\"@id\":\"https:\/\/mmabay.co.uk\/de\/#website\"},\"datePublished\":\"2022-10-03T10:16:22+00:00\",\"dateModified\":\"2022-10-17T12:55:52+00:00\",\"breadcrumb\":{\"@id\":\"https:\/\/mmabay.co.uk\/de\/#breadcrumb\"},\"inLanguage\":\"de-DE\",\"potentialAction\":[{\"@type\":\"ReadAction\",\"target\":[\"https:\/\/mmabay.co.uk\/de\/\"]}]},{\"@type\":\"BreadcrumbList\",\"@id\":\"https:\/\/mmabay.co.uk\/de\/#breadcrumb\",\"itemListElement\":[{\"@type\":\"ListItem\",\"position\":1,\"name\":\"Home\",\"item\":\"https:\/\/mmabay.co.uk\/de\/\"},{\"@type\":\"ListItem\",\"position\":2,\"name\":\"Kostenlose Online-Dating-Sites &#8211; Finden Sie Sex in Ihrer N\\u00e4he\"}]}]}<\/script>\n<!-- \/ Yoast SEO plugin. -->","yoast_head_json":{"title":"Kostenlose Online-Dating-Sites - Finden Sie Sex in Ihrer N\u00e4he - Bay Reviews","robots":{"index":"index","follow":"follow","max-snippet":"max-snippet:-1","max-image-preview":"max-image-preview:large","max-video-preview":"max-video-preview:-1"},"canonical":"https:\/\/mmabay.co.uk\/de\/","og_locale":"de_DE","og_type":"article","og_title":"Kostenlose Online-Dating-Sites - Finden Sie Sex in Ihrer N\u00e4he - Bay Reviews","og_description":"Casual Dating unterscheidet sich von Gelegenheitssex, da es viel weniger Risiko beinhaltet. W\u00e4hrend Gelegenheitssex oft ein gewisses Ma\u00df an Vertrauen und Komfort erfordert, erfordert Casual [...]","og_url":"https:\/\/mmabay.co.uk\/de\/","og_site_name":"Bay Reviews","article_modified_time":"2022-10-17T12:55:52+00:00","twitter_card":"summary_large_image","twitter_misc":{"Gesch\u00e4tzte Lesezeit":"6 minutes"},"schema":{"@context":"https:\/\/schema.org","@graph":[{"@type":"WebSite","@id":"https:\/\/mmabay.co.uk\/de\/#website","url":"https:\/\/mmabay.co.uk\/de\/","name":"Bay Reviews","description":"Casual Hookup Finder","potentialAction":[{"@type":"SearchAction","target":{"@type":"EntryPoint","urlTemplate":"https:\/\/mmabay.co.uk\/de\/?s={search_term_string}"},"query-input":"required name=search_term_string"}],"inLanguage":"de-DE"},{"@type":"WebPage","@id":"https:\/\/mmabay.co.uk\/de\/#webpage","url":"https:\/\/mmabay.co.uk\/de\/","name":"Kostenlose Online-Dating-Sites - Finden Sie Sex in Ihrer N\u00e4he - Bay Reviews","isPartOf":{"@id":"https:\/\/mmabay.co.uk\/de\/#website"},"datePublished":"2022-10-03T10:16:22+00:00","dateModified":"2022-10-17T12:55:52+00:00","breadcrumb":{"@id":"https:\/\/mmabay.co.uk\/de\/#breadcrumb"},"inLanguage":"de-DE","potentialAction":[{"@type":"ReadAction","target":["https:\/\/mmabay.co.uk\/de\/"]}]},{"@type":"BreadcrumbList","@id":"https:\/\/mmabay.co.uk\/de\/#breadcrumb","itemListElement":[{"@type":"ListItem","position":1,"name":"Home","item":"https:\/\/mmabay.co.uk\/de\/"},{"@type":"ListItem","position":2,"name":"Kostenlose Online-Dating-Sites &#8211; Finden Sie Sex in Ihrer N\u00e4he"}]}]}},"_links":{"self":[{"href":"https:\/\/mmabay.co.uk\/de\/wp-json\/wp\/v2\/pages\/110"}],"collection":[{"href":"https:\/\/mmabay.co.uk\/de\/wp-json\/wp\/v2\/pages"}],"about":[{"href":"https:\/\/mmabay.co.uk\/de\/wp-json\/wp\/v2\/types\/page"}],"author":[{"embeddable":true,"href":"https:\/\/mmabay.co.uk\/de\/wp-json\/wp\/v2\/users\/1"}],"replies":[{"embeddable":true,"href":"https:\/\/mmabay.co.uk\/de\/wp-json\/wp\/v2\/comments?post=110"}],"version-history":[{"count":1,"href":"https:\/\/mmabay.co.uk\/de\/wp-json\/wp\/v2\/pages\/110\/revisions"}],"predecessor-version":[{"id":264,"href":"https:\/\/mmabay.co.uk\/de\/wp-json\/wp\/v2\/pages\/110\/revisions\/264"}],"wp:attachment":[{"href":"https:\/\/mmabay.co.uk\/de\/wp-json\/wp\/v2\/media?parent=110"}],"curies":[{"name":"wp","href":"https:\/\/api.w.org\/{rel}","templated":true}]}}