{"id":157,"date":"2022-10-03T13:14:33","date_gmt":"2022-10-03T12:14:33","guid":{"rendered":"http:\/\/mmabay.co.uk\/xcheater\/"},"modified":"2022-10-17T13:32:47","modified_gmt":"2022-10-17T12:32:47","slug":"xcheater","status":"publish","type":"page","link":"https:\/\/mmabay.co.uk\/de\/xcheater\/","title":{"rendered":"XCheater"},"content":{"rendered":"<p>Es gibt viele Hookup-Sites, die sich an Menschen richten, die nach einer ungezwungenen, unverbindlichen Beziehung suchen. XCheaters ist eine dieser Seiten. Es ist eine beliebte Website f\u00fcr Leute, die nach einem schnellen Anschluss suchen, und es ist auch eine gro\u00dfartige Website f\u00fcr Leute, die nach einer l\u00e4ngerfristigen Beziehung suchen. Die Website verf\u00fcgt \u00fcber viele Funktionen, die es einfach machen, \u00dcbereinstimmungen zu finden, und sie hat auch viele Mitglieder, so dass Sie sicher jemanden finden, der mit Ihnen kompatibel ist.<\/p>\n<h2>Hookup-Funktionen<\/h2>\n<p>XCheaters Hookup ist eine neue Dating-App, mit der Benutzer sich <a href=\"https:\/\/www.hotsexychat.net\/de\/android-sexspiele\/\">sexy android games<\/a> mit potenziellen \u00dcbereinstimmungen in ihrer N\u00e4he verbinden k\u00f6nnen. Die App bietet eine Vielzahl von Funktionen, die es einfach machen, potenzielle \u00dcbereinstimmungen zu finden und sich mit ihnen zu verbinden. Die App erm\u00f6glicht es Benutzern auch, mit potenziellen \u00dcbereinstimmungen in Echtzeit zu chatten. Die App kann kostenlos heruntergeladen und verwendet werden.<\/p>\n<h2>Ihre Wahl<\/h2>\n<p>Es gibt viele Dating-Apps da drau\u00dfen, aber XCheaters ist definitiv eine der besten. Es ist einfach zu bedienen und hat eine Menge Funktionen, die es gro\u00dfartig machen, um ein Date oder nur eine Verbindung zu finden. Die Suchfunktion ist wirklich gut und Sie k\u00f6nnen Ihre Ergebnisse nach einer Menge verschiedener Kriterien eingrenzen. Das Messaging-System ist auch gro\u00dfartig, und Sie k\u00f6nnen Ihre Gespr\u00e4che leicht verfolgen. Insgesamt ist XCheaters eine gro\u00dfartige Option f\u00fcr alle, die nach einer Dating-App suchen.<\/p>\n<h2>Honorare<\/h2>\n<p>Es besteht kein Zweifel, dass Dating-Apps die Art und Weise, wie wir uns verabreden und Menschen treffen, revolutioniert haben. Aber neben der Bequemlichkeit, die sie gebracht haben, gibt es auch eine Reihe neuer Herausforderungen. Eines der gr\u00f6\u00dften ist das Problem der Geb\u00fchren. Einige Dating-Apps, wie Tinder, sind v\u00f6llig kostenlos zu benutzen. Andere, wie Bumble, berechnen eine monatliche Abonnementgeb\u00fchr. Und wieder andere, wie eHarmony, berechnen eine Geb\u00fchr pro Service (in diesem Fall f\u00fcr jede Nachricht, die Sie senden). Das Problem ist, dass sich diese Geb\u00fchren summieren k\u00f6nnen, und sie sind nicht immer klar. Zum Beispiel wird die Abonnementgeb\u00fchr <a href=\"https:\/\/wank.io\/de\/kostenlose-cam-2-cam-seiten\/\">cam2cam sex<\/a> von Bumble mit 8,99 US-Dollar pro Monat beworben. Wenn Sie jedoch ihre Premium-Funktionen wie &#8220;SuperSwipes&#8221; nutzen m\u00f6chten, m\u00fcssen Sie zus\u00e4tzlich 9,99 US-Dollar pro Monat zahlen. Das sind also wirklich $ 18 pro Monat. Und dann sind da noch die versteckten Geb\u00fchren. Einige Apps, wie Hinge, berechnen $ 3.99<\/p>\n<h2>War die Anmeldung einfach?<\/h2>\n<p>Wenn Sie nach einer einfachen M\u00f6glichkeit suchen, neue Leute kennenzulernen, ist XCheaters definitiv der richtige Weg. Der Anmeldeprozess ist schnell und einfach und Sie k\u00f6nnen in nur wenigen Minuten mit dem Chatten von Personen beginnen. Die Benutzeroberfl\u00e4che ist benutzerfreundlich und einfach zu navigieren, und die gesamte Erfahrung ist einfach insgesamt angenehm. Ich w\u00fcrde XCheaters auf jeden Fall jedem empfehlen, der nach einer neuen Dating-App sucht.<\/p>\n<h2>Websites wie XCheaters<\/h2>\n<p>Es gibt ein paar Websites wie XCheaters, die bei Leuten beliebt sind <a href=\"http:\/\/www.jerkoffforme.com\/de\/\">jerkoff cam<\/a>, die nach Dating-Apps suchen. Diese Websites bieten eine Vielzahl von Funktionen, mit denen Benutzer potenzielle \u00dcbereinstimmungen finden und mit ihnen chatten k\u00f6nnen. Einige der Funktionen, die von diesen Websites angeboten werden, umfassen:<\/p>\n<ul>\n<li>Erweiterte Suchoptionen, mit denen Benutzer \u00dcbereinstimmungen basierend auf Standort, Alter, Interessen und mehr finden k\u00f6nnen.<\/li>\n<li>Eine Vielzahl von Kommunikationstools, mit denen Benutzer mit \u00dcbereinstimmungen chatten und sie besser kennenlernen k\u00f6nnen.<\/li>\n<li>Die M\u00f6glichkeit, Fotos und Videos hochzuladen, damit \u00dcbereinstimmungen eine bessere Vorstellung davon bekommen, mit wem sie sprechen.<\/li>\n<li>Eine Vielzahl von Funktionen, die es einfach machen, \u00dcbereinstimmungen zu finden und mit ihnen zu chatten.<\/li>\n<\/ul>\n<p>Wenn Sie nach einer Dating-App suchen, die all diese Funktionen bietet, sollten Sie unbedingt eine der Websites wie XCheaters besuchen.<\/p>\n<p>Wenn Sie nach einer sicheren Dating-App suchen, ist XCheaters eine gro\u00dfartige Option. Die App bietet eine sichere Plattform f\u00fcr Benutzer, um sich miteinander zu verbinden und zu kommunizieren. Alle pers\u00f6nlichen Informationen werden verschl\u00fcsselt und sicher auf den Servern der App gespeichert. Dar\u00fcber hinaus bietet XCheaters eine Reihe von Sicherheitsfunktionen, darunter eine Blockierfunktion und eine Reporting-Funktion. Wenn Sie auf Probleme sto\u00dfen oder vermuten, dass jemand nicht derjenige ist, f\u00fcr den er sich ausgibt, k\u00f6nnen Sie ihn dem Supportteam der App melden. XCheaters ist eine gro\u00dfartige Option f\u00fcr diejenigen, die eine sichere M\u00f6glichkeit suchen, sich mit anderen zu verbinden.<\/p>\n<h2>Lohnt sich XCheaters?<\/h2>\n<p>Es gibt viele Dating-Apps da drau\u00dfen und es kann schwierig sein zu entscheiden, mit welcher Sie gehen sollen. XCheaters ist eine neuere Dating-App und hat definitiv viel Potenzial. Das gr\u00f6\u00dfte Verkaufsargument f\u00fcr diese App ist definitiv der Preis. Es ist nur $ 4.99 pro Monat, was viel billiger ist als die meisten anderen Dating-Apps. Die App hat auch viele Funktionen, die andere Dating-Apps nicht haben, wie eine erweiterte Suchfunktion und die M\u00f6glichkeit zu sehen, wer Ihr Profil angesehen hat. Der Nachteil dieser App ist, dass sie noch keine sehr gro\u00dfe Benutzerbasis hat, so dass Sie m\u00f6glicherweise nicht so viel Gl\u00fcck haben, \u00dcbereinstimmungen zu finden. Insgesamt ist XCheaters definitiv die Kosten wert und auf jeden Fall einen Besuch wert.<\/p>\n","protected":false},"excerpt":{"rendered":"<div class=\"mh-excerpt\"><p>Es gibt viele Hookup-Sites, die sich an Menschen richten, die nach einer ungezwungenen, unverbindlichen Beziehung suchen. XCheaters ist eine dieser Seiten. Es ist eine beliebte <a class=\"mh-excerpt-more\" href=\"https:\/\/mmabay.co.uk\/de\/xcheater\/\" title=\"XCheater\">[&#8230;]<\/a><\/p>\n<\/div>","protected":false},"author":1,"featured_media":0,"parent":0,"menu_order":0,"comment_status":"closed","ping_status":"closed","template":"","meta":[],"yoast_head":"<!-- This site is optimized with the Yoast SEO plugin v17.7.1 - https:\/\/yoast.com\/wordpress\/plugins\/seo\/ -->\n<title>XCheater - Bay Reviews<\/title>\n<meta name=\"robots\" content=\"index, follow, max-snippet:-1, max-image-preview:large, max-video-preview:-1\" \/>\n<link rel=\"canonical\" href=\"https:\/\/mmabay.co.uk\/de\/xcheater\/\" \/>\n<meta property=\"og:locale\" content=\"de_DE\" \/>\n<meta property=\"og:type\" content=\"article\" \/>\n<meta property=\"og:title\" content=\"XCheater - Bay Reviews\" \/>\n<meta property=\"og:description\" content=\"Es gibt viele Hookup-Sites, die sich an Menschen richten, die nach einer ungezwungenen, unverbindlichen Beziehung suchen. XCheaters ist eine dieser Seiten. Es ist eine beliebte [...]\" \/>\n<meta property=\"og:url\" content=\"https:\/\/mmabay.co.uk\/de\/xcheater\/\" \/>\n<meta property=\"og:site_name\" content=\"Bay Reviews\" \/>\n<meta property=\"article:modified_time\" content=\"2022-10-17T12:32:47+00:00\" \/>\n<meta name=\"twitter:card\" content=\"summary_large_image\" \/>\n<meta name=\"twitter:label1\" content=\"Gesch\u00e4tzte Lesezeit\" \/>\n\t<meta name=\"twitter:data1\" content=\"4 minutes\" \/>\n<script type=\"application\/ld+json\" class=\"yoast-schema-graph\">{\"@context\":\"https:\/\/schema.org\",\"@graph\":[{\"@type\":\"WebSite\",\"@id\":\"https:\/\/mmabay.co.uk\/de\/#website\",\"url\":\"https:\/\/mmabay.co.uk\/de\/\",\"name\":\"Bay Reviews\",\"description\":\"Casual Hookup Finder\",\"potentialAction\":[{\"@type\":\"SearchAction\",\"target\":{\"@type\":\"EntryPoint\",\"urlTemplate\":\"https:\/\/mmabay.co.uk\/de\/?s={search_term_string}\"},\"query-input\":\"required name=search_term_string\"}],\"inLanguage\":\"de-DE\"},{\"@type\":\"WebPage\",\"@id\":\"https:\/\/mmabay.co.uk\/de\/xcheater\/#webpage\",\"url\":\"https:\/\/mmabay.co.uk\/de\/xcheater\/\",\"name\":\"XCheater - Bay Reviews\",\"isPartOf\":{\"@id\":\"https:\/\/mmabay.co.uk\/de\/#website\"},\"datePublished\":\"2022-10-03T12:14:33+00:00\",\"dateModified\":\"2022-10-17T12:32:47+00:00\",\"breadcrumb\":{\"@id\":\"https:\/\/mmabay.co.uk\/de\/xcheater\/#breadcrumb\"},\"inLanguage\":\"de-DE\",\"potentialAction\":[{\"@type\":\"ReadAction\",\"target\":[\"https:\/\/mmabay.co.uk\/de\/xcheater\/\"]}]},{\"@type\":\"BreadcrumbList\",\"@id\":\"https:\/\/mmabay.co.uk\/de\/xcheater\/#breadcrumb\",\"itemListElement\":[{\"@type\":\"ListItem\",\"position\":1,\"name\":\"Home\",\"item\":\"https:\/\/mmabay.co.uk\/de\/\"},{\"@type\":\"ListItem\",\"position\":2,\"name\":\"XCheater\"}]}]}<\/script>\n<!-- \/ Yoast SEO plugin. -->","yoast_head_json":{"title":"XCheater - Bay Reviews","robots":{"index":"index","follow":"follow","max-snippet":"max-snippet:-1","max-image-preview":"max-image-preview:large","max-video-preview":"max-video-preview:-1"},"canonical":"https:\/\/mmabay.co.uk\/de\/xcheater\/","og_locale":"de_DE","og_type":"article","og_title":"XCheater - Bay Reviews","og_description":"Es gibt viele Hookup-Sites, die sich an Menschen richten, die nach einer ungezwungenen, unverbindlichen Beziehung suchen. XCheaters ist eine dieser Seiten. Es ist eine beliebte [...]","og_url":"https:\/\/mmabay.co.uk\/de\/xcheater\/","og_site_name":"Bay Reviews","article_modified_time":"2022-10-17T12:32:47+00:00","twitter_card":"summary_large_image","twitter_misc":{"Gesch\u00e4tzte Lesezeit":"4 minutes"},"schema":{"@context":"https:\/\/schema.org","@graph":[{"@type":"WebSite","@id":"https:\/\/mmabay.co.uk\/de\/#website","url":"https:\/\/mmabay.co.uk\/de\/","name":"Bay Reviews","description":"Casual Hookup Finder","potentialAction":[{"@type":"SearchAction","target":{"@type":"EntryPoint","urlTemplate":"https:\/\/mmabay.co.uk\/de\/?s={search_term_string}"},"query-input":"required name=search_term_string"}],"inLanguage":"de-DE"},{"@type":"WebPage","@id":"https:\/\/mmabay.co.uk\/de\/xcheater\/#webpage","url":"https:\/\/mmabay.co.uk\/de\/xcheater\/","name":"XCheater - Bay Reviews","isPartOf":{"@id":"https:\/\/mmabay.co.uk\/de\/#website"},"datePublished":"2022-10-03T12:14:33+00:00","dateModified":"2022-10-17T12:32:47+00:00","breadcrumb":{"@id":"https:\/\/mmabay.co.uk\/de\/xcheater\/#breadcrumb"},"inLanguage":"de-DE","potentialAction":[{"@type":"ReadAction","target":["https:\/\/mmabay.co.uk\/de\/xcheater\/"]}]},{"@type":"BreadcrumbList","@id":"https:\/\/mmabay.co.uk\/de\/xcheater\/#breadcrumb","itemListElement":[{"@type":"ListItem","position":1,"name":"Home","item":"https:\/\/mmabay.co.uk\/de\/"},{"@type":"ListItem","position":2,"name":"XCheater"}]}]}},"_links":{"self":[{"href":"https:\/\/mmabay.co.uk\/de\/wp-json\/wp\/v2\/pages\/157"}],"collection":[{"href":"https:\/\/mmabay.co.uk\/de\/wp-json\/wp\/v2\/pages"}],"about":[{"href":"https:\/\/mmabay.co.uk\/de\/wp-json\/wp\/v2\/types\/page"}],"author":[{"embeddable":true,"href":"https:\/\/mmabay.co.uk\/de\/wp-json\/wp\/v2\/users\/1"}],"replies":[{"embeddable":true,"href":"https:\/\/mmabay.co.uk\/de\/wp-json\/wp\/v2\/comments?post=157"}],"version-history":[{"count":1,"href":"https:\/\/mmabay.co.uk\/de\/wp-json\/wp\/v2\/pages\/157\/revisions"}],"predecessor-version":[{"id":259,"href":"https:\/\/mmabay.co.uk\/de\/wp-json\/wp\/v2\/pages\/157\/revisions\/259"}],"wp:attachment":[{"href":"https:\/\/mmabay.co.uk\/de\/wp-json\/wp\/v2\/media?parent=157"}],"curies":[{"name":"wp","href":"https:\/\/api.w.org\/{rel}","templated":true}]}}