{"id":162,"date":"2022-10-03T13:15:06","date_gmt":"2022-10-03T12:15:06","guid":{"rendered":"http:\/\/mmabay.co.uk\/fabswinger\/"},"modified":"2022-10-03T13:15:06","modified_gmt":"2022-10-03T12:15:06","slug":"fabswinger","status":"publish","type":"page","link":"https:\/\/mmabay.co.uk\/de\/fabswinger\/","title":{"rendered":"FabSwinger"},"content":{"rendered":"<p>Es gibt viele Dating-Apps da drau\u00dfen, aber FabSwingers ist eine der wenigen speziell f\u00fcr Swinger. Dies macht es zu einer gro\u00dfartigen Option f\u00fcr Menschen, die sich f\u00fcr diesen Lebensstil interessieren. Die App ist einfach zu bedienen und verf\u00fcgt \u00fcber viele Funktionen, was sie zu einer gro\u00dfartigen Option f\u00fcr Swinger macht, die andere Swinger treffen m\u00f6chten. Die App ist auch kostenlos zu benutzen, was ein weiterer gro\u00dfer Vorteil ist. Insgesamt ist FabSwingers eine gro\u00dfartige Option f\u00fcr Swinger, die andere Swinger in ihrer N\u00e4he treffen m\u00f6chten.<\/p>\n<h2>Wie sind die Funktionen?<\/h2>\n<p>FabSwingers ist eine <a href=\"http:\/\/mmabay.co.uk\/de\/xcheater\/\">Dating-App, mit der Benutzer mit anderen Gleichgesinnten in ihrer N\u00e4he in Kontakt treten<\/a> k\u00f6nnen. Die App verf\u00fcgt \u00fcber eine Vielzahl von Funktionen, die es einfach machen, potenzielle \u00dcbereinstimmungen zu finden und sich mit ihnen zu verbinden. Benutzer k\u00f6nnen nach anderen Mitgliedern nach Standort, Alter und Interessen suchen. Sie k\u00f6nnen auch Profile und Fotos anzeigen und Nachrichten senden. Die App verf\u00fcgt auch \u00fcber eine Chat-Funktion, sodass Benutzer in Echtzeit mit anderen Mitgliedern chatten k\u00f6nnen.<\/p>\n<h2>Mitgliedschaftsoptionen<\/h2>\n<p>FabSwingers ist eine Dating-App, mit der Sie sich mit anderen Swingern in Ihrer N\u00e4he verbinden k\u00f6nnen. Es gibt zwei Mitgliedschaftsoptionen: kostenlos und kostenpflichtig. Die kostenlose Mitgliedschaft gibt Ihnen Zugriff auf die grundlegenden Funktionen der App, w\u00e4hrend die kostenpflichtige Mitgliedschaft Ihnen Zugriff auf alle Funktionen der App gibt. Die kostenpflichtige Mitgliedschaft gibt Ihnen auch Zugriff auf exklusive Funktionen, z. B. die M\u00f6glichkeit zu sehen, wer online ist und wer nicht.<\/p>\n<p>Die Kosten f\u00fcr eine FabSwingers-Mitgliedschaft sind im Vergleich zu anderen Dating-Apps sehr g\u00fcnstig. Gegen eine monatliche Geb\u00fchr erhalten Sie Zugriff auf alle Funktionen der Website, einschlie\u00dflich Messaging-, Such- und Profilansichten. Sie erhalten auch Zugriff auf die umfangreiche Mitgliederdatenbank der Website. Die Kosten f\u00fcr eine FabSwingers-Mitgliedschaft sind im Vergleich zu anderen Dating-Apps sehr g\u00fcnstig.<\/p>\n<h2>Anmelden &#8211; Ist es einfach?<\/h2>\n<p>Ja, die Anmeldung bei FabSwingers ist einfach! Gehen Sie einfach auf die Website und f\u00fcllen Sie ein schnelles Formular mit Ihrer E-Mail-Adresse, Ihrem Benutzernamen und Ihrem Passwort aus. Sobald Sie alle eingerichtet sind, k\u00f6nnen Sie mit dem Durchsuchen von Profilen beginnen, Nachrichten senden und Treffen mit anderen Mitgliedern arrangieren. Der gesamte Prozess sollte nur ein paar Minuten dauern, und dann sind Sie auf dem Weg, neue Leute kennenzulernen und alle Vorteile der Website zu genie\u00dfen.<\/p>\n<h2>Alternativen zu FabSwingers<\/h2>\n<p>Es gibt ein paar Alternativen zu FabSwingers, die sich an diejenigen richten, die sich f\u00fcr den swingenden Lebensstil interessieren. SDC (Swingers Date Club) und Kasidie sind zwei beliebte Optionen. Beide Plattformen bieten eine \u00e4hnliche Erfahrung wie FabSwingers, mit einer gro\u00dfen Benutzerbasis und verschiedenen Funktionen, die Ihnen helfen, sich mit anderen Swingern zu verbinden.<\/p>\n<p>Wenn Sie nicht an dem swingenden Lebensstil interessiert sind, gibt es viele andere Dating-Apps, die auf Ihre Bed\u00fcrfnisse eingehen k\u00f6nnen. Tinder, Bumble und Hinge sind beliebte Optionen f\u00fcr diejenigen, die ein traditionelleres Dating-Erlebnis suchen.<\/p>\n<p>FabSwingers ist eine der sichersten Dating-Apps auf dem Markt. Die App erfordert, dass alle Benutzer ihre Identit\u00e4t mit einer g\u00fcltigen E-Mail-Adresse \u00fcberpr\u00fcfen, und alle Benutzerprofile werden vom FabSwingers-Team gr\u00fcndlich \u00fcberpr\u00fcft. Dar\u00fcber hinaus verwendet die App eine strenge Datenschutzrichtlinie, um Benutzerdaten sicher und gesch\u00fctzt zu halten. Insgesamt ist FabSwingers eine sichere und zuverl\u00e4ssige Option f\u00fcr diejenigen, die einen Swinging-Partner suchen.<\/p>\n<h2>Lohnt sich FabSwingers?<\/h2>\n<p>Es gibt viele Dating-Apps da drau\u00dfen und es kann schwierig sein, sich zu entscheiden, mit welcher Sie gehen sollen. Einige Leute schw\u00f6ren auf Tinder, w\u00e4hrend andere Bumble bevorzugen. Dann gibt es Apps wie Plenty of Fish und Match.com. Und vergessen Sie nicht all die Nischen-Dating-Apps wie Jdate und Christian Mingle. Wo passt FabSwingers hinein? Nun, wenn Sie nach einer Dating-App suchen, die sich an Swinger richtet, dann ist FabSwingers definitiv die Kosten wert. Die App ist einfach zu bedienen und verf\u00fcgt \u00fcber viele tolle Funktionen. Au\u00dferdem ist es viel billiger als die meisten anderen Dating-Apps da drau\u00dfen.<\/p>\n<p>Wenn Sie also Ihrem Dating-Leben ein wenig W\u00fcrze verleihen m\u00f6chten, dann ist FabSwingers definitiv der richtige Weg.<\/p>\n","protected":false},"excerpt":{"rendered":"<div class=\"mh-excerpt\"><p>Es gibt viele Dating-Apps da drau\u00dfen, aber FabSwingers ist eine der wenigen speziell f\u00fcr Swinger. Dies macht es zu einer gro\u00dfartigen Option f\u00fcr Menschen, die <a class=\"mh-excerpt-more\" href=\"https:\/\/mmabay.co.uk\/de\/fabswinger\/\" title=\"FabSwinger\">[&#8230;]<\/a><\/p>\n<\/div>","protected":false},"author":1,"featured_media":0,"parent":0,"menu_order":0,"comment_status":"closed","ping_status":"closed","template":"","meta":[],"yoast_head":"<!-- This site is optimized with the Yoast SEO plugin v17.7.1 - https:\/\/yoast.com\/wordpress\/plugins\/seo\/ -->\n<title>FabSwinger - Bay Reviews<\/title>\n<meta name=\"robots\" content=\"index, follow, max-snippet:-1, max-image-preview:large, max-video-preview:-1\" \/>\n<link rel=\"canonical\" href=\"https:\/\/mmabay.co.uk\/de\/fabswinger\/\" \/>\n<meta property=\"og:locale\" content=\"de_DE\" \/>\n<meta property=\"og:type\" content=\"article\" \/>\n<meta property=\"og:title\" content=\"FabSwinger - Bay Reviews\" \/>\n<meta property=\"og:description\" content=\"Es gibt viele Dating-Apps da drau\u00dfen, aber FabSwingers ist eine der wenigen speziell f\u00fcr Swinger. Dies macht es zu einer gro\u00dfartigen Option f\u00fcr Menschen, die [...]\" \/>\n<meta property=\"og:url\" content=\"https:\/\/mmabay.co.uk\/de\/fabswinger\/\" \/>\n<meta property=\"og:site_name\" content=\"Bay Reviews\" \/>\n<meta name=\"twitter:card\" content=\"summary_large_image\" \/>\n<meta name=\"twitter:label1\" content=\"Gesch\u00e4tzte Lesezeit\" \/>\n\t<meta name=\"twitter:data1\" content=\"3 minutes\" \/>\n<script type=\"application\/ld+json\" class=\"yoast-schema-graph\">{\"@context\":\"https:\/\/schema.org\",\"@graph\":[{\"@type\":\"WebSite\",\"@id\":\"https:\/\/mmabay.co.uk\/de\/#website\",\"url\":\"https:\/\/mmabay.co.uk\/de\/\",\"name\":\"Bay Reviews\",\"description\":\"Casual Hookup Finder\",\"potentialAction\":[{\"@type\":\"SearchAction\",\"target\":{\"@type\":\"EntryPoint\",\"urlTemplate\":\"https:\/\/mmabay.co.uk\/de\/?s={search_term_string}\"},\"query-input\":\"required name=search_term_string\"}],\"inLanguage\":\"de-DE\"},{\"@type\":\"WebPage\",\"@id\":\"https:\/\/mmabay.co.uk\/de\/fabswinger\/#webpage\",\"url\":\"https:\/\/mmabay.co.uk\/de\/fabswinger\/\",\"name\":\"FabSwinger - Bay Reviews\",\"isPartOf\":{\"@id\":\"https:\/\/mmabay.co.uk\/de\/#website\"},\"datePublished\":\"2022-10-03T12:15:06+00:00\",\"dateModified\":\"2022-10-03T12:15:06+00:00\",\"breadcrumb\":{\"@id\":\"https:\/\/mmabay.co.uk\/de\/fabswinger\/#breadcrumb\"},\"inLanguage\":\"de-DE\",\"potentialAction\":[{\"@type\":\"ReadAction\",\"target\":[\"https:\/\/mmabay.co.uk\/de\/fabswinger\/\"]}]},{\"@type\":\"BreadcrumbList\",\"@id\":\"https:\/\/mmabay.co.uk\/de\/fabswinger\/#breadcrumb\",\"itemListElement\":[{\"@type\":\"ListItem\",\"position\":1,\"name\":\"Home\",\"item\":\"https:\/\/mmabay.co.uk\/de\/\"},{\"@type\":\"ListItem\",\"position\":2,\"name\":\"FabSwinger\"}]}]}<\/script>\n<!-- \/ Yoast SEO plugin. -->","yoast_head_json":{"title":"FabSwinger - Bay Reviews","robots":{"index":"index","follow":"follow","max-snippet":"max-snippet:-1","max-image-preview":"max-image-preview:large","max-video-preview":"max-video-preview:-1"},"canonical":"https:\/\/mmabay.co.uk\/de\/fabswinger\/","og_locale":"de_DE","og_type":"article","og_title":"FabSwinger - Bay Reviews","og_description":"Es gibt viele Dating-Apps da drau\u00dfen, aber FabSwingers ist eine der wenigen speziell f\u00fcr Swinger. Dies macht es zu einer gro\u00dfartigen Option f\u00fcr Menschen, die [...]","og_url":"https:\/\/mmabay.co.uk\/de\/fabswinger\/","og_site_name":"Bay Reviews","twitter_card":"summary_large_image","twitter_misc":{"Gesch\u00e4tzte Lesezeit":"3 minutes"},"schema":{"@context":"https:\/\/schema.org","@graph":[{"@type":"WebSite","@id":"https:\/\/mmabay.co.uk\/de\/#website","url":"https:\/\/mmabay.co.uk\/de\/","name":"Bay Reviews","description":"Casual Hookup Finder","potentialAction":[{"@type":"SearchAction","target":{"@type":"EntryPoint","urlTemplate":"https:\/\/mmabay.co.uk\/de\/?s={search_term_string}"},"query-input":"required name=search_term_string"}],"inLanguage":"de-DE"},{"@type":"WebPage","@id":"https:\/\/mmabay.co.uk\/de\/fabswinger\/#webpage","url":"https:\/\/mmabay.co.uk\/de\/fabswinger\/","name":"FabSwinger - Bay Reviews","isPartOf":{"@id":"https:\/\/mmabay.co.uk\/de\/#website"},"datePublished":"2022-10-03T12:15:06+00:00","dateModified":"2022-10-03T12:15:06+00:00","breadcrumb":{"@id":"https:\/\/mmabay.co.uk\/de\/fabswinger\/#breadcrumb"},"inLanguage":"de-DE","potentialAction":[{"@type":"ReadAction","target":["https:\/\/mmabay.co.uk\/de\/fabswinger\/"]}]},{"@type":"BreadcrumbList","@id":"https:\/\/mmabay.co.uk\/de\/fabswinger\/#breadcrumb","itemListElement":[{"@type":"ListItem","position":1,"name":"Home","item":"https:\/\/mmabay.co.uk\/de\/"},{"@type":"ListItem","position":2,"name":"FabSwinger"}]}]}},"_links":{"self":[{"href":"https:\/\/mmabay.co.uk\/de\/wp-json\/wp\/v2\/pages\/162"}],"collection":[{"href":"https:\/\/mmabay.co.uk\/de\/wp-json\/wp\/v2\/pages"}],"about":[{"href":"https:\/\/mmabay.co.uk\/de\/wp-json\/wp\/v2\/types\/page"}],"author":[{"embeddable":true,"href":"https:\/\/mmabay.co.uk\/de\/wp-json\/wp\/v2\/users\/1"}],"replies":[{"embeddable":true,"href":"https:\/\/mmabay.co.uk\/de\/wp-json\/wp\/v2\/comments?post=162"}],"version-history":[{"count":0,"href":"https:\/\/mmabay.co.uk\/de\/wp-json\/wp\/v2\/pages\/162\/revisions"}],"wp:attachment":[{"href":"https:\/\/mmabay.co.uk\/de\/wp-json\/wp\/v2\/media?parent=162"}],"curies":[{"name":"wp","href":"https:\/\/api.w.org\/{rel}","templated":true}]}}