{"id":173,"date":"2022-10-03T13:10:32","date_gmt":"2022-10-03T12:10:32","guid":{"rendered":"http:\/\/mmabay.co.uk\/betreute-angelegenheiten\/"},"modified":"2022-10-03T13:10:32","modified_gmt":"2022-10-03T12:10:32","slug":"betreute-angelegenheiten","status":"publish","type":"page","link":"https:\/\/mmabay.co.uk\/de\/betreute-angelegenheiten\/","title":{"rendered":"Betreute Angelegenheiten"},"content":{"rendered":"<p>HeatedAffairs ist eine der beliebtesten Sexting-Apps, die heute verf\u00fcgbar sind. Die App erm\u00f6glicht es Benutzern, sexuelle Nachrichten und Bilder zu senden und zu empfangen sowie sich mit anderen Benutzern zu verbinden, die an Sexting interessiert sind. HeatedAffairs ist eine gro\u00dfartige M\u00f6glichkeit, Ihr Sexualleben aufzupeppen oder Ihrer Beziehung ein wenig mehr Aufregung zu verleihen. Die <a href=\"http:\/\/mmabay.co.uk\/de\/doppelliste\/\">App kann kostenlos heruntergeladen und verwendet werden, und<\/a> es fallen keine Abonnementgeb\u00fchren an.<\/p>\n<h2>Schnittstelle<\/h2>\n<p>Die Benutzeroberfl\u00e4che von HeatedAffairs ist sehr benutzerfreundlich und einfach zu navigieren. Sie k\u00f6nnen schnell und einfach finden, wonach Sie suchen, und das Design ist schlank und modern. Die App ist auch sehr intuitiv und reaktionsschnell, so dass Sie keine Probleme haben werden, sie zu benutzen. Insgesamt ist die Benutzeroberfl\u00e4che von HeatedAffairs eine der besten in der Branche und macht das Finden eines Dates einfach und macht Spa\u00df.<\/p>\n<h2>Ihre M\u00f6glichkeiten<\/h2>\n<p>Es gibt viele verschiedene Dating-Apps und es kann schwierig sein zu entscheiden, welche f\u00fcr Sie die richtige ist. Wenn Sie nach etwas Dampfigerem und weniger Ernstem suchen, k\u00f6nnte Heated Affairs eine gute Option f\u00fcr Sie sein. Diese App wurde f\u00fcr Leute entwickelt, die nach gelegentlichen Verbindungen und Aff\u00e4ren suchen, so dass Sie definitiv erwarten k\u00f6nnen, einige Leute zu finden, die nur nach einer physischen Verbindung suchen. Es gibt jedoch auch viele Leute in der App, die nach etwas Emotionalerem und Langfristigerem suchen, so dass es sich auf jeden Fall lohnt, es auszuprobieren, wenn Sie f\u00fcr beide Optionen offen sind. Das Tolle an Heated Affairs ist, dass es eine urteilsfreie Zone ist, so dass Sie sich frei f\u00fchlen k\u00f6nnen, Sie selbst zu sein und Ihre Sexualit\u00e4t ohne Sorgen zu erforschen.<\/p>\n<p>Die Kosten f\u00fcr HeatedAffairs betragen $ 39.99 f\u00fcr eine einmonatige Mitgliedschaft und $ 19.99 f\u00fcr eine dreimonatige Mitgliedschaft. Es gibt auch eine sechsmonatige Mitgliedschaft f\u00fcr $ 9.99. HeatedAffairs bietet eine Vielzahl von Funktionen f\u00fcr seine Mitglieder, einschlie\u00dflich der M\u00f6glichkeit, nach Mitgliedern nach Standort, Alter, Geschlecht und Interessen zu suchen. HeatedAffairs bietet auch eine Vielzahl von Kommunikationstools wie Chatrooms, Instant Messaging und E-Mail. HeatedAffairs ist eine Dating-App, die sich an verheiratete und gebundene Personen richtet, die nach ein wenig mehr Aufregung in ihrem Leben suchen.<\/p>\n<h2>Sicherheit<\/h2>\n<p>Es gibt viele Dating-Apps und es kann schwierig sein zu wissen, welche sicher zu verwenden sind. HeatedAffairs ist eine Dating-App, die f\u00fcr ihre Benutzer sicher und gesch\u00fctzt ist. Die App verf\u00fcgt \u00fcber eine Reihe von Funktionen, die dazu beitragen, die Sicherheit ihrer Benutzer zu gew\u00e4hrleisten, darunter ein strenger Verifizierungsprozess, ein Meldesystem f\u00fcr Benutzer, die sich unsicher f\u00fchlen, und eine Blockierfunktion f\u00fcr Benutzer, die nicht von bestimmten Personen kontaktiert werden m\u00f6chten. HeatedAffairs hat auch ein Team von Moderatoren, die daran arbeiten, die App f\u00fcr ihre Benutzer sicher und sauber zu halten. Insgesamt ist HeatedAffairs eine sichere Dating-App, der Sie vertrauen k\u00f6nnen.<\/p>\n<h2>Ablauf der Mitgliedschaft<\/h2>\n<p>Um Mitglied von Heated Affairs zu werden, m\u00fcssen Sie zun\u00e4chst ein Konto erstellen. Sie werden dann aufgefordert, Ihre E-Mail-Adresse anzugeben, ein Passwort zu erstellen und Ihr Geschlecht und das gesuchte Geschlecht auszuw\u00e4hlen. Sobald dies erledigt ist, k\u00f6nnen Sie auf die Funktionen der Website zugreifen. Um das Messaging-System der Website nutzen zu k\u00f6nnen, m\u00fcssen Sie ein Upgrade auf eine kostenpflichtige Mitgliedschaft durchf\u00fchren. Kostenpflichtige Mitgliedschaften bieten Zugriff auf zus\u00e4tzliche Funktionen, z. B. die M\u00f6glichkeit zu sehen, wer Ihr Profil angesehen hat, unbegrenzt Nachrichten zu senden und zu empfangen und Mitgliederfotos anzuzeigen.<\/p>\n<h2>Websites, die HeatedAffairs \u00e4hnlich sind<\/h2>\n<p>Es gibt viele Websites, die HeatedAffairs \u00e4hnlich sind, wenn es um Online-Dating geht. Einige andere beliebte Dating-Apps sind Tinder, OkCupid und Bumble. Alle diese Apps erm\u00f6glichen es Benutzern, ein Profil zu erstellen, Fotos hinzuzuf\u00fcgen und bei anderen Benutzern nach links oder rechts zu wischen, um Interesse zu zeigen. Diese Apps \u00e4hneln HeatedAffairs insofern, als sie alle entwickelt wurden, um Benutzern zu helfen, neue Leute kennenzulernen. Jede App hat jedoch ihre eigenen einzigartigen Funktionen und Benutzerbasis. Zum Beispiel ist Tinder f\u00fcr seine Hookup-Kultur bekannt, w\u00e4hrend OkCupid mehr auf Beziehungen ausgerichtet ist. Bumble ist insofern einzigartig, als es Frauen nur erlaubt, Kontakt mit M\u00e4nnern aufzunehmen. HeatedAffairs \u00e4hnelt diesen anderen Apps insofern, als es eine Plattform ist, um neue Leute kennenzulernen, aber es hat auch einzigartige Funktionen, die es auszeichnen. Zum Beispiel konzentriert sich HeatedAffairs auf au\u00dfereheliche Aff\u00e4ren und diskrete Begegnungen. Dies macht es zu einer guten Option f\u00fcr diejenigen, die etwas au\u00dferhalb suchen<\/p>\n<h2>Lohnt sich HeatedAffairs?<\/h2>\n<p>Es gibt viele Dating-Apps und es kann schwierig sein, sich zu entscheiden, welche verwendet werden soll. HeatedAffairs ist eine beliebte Option und verf\u00fcgt \u00fcber viele Funktionen, die Benutzer ansprechen. Es ist wichtig zu beachten, dass es sich um eine kostenpflichtige App handelt, daher m\u00fcssen Sie entscheiden, ob sich die Kosten f\u00fcr Sie lohnen. Einige Leute finden, dass die Funktionen und die Qualit\u00e4t von HeatedAffairs den Preis wert sind, w\u00e4hrend andere dies nicht tun. Es ist eine pers\u00f6nliche Entscheidung und Sie sollten die Vor- und Nachteile abw\u00e4gen, bevor Sie eine Entscheidung treffen.<\/p>\n","protected":false},"excerpt":{"rendered":"<div class=\"mh-excerpt\"><p>HeatedAffairs ist eine der beliebtesten Sexting-Apps, die heute verf\u00fcgbar sind. Die App erm\u00f6glicht es Benutzern, sexuelle Nachrichten und Bilder zu senden und zu empfangen sowie <a class=\"mh-excerpt-more\" href=\"https:\/\/mmabay.co.uk\/de\/betreute-angelegenheiten\/\" title=\"Betreute Angelegenheiten\">[&#8230;]<\/a><\/p>\n<\/div>","protected":false},"author":1,"featured_media":0,"parent":0,"menu_order":0,"comment_status":"closed","ping_status":"closed","template":"","meta":[],"yoast_head":"<!-- This site is optimized with the Yoast SEO plugin v17.7.1 - https:\/\/yoast.com\/wordpress\/plugins\/seo\/ -->\n<title>Betreute Angelegenheiten - Bay Reviews<\/title>\n<meta name=\"robots\" content=\"index, follow, max-snippet:-1, max-image-preview:large, max-video-preview:-1\" \/>\n<link rel=\"canonical\" href=\"https:\/\/mmabay.co.uk\/de\/betreute-angelegenheiten\/\" \/>\n<meta property=\"og:locale\" content=\"de_DE\" \/>\n<meta property=\"og:type\" content=\"article\" \/>\n<meta property=\"og:title\" content=\"Betreute Angelegenheiten - Bay Reviews\" \/>\n<meta property=\"og:description\" content=\"HeatedAffairs ist eine der beliebtesten Sexting-Apps, die heute verf\u00fcgbar sind. Die App erm\u00f6glicht es Benutzern, sexuelle Nachrichten und Bilder zu senden und zu empfangen sowie [...]\" \/>\n<meta property=\"og:url\" content=\"https:\/\/mmabay.co.uk\/de\/betreute-angelegenheiten\/\" \/>\n<meta property=\"og:site_name\" content=\"Bay Reviews\" \/>\n<meta name=\"twitter:card\" content=\"summary_large_image\" \/>\n<meta name=\"twitter:label1\" content=\"Gesch\u00e4tzte Lesezeit\" \/>\n\t<meta name=\"twitter:data1\" content=\"4 minutes\" \/>\n<script type=\"application\/ld+json\" class=\"yoast-schema-graph\">{\"@context\":\"https:\/\/schema.org\",\"@graph\":[{\"@type\":\"WebSite\",\"@id\":\"https:\/\/mmabay.co.uk\/de\/#website\",\"url\":\"https:\/\/mmabay.co.uk\/de\/\",\"name\":\"Bay Reviews\",\"description\":\"Casual Hookup Finder\",\"potentialAction\":[{\"@type\":\"SearchAction\",\"target\":{\"@type\":\"EntryPoint\",\"urlTemplate\":\"https:\/\/mmabay.co.uk\/de\/?s={search_term_string}\"},\"query-input\":\"required name=search_term_string\"}],\"inLanguage\":\"de-DE\"},{\"@type\":\"WebPage\",\"@id\":\"https:\/\/mmabay.co.uk\/de\/betreute-angelegenheiten\/#webpage\",\"url\":\"https:\/\/mmabay.co.uk\/de\/betreute-angelegenheiten\/\",\"name\":\"Betreute Angelegenheiten - Bay Reviews\",\"isPartOf\":{\"@id\":\"https:\/\/mmabay.co.uk\/de\/#website\"},\"datePublished\":\"2022-10-03T12:10:32+00:00\",\"dateModified\":\"2022-10-03T12:10:32+00:00\",\"breadcrumb\":{\"@id\":\"https:\/\/mmabay.co.uk\/de\/betreute-angelegenheiten\/#breadcrumb\"},\"inLanguage\":\"de-DE\",\"potentialAction\":[{\"@type\":\"ReadAction\",\"target\":[\"https:\/\/mmabay.co.uk\/de\/betreute-angelegenheiten\/\"]}]},{\"@type\":\"BreadcrumbList\",\"@id\":\"https:\/\/mmabay.co.uk\/de\/betreute-angelegenheiten\/#breadcrumb\",\"itemListElement\":[{\"@type\":\"ListItem\",\"position\":1,\"name\":\"Home\",\"item\":\"https:\/\/mmabay.co.uk\/de\/\"},{\"@type\":\"ListItem\",\"position\":2,\"name\":\"Betreute Angelegenheiten\"}]}]}<\/script>\n<!-- \/ Yoast SEO plugin. -->","yoast_head_json":{"title":"Betreute Angelegenheiten - Bay Reviews","robots":{"index":"index","follow":"follow","max-snippet":"max-snippet:-1","max-image-preview":"max-image-preview:large","max-video-preview":"max-video-preview:-1"},"canonical":"https:\/\/mmabay.co.uk\/de\/betreute-angelegenheiten\/","og_locale":"de_DE","og_type":"article","og_title":"Betreute Angelegenheiten - Bay Reviews","og_description":"HeatedAffairs ist eine der beliebtesten Sexting-Apps, die heute verf\u00fcgbar sind. Die App erm\u00f6glicht es Benutzern, sexuelle Nachrichten und Bilder zu senden und zu empfangen sowie [...]","og_url":"https:\/\/mmabay.co.uk\/de\/betreute-angelegenheiten\/","og_site_name":"Bay Reviews","twitter_card":"summary_large_image","twitter_misc":{"Gesch\u00e4tzte Lesezeit":"4 minutes"},"schema":{"@context":"https:\/\/schema.org","@graph":[{"@type":"WebSite","@id":"https:\/\/mmabay.co.uk\/de\/#website","url":"https:\/\/mmabay.co.uk\/de\/","name":"Bay Reviews","description":"Casual Hookup Finder","potentialAction":[{"@type":"SearchAction","target":{"@type":"EntryPoint","urlTemplate":"https:\/\/mmabay.co.uk\/de\/?s={search_term_string}"},"query-input":"required name=search_term_string"}],"inLanguage":"de-DE"},{"@type":"WebPage","@id":"https:\/\/mmabay.co.uk\/de\/betreute-angelegenheiten\/#webpage","url":"https:\/\/mmabay.co.uk\/de\/betreute-angelegenheiten\/","name":"Betreute Angelegenheiten - Bay Reviews","isPartOf":{"@id":"https:\/\/mmabay.co.uk\/de\/#website"},"datePublished":"2022-10-03T12:10:32+00:00","dateModified":"2022-10-03T12:10:32+00:00","breadcrumb":{"@id":"https:\/\/mmabay.co.uk\/de\/betreute-angelegenheiten\/#breadcrumb"},"inLanguage":"de-DE","potentialAction":[{"@type":"ReadAction","target":["https:\/\/mmabay.co.uk\/de\/betreute-angelegenheiten\/"]}]},{"@type":"BreadcrumbList","@id":"https:\/\/mmabay.co.uk\/de\/betreute-angelegenheiten\/#breadcrumb","itemListElement":[{"@type":"ListItem","position":1,"name":"Home","item":"https:\/\/mmabay.co.uk\/de\/"},{"@type":"ListItem","position":2,"name":"Betreute Angelegenheiten"}]}]}},"_links":{"self":[{"href":"https:\/\/mmabay.co.uk\/de\/wp-json\/wp\/v2\/pages\/173"}],"collection":[{"href":"https:\/\/mmabay.co.uk\/de\/wp-json\/wp\/v2\/pages"}],"about":[{"href":"https:\/\/mmabay.co.uk\/de\/wp-json\/wp\/v2\/types\/page"}],"author":[{"embeddable":true,"href":"https:\/\/mmabay.co.uk\/de\/wp-json\/wp\/v2\/users\/1"}],"replies":[{"embeddable":true,"href":"https:\/\/mmabay.co.uk\/de\/wp-json\/wp\/v2\/comments?post=173"}],"version-history":[{"count":0,"href":"https:\/\/mmabay.co.uk\/de\/wp-json\/wp\/v2\/pages\/173\/revisions"}],"wp:attachment":[{"href":"https:\/\/mmabay.co.uk\/de\/wp-json\/wp\/v2\/media?parent=173"}],"curies":[{"name":"wp","href":"https:\/\/api.w.org\/{rel}","templated":true}]}}