{"id":181,"date":"2022-10-03T13:10:53","date_gmt":"2022-10-03T12:10:53","guid":{"rendered":"http:\/\/mmabay.co.uk\/rubkarten\/"},"modified":"2022-10-03T13:10:53","modified_gmt":"2022-10-03T12:10:53","slug":"rubkarten","status":"publish","type":"page","link":"https:\/\/mmabay.co.uk\/de\/rubkarten\/","title":{"rendered":"Rubkarten"},"content":{"rendered":"<p>Rubmaps ist eine lokale Dating-App, mit der Benutzer Rubmaps-Benutzer in ihrer N\u00e4he finden und mit ihnen chatten k\u00f6nnen. Die App erm\u00f6glicht es Benutzern auch, ihren Standort mit anderen Rubmaps-Benutzern zu teilen, so dass sie lokale Rubmaps-Benutzer finden k\u00f6nnen, mit denen sie chatten k\u00f6nnen. Die App ist kostenlos im App Store und bei Google Play erh\u00e4ltlich.<\/p>\n<h2>Matching-System<\/h2>\n<p>Das Rubmaps-Matching-System ist eine gro\u00dfartige M\u00f6glichkeit, potenzielle \u00dcbereinstimmungen f\u00fcr Ihre Dating-App zu finden. Es verwendet eine Vielzahl von Kriterien, um \u00dcbereinstimmungen zu finden, einschlie\u00dflich Standort, Alter, Geschlecht und Interessen. Sie k\u00f6nnen auch Ihre eigenen Kriterien festlegen, z. B. Entfernung von Ihnen, Altersgruppe und Geschlecht. Das System sucht dann nach \u00dcbereinstimmungen und stellt Ihnen eine Liste potenzieller \u00dcbereinstimmungen zur Verf\u00fcgung.<\/p>\n<h2>Auswahlm\u00f6glichkeiten<\/h2>\n<p>Es gibt eine Vielzahl von Dating-Apps, die auf verschiedene Rubmaps Choices zugeschnitten sind. Einige Apps sind f\u00fcr bestimmte Zielgruppen konzipiert, w\u00e4hrend andere allgemeiner sind. Einige beliebte Dating-Apps sind Tinder, Bumble und Grindr. Jede App hat ihre eigenen Vor- und Nachteile, daher ist es wichtig, diejenige zu w\u00e4hlen, die Ihren Bed\u00fcrfnissen am besten entspricht. Tinder ist eine beliebte Wahl f\u00fcr viele Menschen, da es einfach zu bedienen ist und es viele potenzielle \u00dcbereinstimmungen gibt. Es ist jedoch wichtig zu wissen, dass Tinder daf\u00fcr bekannt ist, eine Hookup-App zu sein, so dass es nicht die beste Wahl ist, wenn Sie nach einer ernsthaften Beziehung suchen. Bumble ist eine weitere beliebte Dating-App, die Tinder \u00e4hnelt, aber mehr Wert auf Sicherheit und Respekt legt. Grindr ist eine Dating-App, die speziell f\u00fcr LGBTQ + -Personen entwickelt wurde, und es ist eine gute Wahl, wenn Sie nach einer sicheren und integrativen Community suchen.<\/p>\n<h2>Sicherheit<\/h2>\n<p>Rubmaps ist eine Dating-App, mit der Benutzer <a href=\"http:\/\/mmabay.co.uk\/de\/betreute-angelegenheiten\/\">potenzielle \u00dcbereinstimmungen<\/a> in ihrer N\u00e4he finden k\u00f6nnen. Die App kann kostenlos heruntergeladen und verwendet werden und ist sowohl f\u00fcr iOS- als auch f\u00fcr Android-Ger\u00e4te verf\u00fcgbar. Rubmaps ist eine sichere M\u00f6glichkeit, neue Leute kennenzulernen, und es ist eine der beliebtesten Dating-Apps der Welt. Mehr als 50 Millionen Menschen haben Rubmaps verwendet, um eine \u00dcbereinstimmung zu finden, und die App hat eine 4,5-Sterne-Bewertung im App Store. Rubmaps ist eine gro\u00dfartige M\u00f6glichkeit, neue Leute kennenzulernen, und es ist eine sichere M\u00f6glichkeit, ein Match zu finden.<\/p>\n<h2>Mitgliedschaftskosten<\/h2>\n<p>Angenommen, Sie beziehen sich auf die Website Rubmaps, kostet eine monatliche Mitgliedschaft 15,95 US-Dollar. Es gibt jedoch auch eine dreit\u00e4gige Testversion f\u00fcr 4,95 US-Dollar. Rubmaps ist im Wesentlichen ein Verzeichnis von Massagesalons, die von den Nutzern der Website \u00fcberpr\u00fcft wurden. Die Bewertungen enthalten Informationen \u00fcber die Qualit\u00e4t der Massage, den Preis und das Gesamterlebnis. Zus\u00e4tzlich zu den Bewertungen bietet Rubmaps auch ein Forum, in dem Benutzer ihre Erfahrungen diskutieren k\u00f6nnen.<\/p>\n<h2>Profil und Anmeldung<\/h2>\n<p>Rubmaps ist eine beliebte Dating-App, mit der Benutzer potenzielle \u00dcbereinstimmungen basierend auf ihrem Standort finden k\u00f6nnen. Die App enth\u00e4lt auch eine Messaging-Funktion, die es den Benutzern erleichtert, sich miteinander zu verbinden. Um die App verwenden zu k\u00f6nnen, m\u00fcssen Benutzer jedoch ein Profil erstellen und sich f\u00fcr ein Konto registrieren. Der Vorgang ist einfach und unkompliziert und dauert nur wenige Minuten. Sobald sich Benutzer angemeldet haben, k\u00f6nnen sie mit dem Durchsuchen potenzieller \u00dcbereinstimmungen beginnen. Wenn sie jemanden finden, an dem sie interessiert sind, k\u00f6nnen sie eine Nachricht senden und mit dem Chatten beginnen. Die App kann kostenlos heruntergeladen und verwendet werden und ist sowohl f\u00fcr iOS- als auch f\u00fcr Android-Ger\u00e4te verf\u00fcgbar.<\/p>\n<h2>Alternativen zu Rubmaps<\/h2>\n<p>Es gibt ein paar Alternativen zu Rubmaps, wenn Sie nach einer Dating-App suchen. Eine M\u00f6glichkeit besteht darin, eine traditionelle Dating-Site wie Match.com oder eHarmony zu verwenden. Diese Websites erfordern, dass Sie ein Profil erstellen und Fragen zu sich selbst beantworten, die verwendet werden k\u00f6nnen, um Sie mit potenziellen Daten abzugleichen.<\/p>\n<p>Eine andere M\u00f6glichkeit ist die Verwendung einer mobilen Dating-App wie Tinder oder Bumble. Mit diesen Apps k\u00f6nnen Sie die Profile anderer Benutzer in Ihrer N\u00e4he durchsuchen und nach rechts wischen, wenn Sie an jemandem interessiert sind. Wenn sie auch nach rechts auf Sie wischen, werden Sie abgeglichen und k\u00f6nnen miteinander chatten.<\/p>\n<p>Schlie\u00dflich k\u00f6nnen Sie versuchen, einen Online-Dating-Service speziell f\u00fcr Massagetherapeuten zu verwenden. Diese Seiten k\u00f6nnen Ihnen helfen, sich mit anderen Massagetherapeuten in Ihrer N\u00e4he zu verbinden, die an Dating interessiert sein k\u00f6nnten.<\/p>\n<h2>Lohnt sich Rubmaps?<\/h2>\n<p>Wenn Sie nach einer Dating-App suchen, mit der Sie sich mit anderen Benutzern in Ihrer N\u00e4he verbinden k\u00f6nnen, ist Rubmaps definitiv die Kosten wert. Die App ist einfach zu bedienen und eine gro\u00dfartige M\u00f6glichkeit, neue Leute in Ihrer N\u00e4he kennenzulernen. Denken Sie jedoch daran, dass Rubmaps eine Hookup-App ist, wenn Sie also nach einer ernsthaften Beziehung suchen, ist dies m\u00f6glicherweise nicht die App f\u00fcr Sie.<\/p>\n","protected":false},"excerpt":{"rendered":"<div class=\"mh-excerpt\"><p>Rubmaps ist eine lokale Dating-App, mit der Benutzer Rubmaps-Benutzer in ihrer N\u00e4he finden und mit ihnen chatten k\u00f6nnen. Die App erm\u00f6glicht es Benutzern auch, ihren <a class=\"mh-excerpt-more\" href=\"https:\/\/mmabay.co.uk\/de\/rubkarten\/\" title=\"Rubkarten\">[&#8230;]<\/a><\/p>\n<\/div>","protected":false},"author":1,"featured_media":0,"parent":0,"menu_order":0,"comment_status":"closed","ping_status":"closed","template":"","meta":[],"yoast_head":"<!-- This site is optimized with the Yoast SEO plugin v17.7.1 - https:\/\/yoast.com\/wordpress\/plugins\/seo\/ -->\n<title>Rubkarten - Bay Reviews<\/title>\n<meta name=\"robots\" content=\"index, follow, max-snippet:-1, max-image-preview:large, max-video-preview:-1\" \/>\n<link rel=\"canonical\" href=\"https:\/\/mmabay.co.uk\/de\/rubkarten\/\" \/>\n<meta property=\"og:locale\" content=\"de_DE\" \/>\n<meta property=\"og:type\" content=\"article\" \/>\n<meta property=\"og:title\" content=\"Rubkarten - Bay Reviews\" \/>\n<meta property=\"og:description\" content=\"Rubmaps ist eine lokale Dating-App, mit der Benutzer Rubmaps-Benutzer in ihrer N\u00e4he finden und mit ihnen chatten k\u00f6nnen. Die App erm\u00f6glicht es Benutzern auch, ihren [...]\" \/>\n<meta property=\"og:url\" content=\"https:\/\/mmabay.co.uk\/de\/rubkarten\/\" \/>\n<meta property=\"og:site_name\" content=\"Bay Reviews\" \/>\n<meta name=\"twitter:card\" content=\"summary_large_image\" \/>\n<meta name=\"twitter:label1\" content=\"Gesch\u00e4tzte Lesezeit\" \/>\n\t<meta name=\"twitter:data1\" content=\"4 minutes\" \/>\n<script type=\"application\/ld+json\" class=\"yoast-schema-graph\">{\"@context\":\"https:\/\/schema.org\",\"@graph\":[{\"@type\":\"WebSite\",\"@id\":\"https:\/\/mmabay.co.uk\/de\/#website\",\"url\":\"https:\/\/mmabay.co.uk\/de\/\",\"name\":\"Bay Reviews\",\"description\":\"Casual Hookup Finder\",\"potentialAction\":[{\"@type\":\"SearchAction\",\"target\":{\"@type\":\"EntryPoint\",\"urlTemplate\":\"https:\/\/mmabay.co.uk\/de\/?s={search_term_string}\"},\"query-input\":\"required name=search_term_string\"}],\"inLanguage\":\"de-DE\"},{\"@type\":\"WebPage\",\"@id\":\"https:\/\/mmabay.co.uk\/de\/rubkarten\/#webpage\",\"url\":\"https:\/\/mmabay.co.uk\/de\/rubkarten\/\",\"name\":\"Rubkarten - Bay Reviews\",\"isPartOf\":{\"@id\":\"https:\/\/mmabay.co.uk\/de\/#website\"},\"datePublished\":\"2022-10-03T12:10:53+00:00\",\"dateModified\":\"2022-10-03T12:10:53+00:00\",\"breadcrumb\":{\"@id\":\"https:\/\/mmabay.co.uk\/de\/rubkarten\/#breadcrumb\"},\"inLanguage\":\"de-DE\",\"potentialAction\":[{\"@type\":\"ReadAction\",\"target\":[\"https:\/\/mmabay.co.uk\/de\/rubkarten\/\"]}]},{\"@type\":\"BreadcrumbList\",\"@id\":\"https:\/\/mmabay.co.uk\/de\/rubkarten\/#breadcrumb\",\"itemListElement\":[{\"@type\":\"ListItem\",\"position\":1,\"name\":\"Home\",\"item\":\"https:\/\/mmabay.co.uk\/de\/\"},{\"@type\":\"ListItem\",\"position\":2,\"name\":\"Rubkarten\"}]}]}<\/script>\n<!-- \/ Yoast SEO plugin. -->","yoast_head_json":{"title":"Rubkarten - Bay Reviews","robots":{"index":"index","follow":"follow","max-snippet":"max-snippet:-1","max-image-preview":"max-image-preview:large","max-video-preview":"max-video-preview:-1"},"canonical":"https:\/\/mmabay.co.uk\/de\/rubkarten\/","og_locale":"de_DE","og_type":"article","og_title":"Rubkarten - Bay Reviews","og_description":"Rubmaps ist eine lokale Dating-App, mit der Benutzer Rubmaps-Benutzer in ihrer N\u00e4he finden und mit ihnen chatten k\u00f6nnen. Die App erm\u00f6glicht es Benutzern auch, ihren [...]","og_url":"https:\/\/mmabay.co.uk\/de\/rubkarten\/","og_site_name":"Bay Reviews","twitter_card":"summary_large_image","twitter_misc":{"Gesch\u00e4tzte Lesezeit":"4 minutes"},"schema":{"@context":"https:\/\/schema.org","@graph":[{"@type":"WebSite","@id":"https:\/\/mmabay.co.uk\/de\/#website","url":"https:\/\/mmabay.co.uk\/de\/","name":"Bay Reviews","description":"Casual Hookup Finder","potentialAction":[{"@type":"SearchAction","target":{"@type":"EntryPoint","urlTemplate":"https:\/\/mmabay.co.uk\/de\/?s={search_term_string}"},"query-input":"required name=search_term_string"}],"inLanguage":"de-DE"},{"@type":"WebPage","@id":"https:\/\/mmabay.co.uk\/de\/rubkarten\/#webpage","url":"https:\/\/mmabay.co.uk\/de\/rubkarten\/","name":"Rubkarten - Bay Reviews","isPartOf":{"@id":"https:\/\/mmabay.co.uk\/de\/#website"},"datePublished":"2022-10-03T12:10:53+00:00","dateModified":"2022-10-03T12:10:53+00:00","breadcrumb":{"@id":"https:\/\/mmabay.co.uk\/de\/rubkarten\/#breadcrumb"},"inLanguage":"de-DE","potentialAction":[{"@type":"ReadAction","target":["https:\/\/mmabay.co.uk\/de\/rubkarten\/"]}]},{"@type":"BreadcrumbList","@id":"https:\/\/mmabay.co.uk\/de\/rubkarten\/#breadcrumb","itemListElement":[{"@type":"ListItem","position":1,"name":"Home","item":"https:\/\/mmabay.co.uk\/de\/"},{"@type":"ListItem","position":2,"name":"Rubkarten"}]}]}},"_links":{"self":[{"href":"https:\/\/mmabay.co.uk\/de\/wp-json\/wp\/v2\/pages\/181"}],"collection":[{"href":"https:\/\/mmabay.co.uk\/de\/wp-json\/wp\/v2\/pages"}],"about":[{"href":"https:\/\/mmabay.co.uk\/de\/wp-json\/wp\/v2\/types\/page"}],"author":[{"embeddable":true,"href":"https:\/\/mmabay.co.uk\/de\/wp-json\/wp\/v2\/users\/1"}],"replies":[{"embeddable":true,"href":"https:\/\/mmabay.co.uk\/de\/wp-json\/wp\/v2\/comments?post=181"}],"version-history":[{"count":0,"href":"https:\/\/mmabay.co.uk\/de\/wp-json\/wp\/v2\/pages\/181\/revisions"}],"wp:attachment":[{"href":"https:\/\/mmabay.co.uk\/de\/wp-json\/wp\/v2\/media?parent=181"}],"curies":[{"name":"wp","href":"https:\/\/api.w.org\/{rel}","templated":true}]}}