{"id":187,"date":"2022-10-03T13:09:41","date_gmt":"2022-10-03T12:09:41","guid":{"rendered":"http:\/\/mmabay.co.uk\/doppelliste\/"},"modified":"2022-10-17T13:33:57","modified_gmt":"2022-10-17T12:33:57","slug":"doppelliste","status":"publish","type":"page","link":"https:\/\/mmabay.co.uk\/de\/doppelliste\/","title":{"rendered":"Doppelliste"},"content":{"rendered":"<p>Es gibt eine neue Dating-App in der Szene, und sie hei\u00dft DoubleList. Im Gegensatz zu anderen Dating-Apps wurde DoubleList speziell f\u00fcr Menschen entwickelt, die nach NSA-Sex (ohne Bedingungen) suchen.<\/p>\n<p>Wenn Sie es leid sind, nach links und rechts zu wischen, nur um von den Ergebnissen entt\u00e4uscht <a href=\"https:\/\/www.thedatingadvisor.com\/de\/\">kostenlose dating<\/a> zu sein, dann k\u00f6nnte DoubleList einen Besuch wert sein. Die App befindet sich noch in einem fr\u00fchen Stadium, aber sie hat bereits viel Zugkraft bei Benutzern gewonnen, die nach etwas anderem suchen. Wenn Sie also daran interessiert sind, Ihre Sexualit\u00e4t ohne Bedingungen zu erforschen, dann k\u00f6nnte DoubleList genau das Richtige f\u00fcr Sie sein.<\/p>\n<h2>App-Funktionen<\/h2>\n<p>DoubleList ist eine neue Dating-App, mit der Benutzer <a href=\"http:\/\/mmabay.co.uk\/de\/xpickup\/\">\u00dcbereinstimmungen basierend auf ihrem Standort und ihren Interessen finden<\/a> k\u00f6nnen. Die App erm\u00f6glicht es Benutzern auch, ein Profil einzurichten und Fotos hinzuzuf\u00fcgen, so dass potenzielle \u00dcbereinstimmungen mehr \u00fcber sie erfahren k\u00f6nnen. Eine der einzigartigen Funktionen von DoubleList ist die M\u00f6glichkeit zu sehen, wer Sie gemocht hat, bevor Sie \u00fcberhaupt mit ihnen abgeglichen haben. Dies bedeutet, dass Sie sofort mit jemandem chatten k\u00f6nnen, ohne darauf warten zu m\u00fcssen, dass er Sie wieder mag. DoubleList ist auch eine der wenigen Dating-Apps, mit der Benutzer nach Keywords nach \u00dcbereinstimmungen suchen k\u00f6nnen, sodass Sie jemanden finden k\u00f6nnen, der Ihre Interessen teilt. Die App kann kostenlos heruntergeladen und verwendet werden und ist sowohl f\u00fcr iOS als auch f\u00fcr Android verf\u00fcgbar.<\/p>\n<h2>Ihre Wahl<\/h2>\n<p>Es besteht kein Zweifel, dass Dating-Apps die Art und Weise, wie wir uns verabreden, ver\u00e4ndert haben. Wir sind nicht mehr darauf beschr\u00e4nkt, jemanden in einer Bar oder durch einen gemeinsamen Freund zu treffen. Jetzt k\u00f6nnen wir einfach nach rechts wischen, um uns mit jemandem zu verbinden, der unsere Aufmerksamkeit auf sich zieht.<\/p>\n<p>Aber bei so vielen Dating-Apps zur Auswahl, kann es schwierig sein zu wissen, welche <a href=\"https:\/\/p5.uk\/de\/kostenlose-sexting-seiten\/\">kostenlose sexting<\/a> f\u00fcr Sie die richtige ist. Aus diesem Grund haben wir eine Liste der besten Dating-Apps erstellt, damit Sie eine fundierte Entscheidung dar\u00fcber treffen k\u00f6nnen, welche App f\u00fcr Sie die richtige ist. Wenn Sie nach einer ernsthaften Beziehung suchen, dann empfehlen wir eHarmony. Diese App wurde entwickelt, um Ihnen zu helfen, einen langfristigen Partner zu finden, und es ist eine der beliebtesten Dating-Apps da drau\u00dfen. Wenn Sie etwas L\u00e4ssigeres suchen, dann empfehlen wir Tinder. Diese App ist perfekt f\u00fcr Leute, die nur nach einer schnellen Verbindung suchen.<\/p>\n<p>Und wenn Sie etwas dazwischen suchen, dann empfehlen wir DoubleList!<\/p>\n<h2>Premium-Kosten<\/h2>\n<p>DoubleList ist eine Dating-App, mit der Benutzer aus verschiedenen Gr\u00fcnden miteinander in Kontakt treten k\u00f6nnen, einschlie\u00dflich Dating, Verbinden oder einfach neue Freunde finden. Die App kann kostenlos heruntergeladen und verwendet werden, bietet aber auch ein Premium-Abonnement, mit dem Benutzer auf zus\u00e4tzliche Funktionen zugreifen k\u00f6nnen, z. B. erweiterte Suchoptionen und die M\u00f6glichkeit zu sehen, wer Ihr Profil angesehen hat. Das Premium-Abonnement kostet $ 9.99 pro Monat und wird automatisch jeden Monat verl\u00e4ngert, es sei denn, Sie k\u00fcndigen es. Die App erm\u00f6glicht es Benutzern auch, sich f\u00fcr ein Konto anzumelden und sich anzumelden. Die App hat eine einfache Benutzeroberfl\u00e4che und ist einfach zu bedienen. DoubleList ist eine gro\u00dfartige App, um neue Leute kennenzulernen und sich mit anderen Benutzern zu verbinden.<\/p>\n<h2>Alternativen zu DoubleList<\/h2>\n<p>Es gibt viele Alternativen zu DoubleList f\u00fcr diejenigen, die nach einer <a href=\"https:\/\/www.free-adult-cams.com\/de\/joi-cam\/\">jerk cams<\/a> suchen. Einige davon sind Tinder, Bumble, OkCupid und Match.com. Alle diese Apps haben ihre eigenen einzigartigen Funktionen und richten sich an verschiedene Zielgruppen. Zum Beispiel ist Tinder eine der beliebtesten Dating-Apps und ist bekannt f\u00fcr seine Swipe-Funktion. Bumble ist eine weitere beliebte App, mit der Frauen den ersten Schritt machen k\u00f6nnen. OkCupid ist eine kostenlose App, die f\u00fcr ihre ausf\u00fchrlichen Profile bekannt ist, und Match.com ist eine kostenpflichtige App, die als ernster gilt.<\/p>\n<h2>Sicherheit<\/h2>\n<p>Wenn es um Online-Dating geht, ist Sicherheit immer ein wichtiges Anliegen. Sie k\u00f6nnen jedoch sicher sein, dass DoubleList eine sichere Dating-App ist. Alle Ihre pers\u00f6nlichen Daten sind gesch\u00fctzt und die App verwendet SSL-Verschl\u00fcsselung, um Ihre Daten zu sch\u00fctzen. Dar\u00fcber hinaus besch\u00e4ftigt DoubleList ein Team von Sicherheitsexperten, die st\u00e4ndig daran arbeiten, die App sicher und gesch\u00fctzt zu halten. So k\u00f6nnen Sie sich darauf konzentrieren, Ihre perfekte \u00dcbereinstimmung zu finden, ohne sich um Ihre Sicherheit sorgen zu m\u00fcssen.<\/p>\n<h2>Lohnt sich DoubleList?<\/h2>\n<p>Es gibt viele Dating-Apps da drau\u00dfen, so dass es schwierig sein kann zu entscheiden, f\u00fcr welche Sie Ihr Geld ausgeben sollen. Wenn Sie DoubleList in Betracht ziehen, lohnt es sich, die Kosten zu ber\u00fccksichtigen. Ein monatliches Abonnement f\u00fcr die App kostet 9,99 US-Dollar, was nicht so schlimm ist. Sie m\u00fcssen jedoch auch $ 0.99 pro Nachricht bezahlen, die Sie senden, was sich summieren kann, wenn Sie ein starker Benutzer sind.<\/p>\n<p>Also, ist DoubleList die Kosten wert? Das h\u00e4ngt davon ab, wie Sie es verwenden. Wenn Sie ein Gelegenheitsbenutzer sind, der nur ein paar Nachrichten pro Monat sendet, lohnt es sich wahrscheinlich nicht. Wenn Sie jedoch ein starker Benutzer sind, der viele Nachrichten sendet, k\u00f6nnte es die Kosten wert sein.<\/p>\n","protected":false},"excerpt":{"rendered":"<div class=\"mh-excerpt\"><p>Es gibt eine neue Dating-App in der Szene, und sie hei\u00dft DoubleList. Im Gegensatz zu anderen Dating-Apps wurde DoubleList speziell f\u00fcr Menschen entwickelt, die nach <a class=\"mh-excerpt-more\" href=\"https:\/\/mmabay.co.uk\/de\/doppelliste\/\" title=\"Doppelliste\">[&#8230;]<\/a><\/p>\n<\/div>","protected":false},"author":1,"featured_media":0,"parent":0,"menu_order":0,"comment_status":"closed","ping_status":"closed","template":"","meta":[],"yoast_head":"<!-- This site is optimized with the Yoast SEO plugin v17.7.1 - https:\/\/yoast.com\/wordpress\/plugins\/seo\/ -->\n<title>Doppelliste - Bay Reviews<\/title>\n<meta name=\"robots\" content=\"index, follow, max-snippet:-1, max-image-preview:large, max-video-preview:-1\" \/>\n<link rel=\"canonical\" href=\"https:\/\/mmabay.co.uk\/de\/doppelliste\/\" \/>\n<meta property=\"og:locale\" content=\"de_DE\" \/>\n<meta property=\"og:type\" content=\"article\" \/>\n<meta property=\"og:title\" content=\"Doppelliste - Bay Reviews\" \/>\n<meta property=\"og:description\" content=\"Es gibt eine neue Dating-App in der Szene, und sie hei\u00dft DoubleList. Im Gegensatz zu anderen Dating-Apps wurde DoubleList speziell f\u00fcr Menschen entwickelt, die nach [...]\" \/>\n<meta property=\"og:url\" content=\"https:\/\/mmabay.co.uk\/de\/doppelliste\/\" \/>\n<meta property=\"og:site_name\" content=\"Bay Reviews\" \/>\n<meta property=\"article:modified_time\" content=\"2022-10-17T12:33:57+00:00\" \/>\n<meta name=\"twitter:card\" content=\"summary_large_image\" \/>\n<meta name=\"twitter:label1\" content=\"Gesch\u00e4tzte Lesezeit\" \/>\n\t<meta name=\"twitter:data1\" content=\"4 minutes\" \/>\n<script type=\"application\/ld+json\" class=\"yoast-schema-graph\">{\"@context\":\"https:\/\/schema.org\",\"@graph\":[{\"@type\":\"WebSite\",\"@id\":\"https:\/\/mmabay.co.uk\/de\/#website\",\"url\":\"https:\/\/mmabay.co.uk\/de\/\",\"name\":\"Bay Reviews\",\"description\":\"Casual Hookup Finder\",\"potentialAction\":[{\"@type\":\"SearchAction\",\"target\":{\"@type\":\"EntryPoint\",\"urlTemplate\":\"https:\/\/mmabay.co.uk\/de\/?s={search_term_string}\"},\"query-input\":\"required name=search_term_string\"}],\"inLanguage\":\"de-DE\"},{\"@type\":\"WebPage\",\"@id\":\"https:\/\/mmabay.co.uk\/de\/doppelliste\/#webpage\",\"url\":\"https:\/\/mmabay.co.uk\/de\/doppelliste\/\",\"name\":\"Doppelliste - Bay Reviews\",\"isPartOf\":{\"@id\":\"https:\/\/mmabay.co.uk\/de\/#website\"},\"datePublished\":\"2022-10-03T12:09:41+00:00\",\"dateModified\":\"2022-10-17T12:33:57+00:00\",\"breadcrumb\":{\"@id\":\"https:\/\/mmabay.co.uk\/de\/doppelliste\/#breadcrumb\"},\"inLanguage\":\"de-DE\",\"potentialAction\":[{\"@type\":\"ReadAction\",\"target\":[\"https:\/\/mmabay.co.uk\/de\/doppelliste\/\"]}]},{\"@type\":\"BreadcrumbList\",\"@id\":\"https:\/\/mmabay.co.uk\/de\/doppelliste\/#breadcrumb\",\"itemListElement\":[{\"@type\":\"ListItem\",\"position\":1,\"name\":\"Home\",\"item\":\"https:\/\/mmabay.co.uk\/de\/\"},{\"@type\":\"ListItem\",\"position\":2,\"name\":\"Doppelliste\"}]}]}<\/script>\n<!-- \/ Yoast SEO plugin. -->","yoast_head_json":{"title":"Doppelliste - Bay Reviews","robots":{"index":"index","follow":"follow","max-snippet":"max-snippet:-1","max-image-preview":"max-image-preview:large","max-video-preview":"max-video-preview:-1"},"canonical":"https:\/\/mmabay.co.uk\/de\/doppelliste\/","og_locale":"de_DE","og_type":"article","og_title":"Doppelliste - Bay Reviews","og_description":"Es gibt eine neue Dating-App in der Szene, und sie hei\u00dft DoubleList. Im Gegensatz zu anderen Dating-Apps wurde DoubleList speziell f\u00fcr Menschen entwickelt, die nach [...]","og_url":"https:\/\/mmabay.co.uk\/de\/doppelliste\/","og_site_name":"Bay Reviews","article_modified_time":"2022-10-17T12:33:57+00:00","twitter_card":"summary_large_image","twitter_misc":{"Gesch\u00e4tzte Lesezeit":"4 minutes"},"schema":{"@context":"https:\/\/schema.org","@graph":[{"@type":"WebSite","@id":"https:\/\/mmabay.co.uk\/de\/#website","url":"https:\/\/mmabay.co.uk\/de\/","name":"Bay Reviews","description":"Casual Hookup Finder","potentialAction":[{"@type":"SearchAction","target":{"@type":"EntryPoint","urlTemplate":"https:\/\/mmabay.co.uk\/de\/?s={search_term_string}"},"query-input":"required name=search_term_string"}],"inLanguage":"de-DE"},{"@type":"WebPage","@id":"https:\/\/mmabay.co.uk\/de\/doppelliste\/#webpage","url":"https:\/\/mmabay.co.uk\/de\/doppelliste\/","name":"Doppelliste - Bay Reviews","isPartOf":{"@id":"https:\/\/mmabay.co.uk\/de\/#website"},"datePublished":"2022-10-03T12:09:41+00:00","dateModified":"2022-10-17T12:33:57+00:00","breadcrumb":{"@id":"https:\/\/mmabay.co.uk\/de\/doppelliste\/#breadcrumb"},"inLanguage":"de-DE","potentialAction":[{"@type":"ReadAction","target":["https:\/\/mmabay.co.uk\/de\/doppelliste\/"]}]},{"@type":"BreadcrumbList","@id":"https:\/\/mmabay.co.uk\/de\/doppelliste\/#breadcrumb","itemListElement":[{"@type":"ListItem","position":1,"name":"Home","item":"https:\/\/mmabay.co.uk\/de\/"},{"@type":"ListItem","position":2,"name":"Doppelliste"}]}]}},"_links":{"self":[{"href":"https:\/\/mmabay.co.uk\/de\/wp-json\/wp\/v2\/pages\/187"}],"collection":[{"href":"https:\/\/mmabay.co.uk\/de\/wp-json\/wp\/v2\/pages"}],"about":[{"href":"https:\/\/mmabay.co.uk\/de\/wp-json\/wp\/v2\/types\/page"}],"author":[{"embeddable":true,"href":"https:\/\/mmabay.co.uk\/de\/wp-json\/wp\/v2\/users\/1"}],"replies":[{"embeddable":true,"href":"https:\/\/mmabay.co.uk\/de\/wp-json\/wp\/v2\/comments?post=187"}],"version-history":[{"count":1,"href":"https:\/\/mmabay.co.uk\/de\/wp-json\/wp\/v2\/pages\/187\/revisions"}],"predecessor-version":[{"id":261,"href":"https:\/\/mmabay.co.uk\/de\/wp-json\/wp\/v2\/pages\/187\/revisions\/261"}],"wp:attachment":[{"href":"https:\/\/mmabay.co.uk\/de\/wp-json\/wp\/v2\/media?parent=187"}],"curies":[{"name":"wp","href":"https:\/\/api.w.org\/{rel}","templated":true}]}}