{"id":199,"date":"2022-10-03T13:09:10","date_gmt":"2022-10-03T12:09:10","guid":{"rendered":"http:\/\/mmabay.co.uk\/xpickup\/"},"modified":"2022-10-17T13:33:15","modified_gmt":"2022-10-17T12:33:15","slug":"xpickup","status":"publish","type":"page","link":"https:\/\/mmabay.co.uk\/de\/xpickup\/","title":{"rendered":"XPickup"},"content":{"rendered":"<p>Es gibt ein paar verschiedene Arten von <a href=\"http:\/\/mmabay.co.uk\/onebbw\/\">Pickup-Sex-Sites<\/a>. Einige sind darauf ausgerichtet, Menschen dabei zu helfen, sich mit Fremden f\u00fcr One-Night-Stands zu treffen. Andere sind eher wie Dating-Apps, aber mit der zus\u00e4tzlichen Funktion, Ihnen zu helfen, jemanden zu finden, mit dem Sie Sex haben k\u00f6nnen.<\/p>\n<p>Wenn Sie nach einem One-Night-Stand suchen, dann k\u00f6nnte eine Website wie Pure oder Tinder eine gute Option <a href=\"https:\/\/www.dirtyflirts.com\/de\/kostenlose-sexting-websites\/\">sexting websites<\/a> sein. Auf diesen Seiten geht es darum, jemanden zu treffen und dann zur Sache zu kommen. Es besteht keine Notwendigkeit, mit Smalltalk herumzuspielen oder sich Gedanken dar\u00fcber zu machen, was als n\u00e4chstes zu tun ist.<\/p>\n<p>Wenn Sie nach etwas Ernsterem suchen, dann k\u00f6nnte eine Website wie OkCupid eine bessere Option sein. Auf diesen Seiten geht es immer noch darum, sich zu verbinden, aber sie erm\u00f6glichen es Ihnen auch, jemanden ein wenig besser kennenzulernen, bevor Sie sich treffen. Dies kann dazu beitragen, sicherzustellen, dass Sie beide auf der gleichen Seite sind, bevor Sie k\u00f6rperlich werden.<\/p>\n<h2>Art der Funktionen<\/h2>\n<p>Es gibt viele verschiedene Arten von Funktionen, die in Dating-Apps zu finden sind. Zu den beliebtesten geh\u00f6ren die M\u00f6glichkeit, nach anderen Benutzern nach Standort, Alter, Geschlecht und Interessen zu suchen. die M\u00f6glichkeit, anderen Benutzern Nachrichten zu senden; die M\u00f6glichkeit zu sehen, wer Ihr Profil angesehen hat; und die M\u00f6glichkeit zu sehen, wer online ist. Andere Funktionen, die immer h\u00e4ufiger werden, sind die M\u00f6glichkeit zu sehen, wer Ihr Profil mit &#8220;Gef\u00e4llt mir&#8221; markiert hat, die M\u00f6glichkeit, zu sehen, wer Sie favorisiert hat, und die M\u00f6glichkeit, zu sehen, wer Ihnen einen Flirt geschickt hat.<\/p>\n<h2>Ihre Wahl<\/h2>\n<p>Es gibt heutzutage viele Dating-Apps zur Auswahl und es kann schwierig sein <a href=\"https:\/\/www.fucklocals.org\/de\/jerk-off-sites-masturbieren-sie-mit-fremden\/\">jerk chat<\/a>, herauszufinden, welche f\u00fcr Sie die richtige ist. Aber wenn Sie nach etwas anderem suchen, k\u00f6nnte XPickup einen Besuch wert sein.<\/p>\n<p>Im Gegensatz zu einigen anderen Dating-Apps geht es bei XPickup darum, Benutzern die M\u00f6glichkeit zu geben, zu w\u00e4hlen, mit wem sie sprechen m\u00f6chten. Sie k\u00f6nnen durch Profile bl\u00e4ttern und diejenigen ausw\u00e4hlen, die Sie interessieren. Und wenn Sie sich bei jemandem nicht sicher sind, k\u00f6nnen Sie ihm immer einfach einen &#8220;Pick-up&#8221; schicken und sehen, ob er interessiert ist.<\/p>\n<p>XPickup ist auch ideal f\u00fcr Menschen, die sch\u00fcchtern oder introvertiert sind, da Sie sich Zeit nehmen und herausfinden k\u00f6nnen, mit wem Sie sprechen m\u00f6chten. Es gibt keinen Druck, jemandem sofort eine Nachricht zu senden, und Sie k\u00f6nnen einfach chatten, wenn Sie bereit sind.<\/p>\n<p>Wenn Sie also die gleichen alten Dating-Apps satt haben, probieren Sie XPickup aus. Es k\u00f6nnte nur der Muntermacher sein<\/p>\n<p>Es gibt viele Dating-Apps da drau\u00dfen, und jede hat einen anderen Preis. Einige sind kostenlos <a href=\"http:\/\/www.sexseiten-at.com\/sextreffen-ohne-registrierung\/\">sextreffen ohne anmeldung<\/a>, w\u00e4hrend andere eine monatliche oder j\u00e4hrliche Geb\u00fchr erheben. XPickup ist eine der g\u00fcnstigeren Dating-Apps und kostet nur 9,99 US-Dollar pro Monat. Dies macht es zu einer gro\u00dfartigen Option f\u00fcr diejenigen mit kleinem Budget. Dar\u00fcber hinaus bietet XPickup eine 7-t\u00e4gige Testversion an, sodass Sie es ausprobieren k\u00f6nnen, bevor Sie sich f\u00fcr ein kostenpflichtiges Abonnement entscheiden. Dies ist eine gro\u00dfartige M\u00f6glichkeit, um zu sehen, ob die App f\u00fcr Sie geeignet ist. Wenn Sie nach einer Dating-App suchen, die die Bank nicht sprengen wird, ist XPickup definitiv einen Besuch wert.<\/p>\n<h2>Ablauf der Mitgliedschaft<\/h2>\n<p>XPickup ist eine neue Dating-App, mit der Benutzer sich mit potenziellen \u00dcbereinstimmungen in ihrer N\u00e4he verbinden k\u00f6nnen. Die App kann kostenlos heruntergeladen und ein Profil erstellt werden. Um Mitglied zu werden, m\u00fcssen sich Benutzer f\u00fcr ein monatliches Abonnement anmelden. Das Abonnement gibt Benutzern Zugriff auf die exklusiven Funktionen von XPickup, z. B. die M\u00f6glichkeit zu sehen, wer ihr Profil angesehen hat, unbegrenzte Nachrichten zu senden und die Profile potenzieller \u00dcbereinstimmungen anzuzeigen. XPickup bietet auch eine VIP-Mitgliedschaft an, die Benutzern noch mehr Zugriff auf exklusive Funktionen bietet, z. B. die M\u00f6glichkeit, zu sehen, wer ihr Profil mit &#8220;Gef\u00e4llt mir&#8221; markiert hat, unbegrenzte Nachrichten zu senden und die Profile potenzieller \u00dcbereinstimmungen anzuzeigen.<\/p>\n<h2>\u00c4hnliche Programme wie XPickup<\/h2>\n<p>Es gibt viele Dating-Apps auf dem Markt, jede mit ihren eigenen einzigartigen Funktionen. Eine Sache, die viele dieser Apps jedoch gemeinsam haben, ist die M\u00f6glichkeit, Benutzern zu erm\u00f6glichen, andere Benutzer, die sich in der N\u00e4he befinden, &#8220;abzuholen&#8221;. Diese Funktion ist \u00e4u\u00dferst praktisch f\u00fcr Benutzer, die neue Leute in ihrer N\u00e4he kennenlernen m\u00f6chten.<\/p>\n<p>XPickup ist eine Dating-App, die dieses Konzept noch einen Schritt weiter bringt. Es erm\u00f6glicht Benutzern nicht nur, andere Benutzer abzuholen, die sich in der N\u00e4he befinden, sondern auch, eine Karte zu sehen, auf der sich diese Benutzer befinden. Dies macht es noch einfacher, jemanden zu finden, der in der N\u00e4he ist und an dem Sie interessiert sein k\u00f6nnten.<\/p>\n<p>Wenn Sie die gleichen alten Dating-Apps satt haben, dann ist XPickup definitiv einen Besuch wert. Es ist eine gro\u00dfartige M\u00f6glichkeit, neue Leute in Ihrer N\u00e4he kennenzulernen, und Sie wissen nie, ob Sie vielleicht genau Ihre perfekte \u00dcbereinstimmung finden.<\/p>\n<h2>Sicherheit<\/h2>\n<p>Es gibt viele Dating-Apps und es kann schwierig sein zu wissen, welche sicher zu verwenden sind. XPickup ist eine Dating-App, die sich auf Sicherheit konzentriert. Sie haben ein Team von Experten, die hart daran arbeiten, die App f\u00fcr die Benutzer sicher und gesch\u00fctzt zu halten. XPickup verf\u00fcgt auch \u00fcber eine Reihe von Funktionen, die dazu beitragen, die Sicherheit der Benutzer zu gew\u00e4hrleisten, z. B. ein Fotoverifizierungssystem. Dies bedeutet, dass Sie sicher sein k\u00f6nnen, dass die Person, mit der Sie sprechen, die ist, f\u00fcr die sie sich ausgibt. XPickup ist eine gro\u00dfartige Option f\u00fcr diejenigen, die nach einer sicheren Dating-App suchen.<\/p>\n<h2>Lohnt sich XPickup?<\/h2>\n<p>Es gibt viele verschiedene Dating-Apps und es kann schwierig sein zu entscheiden, welche f\u00fcr Sie die richtige ist. Wenn Sie nach etwas Ernsterem als einem Anschluss suchen, k\u00f6nnte XPickup die Kosten wert sein. Die App soll Ihnen helfen, langfristige Beziehungen zu finden, daher ist sie eine gute Option, wenn Sie sich niederlassen m\u00f6chten. Es ist jedoch wichtig, sich daran zu erinnern, dass keine Dating-App perfekt ist, und Sie m\u00fcssen sich immer noch bem\u00fchen, eine kompatible \u00dcbereinstimmung zu finden.<\/p>\n","protected":false},"excerpt":{"rendered":"<div class=\"mh-excerpt\"><p>Es gibt ein paar verschiedene Arten von Pickup-Sex-Sites. Einige sind darauf ausgerichtet, Menschen dabei zu helfen, sich mit Fremden f\u00fcr One-Night-Stands zu treffen. Andere sind <a class=\"mh-excerpt-more\" href=\"https:\/\/mmabay.co.uk\/de\/xpickup\/\" title=\"XPickup\">[&#8230;]<\/a><\/p>\n<\/div>","protected":false},"author":1,"featured_media":0,"parent":0,"menu_order":0,"comment_status":"closed","ping_status":"closed","template":"","meta":[],"yoast_head":"<!-- This site is optimized with the Yoast SEO plugin v17.7.1 - https:\/\/yoast.com\/wordpress\/plugins\/seo\/ -->\n<title>XPickup - Bay Reviews<\/title>\n<meta name=\"robots\" content=\"index, follow, max-snippet:-1, max-image-preview:large, max-video-preview:-1\" \/>\n<link rel=\"canonical\" href=\"https:\/\/mmabay.co.uk\/de\/xpickup\/\" \/>\n<meta property=\"og:locale\" content=\"de_DE\" \/>\n<meta property=\"og:type\" content=\"article\" \/>\n<meta property=\"og:title\" content=\"XPickup - Bay Reviews\" \/>\n<meta property=\"og:description\" content=\"Es gibt ein paar verschiedene Arten von Pickup-Sex-Sites. Einige sind darauf ausgerichtet, Menschen dabei zu helfen, sich mit Fremden f\u00fcr One-Night-Stands zu treffen. Andere sind [...]\" \/>\n<meta property=\"og:url\" content=\"https:\/\/mmabay.co.uk\/de\/xpickup\/\" \/>\n<meta property=\"og:site_name\" content=\"Bay Reviews\" \/>\n<meta property=\"article:modified_time\" content=\"2022-10-17T12:33:15+00:00\" \/>\n<meta name=\"twitter:card\" content=\"summary_large_image\" \/>\n<meta name=\"twitter:label1\" content=\"Gesch\u00e4tzte Lesezeit\" \/>\n\t<meta name=\"twitter:data1\" content=\"5 minutes\" \/>\n<script type=\"application\/ld+json\" class=\"yoast-schema-graph\">{\"@context\":\"https:\/\/schema.org\",\"@graph\":[{\"@type\":\"WebSite\",\"@id\":\"https:\/\/mmabay.co.uk\/de\/#website\",\"url\":\"https:\/\/mmabay.co.uk\/de\/\",\"name\":\"Bay Reviews\",\"description\":\"Casual Hookup Finder\",\"potentialAction\":[{\"@type\":\"SearchAction\",\"target\":{\"@type\":\"EntryPoint\",\"urlTemplate\":\"https:\/\/mmabay.co.uk\/de\/?s={search_term_string}\"},\"query-input\":\"required name=search_term_string\"}],\"inLanguage\":\"de-DE\"},{\"@type\":\"WebPage\",\"@id\":\"https:\/\/mmabay.co.uk\/de\/xpickup\/#webpage\",\"url\":\"https:\/\/mmabay.co.uk\/de\/xpickup\/\",\"name\":\"XPickup - Bay Reviews\",\"isPartOf\":{\"@id\":\"https:\/\/mmabay.co.uk\/de\/#website\"},\"datePublished\":\"2022-10-03T12:09:10+00:00\",\"dateModified\":\"2022-10-17T12:33:15+00:00\",\"breadcrumb\":{\"@id\":\"https:\/\/mmabay.co.uk\/de\/xpickup\/#breadcrumb\"},\"inLanguage\":\"de-DE\",\"potentialAction\":[{\"@type\":\"ReadAction\",\"target\":[\"https:\/\/mmabay.co.uk\/de\/xpickup\/\"]}]},{\"@type\":\"BreadcrumbList\",\"@id\":\"https:\/\/mmabay.co.uk\/de\/xpickup\/#breadcrumb\",\"itemListElement\":[{\"@type\":\"ListItem\",\"position\":1,\"name\":\"Home\",\"item\":\"https:\/\/mmabay.co.uk\/de\/\"},{\"@type\":\"ListItem\",\"position\":2,\"name\":\"XPickup\"}]}]}<\/script>\n<!-- \/ Yoast SEO plugin. -->","yoast_head_json":{"title":"XPickup - Bay Reviews","robots":{"index":"index","follow":"follow","max-snippet":"max-snippet:-1","max-image-preview":"max-image-preview:large","max-video-preview":"max-video-preview:-1"},"canonical":"https:\/\/mmabay.co.uk\/de\/xpickup\/","og_locale":"de_DE","og_type":"article","og_title":"XPickup - Bay Reviews","og_description":"Es gibt ein paar verschiedene Arten von Pickup-Sex-Sites. Einige sind darauf ausgerichtet, Menschen dabei zu helfen, sich mit Fremden f\u00fcr One-Night-Stands zu treffen. Andere sind [...]","og_url":"https:\/\/mmabay.co.uk\/de\/xpickup\/","og_site_name":"Bay Reviews","article_modified_time":"2022-10-17T12:33:15+00:00","twitter_card":"summary_large_image","twitter_misc":{"Gesch\u00e4tzte Lesezeit":"5 minutes"},"schema":{"@context":"https:\/\/schema.org","@graph":[{"@type":"WebSite","@id":"https:\/\/mmabay.co.uk\/de\/#website","url":"https:\/\/mmabay.co.uk\/de\/","name":"Bay Reviews","description":"Casual Hookup Finder","potentialAction":[{"@type":"SearchAction","target":{"@type":"EntryPoint","urlTemplate":"https:\/\/mmabay.co.uk\/de\/?s={search_term_string}"},"query-input":"required name=search_term_string"}],"inLanguage":"de-DE"},{"@type":"WebPage","@id":"https:\/\/mmabay.co.uk\/de\/xpickup\/#webpage","url":"https:\/\/mmabay.co.uk\/de\/xpickup\/","name":"XPickup - Bay Reviews","isPartOf":{"@id":"https:\/\/mmabay.co.uk\/de\/#website"},"datePublished":"2022-10-03T12:09:10+00:00","dateModified":"2022-10-17T12:33:15+00:00","breadcrumb":{"@id":"https:\/\/mmabay.co.uk\/de\/xpickup\/#breadcrumb"},"inLanguage":"de-DE","potentialAction":[{"@type":"ReadAction","target":["https:\/\/mmabay.co.uk\/de\/xpickup\/"]}]},{"@type":"BreadcrumbList","@id":"https:\/\/mmabay.co.uk\/de\/xpickup\/#breadcrumb","itemListElement":[{"@type":"ListItem","position":1,"name":"Home","item":"https:\/\/mmabay.co.uk\/de\/"},{"@type":"ListItem","position":2,"name":"XPickup"}]}]}},"_links":{"self":[{"href":"https:\/\/mmabay.co.uk\/de\/wp-json\/wp\/v2\/pages\/199"}],"collection":[{"href":"https:\/\/mmabay.co.uk\/de\/wp-json\/wp\/v2\/pages"}],"about":[{"href":"https:\/\/mmabay.co.uk\/de\/wp-json\/wp\/v2\/types\/page"}],"author":[{"embeddable":true,"href":"https:\/\/mmabay.co.uk\/de\/wp-json\/wp\/v2\/users\/1"}],"replies":[{"embeddable":true,"href":"https:\/\/mmabay.co.uk\/de\/wp-json\/wp\/v2\/comments?post=199"}],"version-history":[{"count":1,"href":"https:\/\/mmabay.co.uk\/de\/wp-json\/wp\/v2\/pages\/199\/revisions"}],"predecessor-version":[{"id":260,"href":"https:\/\/mmabay.co.uk\/de\/wp-json\/wp\/v2\/pages\/199\/revisions\/260"}],"wp:attachment":[{"href":"https:\/\/mmabay.co.uk\/de\/wp-json\/wp\/v2\/media?parent=199"}],"curies":[{"name":"wp","href":"https:\/\/api.w.org\/{rel}","templated":true}]}}