{"id":203,"date":"2022-10-03T13:08:39","date_gmt":"2022-10-03T12:08:39","guid":{"rendered":"http:\/\/mmabay.co.uk\/onebbw\/"},"modified":"2022-10-03T13:08:39","modified_gmt":"2022-10-03T12:08:39","slug":"onebbw","status":"publish","type":"page","link":"https:\/\/mmabay.co.uk\/de\/onebbw\/","title":{"rendered":"OneBBW"},"content":{"rendered":"<p>OneBBW ist ein Sex-Ratgeber, der Plus-Size-Frauen hilft, <a href=\"http:\/\/mmabay.co.uk\/kasual\/\">Sexualpartner zu finden<\/a>. Die App bietet eine sichere Umgebung f\u00fcr Benutzer, um sich zu verbinden und zu chatten. OneBBW bietet auch eine Dating-Funktion, mit der Benutzer \u00dcbereinstimmungen basierend auf ihrem Standort und ihren Interessen finden k\u00f6nnen. Die App kann kostenlos heruntergeladen und verwendet werden und ist f\u00fcr iOS- und Android-Ger\u00e4te verf\u00fcgbar.<\/p>\n<h2>Art der Funktionen<\/h2>\n<p>OneBBW ist eine Dating-App, die speziell f\u00fcr Plus-Size-Personen und ihre Bewunderer entwickelt wurde. OneBBW bietet eine Vielzahl von Funktionen, die auf die einzigartigen Bed\u00fcrfnisse und W\u00fcnsche seiner Benutzer zugeschnitten sind. Einige dieser Funktionen umfassen einen &#8220;fettpositiven&#8221; Bereich, in dem sich Benutzer miteinander verbinden k\u00f6nnen, sowie eine Vielzahl von k\u00f6rpertyp- und gr\u00f6\u00dfenspezifischen Filtern, die den Benutzern helfen, ihre perfekte \u00dcbereinstimmung zu finden. OneBBW bietet auch eine &#8220;Matching&#8221; -Funktion, mit der Benutzer basierend auf ihren Antworten auf eine Reihe von Fragen mit potenziellen Partnern abgeglichen werden k\u00f6nnen. Diese Funktion hilft sicherzustellen, dass Benutzer mit Personen \u00fcbereinstimmen, die in Bezug auf Interessen, Werte und Lebensstil mit ihnen kompatibel sind.<\/p>\n<h2>Mitgliedschaftsoptionen<\/h2>\n<p>OneBBW bietet mehrere Mitgliedschaftsoptionen, um Ihren Bed\u00fcrfnissen gerecht zu werden. Sie k\u00f6nnen sich f\u00fcr eine kostenlose Mitgliedschaft anmelden, mit der Sie eingeschr\u00e4nkten Zugriff auf die Website erhalten, oder Sie k\u00f6nnen ein Upgrade auf eine kostenpflichtige Mitgliedschaft f\u00fcr den vollen Zugriff durchf\u00fchren. Bezahlte Mitgliedschaften beginnen bei $ 9.99 pro Monat, und Sie k\u00f6nnen w\u00e4hlen, f\u00fcr 1, 3, 6 oder 12 Monate im Voraus zu bezahlen. Mit einer kostenpflichtigen Mitgliedschaft haben Sie Zugriff auf alle Funktionen der Website, einschlie\u00dflich Messaging, Suche und erweiterter Abgleich. Sie k\u00f6nnen sich auch f\u00fcr ein Upgrade auf eine VIP-Mitgliedschaft entscheiden, die Ihnen noch mehr Funktionen bietet, z. B. vorrangigen Kundensupport und ein privates Messaging-System.<\/p>\n<p>OneBBW ist eine beliebte Dating-App f\u00fcr kurvige Frauen und die M\u00e4nner, die sie lieben. Die App verf\u00fcgt \u00fcber ein einfaches, unkompliziertes Abrechnungssystem, mit dem Sie Ihre Ausgaben leicht verfolgen k\u00f6nnen. Sie k\u00f6nnen Ihre Mitgliedschaft per PayPal oder Kreditkarte bezahlen und Ihre Mitgliedschaft jederzeit k\u00fcndigen. OneBBW bietet auch eine Vielzahl von Mitgliedschaftsoptionen, so dass Sie den Plan ausw\u00e4hlen k\u00f6nnen, der Ihren Bed\u00fcrfnissen am besten entspricht.<\/p>\n<h2>Profil und Anmeldung<\/h2>\n<p>Wenn Sie nach einer App suchen, die speziell auf Plus-Size-Singles zugeschnitten ist, sollten Sie sich OneBBW ansehen. Der Anmeldevorgang ist schnell und einfach und Sie k\u00f6nnen sofort mit dem Durchsuchen von Profilen beginnen. OneBBW hat auch eine gro\u00dfartige Suchfunktion, so dass Sie potenzielle \u00dcbereinstimmungen basierend auf Ihren Pr\u00e4ferenzen leicht finden k\u00f6nnen. Au\u00dferdem kann die App kostenlos heruntergeladen und verwendet werden, sodass Sie sie ausprobieren k\u00f6nnen, ohne Geld auszugeben.<\/p>\n<h2>Websites wie OneBBW<\/h2>\n<p>OneBBW ist eine Dating-App, die speziell f\u00fcr Plus-Size-Singles entwickelt wurde. Die App kann kostenlos heruntergeladen und ein Profil erstellt werden. Es ist sowohl f\u00fcr iOS- als auch f\u00fcr Android-Ger\u00e4te verf\u00fcgbar. OneBBW hat eine saubere und einfache Benutzeroberfl\u00e4che, die einfach zu bedienen ist. Die App hat auch eine gro\u00dfe Nutzerbasis, was bedeutet, dass es viele potenzielle \u00dcbereinstimmungen zur Auswahl gibt. OneBBW ist eine gro\u00dfartige Option f\u00fcr Plus-Size-Singles, die nach einer ernsthaften Beziehung suchen.<\/p>\n<h2>Sicherheit<\/h2>\n<p>Bei der Suche nach einer Dating-App ist es wichtig, die Sicherheit der App zu ber\u00fccksichtigen. OneBBW ist eine sichere Dating-App, die Ma\u00dfnahmen zum Schutz ihrer Nutzer ergreift. Die App erfordert, dass Benutzer ein Konto erstellen und sich anmelden, um die App verwenden zu k\u00f6nnen. OneBBW verlangt auch, dass Benutzer ihre Identit\u00e4t mit einem von der Regierung ausgestellten Ausweis \u00fcberpr\u00fcfen. OneBBW hat auch eine strenge Anti-Spam-Richtlinie, um Benutzer vor unerw\u00fcnschten Nachrichten zu sch\u00fctzen. OneBBW ist eine sichere Dating-App, die Ma\u00dfnahmen zum Schutz ihrer Nutzer ergreift.<\/p>\n<h2>Lohnt sich OneBBW?<\/h2>\n<p>Es gibt viele Dating-Apps da drau\u00dfen und es kann schwierig sein zu entscheiden, mit welcher Sie gehen sollen. OneBBW ist eine Dating-App speziell f\u00fcr Plus-Size-Frauen und die M\u00e4nner, die sie lieben. Es ist eine der teureren Dating-Apps, aber es ist auch eine der beliebtesten, also ist es eine \u00dcberlegung wert.<\/p>\n<p>OneBBW hat viele Funktionen, die andere Dating-Apps nicht haben, wie einen &#8220;fettpositiven&#8221; Raum, in dem sich Plus-Size-Frauen wohl und selbstbewusst f\u00fchlen k\u00f6nnen. Die App hat auch ein gro\u00dfartiges Matching-System, so dass Sie wahrscheinlich einige gute \u00dcbereinstimmungen finden werden, wenn Sie sie verwenden.<\/p>\n<p>Wenn Sie Plus-Size sind und nach einer gro\u00dfartigen Dating-App suchen, ist OneBBW definitiv eine \u00dcberlegung wert.<\/p>\n","protected":false},"excerpt":{"rendered":"<div class=\"mh-excerpt\"><p>OneBBW ist ein Sex-Ratgeber, der Plus-Size-Frauen hilft, Sexualpartner zu finden. Die App bietet eine sichere Umgebung f\u00fcr Benutzer, um sich zu verbinden und zu chatten. <a class=\"mh-excerpt-more\" href=\"https:\/\/mmabay.co.uk\/de\/onebbw\/\" title=\"OneBBW\">[&#8230;]<\/a><\/p>\n<\/div>","protected":false},"author":1,"featured_media":0,"parent":0,"menu_order":0,"comment_status":"closed","ping_status":"closed","template":"","meta":[],"yoast_head":"<!-- This site is optimized with the Yoast SEO plugin v17.7.1 - https:\/\/yoast.com\/wordpress\/plugins\/seo\/ -->\n<title>OneBBW - Bay Reviews<\/title>\n<meta name=\"robots\" content=\"index, follow, max-snippet:-1, max-image-preview:large, max-video-preview:-1\" \/>\n<link rel=\"canonical\" href=\"https:\/\/mmabay.co.uk\/de\/onebbw\/\" \/>\n<meta property=\"og:locale\" content=\"de_DE\" \/>\n<meta property=\"og:type\" content=\"article\" \/>\n<meta property=\"og:title\" content=\"OneBBW - Bay Reviews\" \/>\n<meta property=\"og:description\" content=\"OneBBW ist ein Sex-Ratgeber, der Plus-Size-Frauen hilft, Sexualpartner zu finden. Die App bietet eine sichere Umgebung f\u00fcr Benutzer, um sich zu verbinden und zu chatten. [...]\" \/>\n<meta property=\"og:url\" content=\"https:\/\/mmabay.co.uk\/de\/onebbw\/\" \/>\n<meta property=\"og:site_name\" content=\"Bay Reviews\" \/>\n<meta name=\"twitter:card\" content=\"summary_large_image\" \/>\n<meta name=\"twitter:label1\" content=\"Gesch\u00e4tzte Lesezeit\" \/>\n\t<meta name=\"twitter:data1\" content=\"4 minutes\" \/>\n<script type=\"application\/ld+json\" class=\"yoast-schema-graph\">{\"@context\":\"https:\/\/schema.org\",\"@graph\":[{\"@type\":\"WebSite\",\"@id\":\"https:\/\/mmabay.co.uk\/de\/#website\",\"url\":\"https:\/\/mmabay.co.uk\/de\/\",\"name\":\"Bay Reviews\",\"description\":\"Casual Hookup Finder\",\"potentialAction\":[{\"@type\":\"SearchAction\",\"target\":{\"@type\":\"EntryPoint\",\"urlTemplate\":\"https:\/\/mmabay.co.uk\/de\/?s={search_term_string}\"},\"query-input\":\"required name=search_term_string\"}],\"inLanguage\":\"de-DE\"},{\"@type\":\"WebPage\",\"@id\":\"https:\/\/mmabay.co.uk\/de\/onebbw\/#webpage\",\"url\":\"https:\/\/mmabay.co.uk\/de\/onebbw\/\",\"name\":\"OneBBW - Bay Reviews\",\"isPartOf\":{\"@id\":\"https:\/\/mmabay.co.uk\/de\/#website\"},\"datePublished\":\"2022-10-03T12:08:39+00:00\",\"dateModified\":\"2022-10-03T12:08:39+00:00\",\"breadcrumb\":{\"@id\":\"https:\/\/mmabay.co.uk\/de\/onebbw\/#breadcrumb\"},\"inLanguage\":\"de-DE\",\"potentialAction\":[{\"@type\":\"ReadAction\",\"target\":[\"https:\/\/mmabay.co.uk\/de\/onebbw\/\"]}]},{\"@type\":\"BreadcrumbList\",\"@id\":\"https:\/\/mmabay.co.uk\/de\/onebbw\/#breadcrumb\",\"itemListElement\":[{\"@type\":\"ListItem\",\"position\":1,\"name\":\"Home\",\"item\":\"https:\/\/mmabay.co.uk\/de\/\"},{\"@type\":\"ListItem\",\"position\":2,\"name\":\"OneBBW\"}]}]}<\/script>\n<!-- \/ Yoast SEO plugin. -->","yoast_head_json":{"title":"OneBBW - Bay Reviews","robots":{"index":"index","follow":"follow","max-snippet":"max-snippet:-1","max-image-preview":"max-image-preview:large","max-video-preview":"max-video-preview:-1"},"canonical":"https:\/\/mmabay.co.uk\/de\/onebbw\/","og_locale":"de_DE","og_type":"article","og_title":"OneBBW - Bay Reviews","og_description":"OneBBW ist ein Sex-Ratgeber, der Plus-Size-Frauen hilft, Sexualpartner zu finden. Die App bietet eine sichere Umgebung f\u00fcr Benutzer, um sich zu verbinden und zu chatten. [...]","og_url":"https:\/\/mmabay.co.uk\/de\/onebbw\/","og_site_name":"Bay Reviews","twitter_card":"summary_large_image","twitter_misc":{"Gesch\u00e4tzte Lesezeit":"4 minutes"},"schema":{"@context":"https:\/\/schema.org","@graph":[{"@type":"WebSite","@id":"https:\/\/mmabay.co.uk\/de\/#website","url":"https:\/\/mmabay.co.uk\/de\/","name":"Bay Reviews","description":"Casual Hookup Finder","potentialAction":[{"@type":"SearchAction","target":{"@type":"EntryPoint","urlTemplate":"https:\/\/mmabay.co.uk\/de\/?s={search_term_string}"},"query-input":"required name=search_term_string"}],"inLanguage":"de-DE"},{"@type":"WebPage","@id":"https:\/\/mmabay.co.uk\/de\/onebbw\/#webpage","url":"https:\/\/mmabay.co.uk\/de\/onebbw\/","name":"OneBBW - Bay Reviews","isPartOf":{"@id":"https:\/\/mmabay.co.uk\/de\/#website"},"datePublished":"2022-10-03T12:08:39+00:00","dateModified":"2022-10-03T12:08:39+00:00","breadcrumb":{"@id":"https:\/\/mmabay.co.uk\/de\/onebbw\/#breadcrumb"},"inLanguage":"de-DE","potentialAction":[{"@type":"ReadAction","target":["https:\/\/mmabay.co.uk\/de\/onebbw\/"]}]},{"@type":"BreadcrumbList","@id":"https:\/\/mmabay.co.uk\/de\/onebbw\/#breadcrumb","itemListElement":[{"@type":"ListItem","position":1,"name":"Home","item":"https:\/\/mmabay.co.uk\/de\/"},{"@type":"ListItem","position":2,"name":"OneBBW"}]}]}},"_links":{"self":[{"href":"https:\/\/mmabay.co.uk\/de\/wp-json\/wp\/v2\/pages\/203"}],"collection":[{"href":"https:\/\/mmabay.co.uk\/de\/wp-json\/wp\/v2\/pages"}],"about":[{"href":"https:\/\/mmabay.co.uk\/de\/wp-json\/wp\/v2\/types\/page"}],"author":[{"embeddable":true,"href":"https:\/\/mmabay.co.uk\/de\/wp-json\/wp\/v2\/users\/1"}],"replies":[{"embeddable":true,"href":"https:\/\/mmabay.co.uk\/de\/wp-json\/wp\/v2\/comments?post=203"}],"version-history":[{"count":0,"href":"https:\/\/mmabay.co.uk\/de\/wp-json\/wp\/v2\/pages\/203\/revisions"}],"wp:attachment":[{"href":"https:\/\/mmabay.co.uk\/de\/wp-json\/wp\/v2\/media?parent=203"}],"curies":[{"name":"wp","href":"https:\/\/api.w.org\/{rel}","templated":true}]}}