{"id":226,"date":"2022-10-03T13:08:00","date_gmt":"2022-10-03T12:08:00","guid":{"rendered":"http:\/\/mmabay.co.uk\/instasex\/"},"modified":"2022-10-17T13:34:31","modified_gmt":"2022-10-17T12:34:31","slug":"instasex","status":"publish","type":"page","link":"https:\/\/mmabay.co.uk\/de\/instasex\/","title":{"rendered":"Instasex"},"content":{"rendered":"<p>Wenn Sie nach einer neuen M\u00f6glichkeit suchen, Ihr Dating-Leben aufzupeppen, suchen Sie nicht weiter als Instasex. Diese neue App wurde speziell entwickelt, um Ihnen zu helfen, neue Sexualpartner zu finden, egal ob Sie Single oder in einer Beziehung sind. Instasex macht es einfach und unterhaltsam, neue Partner zu finden, und Sie k\u00f6nnen sogar nach bestimmten Arten von Partnern suchen, die auf Ihren sexuellen Vorlieben basieren. Wenn Sie also nach einem neuen Weg suchen, um sich zu entspannen, oder einfach nur etwas W\u00fcrze in Ihr Sexualleben bringen m\u00f6chten, sollten Sie unbedingt Instasex besuchen.<\/p>\n<h2>Matching-System<\/h2>\n<p>Das Instasex Matching System ist eine revolution\u00e4re neue <a href=\"http:\/\/mmabay.co.uk\/findmyflings\/\">Dating-App<\/a> , die einen einzigartigen Algorithmus verwendet, um Benutzer mit potenziellen Sexualpartnern zusammenzubringen. Die App soll Benutzern helfen, ihre perfekte \u00dcbereinstimmung zu finden, und der Algorithmus ber\u00fccksichtigt eine Vielzahl von Faktoren, einschlie\u00dflich sexueller Vorlieben, Standort und Interessen. Die App ist derzeit f\u00fcr iOS und Android verf\u00fcgbar, und Benutzer k\u00f6nnen sich kostenlos anmelden.<\/p>\n<h2>Optionen<\/h2>\n<p>Instasex ist eine Option, mit der Benutzer Sexualpartner schnell und einfach <a href=\"https:\/\/www.girls-looking-for-sex.com\/de\/frauen-zum-ficken-in-meiner-naehe\/\">ficken in meiner n\u00e4he<\/a> finden k\u00f6nnen. Es ist eine der beliebtesten Optionen auf Dating-Apps und Websites. Instasex macht es einfach, jemanden zu finden, der an der gleichen Sache interessiert ist wie Sie. Alles, was Sie tun m\u00fcssen, ist, auf ihrem Profil nach rechts zu wischen und Sie k\u00f6nnen mit dem Chatten beginnen.<\/p>\n<p>Instasex ist eine gro\u00dfartige Option f\u00fcr Leute, die nach einem schnellen Anschluss suchen. Es ist auch eine gute Option f\u00fcr Leute, die neu in der Dating-Szene sind und nicht sicher sind, wonach sie suchen. Instasex ist eine sichere und einfache M\u00f6glichkeit, Sexualpartner zu finden.<\/p>\n<p>Die App erm\u00f6glicht es Benutzern, ein Datum auszuw\u00e4hlen und dann \u00fcber die App daf\u00fcr zu bezahlen. Auf diese Weise k\u00f6nnen Benutzer den Aufwand vermeiden, Bargeld zu tragen oder eine Kreditkarte zu verwenden. Die App ist derzeit in den USA und Gro\u00dfbritannien verf\u00fcgbar.<\/p>\n<h2>Mitgliedschaft anmelden<\/h2>\n<p>Instasex ist eine neue Dating-App, die bei den Nutzern schnell beliebt wird. Die App erm\u00f6glicht es Benutzern, potenzielle Sexualpartner in ihrer N\u00e4he zu finden und dann zu chatten, Fotos auszutauschen und ein Treffen zu vereinbaren. Die App kann kostenlos heruntergeladen und verwendet werden, aber es gibt auch eine kostenpflichtige Mitgliedschaftsoption, mit der <a href=\"https:\/\/www.fuck-buddies.net\/de\/voellig-kostenlose-sexseiten\/\">kostenlose sexseiten<\/a> Benutzer auf zus\u00e4tzliche Funktionen zugreifen k\u00f6nnen.<\/p>\n<p>Die kostenpflichtige Mitgliedschaft gibt Benutzern die M\u00f6glichkeit zu sehen, wer ihr Profil angesehen hat, unbegrenzt Nachrichten zu senden und zu sehen, wer online ist, wenn sie es sind. Es erm\u00f6glicht Benutzern auch, unbegrenzte Profile anzuzeigen und zu sehen, wer in ihrer Region neu ist. Die kostenpflichtige Mitgliedschaft kostet $ 9.99 pro Monat, aber es gibt auch eine 7-t\u00e4gige kostenlose Testversion.<\/p>\n<p>Instasex ist eine gro\u00dfartige Option f\u00fcr diejenigen, die nach einer neuen M\u00f6glichkeit suchen, potenzielle Sexualpartner zu treffen. Die App ist einfach zu bedienen und verf\u00fcgt \u00fcber viele Funktionen, die f\u00fcr die Benutzer von Vorteil sind. Die kostenpflichtige Mitgliedschaft ist definitiv den Preis f\u00fcr diejenigen wert, die das Beste aus der App herausholen m\u00f6chten.<\/p>\n<h2>Websites wie Instasex<\/h2>\n<p>Es gibt viele Websites wie Instasex, die sich darauf konzentrieren, Menschen dabei zu helfen, sich mit anderen f\u00fcr sexuelle Begegnungen zu verbinden. Diese Websites k\u00f6nnen sehr hilfreich f\u00fcr diejenigen sein, die ihr Sexualleben aufpeppen m\u00f6chten oder f\u00fcr diejenigen, die einfach nach einem neuen Partner suchen. Viele dieser Websites bieten eine Vielzahl verschiedener Funktionen, z. B. Chatrooms, Instant Messaging und sogar Video-Chat, die das Finden der richtigen Person f\u00fcr Sie erheblich erleichtern k\u00f6nnen.<\/p>\n<p>Instasex ist eine der sichersten Dating-Apps auf dem Markt. Es verwendet einen strengen Verifizierungsprozess, um sicherzustellen, dass alle Benutzer echt sind, und es besch\u00e4ftigt ein Team von Moderatoren, die die App 24 \/ 7 im Auge behalten, um sicherzustellen, dass keine unangemessenen Inhalte ver\u00f6ffentlicht werden. Dar\u00fcber hinaus bietet <a href=\"https:\/\/www.sexting-sites.com\/de\/kostenlose-pornospiele-keine-anmeldung\/\">pornospiele ohne anmeldung<\/a> die App eine Reihe von Funktionen, um die Sicherheit der Benutzer zu gew\u00e4hrleisten, z. B. die M\u00f6glichkeit, andere Benutzer zu melden und zu blockieren, und eine integrierte Chat-Funktion, mit der sich Benutzer vor einem pers\u00f6nlichen Treffen kennenlernen k\u00f6nnen. Insgesamt ist Instasex eine sichere und zuverl\u00e4ssige Option f\u00fcr diejenigen, die nach einer sicheren und bequemen M\u00f6glichkeit suchen, neue Leute kennenzulernen.<\/p>\n<h2>Ist Instasex es wert?<\/h2>\n<p>Es gibt keine einfache Antwort, wenn es darum geht, ob die Dating-App Instasex die Kosten wert ist oder nicht. Auf der einen Seite bietet die App eine einzigartige Erfahrung, die es den Benutzern erm\u00f6glicht, sich auf eine intimere Weise miteinander zu verbinden. Auf der anderen Seite ist die App ziemlich teuer, und es ist nicht klar, ob sie genug Wert bietet, um die Kosten zu rechtfertigen. Letztendlich h\u00e4ngt die Entscheidung, ob Instasex verwendet wird oder nicht, von den Bed\u00fcrfnissen und dem Budget jedes Einzelnen ab.<\/p>\n","protected":false},"excerpt":{"rendered":"<div class=\"mh-excerpt\"><p>Wenn Sie nach einer neuen M\u00f6glichkeit suchen, Ihr Dating-Leben aufzupeppen, suchen Sie nicht weiter als Instasex. Diese neue App wurde speziell entwickelt, um Ihnen zu <a class=\"mh-excerpt-more\" href=\"https:\/\/mmabay.co.uk\/de\/instasex\/\" title=\"Instasex\">[&#8230;]<\/a><\/p>\n<\/div>","protected":false},"author":1,"featured_media":0,"parent":0,"menu_order":0,"comment_status":"closed","ping_status":"closed","template":"","meta":[],"yoast_head":"<!-- This site is optimized with the Yoast SEO plugin v17.7.1 - https:\/\/yoast.com\/wordpress\/plugins\/seo\/ -->\n<title>Instasex - Bay Reviews<\/title>\n<meta name=\"robots\" content=\"index, follow, max-snippet:-1, max-image-preview:large, max-video-preview:-1\" \/>\n<link rel=\"canonical\" href=\"https:\/\/mmabay.co.uk\/de\/instasex\/\" \/>\n<meta property=\"og:locale\" content=\"de_DE\" \/>\n<meta property=\"og:type\" content=\"article\" \/>\n<meta property=\"og:title\" content=\"Instasex - Bay Reviews\" \/>\n<meta property=\"og:description\" content=\"Wenn Sie nach einer neuen M\u00f6glichkeit suchen, Ihr Dating-Leben aufzupeppen, suchen Sie nicht weiter als Instasex. Diese neue App wurde speziell entwickelt, um Ihnen zu [...]\" \/>\n<meta property=\"og:url\" content=\"https:\/\/mmabay.co.uk\/de\/instasex\/\" \/>\n<meta property=\"og:site_name\" content=\"Bay Reviews\" \/>\n<meta property=\"article:modified_time\" content=\"2022-10-17T12:34:31+00:00\" \/>\n<meta name=\"twitter:card\" content=\"summary_large_image\" \/>\n<meta name=\"twitter:label1\" content=\"Gesch\u00e4tzte Lesezeit\" \/>\n\t<meta name=\"twitter:data1\" content=\"4 minutes\" \/>\n<script type=\"application\/ld+json\" class=\"yoast-schema-graph\">{\"@context\":\"https:\/\/schema.org\",\"@graph\":[{\"@type\":\"WebSite\",\"@id\":\"https:\/\/mmabay.co.uk\/de\/#website\",\"url\":\"https:\/\/mmabay.co.uk\/de\/\",\"name\":\"Bay Reviews\",\"description\":\"Casual Hookup Finder\",\"potentialAction\":[{\"@type\":\"SearchAction\",\"target\":{\"@type\":\"EntryPoint\",\"urlTemplate\":\"https:\/\/mmabay.co.uk\/de\/?s={search_term_string}\"},\"query-input\":\"required name=search_term_string\"}],\"inLanguage\":\"de-DE\"},{\"@type\":\"WebPage\",\"@id\":\"https:\/\/mmabay.co.uk\/de\/instasex\/#webpage\",\"url\":\"https:\/\/mmabay.co.uk\/de\/instasex\/\",\"name\":\"Instasex - Bay Reviews\",\"isPartOf\":{\"@id\":\"https:\/\/mmabay.co.uk\/de\/#website\"},\"datePublished\":\"2022-10-03T12:08:00+00:00\",\"dateModified\":\"2022-10-17T12:34:31+00:00\",\"breadcrumb\":{\"@id\":\"https:\/\/mmabay.co.uk\/de\/instasex\/#breadcrumb\"},\"inLanguage\":\"de-DE\",\"potentialAction\":[{\"@type\":\"ReadAction\",\"target\":[\"https:\/\/mmabay.co.uk\/de\/instasex\/\"]}]},{\"@type\":\"BreadcrumbList\",\"@id\":\"https:\/\/mmabay.co.uk\/de\/instasex\/#breadcrumb\",\"itemListElement\":[{\"@type\":\"ListItem\",\"position\":1,\"name\":\"Home\",\"item\":\"https:\/\/mmabay.co.uk\/de\/\"},{\"@type\":\"ListItem\",\"position\":2,\"name\":\"Instasex\"}]}]}<\/script>\n<!-- \/ Yoast SEO plugin. -->","yoast_head_json":{"title":"Instasex - Bay Reviews","robots":{"index":"index","follow":"follow","max-snippet":"max-snippet:-1","max-image-preview":"max-image-preview:large","max-video-preview":"max-video-preview:-1"},"canonical":"https:\/\/mmabay.co.uk\/de\/instasex\/","og_locale":"de_DE","og_type":"article","og_title":"Instasex - Bay Reviews","og_description":"Wenn Sie nach einer neuen M\u00f6glichkeit suchen, Ihr Dating-Leben aufzupeppen, suchen Sie nicht weiter als Instasex. Diese neue App wurde speziell entwickelt, um Ihnen zu [...]","og_url":"https:\/\/mmabay.co.uk\/de\/instasex\/","og_site_name":"Bay Reviews","article_modified_time":"2022-10-17T12:34:31+00:00","twitter_card":"summary_large_image","twitter_misc":{"Gesch\u00e4tzte Lesezeit":"4 minutes"},"schema":{"@context":"https:\/\/schema.org","@graph":[{"@type":"WebSite","@id":"https:\/\/mmabay.co.uk\/de\/#website","url":"https:\/\/mmabay.co.uk\/de\/","name":"Bay Reviews","description":"Casual Hookup Finder","potentialAction":[{"@type":"SearchAction","target":{"@type":"EntryPoint","urlTemplate":"https:\/\/mmabay.co.uk\/de\/?s={search_term_string}"},"query-input":"required name=search_term_string"}],"inLanguage":"de-DE"},{"@type":"WebPage","@id":"https:\/\/mmabay.co.uk\/de\/instasex\/#webpage","url":"https:\/\/mmabay.co.uk\/de\/instasex\/","name":"Instasex - Bay Reviews","isPartOf":{"@id":"https:\/\/mmabay.co.uk\/de\/#website"},"datePublished":"2022-10-03T12:08:00+00:00","dateModified":"2022-10-17T12:34:31+00:00","breadcrumb":{"@id":"https:\/\/mmabay.co.uk\/de\/instasex\/#breadcrumb"},"inLanguage":"de-DE","potentialAction":[{"@type":"ReadAction","target":["https:\/\/mmabay.co.uk\/de\/instasex\/"]}]},{"@type":"BreadcrumbList","@id":"https:\/\/mmabay.co.uk\/de\/instasex\/#breadcrumb","itemListElement":[{"@type":"ListItem","position":1,"name":"Home","item":"https:\/\/mmabay.co.uk\/de\/"},{"@type":"ListItem","position":2,"name":"Instasex"}]}]}},"_links":{"self":[{"href":"https:\/\/mmabay.co.uk\/de\/wp-json\/wp\/v2\/pages\/226"}],"collection":[{"href":"https:\/\/mmabay.co.uk\/de\/wp-json\/wp\/v2\/pages"}],"about":[{"href":"https:\/\/mmabay.co.uk\/de\/wp-json\/wp\/v2\/types\/page"}],"author":[{"embeddable":true,"href":"https:\/\/mmabay.co.uk\/de\/wp-json\/wp\/v2\/users\/1"}],"replies":[{"embeddable":true,"href":"https:\/\/mmabay.co.uk\/de\/wp-json\/wp\/v2\/comments?post=226"}],"version-history":[{"count":1,"href":"https:\/\/mmabay.co.uk\/de\/wp-json\/wp\/v2\/pages\/226\/revisions"}],"predecessor-version":[{"id":262,"href":"https:\/\/mmabay.co.uk\/de\/wp-json\/wp\/v2\/pages\/226\/revisions\/262"}],"wp:attachment":[{"href":"https:\/\/mmabay.co.uk\/de\/wp-json\/wp\/v2\/media?parent=226"}],"curies":[{"name":"wp","href":"https:\/\/api.w.org\/{rel}","templated":true}]}}