{"id":240,"date":"2022-10-03T13:07:24","date_gmt":"2022-10-03T12:07:24","guid":{"rendered":"http:\/\/mmabay.co.uk\/spritzen\/"},"modified":"2022-10-03T13:07:24","modified_gmt":"2022-10-03T12:07:24","slug":"spritzen","status":"publish","type":"page","link":"https:\/\/mmabay.co.uk\/de\/spritzen\/","title":{"rendered":"Spritzen"},"content":{"rendered":"<p>Es gibt viele verschiedene Dating-Apps, jede mit ihren eigenen Funktionen und Zielgruppe. Eine App, die in letzter Zeit an Popularit\u00e4t gewonnen hat, ist Squirt. Diese App ist insofern einzigartig, als sie speziell f\u00fcr Menschen entwickelt wurde, die daran interessiert sind, zuf\u00e4llige, sexuelle Begegnungen zu finden.<\/p>\n<p>W\u00e4hrend dies wie eine Hook-up-App klingen mag, kann es tats\u00e4chlich auch f\u00fcr Dating verwendet werden. Viele Menschen nutzen es, um neue Leute kennenzulernen und zu sehen, ob es eine sexuelle Verbindung gibt. Wenn ja, dann k\u00f6nnen sie die Dinge auf die n\u00e4chste Ebene bringen und sich pers\u00f6nlich treffen. Wenn nicht, k\u00f6nnen sie einfach weitermachen und mit jemand anderem chatten. Squirt ist eine gro\u00dfartige Option f\u00fcr Leute, die etwas anderes als die traditionelle Dating-App suchen. Es ist perfekt f\u00fcr diejenigen, die ihr Liebesleben aufpeppen oder einfach nur neue Leute f\u00fcr ungezwungenen Spa\u00df treffen m\u00f6chten.<\/p>\n<h2>Art der Funktionen<\/h2>\n<p>Squirt ist eine relativ neue Dating-App, die eine einzigartige Sicht auf das Online-Dating-Erlebnis bietet. Im Gegensatz zu den meisten Dating-Apps k\u00f6nnen Sie mit Squirt anhand einer Vielzahl verschiedener Kriterien nach potenziellen \u00dcbereinstimmungen suchen. Dazu geh\u00f6ren Dinge wie Standort, Alter, Interessen und sogar physische Attribute.<\/p>\n<p>Eine der besten Funktionen von Squirt ist die M\u00f6glichkeit zu sehen, wer zur gleichen Zeit wie Sie online ist. Dies macht es einfach, jemanden zu finden, mit dem man chatten oder sich sogar pers\u00f6nlich treffen kann. Eine weitere gro\u00dfartige Funktion ist die M\u00f6glichkeit, Ihre Suchergebnisse zu filtern. Dies bedeutet, dass Sie genau das finden k\u00f6nnen, wonach Sie suchen, sei es eine zuf\u00e4llige Verbindung oder etwas Ernsteres. Insgesamt ist Squirt eine gro\u00dfartige Option f\u00fcr alle, die ein flexibleres und ma\u00dfgeschneidertes Online-Dating-Erlebnis suchen. Wenn Sie genug von dem gleichen alten, gleichen alten haben, dann probieren Sie Squirt aus.<\/p>\n<h2>Pakete zum Ausprobieren<\/h2>\n<p>Es gibt ein paar verschiedene &#8220;Squirt-Pakete&#8221;, die Sie auf einigen der beliebten Dating-Apps ausprobieren k\u00f6nnen. Das erste ist das &#8220;Tinder Plus&#8221; -Paket, mit dem Sie gegen eine monatliche Geb\u00fchr auf Premium-Funktionen in der App zugreifen k\u00f6nnen. Dies kann Dinge wie unbegrenzte Likes, die M\u00f6glichkeit, Ihren letzten Swipe zur\u00fcckzuspulen, und vieles mehr umfassen. Das zweite ist das &#8220;Bumble Boost&#8221; -Paket, mit dem Sie gegen eine monatliche Geb\u00fchr auf Premium-Funktionen in der App zugreifen k\u00f6nnen. Dies kann Dinge wie die M\u00f6glichkeit beinhalten, zu sehen, wer Sie bereits gemocht hat, Ihre Spiele um weitere 24 Stunden zu verl\u00e4ngern und vieles mehr. Das dritte ist das Paket &#8220;OkCupid A-List&#8221;, mit dem Sie gegen eine monatliche Geb\u00fchr auf Premium-Funktionen in der App zugreifen k\u00f6nnen. Dies kann Dinge wie das Sehen, wer Sie mag, bevor Sie sie m\u00f6gen, erweiterte Suchfilter und mehr umfassen.<\/p>\n<h2>Kosten<\/h2>\n<p>Squirt ist eine neue Dating-App, mit der Benutzer bezahlen k\u00f6nnen, um flirtende Nachrichten an potenzielle \u00dcbereinstimmungen zu senden. Die App ist derzeit in den USA und Gro\u00dfbritannien verf\u00fcgbar. Die Kosten f\u00fcr die Verwendung der App variieren je nachdem, wie viele Nachrichten Sie senden m\u00f6chten. Eine einzelne Nachricht kostet 0,99 US-Dollar und ein Paket mit 10 Nachrichten 4,99 US-Dollar. Es gibt auch eine monatliche Abonnementoption, die Ihnen unbegrenzte Nachrichten f\u00fcr $ 9.99 gibt.<\/p>\n<h2>Profil-Setup<\/h2>\n<p>Wenn Sie ein Profil in einer Dating-App wie Squirt erstellen m\u00f6chten, m\u00fcssen Sie einige grundlegende Informationen \u00fcber sich selbst angeben. Dazu geh\u00f6ren Dinge wie Ihr Name, Ihr Alter und Ihr Standort. Sie m\u00fcssen auch eine kurze Biografie \u00fcber sich selbst schreiben. In Ihrer Biografie sollten Sie Dinge wie Ihre Interessen erw\u00e4hnen und was Sie in einem Partner suchen. Sobald Sie Ihr Profil erstellt haben, k\u00f6nnen Sie die Profile anderer Benutzer durchsuchen und Nachrichten senden.<\/p>\n<h2>Seiten, die Squirt \u00e4hnlich sind<\/h2>\n<p>Es gibt einige Websites und Apps, die Squirt in Bezug auf Funktionalit\u00e4t und Zweck \u00e4hneln. Dazu geh\u00f6ren Grindr, Scruff und Jack&#8217;d. Alle diese Apps erm\u00f6glichen es Benutzern, potenzielle Verbindungen oder Termine in ihrer N\u00e4he zu finden. Sie alle verf\u00fcgen auch \u00fcber Funktionen, mit denen Benutzer chatten und Fotos oder Videos austauschen k\u00f6nnen. In Bezug auf die Unterschiede hat jede dieser Apps ihre eigenen einzigartigen Funktionen und Benutzerbasis. Grindr zum Beispiel ist mehr auf schwule und bisexuelle M\u00e4nner ausgerichtet, w\u00e4hrend Scruff mehr auf M\u00e4nner ausgerichtet ist, die auf B\u00e4ren und haarige M\u00e4nner stehen.<\/p>\n<p>Squirt ist eine sichere Dating-App, mit der Benutzer mit Gleichgesinnten in ihrer N\u00e4he in Kontakt treten k\u00f6nnen. Die App ist f\u00fcr die Nutzung durch einwilligende Erwachsene \u00fcber 18 Jahren konzipiert und nicht f\u00fcr die Nutzung durch Minderj\u00e4hrige bestimmt. Die App kann kostenlos heruntergeladen und verwendet werden, und es sind keine In-App-K\u00e4ufe erforderlich. Squirt ist eine sichere und einfache M\u00f6glichkeit, neue Leute kennenzulernen und deine Sexualit\u00e4t zu erforschen.<\/p>\n<h2>Ist Squirt es wert?<\/h2>\n<p>Es gibt viele Dating-Apps da drau\u00dfen und es kann schwierig sein, sich zu entscheiden, mit welcher Sie gehen sollen. Einige Leute schw\u00f6ren auf Squirt und sagen, dass es die Kosten wert ist. Andere empfinden es als Geldverschwendung. Es h\u00e4ngt wirklich davon ab, wonach Sie suchen und wie viel Sie bereit sind auszugeben.<\/p>\n","protected":false},"excerpt":{"rendered":"<div class=\"mh-excerpt\"><p>Es gibt viele verschiedene Dating-Apps, jede mit ihren eigenen Funktionen und Zielgruppe. Eine App, die in letzter Zeit an Popularit\u00e4t gewonnen hat, ist Squirt. Diese <a class=\"mh-excerpt-more\" href=\"https:\/\/mmabay.co.uk\/de\/spritzen\/\" title=\"Spritzen\">[&#8230;]<\/a><\/p>\n<\/div>","protected":false},"author":1,"featured_media":0,"parent":0,"menu_order":0,"comment_status":"closed","ping_status":"closed","template":"","meta":[],"yoast_head":"<!-- This site is optimized with the Yoast SEO plugin v17.7.1 - https:\/\/yoast.com\/wordpress\/plugins\/seo\/ -->\n<title>Spritzen - Bay Reviews<\/title>\n<meta name=\"robots\" content=\"index, follow, max-snippet:-1, max-image-preview:large, max-video-preview:-1\" \/>\n<link rel=\"canonical\" href=\"https:\/\/mmabay.co.uk\/de\/spritzen\/\" \/>\n<meta property=\"og:locale\" content=\"de_DE\" \/>\n<meta property=\"og:type\" content=\"article\" \/>\n<meta property=\"og:title\" content=\"Spritzen - Bay Reviews\" \/>\n<meta property=\"og:description\" content=\"Es gibt viele verschiedene Dating-Apps, jede mit ihren eigenen Funktionen und Zielgruppe. Eine App, die in letzter Zeit an Popularit\u00e4t gewonnen hat, ist Squirt. Diese [...]\" \/>\n<meta property=\"og:url\" content=\"https:\/\/mmabay.co.uk\/de\/spritzen\/\" \/>\n<meta property=\"og:site_name\" content=\"Bay Reviews\" \/>\n<meta name=\"twitter:card\" content=\"summary_large_image\" \/>\n<meta name=\"twitter:label1\" content=\"Gesch\u00e4tzte Lesezeit\" \/>\n\t<meta name=\"twitter:data1\" content=\"4 minutes\" \/>\n<script type=\"application\/ld+json\" class=\"yoast-schema-graph\">{\"@context\":\"https:\/\/schema.org\",\"@graph\":[{\"@type\":\"WebSite\",\"@id\":\"https:\/\/mmabay.co.uk\/de\/#website\",\"url\":\"https:\/\/mmabay.co.uk\/de\/\",\"name\":\"Bay Reviews\",\"description\":\"Casual Hookup Finder\",\"potentialAction\":[{\"@type\":\"SearchAction\",\"target\":{\"@type\":\"EntryPoint\",\"urlTemplate\":\"https:\/\/mmabay.co.uk\/de\/?s={search_term_string}\"},\"query-input\":\"required name=search_term_string\"}],\"inLanguage\":\"de-DE\"},{\"@type\":\"WebPage\",\"@id\":\"https:\/\/mmabay.co.uk\/de\/spritzen\/#webpage\",\"url\":\"https:\/\/mmabay.co.uk\/de\/spritzen\/\",\"name\":\"Spritzen - Bay Reviews\",\"isPartOf\":{\"@id\":\"https:\/\/mmabay.co.uk\/de\/#website\"},\"datePublished\":\"2022-10-03T12:07:24+00:00\",\"dateModified\":\"2022-10-03T12:07:24+00:00\",\"breadcrumb\":{\"@id\":\"https:\/\/mmabay.co.uk\/de\/spritzen\/#breadcrumb\"},\"inLanguage\":\"de-DE\",\"potentialAction\":[{\"@type\":\"ReadAction\",\"target\":[\"https:\/\/mmabay.co.uk\/de\/spritzen\/\"]}]},{\"@type\":\"BreadcrumbList\",\"@id\":\"https:\/\/mmabay.co.uk\/de\/spritzen\/#breadcrumb\",\"itemListElement\":[{\"@type\":\"ListItem\",\"position\":1,\"name\":\"Home\",\"item\":\"https:\/\/mmabay.co.uk\/de\/\"},{\"@type\":\"ListItem\",\"position\":2,\"name\":\"Spritzen\"}]}]}<\/script>\n<!-- \/ Yoast SEO plugin. -->","yoast_head_json":{"title":"Spritzen - Bay Reviews","robots":{"index":"index","follow":"follow","max-snippet":"max-snippet:-1","max-image-preview":"max-image-preview:large","max-video-preview":"max-video-preview:-1"},"canonical":"https:\/\/mmabay.co.uk\/de\/spritzen\/","og_locale":"de_DE","og_type":"article","og_title":"Spritzen - Bay Reviews","og_description":"Es gibt viele verschiedene Dating-Apps, jede mit ihren eigenen Funktionen und Zielgruppe. Eine App, die in letzter Zeit an Popularit\u00e4t gewonnen hat, ist Squirt. Diese [...]","og_url":"https:\/\/mmabay.co.uk\/de\/spritzen\/","og_site_name":"Bay Reviews","twitter_card":"summary_large_image","twitter_misc":{"Gesch\u00e4tzte Lesezeit":"4 minutes"},"schema":{"@context":"https:\/\/schema.org","@graph":[{"@type":"WebSite","@id":"https:\/\/mmabay.co.uk\/de\/#website","url":"https:\/\/mmabay.co.uk\/de\/","name":"Bay Reviews","description":"Casual Hookup Finder","potentialAction":[{"@type":"SearchAction","target":{"@type":"EntryPoint","urlTemplate":"https:\/\/mmabay.co.uk\/de\/?s={search_term_string}"},"query-input":"required name=search_term_string"}],"inLanguage":"de-DE"},{"@type":"WebPage","@id":"https:\/\/mmabay.co.uk\/de\/spritzen\/#webpage","url":"https:\/\/mmabay.co.uk\/de\/spritzen\/","name":"Spritzen - Bay Reviews","isPartOf":{"@id":"https:\/\/mmabay.co.uk\/de\/#website"},"datePublished":"2022-10-03T12:07:24+00:00","dateModified":"2022-10-03T12:07:24+00:00","breadcrumb":{"@id":"https:\/\/mmabay.co.uk\/de\/spritzen\/#breadcrumb"},"inLanguage":"de-DE","potentialAction":[{"@type":"ReadAction","target":["https:\/\/mmabay.co.uk\/de\/spritzen\/"]}]},{"@type":"BreadcrumbList","@id":"https:\/\/mmabay.co.uk\/de\/spritzen\/#breadcrumb","itemListElement":[{"@type":"ListItem","position":1,"name":"Home","item":"https:\/\/mmabay.co.uk\/de\/"},{"@type":"ListItem","position":2,"name":"Spritzen"}]}]}},"_links":{"self":[{"href":"https:\/\/mmabay.co.uk\/de\/wp-json\/wp\/v2\/pages\/240"}],"collection":[{"href":"https:\/\/mmabay.co.uk\/de\/wp-json\/wp\/v2\/pages"}],"about":[{"href":"https:\/\/mmabay.co.uk\/de\/wp-json\/wp\/v2\/types\/page"}],"author":[{"embeddable":true,"href":"https:\/\/mmabay.co.uk\/de\/wp-json\/wp\/v2\/users\/1"}],"replies":[{"embeddable":true,"href":"https:\/\/mmabay.co.uk\/de\/wp-json\/wp\/v2\/comments?post=240"}],"version-history":[{"count":0,"href":"https:\/\/mmabay.co.uk\/de\/wp-json\/wp\/v2\/pages\/240\/revisions"}],"wp:attachment":[{"href":"https:\/\/mmabay.co.uk\/de\/wp-json\/wp\/v2\/media?parent=240"}],"curies":[{"name":"wp","href":"https:\/\/api.w.org\/{rel}","templated":true}]}}