{"id":241,"date":"2022-10-03T13:07:38","date_gmt":"2022-10-03T12:07:38","guid":{"rendered":"http:\/\/mmabay.co.uk\/findmyflings\/"},"modified":"2022-10-03T13:07:38","modified_gmt":"2022-10-03T12:07:38","slug":"findmyflings","status":"publish","type":"page","link":"https:\/\/mmabay.co.uk\/de\/findmyflings\/","title":{"rendered":"FindMyFlings"},"content":{"rendered":"<p>FindMyFlings ist eine <a href=\"http:\/\/mmabay.co.uk\/squirt\/\">gro\u00dfartige neue Dating-App<\/a> , mit der Sie lokale Singles finden k\u00f6nnen, die nach dem Gleichen suchen wie Sie. Egal, ob Sie nach einer zuf\u00e4lligen Verbindung oder einer ernsteren Beziehung suchen, FindMyFlings kann Ihnen helfen, Ihre perfekte \u00dcbereinstimmung zu finden. Die App ist einfach zu bedienen und verf\u00fcgt \u00fcber eine Vielzahl gro\u00dfartiger Funktionen, wie ein integriertes Chat-System und eine &#8220;Flirt&#8221; -Funktion, mit der Sie andere Benutzer dar\u00fcber informieren k\u00f6nnen, dass Sie an ihnen interessiert sind. Das Beste von allem, es ist v\u00f6llig kostenlos zu benutzen!<\/p>\n<h2>Hookup-Funktionen<\/h2>\n<p>FindMyFlings ist eine Hookup-App, mit der Sie potenzielle Hookups in Ihrer N\u00e4he finden k\u00f6nnen. Die App kann kostenlos heruntergeladen und verwendet werden und bietet eine Vielzahl von Funktionen, mit denen Sie eine \u00dcbereinstimmung finden k\u00f6nnen. Sie k\u00f6nnen Profile anderer Benutzer anzeigen, Nachrichten und Fotos senden und sich sogar pers\u00f6nlich treffen, wenn Sie beide interessiert sind. Die App verf\u00fcgt auch \u00fcber eine &#8220;Fling-Finder&#8221; -Funktion, mit der Sie nach potenziellen Verbindungen in Ihrer N\u00e4he suchen k\u00f6nnen. Egal, ob Sie nach einer einmaligen Verbindung oder einer langfristigen Beziehung suchen, FindMyFlings kann Ihnen helfen, das zu finden, wonach Sie suchen.<\/p>\n<h2>Mitgliedschaftsoptionen<\/h2>\n<p>Es gibt ein paar verschiedene Mitgliedschaftsoptionen f\u00fcr FindMyFlings. Sie k\u00f6nnen sich f\u00fcr ein kostenloses Konto anmelden, mit dem Sie nur eingeschr\u00e4nkten Zugriff auf die Website erhalten, oder Sie k\u00f6nnen ein Upgrade auf ein kostenpflichtiges Konto durchf\u00fchren. Bezahlte Konten beginnen bei $ 9.99 pro Monat und verf\u00fcgen \u00fcber einige zus\u00e4tzliche Funktionen, wie unbegrenztes Messaging und Zugriff auf Premium-Suchfilter.<\/p>\n<p>Wenn Sie nach einer Dating-App suchen, die Ihnen helfen kann, einen gelegentlichen Seitensprung zu finden, dann ist FindMyFlings definitiv einen Besuch wert. Das kostenlose Konto ist eine gro\u00dfartige M\u00f6glichkeit, um loszulegen, aber wenn Sie wirklich das Beste aus der Website herausholen m\u00f6chten, lohnt sich ein Upgrade auf ein kostenpflichtiges Konto auf jeden Fall.<\/p>\n<h2>Mitgliedsbeitr\u00e4ge<\/h2>\n<p>FindMyFlings bietet eine Vielzahl von Mitgliedschaftsoptionen, um Ihren Bed\u00fcrfnissen gerecht zu werden. Sie k\u00f6nnen w\u00e4hlen, ob Sie monatlich, viertelj\u00e4hrlich oder j\u00e4hrlich bezahlen m\u00f6chten. Die monatliche Geb\u00fchr betr\u00e4gt 24,99 USD, die viertelj\u00e4hrliche Geb\u00fchr 69,99 USD und die Jahresgeb\u00fchr betr\u00e4gt 119,99 USD. FindMyFlings bietet auch eine 7-t\u00e4gige kostenlose Testversion an, so dass Sie es vor dem Kauf ausprobieren k\u00f6nnen.<\/p>\n<p>FindMyFlings ist eine gro\u00dfartige Option f\u00fcr diejenigen, die nach einer Dating-App suchen, die eine Vielzahl von Funktionen und Optionen bietet. Die Mitgliedsgeb\u00fchren sind angemessen und die kostenlose 7-Tage-Testversion ist eine gro\u00dfartige M\u00f6glichkeit, die App auszuprobieren, bevor Sie sich f\u00fcr eine kostenpflichtige Mitgliedschaft entscheiden.<\/p>\n<h2>Profil und Anmeldung<\/h2>\n<p>Wenn Sie nach einem Seitensprung suchen, ist FindMyFlings die Dating-App f\u00fcr Sie. Mit \u00fcber 50 Millionen Nutzern ist FindMyFlings die gr\u00f6\u00dfte Dating-App f\u00fcr Singles, die einen Seitensprung suchen. FindMyFlings kann kostenlos heruntergeladen und verwendet werden, und Sie k\u00f6nnen sich in nur wenigen Sekunden f\u00fcr ein Konto anmelden. Sobald Sie sich angemeldet haben, k\u00f6nnen Sie mit dem Durchsuchen von Profilen von Singles in Ihrer N\u00e4he beginnen. Wenn Sie jemanden finden, an dem Sie interessiert sind, k\u00f6nnen Sie ihm eine Nachricht senden und mit dem Chatten beginnen. FindMyFlings ist eine gro\u00dfartige M\u00f6glichkeit, neue Leute kennenzulernen und eine tolle Zeit zu haben.<\/p>\n<h2>Websites wie FindMyFlings<\/h2>\n<p>Es gibt eine Vielzahl von Apps, die auf unterschiedliche Bed\u00fcrfnisse eingehen, wenn es um Dating geht. FindMyFlings ist eine Option, die sich darauf konzentriert, Menschen f\u00fcr zuf\u00e4llige Begegnungen zu verbinden. Die App ist kostenlos f\u00fcr iOS und Android verf\u00fcgbar und eine der beliebtesten Optionen f\u00fcr diejenigen, die nach einem Seitensprung suchen.<\/p>\n<p>FindMyFlings ist ziemlich einfach &#8211; Sie erstellen ein Profil mit einigen Fotos und ein wenig \u00fcber sich selbst, und dann k\u00f6nnen Sie durch Profile anderer Benutzer in Ihrer N\u00e4he bl\u00e4ttern. Wenn Sie jemanden finden, an dem Sie interessiert sind, k\u00f6nnen Sie ihm eine Nachricht senden und sehen, ob eine Verbindung besteht.<\/p>\n<p>Die App wird haupts\u00e4chlich von Menschen in ihren 20ern und 30ern verwendet, und es ist eine gro\u00dfartige M\u00f6glichkeit, jemanden f\u00fcr eine zuf\u00e4llige Begegnung zu treffen, wenn Sie danach suchen. Da es sich jedoch auf Anschl\u00fcsse konzentriert, ist es m\u00f6glicherweise nicht die beste Wahl, wenn Sie nach<\/p>\n<p>FindMyFlings ist eine sichere Dating-App, mit der Sie potenzielle Partner in Ihrer N\u00e4he finden k\u00f6nnen. Die App verwendet Ihren Standort, um \u00dcbereinstimmungen zu finden, und erm\u00f6glicht es Ihnen, mit ihnen zu chatten. Sie k\u00f6nnen auch ihre Profile und Fotos anzeigen. FindMyFlings ist eine sichere App, die SSL-Verschl\u00fcsselung verwendet, um Ihre Daten zu sch\u00fctzen. Die App verf\u00fcgt auch \u00fcber eine Datenschutzrichtlinie, mit der Sie steuern k\u00f6nnen, wer Ihre Informationen sehen kann. FindMyFlings ist eine sichere Dating-App, mit der Sie potenzielle Partner in Ihrer N\u00e4he finden k\u00f6nnen.<\/p>\n<h2>Lohnt sich FindMyFlings?<\/h2>\n<p>Es gibt so viele Dating-Apps auf dem Markt, dass es schwierig sein kann zu wissen, welche f\u00fcr Sie die richtige ist. Wenn Sie nach etwas Ernstem suchen, k\u00f6nnte FindMyFlings die Kosten wert sein. Es ist eine beliebte App mit einem guten Ruf daf\u00fcr, Menschen dabei zu helfen, langfristige Beziehungen zu finden. Der Nachteil ist, dass es nicht kostenlos zu verwenden ist, so dass Sie entscheiden m\u00fcssen, ob es die Investition wert ist.<\/p>\n","protected":false},"excerpt":{"rendered":"<div class=\"mh-excerpt\"><p>FindMyFlings ist eine gro\u00dfartige neue Dating-App , mit der Sie lokale Singles finden k\u00f6nnen, die nach dem Gleichen suchen wie Sie. Egal, ob Sie nach <a class=\"mh-excerpt-more\" href=\"https:\/\/mmabay.co.uk\/de\/findmyflings\/\" title=\"FindMyFlings\">[&#8230;]<\/a><\/p>\n<\/div>","protected":false},"author":1,"featured_media":0,"parent":0,"menu_order":0,"comment_status":"closed","ping_status":"closed","template":"","meta":[],"yoast_head":"<!-- This site is optimized with the Yoast SEO plugin v17.7.1 - https:\/\/yoast.com\/wordpress\/plugins\/seo\/ -->\n<title>FindMyFlings - Bay Reviews<\/title>\n<meta name=\"robots\" content=\"index, follow, max-snippet:-1, max-image-preview:large, max-video-preview:-1\" \/>\n<link rel=\"canonical\" href=\"https:\/\/mmabay.co.uk\/de\/findmyflings\/\" \/>\n<meta property=\"og:locale\" content=\"de_DE\" \/>\n<meta property=\"og:type\" content=\"article\" \/>\n<meta property=\"og:title\" content=\"FindMyFlings - Bay Reviews\" \/>\n<meta property=\"og:description\" content=\"FindMyFlings ist eine gro\u00dfartige neue Dating-App , mit der Sie lokale Singles finden k\u00f6nnen, die nach dem Gleichen suchen wie Sie. Egal, ob Sie nach [...]\" \/>\n<meta property=\"og:url\" content=\"https:\/\/mmabay.co.uk\/de\/findmyflings\/\" \/>\n<meta property=\"og:site_name\" content=\"Bay Reviews\" \/>\n<meta name=\"twitter:card\" content=\"summary_large_image\" \/>\n<meta name=\"twitter:label1\" content=\"Gesch\u00e4tzte Lesezeit\" \/>\n\t<meta name=\"twitter:data1\" content=\"4 minutes\" \/>\n<script type=\"application\/ld+json\" class=\"yoast-schema-graph\">{\"@context\":\"https:\/\/schema.org\",\"@graph\":[{\"@type\":\"WebSite\",\"@id\":\"https:\/\/mmabay.co.uk\/de\/#website\",\"url\":\"https:\/\/mmabay.co.uk\/de\/\",\"name\":\"Bay Reviews\",\"description\":\"Casual Hookup Finder\",\"potentialAction\":[{\"@type\":\"SearchAction\",\"target\":{\"@type\":\"EntryPoint\",\"urlTemplate\":\"https:\/\/mmabay.co.uk\/de\/?s={search_term_string}\"},\"query-input\":\"required name=search_term_string\"}],\"inLanguage\":\"de-DE\"},{\"@type\":\"WebPage\",\"@id\":\"https:\/\/mmabay.co.uk\/de\/findmyflings\/#webpage\",\"url\":\"https:\/\/mmabay.co.uk\/de\/findmyflings\/\",\"name\":\"FindMyFlings - Bay Reviews\",\"isPartOf\":{\"@id\":\"https:\/\/mmabay.co.uk\/de\/#website\"},\"datePublished\":\"2022-10-03T12:07:38+00:00\",\"dateModified\":\"2022-10-03T12:07:38+00:00\",\"breadcrumb\":{\"@id\":\"https:\/\/mmabay.co.uk\/de\/findmyflings\/#breadcrumb\"},\"inLanguage\":\"de-DE\",\"potentialAction\":[{\"@type\":\"ReadAction\",\"target\":[\"https:\/\/mmabay.co.uk\/de\/findmyflings\/\"]}]},{\"@type\":\"BreadcrumbList\",\"@id\":\"https:\/\/mmabay.co.uk\/de\/findmyflings\/#breadcrumb\",\"itemListElement\":[{\"@type\":\"ListItem\",\"position\":1,\"name\":\"Home\",\"item\":\"https:\/\/mmabay.co.uk\/de\/\"},{\"@type\":\"ListItem\",\"position\":2,\"name\":\"FindMyFlings\"}]}]}<\/script>\n<!-- \/ Yoast SEO plugin. -->","yoast_head_json":{"title":"FindMyFlings - Bay Reviews","robots":{"index":"index","follow":"follow","max-snippet":"max-snippet:-1","max-image-preview":"max-image-preview:large","max-video-preview":"max-video-preview:-1"},"canonical":"https:\/\/mmabay.co.uk\/de\/findmyflings\/","og_locale":"de_DE","og_type":"article","og_title":"FindMyFlings - Bay Reviews","og_description":"FindMyFlings ist eine gro\u00dfartige neue Dating-App , mit der Sie lokale Singles finden k\u00f6nnen, die nach dem Gleichen suchen wie Sie. Egal, ob Sie nach [...]","og_url":"https:\/\/mmabay.co.uk\/de\/findmyflings\/","og_site_name":"Bay Reviews","twitter_card":"summary_large_image","twitter_misc":{"Gesch\u00e4tzte Lesezeit":"4 minutes"},"schema":{"@context":"https:\/\/schema.org","@graph":[{"@type":"WebSite","@id":"https:\/\/mmabay.co.uk\/de\/#website","url":"https:\/\/mmabay.co.uk\/de\/","name":"Bay Reviews","description":"Casual Hookup Finder","potentialAction":[{"@type":"SearchAction","target":{"@type":"EntryPoint","urlTemplate":"https:\/\/mmabay.co.uk\/de\/?s={search_term_string}"},"query-input":"required name=search_term_string"}],"inLanguage":"de-DE"},{"@type":"WebPage","@id":"https:\/\/mmabay.co.uk\/de\/findmyflings\/#webpage","url":"https:\/\/mmabay.co.uk\/de\/findmyflings\/","name":"FindMyFlings - Bay Reviews","isPartOf":{"@id":"https:\/\/mmabay.co.uk\/de\/#website"},"datePublished":"2022-10-03T12:07:38+00:00","dateModified":"2022-10-03T12:07:38+00:00","breadcrumb":{"@id":"https:\/\/mmabay.co.uk\/de\/findmyflings\/#breadcrumb"},"inLanguage":"de-DE","potentialAction":[{"@type":"ReadAction","target":["https:\/\/mmabay.co.uk\/de\/findmyflings\/"]}]},{"@type":"BreadcrumbList","@id":"https:\/\/mmabay.co.uk\/de\/findmyflings\/#breadcrumb","itemListElement":[{"@type":"ListItem","position":1,"name":"Home","item":"https:\/\/mmabay.co.uk\/de\/"},{"@type":"ListItem","position":2,"name":"FindMyFlings"}]}]}},"_links":{"self":[{"href":"https:\/\/mmabay.co.uk\/de\/wp-json\/wp\/v2\/pages\/241"}],"collection":[{"href":"https:\/\/mmabay.co.uk\/de\/wp-json\/wp\/v2\/pages"}],"about":[{"href":"https:\/\/mmabay.co.uk\/de\/wp-json\/wp\/v2\/types\/page"}],"author":[{"embeddable":true,"href":"https:\/\/mmabay.co.uk\/de\/wp-json\/wp\/v2\/users\/1"}],"replies":[{"embeddable":true,"href":"https:\/\/mmabay.co.uk\/de\/wp-json\/wp\/v2\/comments?post=241"}],"version-history":[{"count":0,"href":"https:\/\/mmabay.co.uk\/de\/wp-json\/wp\/v2\/pages\/241\/revisions"}],"wp:attachment":[{"href":"https:\/\/mmabay.co.uk\/de\/wp-json\/wp\/v2\/media?parent=241"}],"curies":[{"name":"wp","href":"https:\/\/api.w.org\/{rel}","templated":true}]}}