{"id":146,"date":"2022-10-03T11:16:22","date_gmt":"2022-10-03T10:16:22","guid":{"rendered":"http:\/\/mmabay.co.uk\/sitios-de-citas-en-linea-gratuitos-encuentre-sexo-en-su-area\/"},"modified":"2022-10-03T11:16:22","modified_gmt":"2022-10-03T10:16:22","slug":"sitios-de-citas-en-linea-gratuitos-encuentre-sexo-en-su-area","status":"publish","type":"page","link":"https:\/\/mmabay.co.uk\/es\/","title":{"rendered":"Sitios de citas en l\u00ednea gratuitos: encuentre sexo en su \u00e1rea"},"content":{"rendered":"<p>Las citas casuales son diferentes del sexo casual porque implican mucho menos riesgo. Si bien el sexo casual a menudo requiere cierto nivel de confianza y comodidad, las citas casuales no requieren nada de eso. No tiene que preocuparse por lastimarse o decepcionarse. No hay presi\u00f3n para hacer nada que no quieras hacer. Si deciden romper con alguien, simplemente dejan de verse. Y si comienzas a ver a otra persona, simplemente contin\u00faas haciendo lo que has estado haciendo.<\/p>\n<p>Las citas casuales pueden funcionar bien para la mayor\u00eda de las personas. Hay muchas razones por las que puede ser el ajuste perfecto para usted. Por ejemplo, tal vez recientemente has salido de una relaci\u00f3n duradera y realmente no est\u00e1s buscando saltar a algo demasiado serio en este momento de tu vida. Tal vez quieras explorar la escena de las citas en tus propios t\u00e9rminos y sin tener que preocuparte por las expectativas o la presi\u00f3n. O tal vez simplemente no quieres comprometerte con una persona a la vez.<\/p>\n<h2>Pros y contras<\/h2>\n<p>Hay muchas desventajas de las citas casuales, y algunas de ellas pueden sorprenderte. Si has estado pensando en probar citas casuales, aqu\u00ed hay ocho cosas que quiz\u00e1s no te des cuenta sobre este tipo de relaci\u00f3n.<\/p>\n<h3>Las citas casuales no siempre conducen al compromiso<\/h3>\n<p>Puede pensar que debido a que han estado saliendo casualmente con alguien durante alg\u00fan tiempo, eventualmente pasar\u00e1n a una relaci\u00f3n comprometida juntos. Sin embargo, esto no es necesariamente cierto. Algunas personas nunca terminan avanzando con una relaci\u00f3n, mientras que otras deciden romper sus conexiones casuales. De cualquier manera, las citas casuales no garantizan un futuro juntos.<\/p>\n<h3>No hay garant\u00eda de compatibilidad<\/h3>\n<p>Cuando comienzas a salir casualmente con alguien, puedes asumir que ambos ser\u00e1n compatibles entre s\u00ed. Pero ese rara vez es el caso. A pesar de que pueden sentir que se conocen lo suficientemente bien como para hacer suposiciones sobre c\u00f3mo trabajar\u00edan juntos, todav\u00eda no han pasado mucho tiempo conoci\u00e9ndose. Y dado que nunca has tenido que exponerte y hacer preguntas, es posible que no entiendas ciertas partes de la personalidad de otra persona. Esto podr\u00eda causar problemas en el futuro.<\/p>\n<h3>Puede perder oportunidades<\/h3>\n<p>Si est\u00e1s saliendo casualmente con alguien, no tendr\u00e1s ninguna raz\u00f3n para salir en citas con otras personas. Cuando est\u00e1s soltero, normalmente tienes la oportunidad de conocer a muchas personas diferentes y ver a d\u00f3nde van las cosas. Pero cuando ya est\u00e1s saliendo casualmente con alguien, es posible que no tengas la oportunidad de hacer esto. Tambi\u00e9n puede perderse la oportunidad de conocer parejas potenciales que no est\u00e9n interesadas en citas casuales.<\/p>\n<h2>Selecciones calientes de aplicaciones de conexi\u00f3n sexual<\/h2>\n<p>Si alguna vez has probado las citas en l\u00ednea, sabes lo dif\u00edcil que puede ser encontrar a alguien especial. Y aunque hay muchos sitios para ayudarlo a conectarse con las personas, la mayor\u00eda de ellos no est\u00e1n dise\u00f1ados para facilitar la b\u00fasqueda del amor. Entonces, \u00bfqu\u00e9 haces?<\/p>\n<h3>Bisagra<\/h3>\n<p>Hinge es una de esas aplicaciones a las que lleva un poco acostumbrarse. Se le presenta una lista de posibles coincidencias basadas en amigos en com\u00fan, ubicaciones comunes e intereses compartidos. Una vez que deslice el dedo hacia la izquierda o hacia la derecha, se lo llevar\u00e1 a la siguiente pantalla, donde podr\u00e1 obtener m\u00e1s informaci\u00f3n sobre la persona con la que acaba de coincidir. Este proceso contin\u00faa hasta que encuentres a alguien que te guste lo suficiente como para continuar chateando.<\/p>\n<p>La aplicaci\u00f3n viene con algunas limitaciones. En primer lugar, no hay deslizamientos ilimitados a menos que pague $ 4.99 por mes por una suscripci\u00f3n premium. En segundo lugar, no puede enviar mensajes a las personas en su cola a menos que pague por una suscripci\u00f3n premium. En tercer lugar, solo se muestran tres perfiles a la vez, lo que dificulta el seguimiento de lo que est\u00e1 haciendo. Y finalmente, si no te gusta la persona que conociste, simplemente te alejas sin tener la oportunidad de despedirte.<\/p>\n<h3>Cerilla<\/h3>\n<p>Match es uno de los sitios de citas m\u00e1s populares en Am\u00e9rica del Norte. Con millones de personas registradas en todo el mundo, ofrece una amplia gama de opciones para encontrar el amor. Ya sea que desee salir casualmente, formar una familia o simplemente est\u00e9 buscando amigos, Match ofrece una variedad de formas de conectarse con los dem\u00e1s.<\/p>\n<p>El sitio cuenta con un gran n\u00famero de miembros, lo que facilita la navegaci\u00f3n por los perfiles y la b\u00fasqueda de posibles fechas. Al registrarse, elegir\u00e1 qu\u00e9 tipo de persona est\u00e1 buscando: casual, amistad, romance, etc. Tambi\u00e9n seleccionar\u00e1 cu\u00e1ntas preguntas le gustar\u00eda responder sobre usted. Una vez que haya completado esos pasos, podr\u00e1 buscar coincidencias seg\u00fan la ubicaci\u00f3n, el g\u00e9nero, los intereses, los pasatiempos e incluso la edad.<\/p>\n<p>Una vez que haya encontrado a alguien que le guste, puede enviar mensajes e intercambiar n\u00fameros de tel\u00e9fono. Sin embargo, si decide ir m\u00e1s all\u00e1, puede actualizar su membres\u00eda a Premium, lo que le permite ver informaci\u00f3n adicional sobre cada miembro. Por ejemplo, puede saber si son solteros, casados, divorciados, comprometidos o parte de otra pareja. Premium tambi\u00e9n desbloquea el acceso a funciones exclusivas como salas de chat VIP, donde puedes conocer solteros en la vida real.<\/p>\n<h3>Yesca<\/h3>\n<p>Tinder reina supremo en este campo porque es f\u00e1cil de usar, gratuito y no hay barreras de entrada. Ni siquiera necesita descargar la aplicaci\u00f3n, puede acceder a ella a trav\u00e9s del navegador m\u00f3vil. Y si bien puedes conocer gente para citas informales o sexo casual en la mayor\u00eda de estas aplicaciones, Tinder es donde las personas buscan algo m\u00e1s significativo.<\/p>\n<p>La aplicaci\u00f3n es extremadamente sencilla de entender, aunque eso significa que las personas hacen juicios r\u00e1pidos, que a veces pueden convertirse en centrarse m\u00e1s en las fotos de alguien que en su perfil e intereses. Si quieres conectarte con alguien, tendr\u00e1s que ir m\u00e1s all\u00e1 del nivel de la superficie para ver si podr\u00eda ser una buena opci\u00f3n.<\/p>\n<p>Para igualar el ritmo, trate de prestar atenci\u00f3n a sus im\u00e1genes y tratar de retratarse a s\u00ed mismo con la mejor luz posible. Por ejemplo, Schneider aconseja subir im\u00e1genes que muestren tu sonrisa, ya que sonre\u00edr a menudo se considera atractivo. Tambi\u00e9n sugiere asegurarse de que su cara no est\u00e9 demasiado cerca de la c\u00e1mara, ya que eso lo hace parecer menos accesible.<\/p>\n<p>Tambi\u00e9n puede considerar tomarse unos minutos para escribir una breve descripci\u00f3n que incluya sus pasatiempos, metas profesionales y aspiraciones. De esta manera, las personas sabr\u00e1n por qu\u00e9 est\u00e1s interesado en conectarte con ellos.<\/p>\n<p>Por \u00faltimo, Schneider recomienda mantener las cosas divertidas. No te tomes demasiado en serio y no pienses demasiado en las cosas. Simplemente rel\u00e1jese y disfrute del proceso.<\/p>\n","protected":false},"excerpt":{"rendered":"<div class=\"mh-excerpt\"><p>Las citas casuales son diferentes del sexo casual porque implican mucho menos riesgo. Si bien el sexo casual a menudo requiere cierto nivel de confianza <a class=\"mh-excerpt-more\" href=\"https:\/\/mmabay.co.uk\/es\/\" title=\"Sitios de citas en l\u00ednea gratuitos: encuentre sexo en su \u00e1rea\">[&#8230;]<\/a><\/p>\n<\/div>","protected":false},"author":1,"featured_media":0,"parent":0,"menu_order":0,"comment_status":"closed","ping_status":"closed","template":"","meta":[],"yoast_head":"<!-- This site is optimized with the Yoast SEO plugin v17.7.1 - https:\/\/yoast.com\/wordpress\/plugins\/seo\/ -->\n<title>Sitios de citas en l\u00ednea gratuitos: encuentre sexo en su \u00e1rea - Bay Reviews<\/title>\n<meta name=\"robots\" content=\"index, follow, max-snippet:-1, max-image-preview:large, max-video-preview:-1\" \/>\n<link rel=\"canonical\" href=\"https:\/\/mmabay.co.uk\/es\/\" \/>\n<meta property=\"og:locale\" content=\"es_ES\" \/>\n<meta property=\"og:type\" content=\"article\" \/>\n<meta property=\"og:title\" content=\"Sitios de citas en l\u00ednea gratuitos: encuentre sexo en su \u00e1rea - Bay Reviews\" \/>\n<meta property=\"og:description\" content=\"Las citas casuales son diferentes del sexo casual porque implican mucho menos riesgo. Si bien el sexo casual a menudo requiere cierto nivel de confianza [...]\" \/>\n<meta property=\"og:url\" content=\"https:\/\/mmabay.co.uk\/es\/\" \/>\n<meta property=\"og:site_name\" content=\"Bay Reviews\" \/>\n<meta name=\"twitter:card\" content=\"summary_large_image\" \/>\n<meta name=\"twitter:label1\" content=\"Tiempo de lectura\" \/>\n\t<meta name=\"twitter:data1\" content=\"6 minutos\" \/>\n<script type=\"application\/ld+json\" class=\"yoast-schema-graph\">{\"@context\":\"https:\/\/schema.org\",\"@graph\":[{\"@type\":\"WebSite\",\"@id\":\"https:\/\/mmabay.co.uk\/es\/#website\",\"url\":\"https:\/\/mmabay.co.uk\/es\/\",\"name\":\"Bay Reviews\",\"description\":\"Casual Hookup Finder\",\"potentialAction\":[{\"@type\":\"SearchAction\",\"target\":{\"@type\":\"EntryPoint\",\"urlTemplate\":\"https:\/\/mmabay.co.uk\/es\/?s={search_term_string}\"},\"query-input\":\"required name=search_term_string\"}],\"inLanguage\":\"es\"},{\"@type\":\"WebPage\",\"@id\":\"https:\/\/mmabay.co.uk\/es\/#webpage\",\"url\":\"https:\/\/mmabay.co.uk\/es\/\",\"name\":\"Sitios de citas en l\\u00ednea gratuitos: encuentre sexo en su \\u00e1rea - Bay Reviews\",\"isPartOf\":{\"@id\":\"https:\/\/mmabay.co.uk\/es\/#website\"},\"datePublished\":\"2022-10-03T10:16:22+00:00\",\"dateModified\":\"2022-10-03T10:16:22+00:00\",\"breadcrumb\":{\"@id\":\"https:\/\/mmabay.co.uk\/es\/#breadcrumb\"},\"inLanguage\":\"es\",\"potentialAction\":[{\"@type\":\"ReadAction\",\"target\":[\"https:\/\/mmabay.co.uk\/es\/\"]}]},{\"@type\":\"BreadcrumbList\",\"@id\":\"https:\/\/mmabay.co.uk\/es\/#breadcrumb\",\"itemListElement\":[{\"@type\":\"ListItem\",\"position\":1,\"name\":\"Home\",\"item\":\"https:\/\/mmabay.co.uk\/es\/\"},{\"@type\":\"ListItem\",\"position\":2,\"name\":\"Sitios de citas en l\\u00ednea gratuitos: encuentre sexo en su \\u00e1rea\"}]}]}<\/script>\n<!-- \/ Yoast SEO plugin. -->","yoast_head_json":{"title":"Sitios de citas en l\u00ednea gratuitos: encuentre sexo en su \u00e1rea - Bay Reviews","robots":{"index":"index","follow":"follow","max-snippet":"max-snippet:-1","max-image-preview":"max-image-preview:large","max-video-preview":"max-video-preview:-1"},"canonical":"https:\/\/mmabay.co.uk\/es\/","og_locale":"es_ES","og_type":"article","og_title":"Sitios de citas en l\u00ednea gratuitos: encuentre sexo en su \u00e1rea - Bay Reviews","og_description":"Las citas casuales son diferentes del sexo casual porque implican mucho menos riesgo. Si bien el sexo casual a menudo requiere cierto nivel de confianza [...]","og_url":"https:\/\/mmabay.co.uk\/es\/","og_site_name":"Bay Reviews","twitter_card":"summary_large_image","twitter_misc":{"Tiempo de lectura":"6 minutos"},"schema":{"@context":"https:\/\/schema.org","@graph":[{"@type":"WebSite","@id":"https:\/\/mmabay.co.uk\/es\/#website","url":"https:\/\/mmabay.co.uk\/es\/","name":"Bay Reviews","description":"Casual Hookup Finder","potentialAction":[{"@type":"SearchAction","target":{"@type":"EntryPoint","urlTemplate":"https:\/\/mmabay.co.uk\/es\/?s={search_term_string}"},"query-input":"required name=search_term_string"}],"inLanguage":"es"},{"@type":"WebPage","@id":"https:\/\/mmabay.co.uk\/es\/#webpage","url":"https:\/\/mmabay.co.uk\/es\/","name":"Sitios de citas en l\u00ednea gratuitos: encuentre sexo en su \u00e1rea - Bay Reviews","isPartOf":{"@id":"https:\/\/mmabay.co.uk\/es\/#website"},"datePublished":"2022-10-03T10:16:22+00:00","dateModified":"2022-10-03T10:16:22+00:00","breadcrumb":{"@id":"https:\/\/mmabay.co.uk\/es\/#breadcrumb"},"inLanguage":"es","potentialAction":[{"@type":"ReadAction","target":["https:\/\/mmabay.co.uk\/es\/"]}]},{"@type":"BreadcrumbList","@id":"https:\/\/mmabay.co.uk\/es\/#breadcrumb","itemListElement":[{"@type":"ListItem","position":1,"name":"Home","item":"https:\/\/mmabay.co.uk\/es\/"},{"@type":"ListItem","position":2,"name":"Sitios de citas en l\u00ednea gratuitos: encuentre sexo en su \u00e1rea"}]}]}},"_links":{"self":[{"href":"https:\/\/mmabay.co.uk\/es\/wp-json\/wp\/v2\/pages\/146"}],"collection":[{"href":"https:\/\/mmabay.co.uk\/es\/wp-json\/wp\/v2\/pages"}],"about":[{"href":"https:\/\/mmabay.co.uk\/es\/wp-json\/wp\/v2\/types\/page"}],"author":[{"embeddable":true,"href":"https:\/\/mmabay.co.uk\/es\/wp-json\/wp\/v2\/users\/1"}],"replies":[{"embeddable":true,"href":"https:\/\/mmabay.co.uk\/es\/wp-json\/wp\/v2\/comments?post=146"}],"version-history":[{"count":0,"href":"https:\/\/mmabay.co.uk\/es\/wp-json\/wp\/v2\/pages\/146\/revisions"}],"wp:attachment":[{"href":"https:\/\/mmabay.co.uk\/es\/wp-json\/wp\/v2\/media?parent=146"}],"curies":[{"name":"wp","href":"https:\/\/api.w.org\/{rel}","templated":true}]}}