{"id":152,"date":"2022-10-03T13:10:53","date_gmt":"2022-10-03T12:10:53","guid":{"rendered":"http:\/\/mmabay.co.uk\/mapas-de-rublos\/"},"modified":"2022-10-03T13:10:53","modified_gmt":"2022-10-03T12:10:53","slug":"mapas-de-rublos","status":"publish","type":"page","link":"https:\/\/mmabay.co.uk\/es\/mapas-de-rublos\/","title":{"rendered":"Mapas de rublos"},"content":{"rendered":"<p>Rubmaps es una aplicaci\u00f3n de citas local que permite a los usuarios encontrar usuarios de Rubmaps en su \u00e1rea y chatear con ellos. La aplicaci\u00f3n tambi\u00e9n permite a los usuarios compartir su ubicaci\u00f3n con otros usuarios de Rubmaps, para que puedan encontrar usuarios locales de Rubmaps con los que chatear. La aplicaci\u00f3n est\u00e1 disponible de forma gratuita en App Store y Google Play.<\/p>\n<h2>Sistema de emparejamiento<\/h2>\n<p>El sistema de coincidencia Rubmaps es una excelente manera de encontrar posibles coincidencias para su aplicaci\u00f3n de citas. Utiliza una variedad de criterios para encontrar coincidencias, incluida la ubicaci\u00f3n, la edad, el g\u00e9nero y los intereses. Tambi\u00e9n puede configurar sus propios criterios, como la distancia con usted, el rango de edad y el sexo. El sistema buscar\u00e1 coincidencias y le proporcionar\u00e1 una lista de posibles coincidencias.<\/p>\n<h2>Opciones<\/h2>\n<p>Hay una variedad de aplicaciones de citas disponibles que se adaptan a diferentes opciones de Rubmaps. Algunas aplicaciones est\u00e1n dise\u00f1adas para audiencias espec\u00edficas, mientras que otras son m\u00e1s generales. Algunas aplicaciones de citas populares incluyen Tinder, Bumble y Grindr. Cada aplicaci\u00f3n tiene sus propios pros y contras, por lo que es importante elegir la que mejor se adapte a sus necesidades. Tinder es una opci\u00f3n popular para muchas personas, ya que es f\u00e1cil de usar y hay muchas coincidencias potenciales disponibles. Sin embargo, es importante tener en cuenta que Tinder es conocida por ser una aplicaci\u00f3n de conexi\u00f3n, por lo que no es la mejor opci\u00f3n si est\u00e1 buscando una relaci\u00f3n seria. Bumble es otra aplicaci\u00f3n de citas popular que es similar a Tinder, pero pone m\u00e1s \u00e9nfasis en la seguridad y el respeto. Grindr es una aplicaci\u00f3n de citas dise\u00f1ada espec\u00edficamente para personas LGBTQ +, y es una gran opci\u00f3n si est\u00e1 buscando una comunidad segura e inclusiva.<\/p>\n<h2>Seguridad<\/h2>\n<p>Rubmaps es una aplicaci\u00f3n de citas que permite a los usuarios <a href=\"http:\/\/mmabay.co.uk\/es\/heatedaffairs\/\">encontrar posibles coincidencias<\/a> dentro de su \u00e1rea local. La aplicaci\u00f3n se puede descargar y usar de forma gratuita, y est\u00e1 disponible para dispositivos iOS y Android. Rubmaps es una forma segura de conocer gente nueva, y es una de las aplicaciones de citas m\u00e1s populares del mundo. M\u00e1s de 50 millones de personas han utilizado Rubmaps para encontrar una coincidencia, y la aplicaci\u00f3n tiene una calificaci\u00f3n de 4.5 estrellas en la App Store. Rubmaps es una excelente manera de conocer gente nueva, y es una forma segura de encontrar una pareja.<\/p>\n<h2>Costos de membres\u00eda<\/h2>\n<p>Suponiendo que se refiera al sitio web Rubmaps, una membres\u00eda mensual cuesta $ 15.95. Sin embargo, tambi\u00e9n hay una prueba de tres d\u00edas disponible por $ 4.95. Rubmaps es esencialmente un directorio de salones de masajes que han sido revisados por los usuarios del sitio web. Las revisiones incluyen informaci\u00f3n sobre la calidad del masaje, el precio y la experiencia general. Adem\u00e1s de las rese\u00f1as, Rubmaps tambi\u00e9n ofrece un foro donde los usuarios pueden discutir sus experiencias.<\/p>\n<h2>Perfil y registro<\/h2>\n<p>Rubmaps es una popular aplicaci\u00f3n de citas que permite a los usuarios encontrar posibles coincidencias en funci\u00f3n de su ubicaci\u00f3n. La aplicaci\u00f3n tambi\u00e9n incluye una funci\u00f3n de mensajer\u00eda, que facilita a los usuarios conectarse entre s\u00ed. Sin embargo, para usar la aplicaci\u00f3n, los usuarios deben crear un perfil y registrarse para obtener una cuenta. El proceso es simple y directo, y solo toma unos minutos completarlo. Una vez que los usuarios se han registrado, pueden comenzar a navegar a trav\u00e9s de posibles coincidencias. Si encuentran a alguien que les interesa, pueden enviar un mensaje y comenzar a chatear. La aplicaci\u00f3n se puede descargar y usar de forma gratuita, y est\u00e1 disponible para dispositivos iOS y Android.<\/p>\n<h2>Alternativas a Rubmaps<\/h2>\n<p>Hay algunas alternativas a Rubmaps si est\u00e1s buscando una aplicaci\u00f3n de citas. Una opci\u00f3n es usar un sitio de citas tradicional como Match.com o eHarmony. Estos sitios requieren que cree un perfil y responda preguntas sobre usted, que se pueden usar para emparejarlo con posibles fechas.<\/p>\n<p>Otra opci\u00f3n es usar una aplicaci\u00f3n de citas m\u00f3viles como Tinder o Bumble. Estas aplicaciones le permiten navegar a trav\u00e9s de los perfiles de otros usuarios en su \u00e1rea y deslizar el dedo hacia la derecha si est\u00e1 interesado en alguien. Si tambi\u00e9n deslizan el dedo hacia la derecha sobre ti, entonces est\u00e1s emparejado y puedes chatear entre s\u00ed.<\/p>\n<p>Finalmente, puede intentar usar un servicio de citas en l\u00ednea espec\u00edficamente para terapeutas de masaje. Estos sitios pueden ayudarlo a conectarse con otros terapeutas de masaje en su \u00e1rea que pueden estar interesados en citas.<\/p>\n<h2>\u00bfVale la pena Rubmaps?<\/h2>\n<p>Si est\u00e1 buscando una aplicaci\u00f3n de citas que le permita conectarse con otros usuarios en su \u00e1rea, Rubmaps definitivamente vale la pena el costo. La aplicaci\u00f3n es f\u00e1cil de usar y es una excelente manera de conocer gente nueva en su \u00e1rea. Sin embargo, tenga en cuenta que Rubmaps es una aplicaci\u00f3n de conexi\u00f3n, por lo que si est\u00e1 buscando una relaci\u00f3n seria, esta puede no ser la aplicaci\u00f3n para usted.<\/p>\n","protected":false},"excerpt":{"rendered":"<div class=\"mh-excerpt\"><p>Rubmaps es una aplicaci\u00f3n de citas local que permite a los usuarios encontrar usuarios de Rubmaps en su \u00e1rea y chatear con ellos. La aplicaci\u00f3n <a class=\"mh-excerpt-more\" href=\"https:\/\/mmabay.co.uk\/es\/mapas-de-rublos\/\" title=\"Mapas de rublos\">[&#8230;]<\/a><\/p>\n<\/div>","protected":false},"author":1,"featured_media":0,"parent":0,"menu_order":0,"comment_status":"closed","ping_status":"closed","template":"","meta":[],"yoast_head":"<!-- This site is optimized with the Yoast SEO plugin v17.7.1 - https:\/\/yoast.com\/wordpress\/plugins\/seo\/ -->\n<title>Mapas de rublos - Bay Reviews<\/title>\n<meta name=\"robots\" content=\"index, follow, max-snippet:-1, max-image-preview:large, max-video-preview:-1\" \/>\n<link rel=\"canonical\" href=\"https:\/\/mmabay.co.uk\/es\/mapas-de-rublos\/\" \/>\n<meta property=\"og:locale\" content=\"es_ES\" \/>\n<meta property=\"og:type\" content=\"article\" \/>\n<meta property=\"og:title\" content=\"Mapas de rublos - Bay Reviews\" \/>\n<meta property=\"og:description\" content=\"Rubmaps es una aplicaci\u00f3n de citas local que permite a los usuarios encontrar usuarios de Rubmaps en su \u00e1rea y chatear con ellos. La aplicaci\u00f3n [...]\" \/>\n<meta property=\"og:url\" content=\"https:\/\/mmabay.co.uk\/es\/mapas-de-rublos\/\" \/>\n<meta property=\"og:site_name\" content=\"Bay Reviews\" \/>\n<meta name=\"twitter:card\" content=\"summary_large_image\" \/>\n<meta name=\"twitter:label1\" content=\"Tiempo de lectura\" \/>\n\t<meta name=\"twitter:data1\" content=\"4 minutos\" \/>\n<script type=\"application\/ld+json\" class=\"yoast-schema-graph\">{\"@context\":\"https:\/\/schema.org\",\"@graph\":[{\"@type\":\"WebSite\",\"@id\":\"https:\/\/mmabay.co.uk\/es\/#website\",\"url\":\"https:\/\/mmabay.co.uk\/es\/\",\"name\":\"Bay Reviews\",\"description\":\"Casual Hookup Finder\",\"potentialAction\":[{\"@type\":\"SearchAction\",\"target\":{\"@type\":\"EntryPoint\",\"urlTemplate\":\"https:\/\/mmabay.co.uk\/es\/?s={search_term_string}\"},\"query-input\":\"required name=search_term_string\"}],\"inLanguage\":\"es\"},{\"@type\":\"WebPage\",\"@id\":\"https:\/\/mmabay.co.uk\/es\/mapas-de-rublos\/#webpage\",\"url\":\"https:\/\/mmabay.co.uk\/es\/mapas-de-rublos\/\",\"name\":\"Mapas de rublos - Bay Reviews\",\"isPartOf\":{\"@id\":\"https:\/\/mmabay.co.uk\/es\/#website\"},\"datePublished\":\"2022-10-03T12:10:53+00:00\",\"dateModified\":\"2022-10-03T12:10:53+00:00\",\"breadcrumb\":{\"@id\":\"https:\/\/mmabay.co.uk\/es\/mapas-de-rublos\/#breadcrumb\"},\"inLanguage\":\"es\",\"potentialAction\":[{\"@type\":\"ReadAction\",\"target\":[\"https:\/\/mmabay.co.uk\/es\/mapas-de-rublos\/\"]}]},{\"@type\":\"BreadcrumbList\",\"@id\":\"https:\/\/mmabay.co.uk\/es\/mapas-de-rublos\/#breadcrumb\",\"itemListElement\":[{\"@type\":\"ListItem\",\"position\":1,\"name\":\"Home\",\"item\":\"https:\/\/mmabay.co.uk\/es\/\"},{\"@type\":\"ListItem\",\"position\":2,\"name\":\"Mapas de rublos\"}]}]}<\/script>\n<!-- \/ Yoast SEO plugin. -->","yoast_head_json":{"title":"Mapas de rublos - Bay Reviews","robots":{"index":"index","follow":"follow","max-snippet":"max-snippet:-1","max-image-preview":"max-image-preview:large","max-video-preview":"max-video-preview:-1"},"canonical":"https:\/\/mmabay.co.uk\/es\/mapas-de-rublos\/","og_locale":"es_ES","og_type":"article","og_title":"Mapas de rublos - Bay Reviews","og_description":"Rubmaps es una aplicaci\u00f3n de citas local que permite a los usuarios encontrar usuarios de Rubmaps en su \u00e1rea y chatear con ellos. La aplicaci\u00f3n [...]","og_url":"https:\/\/mmabay.co.uk\/es\/mapas-de-rublos\/","og_site_name":"Bay Reviews","twitter_card":"summary_large_image","twitter_misc":{"Tiempo de lectura":"4 minutos"},"schema":{"@context":"https:\/\/schema.org","@graph":[{"@type":"WebSite","@id":"https:\/\/mmabay.co.uk\/es\/#website","url":"https:\/\/mmabay.co.uk\/es\/","name":"Bay Reviews","description":"Casual Hookup Finder","potentialAction":[{"@type":"SearchAction","target":{"@type":"EntryPoint","urlTemplate":"https:\/\/mmabay.co.uk\/es\/?s={search_term_string}"},"query-input":"required name=search_term_string"}],"inLanguage":"es"},{"@type":"WebPage","@id":"https:\/\/mmabay.co.uk\/es\/mapas-de-rublos\/#webpage","url":"https:\/\/mmabay.co.uk\/es\/mapas-de-rublos\/","name":"Mapas de rublos - Bay Reviews","isPartOf":{"@id":"https:\/\/mmabay.co.uk\/es\/#website"},"datePublished":"2022-10-03T12:10:53+00:00","dateModified":"2022-10-03T12:10:53+00:00","breadcrumb":{"@id":"https:\/\/mmabay.co.uk\/es\/mapas-de-rublos\/#breadcrumb"},"inLanguage":"es","potentialAction":[{"@type":"ReadAction","target":["https:\/\/mmabay.co.uk\/es\/mapas-de-rublos\/"]}]},{"@type":"BreadcrumbList","@id":"https:\/\/mmabay.co.uk\/es\/mapas-de-rublos\/#breadcrumb","itemListElement":[{"@type":"ListItem","position":1,"name":"Home","item":"https:\/\/mmabay.co.uk\/es\/"},{"@type":"ListItem","position":2,"name":"Mapas de rublos"}]}]}},"_links":{"self":[{"href":"https:\/\/mmabay.co.uk\/es\/wp-json\/wp\/v2\/pages\/152"}],"collection":[{"href":"https:\/\/mmabay.co.uk\/es\/wp-json\/wp\/v2\/pages"}],"about":[{"href":"https:\/\/mmabay.co.uk\/es\/wp-json\/wp\/v2\/types\/page"}],"author":[{"embeddable":true,"href":"https:\/\/mmabay.co.uk\/es\/wp-json\/wp\/v2\/users\/1"}],"replies":[{"embeddable":true,"href":"https:\/\/mmabay.co.uk\/es\/wp-json\/wp\/v2\/comments?post=152"}],"version-history":[{"count":0,"href":"https:\/\/mmabay.co.uk\/es\/wp-json\/wp\/v2\/pages\/152\/revisions"}],"wp:attachment":[{"href":"https:\/\/mmabay.co.uk\/es\/wp-json\/wp\/v2\/media?parent=152"}],"curies":[{"name":"wp","href":"https:\/\/api.w.org\/{rel}","templated":true}]}}