{"id":159,"date":"2022-10-03T13:15:06","date_gmt":"2022-10-03T12:15:06","guid":{"rendered":"http:\/\/mmabay.co.uk\/fabswingers\/"},"modified":"2022-10-03T13:15:06","modified_gmt":"2022-10-03T12:15:06","slug":"fabswingers","status":"publish","type":"page","link":"https:\/\/mmabay.co.uk\/es\/fabswingers\/","title":{"rendered":"FabSwingers"},"content":{"rendered":"<p>Hay muchas aplicaciones de citas por ah\u00ed, pero FabSwingers es una de las \u00fanicas espec\u00edficamente para swingers. Esto lo convierte en una gran opci\u00f3n para las personas que est\u00e1n en ese estilo de vida. La aplicaci\u00f3n es f\u00e1cil de usar y tiene muchas caracter\u00edsticas, lo que la convierte en una excelente opci\u00f3n para los swingers que desean conocer a otros swingers. La aplicaci\u00f3n tambi\u00e9n es de uso gratuito, lo cual es otra gran ventaja. En general, FabSwingers es una gran opci\u00f3n para los swingers que desean conocer a otros swingers en su \u00e1rea.<\/p>\n<h2>\u00bfC\u00f3mo son las caracter\u00edsticas?<\/h2>\n<p>FabSwingers es una aplicaci\u00f3n de citas que <a href=\"http:\/\/mmabay.co.uk\/es\/xcheaters\/\">permite a los usuarios conectarse con otras personas de ideas afines en su \u00e1rea<\/a>. La aplicaci\u00f3n tiene una variedad de caracter\u00edsticas que facilitan la b\u00fasqueda y conexi\u00f3n con posibles coincidencias. Los usuarios pueden buscar otros miembros por ubicaci\u00f3n, edad e intereses. Tambi\u00e9n pueden ver perfiles y fotos, y enviar mensajes. La aplicaci\u00f3n tambi\u00e9n tiene una funci\u00f3n de chat, por lo que los usuarios pueden chatear con otros miembros en tiempo real.<\/p>\n<h2>Opciones de membres\u00eda<\/h2>\n<p>FabSwingers es una aplicaci\u00f3n de citas que te permite conectarte con otros swingers en tu \u00e1rea. Hay dos opciones de membres\u00eda disponibles: gratuita y de pago. La membres\u00eda gratuita le da acceso a las caracter\u00edsticas b\u00e1sicas de la aplicaci\u00f3n, mientras que la membres\u00eda paga le da acceso a todas las funciones de la aplicaci\u00f3n. La membres\u00eda paga tambi\u00e9n le da acceso a funciones exclusivas, como la capacidad de ver qui\u00e9n est\u00e1 en l\u00ednea y qui\u00e9n no.<\/p>\n<p>El costo de una membres\u00eda de FabSwingers es muy razonable en comparaci\u00f3n con otras aplicaciones de citas. Por una tarifa mensual, obtiene acceso a todas las funciones del sitio, incluidas las vistas de mensajer\u00eda, b\u00fasqueda y perfil. Tambi\u00e9n obtiene acceso a la extensa base de datos de miembros del sitio. El costo de una membres\u00eda de FabSwingers es muy razonable en comparaci\u00f3n con otras aplicaciones de citas.<\/p>\n<h2>Registrarse &#8211; \u00bfEs f\u00e1cil?<\/h2>\n<p>\u00a1S\u00ed, registrarse en FabSwingers es f\u00e1cil! Simplemente dir\u00edjase al sitio web y complete un formulario r\u00e1pido con su direcci\u00f3n de correo electr\u00f3nico, nombre de usuario y contrase\u00f1a. Una vez que est\u00e9 todo configurado, puede comenzar a navegar por los perfiles, enviar mensajes y organizar reuniones con otros miembros. Todo el proceso solo deber\u00eda tomar unos minutos, y luego estar\u00e1 en camino de conocer gente nueva y disfrutar de todos los beneficios del sitio.<\/p>\n<h2>Alternativas a Fabswingers<\/h2>\n<p>Hay algunas alternativas a FabSwingers que atienden a aquellos interesados en el estilo de vida swinging. SDC (Swingers Date Club) y Kasidie son dos opciones populares. Ambas plataformas ofrecen una experiencia similar a FabSwingers, con una gran base de usuarios y varias caracter\u00edsticas para ayudarlo a conectarse con otros swingers.<\/p>\n<p>Si no est\u00e1 interesado en el estilo de vida oscilante, hay muchas otras aplicaciones de citas que pueden satisfacer sus necesidades. Tinder, Bumble y Hinge son opciones populares para aquellos que buscan una experiencia de citas m\u00e1s tradicional.<\/p>\n<p>FabSwingers es una de las aplicaciones de citas m\u00e1s seguras disponibles. La aplicaci\u00f3n requiere que todos los usuarios verifiquen su identidad con una direcci\u00f3n de correo electr\u00f3nico v\u00e1lida, y todos los perfiles de usuario son examinados a fondo por el equipo de FabSwingers. Adem\u00e1s, la aplicaci\u00f3n utiliza una estricta pol\u00edtica de privacidad para mantener los datos de los usuarios seguros y protegidos. En general, FabSwingers es una opci\u00f3n segura y confiable para aquellos que buscan un compa\u00f1ero oscilante.<\/p>\n<h2>\u00bfVale la pena Fabswingers?<\/h2>\n<p>Hay muchas aplicaciones de citas por ah\u00ed y puede ser dif\u00edcil decidir con cu\u00e1l ir. Algunas personas juran por Tinder, mientras que otras prefieren Bumble. Luego est\u00e1n las aplicaciones como Plenty of Fish y Match.com. Y no te olvides de todas las aplicaciones de citas de nicho como Jdate y Christian Mingle. Entonces, \u00bfd\u00f3nde encaja FabSwingers? Bueno, si est\u00e1 buscando una aplicaci\u00f3n de citas que atienda a los swingers, entonces FabSwingers definitivamente vale la pena el costo. La aplicaci\u00f3n es f\u00e1cil de usar y tiene muchas caracter\u00edsticas excelentes. Adem\u00e1s, es mucho m\u00e1s barato que la mayor\u00eda de las otras aplicaciones de citas que existen.<\/p>\n<p>Entonces, si est\u00e1 buscando agregar un poco de sabor a su vida de citas, entonces FabSwingers es definitivamente el camino a seguir.<\/p>\n","protected":false},"excerpt":{"rendered":"<div class=\"mh-excerpt\"><p>Hay muchas aplicaciones de citas por ah\u00ed, pero FabSwingers es una de las \u00fanicas espec\u00edficamente para swingers. Esto lo convierte en una gran opci\u00f3n para <a class=\"mh-excerpt-more\" href=\"https:\/\/mmabay.co.uk\/es\/fabswingers\/\" title=\"FabSwingers\">[&#8230;]<\/a><\/p>\n<\/div>","protected":false},"author":1,"featured_media":0,"parent":0,"menu_order":0,"comment_status":"closed","ping_status":"closed","template":"","meta":[],"yoast_head":"<!-- This site is optimized with the Yoast SEO plugin v17.7.1 - https:\/\/yoast.com\/wordpress\/plugins\/seo\/ -->\n<title>FabSwingers - Bay Reviews<\/title>\n<meta name=\"robots\" content=\"index, follow, max-snippet:-1, max-image-preview:large, max-video-preview:-1\" \/>\n<link rel=\"canonical\" href=\"https:\/\/mmabay.co.uk\/es\/fabswingers\/\" \/>\n<meta property=\"og:locale\" content=\"es_ES\" \/>\n<meta property=\"og:type\" content=\"article\" \/>\n<meta property=\"og:title\" content=\"FabSwingers - Bay Reviews\" \/>\n<meta property=\"og:description\" content=\"Hay muchas aplicaciones de citas por ah\u00ed, pero FabSwingers es una de las \u00fanicas espec\u00edficamente para swingers. Esto lo convierte en una gran opci\u00f3n para [...]\" \/>\n<meta property=\"og:url\" content=\"https:\/\/mmabay.co.uk\/es\/fabswingers\/\" \/>\n<meta property=\"og:site_name\" content=\"Bay Reviews\" \/>\n<meta name=\"twitter:card\" content=\"summary_large_image\" \/>\n<meta name=\"twitter:label1\" content=\"Tiempo de lectura\" \/>\n\t<meta name=\"twitter:data1\" content=\"4 minutos\" \/>\n<script type=\"application\/ld+json\" class=\"yoast-schema-graph\">{\"@context\":\"https:\/\/schema.org\",\"@graph\":[{\"@type\":\"WebSite\",\"@id\":\"https:\/\/mmabay.co.uk\/es\/#website\",\"url\":\"https:\/\/mmabay.co.uk\/es\/\",\"name\":\"Bay Reviews\",\"description\":\"Casual Hookup Finder\",\"potentialAction\":[{\"@type\":\"SearchAction\",\"target\":{\"@type\":\"EntryPoint\",\"urlTemplate\":\"https:\/\/mmabay.co.uk\/es\/?s={search_term_string}\"},\"query-input\":\"required name=search_term_string\"}],\"inLanguage\":\"es\"},{\"@type\":\"WebPage\",\"@id\":\"https:\/\/mmabay.co.uk\/es\/fabswingers\/#webpage\",\"url\":\"https:\/\/mmabay.co.uk\/es\/fabswingers\/\",\"name\":\"FabSwingers - Bay Reviews\",\"isPartOf\":{\"@id\":\"https:\/\/mmabay.co.uk\/es\/#website\"},\"datePublished\":\"2022-10-03T12:15:06+00:00\",\"dateModified\":\"2022-10-03T12:15:06+00:00\",\"breadcrumb\":{\"@id\":\"https:\/\/mmabay.co.uk\/es\/fabswingers\/#breadcrumb\"},\"inLanguage\":\"es\",\"potentialAction\":[{\"@type\":\"ReadAction\",\"target\":[\"https:\/\/mmabay.co.uk\/es\/fabswingers\/\"]}]},{\"@type\":\"BreadcrumbList\",\"@id\":\"https:\/\/mmabay.co.uk\/es\/fabswingers\/#breadcrumb\",\"itemListElement\":[{\"@type\":\"ListItem\",\"position\":1,\"name\":\"Home\",\"item\":\"https:\/\/mmabay.co.uk\/es\/\"},{\"@type\":\"ListItem\",\"position\":2,\"name\":\"FabSwingers\"}]}]}<\/script>\n<!-- \/ Yoast SEO plugin. -->","yoast_head_json":{"title":"FabSwingers - Bay Reviews","robots":{"index":"index","follow":"follow","max-snippet":"max-snippet:-1","max-image-preview":"max-image-preview:large","max-video-preview":"max-video-preview:-1"},"canonical":"https:\/\/mmabay.co.uk\/es\/fabswingers\/","og_locale":"es_ES","og_type":"article","og_title":"FabSwingers - Bay Reviews","og_description":"Hay muchas aplicaciones de citas por ah\u00ed, pero FabSwingers es una de las \u00fanicas espec\u00edficamente para swingers. Esto lo convierte en una gran opci\u00f3n para [...]","og_url":"https:\/\/mmabay.co.uk\/es\/fabswingers\/","og_site_name":"Bay Reviews","twitter_card":"summary_large_image","twitter_misc":{"Tiempo de lectura":"4 minutos"},"schema":{"@context":"https:\/\/schema.org","@graph":[{"@type":"WebSite","@id":"https:\/\/mmabay.co.uk\/es\/#website","url":"https:\/\/mmabay.co.uk\/es\/","name":"Bay Reviews","description":"Casual Hookup Finder","potentialAction":[{"@type":"SearchAction","target":{"@type":"EntryPoint","urlTemplate":"https:\/\/mmabay.co.uk\/es\/?s={search_term_string}"},"query-input":"required name=search_term_string"}],"inLanguage":"es"},{"@type":"WebPage","@id":"https:\/\/mmabay.co.uk\/es\/fabswingers\/#webpage","url":"https:\/\/mmabay.co.uk\/es\/fabswingers\/","name":"FabSwingers - Bay Reviews","isPartOf":{"@id":"https:\/\/mmabay.co.uk\/es\/#website"},"datePublished":"2022-10-03T12:15:06+00:00","dateModified":"2022-10-03T12:15:06+00:00","breadcrumb":{"@id":"https:\/\/mmabay.co.uk\/es\/fabswingers\/#breadcrumb"},"inLanguage":"es","potentialAction":[{"@type":"ReadAction","target":["https:\/\/mmabay.co.uk\/es\/fabswingers\/"]}]},{"@type":"BreadcrumbList","@id":"https:\/\/mmabay.co.uk\/es\/fabswingers\/#breadcrumb","itemListElement":[{"@type":"ListItem","position":1,"name":"Home","item":"https:\/\/mmabay.co.uk\/es\/"},{"@type":"ListItem","position":2,"name":"FabSwingers"}]}]}},"_links":{"self":[{"href":"https:\/\/mmabay.co.uk\/es\/wp-json\/wp\/v2\/pages\/159"}],"collection":[{"href":"https:\/\/mmabay.co.uk\/es\/wp-json\/wp\/v2\/pages"}],"about":[{"href":"https:\/\/mmabay.co.uk\/es\/wp-json\/wp\/v2\/types\/page"}],"author":[{"embeddable":true,"href":"https:\/\/mmabay.co.uk\/es\/wp-json\/wp\/v2\/users\/1"}],"replies":[{"embeddable":true,"href":"https:\/\/mmabay.co.uk\/es\/wp-json\/wp\/v2\/comments?post=159"}],"version-history":[{"count":0,"href":"https:\/\/mmabay.co.uk\/es\/wp-json\/wp\/v2\/pages\/159\/revisions"}],"wp:attachment":[{"href":"https:\/\/mmabay.co.uk\/es\/wp-json\/wp\/v2\/media?parent=159"}],"curies":[{"name":"wp","href":"https:\/\/api.w.org\/{rel}","templated":true}]}}