{"id":194,"date":"2022-10-03T13:09:41","date_gmt":"2022-10-03T12:09:41","guid":{"rendered":"http:\/\/mmabay.co.uk\/lista-doble\/"},"modified":"2022-10-03T13:09:41","modified_gmt":"2022-10-03T12:09:41","slug":"lista-doble","status":"publish","type":"page","link":"https:\/\/mmabay.co.uk\/es\/lista-doble\/","title":{"rendered":"Lista doble"},"content":{"rendered":"<p>Hay una nueva aplicaci\u00f3n de citas en la escena, y se llama DoubleList. A diferencia de otras aplicaciones de citas, DoubleList est\u00e1 dise\u00f1ado espec\u00edficamente para personas que buscan sexo NSA (sin condiciones).<\/p>\n<p>Si est\u00e1 cansado de deslizar hacia la izquierda y hacia la derecha, solo para sentirse decepcionado con los resultados, entonces puede valer la pena echarle un vistazo a DoubleList. La aplicaci\u00f3n a\u00fan se encuentra en sus primeras etapas, pero ya ha ganado mucha tracci\u00f3n entre los usuarios que buscan algo un poco diferente. Por lo tanto, si est\u00e1 interesado en explorar su sexualidad sin ning\u00fan tipo de condiciones, entonces DoubleList podr\u00eda ser la aplicaci\u00f3n para usted.<\/p>\n<h2>Caracter\u00edsticas de la aplicaci\u00f3n<\/h2>\n<p>DoubleList es una nueva aplicaci\u00f3n de citas que permite a los usuarios <a href=\"http:\/\/mmabay.co.uk\/xpickup\/\">encontrar coincidencias en funci\u00f3n de su ubicaci\u00f3n e intereses<\/a>. La aplicaci\u00f3n tambi\u00e9n permite a los usuarios configurar un perfil y agregar fotos, para que las posibles coincidencias puedan aprender m\u00e1s sobre ellas. Una de las caracter\u00edsticas \u00fanicas de DoubleList es la capacidad de ver a qui\u00e9n le ha gustado antes de que haya coincidido con ellos. Esto significa que puede comenzar a chatear con alguien de inmediato, sin tener que esperar a que le guste. DoubleList es tambi\u00e9n una de las \u00fanicas aplicaciones de citas que permite a los usuarios buscar coincidencias por palabra clave, para que pueda encontrar a alguien que comparta sus intereses. La aplicaci\u00f3n se puede descargar y usar de forma gratuita, y est\u00e1 disponible tanto en iOS como en Android.<\/p>\n<h2>Su elecci\u00f3n<\/h2>\n<p>No hay duda de que las aplicaciones de citas han cambiado la forma en que salimos. Ya no estamos limitados a conocer a alguien en un bar o a trav\u00e9s de un amigo en com\u00fan. Ahora, simplemente podemos deslizar el dedo hacia la derecha para conectarnos con alguien que nos llame la atenci\u00f3n.<\/p>\n<p>Pero con tantas aplicaciones de citas para elegir, puede ser dif\u00edcil saber cu\u00e1l es la adecuada para usted. Es por eso que hemos creado una lista de las mejores aplicaciones de citas, para que pueda tomar una decisi\u00f3n informada sobre qu\u00e9 aplicaci\u00f3n es la adecuada para usted. Si est\u00e1 buscando una relaci\u00f3n seria, le recomendamos eHarmony. Esta aplicaci\u00f3n est\u00e1 dise\u00f1ada para ayudarlo a encontrar una pareja a largo plazo, y es una de las aplicaciones de citas m\u00e1s populares que existen. Si est\u00e1s buscando algo un poco m\u00e1s casual, entonces te recomendamos Tinder. Esta aplicaci\u00f3n es perfecta para las personas que solo buscan una conexi\u00f3n r\u00e1pida.<\/p>\n<p>Y si est\u00e1s buscando algo intermedio, \u00a1entonces te recomendamos DoubleList!<\/p>\n<h2>Costos de la prima<\/h2>\n<p>DoubleList es una aplicaci\u00f3n de citas que permite a los usuarios conectarse entre s\u00ed por una variedad de razones, incluidas citas, conexi\u00f3n o simplemente hacer nuevos amigos. La aplicaci\u00f3n se puede descargar y usar de forma gratuita, pero tambi\u00e9n ofrece una suscripci\u00f3n premium que brinda a los usuarios acceso a funciones adicionales, como opciones de b\u00fasqueda avanzada y la capacidad de ver qui\u00e9n ha visto su perfil. La suscripci\u00f3n premium cuesta $ 9.99 por mes, y se renueva autom\u00e1ticamente cada mes a menos que la cancele. La aplicaci\u00f3n tambi\u00e9n permite a los usuarios registrarse para obtener una cuenta e iniciar sesi\u00f3n. La aplicaci\u00f3n tiene una interfaz simple y es f\u00e1cil de usar. DoubleList es una gran aplicaci\u00f3n para conocer gente nueva y conectarse con otros usuarios.<\/p>\n<h2>Alternativas a DoubleList<\/h2>\n<p>Hay muchas alternativas a DoubleList para aquellos que buscan una aplicaci\u00f3n de citas. Algunos de estos incluyen Tinder, Bumble, OkCupid y Match.com. Todas estas aplicaciones tienen sus propias caracter\u00edsticas \u00fanicas y atienden a diferentes audiencias. Por ejemplo, Tinder es una de las aplicaciones de citas m\u00e1s populares y es conocida por su funci\u00f3n de deslizamiento. Bumble es otra aplicaci\u00f3n popular que permite a las mujeres dar el primer paso. OkCupid es una aplicaci\u00f3n gratuita que es conocida por sus perfiles en profundidad y Match.com es una aplicaci\u00f3n de pago que se considera m\u00e1s seria.<\/p>\n<h2>Seguridad<\/h2>\n<p>Cuando se trata de citas en l\u00ednea, la seguridad siempre es una preocupaci\u00f3n importante. Sin embargo, puede estar seguro de que DoubleList es una aplicaci\u00f3n de citas segura y protegida. Toda su informaci\u00f3n personal est\u00e1 protegida y la aplicaci\u00f3n utiliza cifrado SSL para mantener sus datos seguros. Adem\u00e1s, DoubleList emplea a un equipo de expertos en seguridad que siempre est\u00e1n trabajando para mantener la aplicaci\u00f3n segura y protegida. Por lo tanto, puede concentrarse en encontrar su pareja perfecta sin preocuparse por su seguridad.<\/p>\n<h2>\u00bfVale la pena DoubleList?<\/h2>\n<p>Hay muchas aplicaciones de citas por ah\u00ed, por lo que puede ser dif\u00edcil decidir en cu\u00e1l gastar su dinero. Si est\u00e1 considerando DoubleList, vale la pena considerar el costo. Una suscripci\u00f3n mensual a la aplicaci\u00f3n cuesta $ 9.99, lo cual no est\u00e1 tan mal. Sin embargo, tambi\u00e9n debe pagar $ 0.99 por mensaje que env\u00ede, lo que puede sumar si es un usuario intensivo.<\/p>\n<p>Entonces, \u00bfvale la pena el costo de DoubleList? Eso depende de c\u00f3mo lo uses. Si eres un usuario casual que solo env\u00eda unos pocos mensajes al mes, probablemente no valga la pena. Sin embargo, si eres un usuario intensivo que env\u00eda muchos mensajes, podr\u00eda valer la pena el costo.<\/p>\n","protected":false},"excerpt":{"rendered":"<div class=\"mh-excerpt\"><p>Hay una nueva aplicaci\u00f3n de citas en la escena, y se llama DoubleList. A diferencia de otras aplicaciones de citas, DoubleList est\u00e1 dise\u00f1ado espec\u00edficamente para <a class=\"mh-excerpt-more\" href=\"https:\/\/mmabay.co.uk\/es\/lista-doble\/\" title=\"Lista doble\">[&#8230;]<\/a><\/p>\n<\/div>","protected":false},"author":1,"featured_media":0,"parent":0,"menu_order":0,"comment_status":"closed","ping_status":"closed","template":"","meta":[],"yoast_head":"<!-- This site is optimized with the Yoast SEO plugin v17.7.1 - https:\/\/yoast.com\/wordpress\/plugins\/seo\/ -->\n<title>Lista doble - Bay Reviews<\/title>\n<meta name=\"robots\" content=\"index, follow, max-snippet:-1, max-image-preview:large, max-video-preview:-1\" \/>\n<link rel=\"canonical\" href=\"https:\/\/mmabay.co.uk\/es\/lista-doble\/\" \/>\n<meta property=\"og:locale\" content=\"es_ES\" \/>\n<meta property=\"og:type\" content=\"article\" \/>\n<meta property=\"og:title\" content=\"Lista doble - Bay Reviews\" \/>\n<meta property=\"og:description\" content=\"Hay una nueva aplicaci\u00f3n de citas en la escena, y se llama DoubleList. A diferencia de otras aplicaciones de citas, DoubleList est\u00e1 dise\u00f1ado espec\u00edficamente para [...]\" \/>\n<meta property=\"og:url\" content=\"https:\/\/mmabay.co.uk\/es\/lista-doble\/\" \/>\n<meta property=\"og:site_name\" content=\"Bay Reviews\" \/>\n<meta name=\"twitter:card\" content=\"summary_large_image\" \/>\n<meta name=\"twitter:label1\" content=\"Tiempo de lectura\" \/>\n\t<meta name=\"twitter:data1\" content=\"5 minutos\" \/>\n<script type=\"application\/ld+json\" class=\"yoast-schema-graph\">{\"@context\":\"https:\/\/schema.org\",\"@graph\":[{\"@type\":\"WebSite\",\"@id\":\"https:\/\/mmabay.co.uk\/es\/#website\",\"url\":\"https:\/\/mmabay.co.uk\/es\/\",\"name\":\"Bay Reviews\",\"description\":\"Casual Hookup Finder\",\"potentialAction\":[{\"@type\":\"SearchAction\",\"target\":{\"@type\":\"EntryPoint\",\"urlTemplate\":\"https:\/\/mmabay.co.uk\/es\/?s={search_term_string}\"},\"query-input\":\"required name=search_term_string\"}],\"inLanguage\":\"es\"},{\"@type\":\"WebPage\",\"@id\":\"https:\/\/mmabay.co.uk\/es\/lista-doble\/#webpage\",\"url\":\"https:\/\/mmabay.co.uk\/es\/lista-doble\/\",\"name\":\"Lista doble - Bay Reviews\",\"isPartOf\":{\"@id\":\"https:\/\/mmabay.co.uk\/es\/#website\"},\"datePublished\":\"2022-10-03T12:09:41+00:00\",\"dateModified\":\"2022-10-03T12:09:41+00:00\",\"breadcrumb\":{\"@id\":\"https:\/\/mmabay.co.uk\/es\/lista-doble\/#breadcrumb\"},\"inLanguage\":\"es\",\"potentialAction\":[{\"@type\":\"ReadAction\",\"target\":[\"https:\/\/mmabay.co.uk\/es\/lista-doble\/\"]}]},{\"@type\":\"BreadcrumbList\",\"@id\":\"https:\/\/mmabay.co.uk\/es\/lista-doble\/#breadcrumb\",\"itemListElement\":[{\"@type\":\"ListItem\",\"position\":1,\"name\":\"Home\",\"item\":\"https:\/\/mmabay.co.uk\/es\/\"},{\"@type\":\"ListItem\",\"position\":2,\"name\":\"Lista doble\"}]}]}<\/script>\n<!-- \/ Yoast SEO plugin. -->","yoast_head_json":{"title":"Lista doble - Bay Reviews","robots":{"index":"index","follow":"follow","max-snippet":"max-snippet:-1","max-image-preview":"max-image-preview:large","max-video-preview":"max-video-preview:-1"},"canonical":"https:\/\/mmabay.co.uk\/es\/lista-doble\/","og_locale":"es_ES","og_type":"article","og_title":"Lista doble - Bay Reviews","og_description":"Hay una nueva aplicaci\u00f3n de citas en la escena, y se llama DoubleList. A diferencia de otras aplicaciones de citas, DoubleList est\u00e1 dise\u00f1ado espec\u00edficamente para [...]","og_url":"https:\/\/mmabay.co.uk\/es\/lista-doble\/","og_site_name":"Bay Reviews","twitter_card":"summary_large_image","twitter_misc":{"Tiempo de lectura":"5 minutos"},"schema":{"@context":"https:\/\/schema.org","@graph":[{"@type":"WebSite","@id":"https:\/\/mmabay.co.uk\/es\/#website","url":"https:\/\/mmabay.co.uk\/es\/","name":"Bay Reviews","description":"Casual Hookup Finder","potentialAction":[{"@type":"SearchAction","target":{"@type":"EntryPoint","urlTemplate":"https:\/\/mmabay.co.uk\/es\/?s={search_term_string}"},"query-input":"required name=search_term_string"}],"inLanguage":"es"},{"@type":"WebPage","@id":"https:\/\/mmabay.co.uk\/es\/lista-doble\/#webpage","url":"https:\/\/mmabay.co.uk\/es\/lista-doble\/","name":"Lista doble - Bay Reviews","isPartOf":{"@id":"https:\/\/mmabay.co.uk\/es\/#website"},"datePublished":"2022-10-03T12:09:41+00:00","dateModified":"2022-10-03T12:09:41+00:00","breadcrumb":{"@id":"https:\/\/mmabay.co.uk\/es\/lista-doble\/#breadcrumb"},"inLanguage":"es","potentialAction":[{"@type":"ReadAction","target":["https:\/\/mmabay.co.uk\/es\/lista-doble\/"]}]},{"@type":"BreadcrumbList","@id":"https:\/\/mmabay.co.uk\/es\/lista-doble\/#breadcrumb","itemListElement":[{"@type":"ListItem","position":1,"name":"Home","item":"https:\/\/mmabay.co.uk\/es\/"},{"@type":"ListItem","position":2,"name":"Lista doble"}]}]}},"_links":{"self":[{"href":"https:\/\/mmabay.co.uk\/es\/wp-json\/wp\/v2\/pages\/194"}],"collection":[{"href":"https:\/\/mmabay.co.uk\/es\/wp-json\/wp\/v2\/pages"}],"about":[{"href":"https:\/\/mmabay.co.uk\/es\/wp-json\/wp\/v2\/types\/page"}],"author":[{"embeddable":true,"href":"https:\/\/mmabay.co.uk\/es\/wp-json\/wp\/v2\/users\/1"}],"replies":[{"embeddable":true,"href":"https:\/\/mmabay.co.uk\/es\/wp-json\/wp\/v2\/comments?post=194"}],"version-history":[{"count":0,"href":"https:\/\/mmabay.co.uk\/es\/wp-json\/wp\/v2\/pages\/194\/revisions"}],"wp:attachment":[{"href":"https:\/\/mmabay.co.uk\/es\/wp-json\/wp\/v2\/media?parent=194"}],"curies":[{"name":"wp","href":"https:\/\/api.w.org\/{rel}","templated":true}]}}