{"id":211,"date":"2022-10-03T13:08:39","date_gmt":"2022-10-03T12:08:39","guid":{"rendered":"http:\/\/mmabay.co.uk\/onebbw\/"},"modified":"2022-10-03T13:08:39","modified_gmt":"2022-10-03T12:08:39","slug":"onebbw","status":"publish","type":"page","link":"https:\/\/mmabay.co.uk\/es\/onebbw\/","title":{"rendered":"OneBBW"},"content":{"rendered":"<p>OneBBW es una gu\u00eda sexual que ayuda a las mujeres de talla grande a <a href=\"http:\/\/mmabay.co.uk\/kasual\/\">encontrar parejas sexuales<\/a>. La aplicaci\u00f3n proporciona un entorno seguro para que los usuarios se conecten y chateen. OneBBW tambi\u00e9n ofrece una funci\u00f3n de citas, que permite a los usuarios encontrar coincidencias en funci\u00f3n de su ubicaci\u00f3n e intereses. La aplicaci\u00f3n se puede descargar y usar de forma gratuita, y est\u00e1 disponible para dispositivos iOS y Android.<\/p>\n<h2>Tipo de caracter\u00edsticas<\/h2>\n<p>OneBBW es una aplicaci\u00f3n de citas que est\u00e1 dise\u00f1ada espec\u00edficamente para personas de talla grande y sus admiradores. OneBBW ofrece una variedad de caracter\u00edsticas que satisfacen las necesidades y deseos \u00fanicos de sus usuarios. Algunas de estas caracter\u00edsticas incluyen un espacio \u00abgordo positivo\u00bb para que los usuarios se conecten entre s\u00ed, as\u00ed como una variedad de filtros espec\u00edficos de tipo de cuerpo y tama\u00f1o para ayudar a los usuarios a encontrar su pareja perfecta. OneBBW tambi\u00e9n ofrece una funci\u00f3n de \u00abemparejamiento\u00bb que permite a los usuarios ser emparejados con socios potenciales en funci\u00f3n de sus respuestas a una serie de preguntas. Esta caracter\u00edstica ayuda a garantizar que los usuarios coincidan con personas que sean compatibles con ellos en t\u00e9rminos de intereses, valores y estilo de vida.<\/p>\n<h2>Opciones de membres\u00eda<\/h2>\n<p>OneBBW ofrece varias opciones de membres\u00eda para satisfacer sus necesidades. Puede optar por registrarse para obtener una membres\u00eda gratuita, que le brinda acceso limitado al sitio, o puede actualizar a una membres\u00eda paga para obtener acceso completo. Las membres\u00edas pagas comienzan en $ 9.99 por mes, y puede optar por pagar por 1, 3, 6 o 12 meses por adelantado. Con una membres\u00eda paga, tendr\u00e1 acceso a todas las funciones del sitio, incluida la mensajer\u00eda, la b\u00fasqueda y la coincidencia avanzada. Tambi\u00e9n puede optar por actualizar a una membres\u00eda VIP, lo que le brinda a\u00fan m\u00e1s funciones, como atenci\u00f3n al cliente prioritaria y un sistema de mensajer\u00eda privada.<\/p>\n<p>OneBBW es una aplicaci\u00f3n de citas popular para mujeres con curvas y los hombres que las aman. La aplicaci\u00f3n tiene un sistema de facturaci\u00f3n simple y directo que facilita el seguimiento de sus gastos. Puede pagar su membres\u00eda a trav\u00e9s de PayPal o tarjeta de cr\u00e9dito, y puede cancelar su membres\u00eda en cualquier momento. OneBBW tambi\u00e9n ofrece una variedad de opciones de membres\u00eda, para que pueda elegir el plan que mejor se adapte a sus necesidades.<\/p>\n<h2>Perfil y registro<\/h2>\n<p>Si est\u00e1 buscando una aplicaci\u00f3n que atienda espec\u00edficamente a solteros de talla grande, entonces querr\u00e1 consultar OneBBW. El proceso de registro es r\u00e1pido y f\u00e1cil, y puede comenzar a navegar por los perfiles de inmediato. OneBBW tambi\u00e9n tiene una gran funci\u00f3n de b\u00fasqueda, por lo que puede encontrar f\u00e1cilmente posibles coincidencias seg\u00fan sus preferencias. Adem\u00e1s, la aplicaci\u00f3n se puede descargar y usar de forma gratuita, por lo que puede probarla sin gastar dinero.<\/p>\n<h2>Sitios como OneBBW<\/h2>\n<p>OneBBW es una aplicaci\u00f3n de citas que est\u00e1 dise\u00f1ada espec\u00edficamente para solteros de talla grande. La aplicaci\u00f3n se puede descargar gratis y crear un perfil. Est\u00e1 disponible para dispositivos iOS y Android. OneBBW tiene una interfaz limpia y simple que es f\u00e1cil de usar. La aplicaci\u00f3n tambi\u00e9n tiene una gran base de usuarios, lo que significa que hay muchas coincidencias potenciales para elegir. OneBBW es una gran opci\u00f3n para solteros de talla grande que buscan una relaci\u00f3n seria.<\/p>\n<h2>Seguridad<\/h2>\n<p>Al buscar una aplicaci\u00f3n de citas, es importante tener en cuenta la seguridad de la aplicaci\u00f3n. OneBBW es una aplicaci\u00f3n de citas segura que toma medidas para proteger a sus usuarios. La aplicaci\u00f3n requiere que los usuarios creen una cuenta e inicien sesi\u00f3n para usar la aplicaci\u00f3n. OneBBW tambi\u00e9n requiere que los usuarios verifiquen su identidad con una identificaci\u00f3n emitida por el gobierno. OneBBW tambi\u00e9n tiene una estricta pol\u00edtica antispam para proteger a los usuarios de mensajes no deseados. OneBBW es una aplicaci\u00f3n de citas segura que toma medidas para proteger a sus usuarios.<\/p>\n<h2>\u00bfVale la pena OneBBW?<\/h2>\n<p>Hay muchas aplicaciones de citas por ah\u00ed y puede ser dif\u00edcil decidir con cu\u00e1l ir. OneBBW es una aplicaci\u00f3n de citas espec\u00edficamente para mujeres de talla grande y los hombres que las aman. Es una de las aplicaciones de citas m\u00e1s caras, pero tambi\u00e9n es una de las m\u00e1s populares, por lo que vale la pena considerarla.<\/p>\n<p>OneBBW tiene muchas caracter\u00edsticas que otras aplicaciones de citas no tienen, como un espacio \u00abgordo positivo\u00bb donde las mujeres de talla grande pueden sentirse c\u00f3modas y seguras. La aplicaci\u00f3n tambi\u00e9n tiene un gran sistema de coincidencias, por lo que es probable que encuentre algunas buenas coincidencias si la usa.<\/p>\n<p>Si eres de talla grande y buscas una gran aplicaci\u00f3n de citas, definitivamente vale la pena considerar OneBBW.<\/p>\n","protected":false},"excerpt":{"rendered":"<div class=\"mh-excerpt\"><p>OneBBW es una gu\u00eda sexual que ayuda a las mujeres de talla grande a encontrar parejas sexuales. La aplicaci\u00f3n proporciona un entorno seguro para que <a class=\"mh-excerpt-more\" href=\"https:\/\/mmabay.co.uk\/es\/onebbw\/\" title=\"OneBBW\">[&#8230;]<\/a><\/p>\n<\/div>","protected":false},"author":1,"featured_media":0,"parent":0,"menu_order":0,"comment_status":"closed","ping_status":"closed","template":"","meta":[],"yoast_head":"<!-- This site is optimized with the Yoast SEO plugin v17.7.1 - https:\/\/yoast.com\/wordpress\/plugins\/seo\/ -->\n<title>OneBBW - Bay Reviews<\/title>\n<meta name=\"robots\" content=\"index, follow, max-snippet:-1, max-image-preview:large, max-video-preview:-1\" \/>\n<link rel=\"canonical\" href=\"https:\/\/mmabay.co.uk\/es\/onebbw\/\" \/>\n<meta property=\"og:locale\" content=\"es_ES\" \/>\n<meta property=\"og:type\" content=\"article\" \/>\n<meta property=\"og:title\" content=\"OneBBW - Bay Reviews\" \/>\n<meta property=\"og:description\" content=\"OneBBW es una gu\u00eda sexual que ayuda a las mujeres de talla grande a encontrar parejas sexuales. La aplicaci\u00f3n proporciona un entorno seguro para que [...]\" \/>\n<meta property=\"og:url\" content=\"https:\/\/mmabay.co.uk\/es\/onebbw\/\" \/>\n<meta property=\"og:site_name\" content=\"Bay Reviews\" \/>\n<meta name=\"twitter:card\" content=\"summary_large_image\" \/>\n<meta name=\"twitter:label1\" content=\"Tiempo de lectura\" \/>\n\t<meta name=\"twitter:data1\" content=\"4 minutos\" \/>\n<script type=\"application\/ld+json\" class=\"yoast-schema-graph\">{\"@context\":\"https:\/\/schema.org\",\"@graph\":[{\"@type\":\"WebSite\",\"@id\":\"https:\/\/mmabay.co.uk\/es\/#website\",\"url\":\"https:\/\/mmabay.co.uk\/es\/\",\"name\":\"Bay Reviews\",\"description\":\"Casual Hookup Finder\",\"potentialAction\":[{\"@type\":\"SearchAction\",\"target\":{\"@type\":\"EntryPoint\",\"urlTemplate\":\"https:\/\/mmabay.co.uk\/es\/?s={search_term_string}\"},\"query-input\":\"required name=search_term_string\"}],\"inLanguage\":\"es\"},{\"@type\":\"WebPage\",\"@id\":\"https:\/\/mmabay.co.uk\/es\/onebbw\/#webpage\",\"url\":\"https:\/\/mmabay.co.uk\/es\/onebbw\/\",\"name\":\"OneBBW - Bay Reviews\",\"isPartOf\":{\"@id\":\"https:\/\/mmabay.co.uk\/es\/#website\"},\"datePublished\":\"2022-10-03T12:08:39+00:00\",\"dateModified\":\"2022-10-03T12:08:39+00:00\",\"breadcrumb\":{\"@id\":\"https:\/\/mmabay.co.uk\/es\/onebbw\/#breadcrumb\"},\"inLanguage\":\"es\",\"potentialAction\":[{\"@type\":\"ReadAction\",\"target\":[\"https:\/\/mmabay.co.uk\/es\/onebbw\/\"]}]},{\"@type\":\"BreadcrumbList\",\"@id\":\"https:\/\/mmabay.co.uk\/es\/onebbw\/#breadcrumb\",\"itemListElement\":[{\"@type\":\"ListItem\",\"position\":1,\"name\":\"Home\",\"item\":\"https:\/\/mmabay.co.uk\/es\/\"},{\"@type\":\"ListItem\",\"position\":2,\"name\":\"OneBBW\"}]}]}<\/script>\n<!-- \/ Yoast SEO plugin. -->","yoast_head_json":{"title":"OneBBW - Bay Reviews","robots":{"index":"index","follow":"follow","max-snippet":"max-snippet:-1","max-image-preview":"max-image-preview:large","max-video-preview":"max-video-preview:-1"},"canonical":"https:\/\/mmabay.co.uk\/es\/onebbw\/","og_locale":"es_ES","og_type":"article","og_title":"OneBBW - Bay Reviews","og_description":"OneBBW es una gu\u00eda sexual que ayuda a las mujeres de talla grande a encontrar parejas sexuales. La aplicaci\u00f3n proporciona un entorno seguro para que [...]","og_url":"https:\/\/mmabay.co.uk\/es\/onebbw\/","og_site_name":"Bay Reviews","twitter_card":"summary_large_image","twitter_misc":{"Tiempo de lectura":"4 minutos"},"schema":{"@context":"https:\/\/schema.org","@graph":[{"@type":"WebSite","@id":"https:\/\/mmabay.co.uk\/es\/#website","url":"https:\/\/mmabay.co.uk\/es\/","name":"Bay Reviews","description":"Casual Hookup Finder","potentialAction":[{"@type":"SearchAction","target":{"@type":"EntryPoint","urlTemplate":"https:\/\/mmabay.co.uk\/es\/?s={search_term_string}"},"query-input":"required name=search_term_string"}],"inLanguage":"es"},{"@type":"WebPage","@id":"https:\/\/mmabay.co.uk\/es\/onebbw\/#webpage","url":"https:\/\/mmabay.co.uk\/es\/onebbw\/","name":"OneBBW - Bay Reviews","isPartOf":{"@id":"https:\/\/mmabay.co.uk\/es\/#website"},"datePublished":"2022-10-03T12:08:39+00:00","dateModified":"2022-10-03T12:08:39+00:00","breadcrumb":{"@id":"https:\/\/mmabay.co.uk\/es\/onebbw\/#breadcrumb"},"inLanguage":"es","potentialAction":[{"@type":"ReadAction","target":["https:\/\/mmabay.co.uk\/es\/onebbw\/"]}]},{"@type":"BreadcrumbList","@id":"https:\/\/mmabay.co.uk\/es\/onebbw\/#breadcrumb","itemListElement":[{"@type":"ListItem","position":1,"name":"Home","item":"https:\/\/mmabay.co.uk\/es\/"},{"@type":"ListItem","position":2,"name":"OneBBW"}]}]}},"_links":{"self":[{"href":"https:\/\/mmabay.co.uk\/es\/wp-json\/wp\/v2\/pages\/211"}],"collection":[{"href":"https:\/\/mmabay.co.uk\/es\/wp-json\/wp\/v2\/pages"}],"about":[{"href":"https:\/\/mmabay.co.uk\/es\/wp-json\/wp\/v2\/types\/page"}],"author":[{"embeddable":true,"href":"https:\/\/mmabay.co.uk\/es\/wp-json\/wp\/v2\/users\/1"}],"replies":[{"embeddable":true,"href":"https:\/\/mmabay.co.uk\/es\/wp-json\/wp\/v2\/comments?post=211"}],"version-history":[{"count":0,"href":"https:\/\/mmabay.co.uk\/es\/wp-json\/wp\/v2\/pages\/211\/revisions"}],"wp:attachment":[{"href":"https:\/\/mmabay.co.uk\/es\/wp-json\/wp\/v2\/media?parent=211"}],"curies":[{"name":"wp","href":"https:\/\/api.w.org\/{rel}","templated":true}]}}