{"id":214,"date":"2022-10-03T13:09:10","date_gmt":"2022-10-03T12:09:10","guid":{"rendered":"http:\/\/mmabay.co.uk\/xpickup\/"},"modified":"2022-10-03T13:09:10","modified_gmt":"2022-10-03T12:09:10","slug":"xpickup","status":"publish","type":"page","link":"https:\/\/mmabay.co.uk\/es\/xpickup\/","title":{"rendered":"XPickup"},"content":{"rendered":"<p>Hay algunos tipos diferentes de <a href=\"http:\/\/mmabay.co.uk\/onebbw\/\">sitios de recogida de sexo<\/a>. Algunos est\u00e1n orientados a ayudar a las personas a conectarse con extra\u00f1os para aventuras de una noche. Otros son m\u00e1s como aplicaciones de citas, pero con la caracter\u00edstica adicional de ayudarlo a encontrar a alguien con quien tener relaciones sexuales.<\/p>\n<p>Si est\u00e1 buscando una aventura de una noche, entonces un sitio como Pure o Tinder podr\u00eda ser una buena opci\u00f3n. Estos sitios se tratan de conocer a alguien y luego ponerse manos a la obra. No hay necesidad de perder el tiempo con una peque\u00f1a charla o preocuparse por qu\u00e9 hacer a continuaci\u00f3n.<\/p>\n<p>Si est\u00e1 buscando algo un poco m\u00e1s serio, entonces un sitio como OkCupid podr\u00eda ser una mejor opci\u00f3n. Estos sitios todav\u00eda se tratan de conectarse, pero tambi\u00e9n le permiten conocer a alguien un poco mejor antes de reunirse. Esto puede ayudar a asegurarse de que ambos est\u00e9n en la misma p\u00e1gina antes de ponerse f\u00edsicos.<\/p>\n<h2>Tipo de caracter\u00edsticas<\/h2>\n<p>Hay muchos tipos diferentes de caracter\u00edsticas que se pueden encontrar en las aplicaciones de citas. Algunos de los m\u00e1s populares incluyen la capacidad de buscar a otros usuarios por ubicaci\u00f3n, edad, g\u00e9nero e intereses; la capacidad de enviar mensajes a otros usuarios; la capacidad de ver qui\u00e9n ha visto su perfil; y la capacidad de ver qui\u00e9n est\u00e1 en l\u00ednea. Otras caracter\u00edsticas que se est\u00e1n volviendo m\u00e1s comunes incluyen la capacidad de ver a qui\u00e9n le ha gustado su perfil, la capacidad de ver qui\u00e9n lo ha marcado como favorito y la capacidad de ver qui\u00e9n le ha enviado un coqueteo.<\/p>\n<h2>Su elecci\u00f3n<\/h2>\n<p>Hay muchas aplicaciones de citas para elegir en estos d\u00edas y puede ser dif\u00edcil averiguar cu\u00e1l es la adecuada para usted. Pero si est\u00e1 buscando algo un poco diferente, vale la pena echarle un vistazo a XPickup.<\/p>\n<p>A diferencia de otras aplicaciones de citas, XPickup se trata de dar a los usuarios el poder de elegir con qui\u00e9n quieren hablar. Puede navegar a trav\u00e9s de los perfiles y elegir los que le interesen. Y si no est\u00e1 seguro de alguien, siempre puede enviarle un \u00abpick up\u00bb y ver si est\u00e1 interesado.<\/p>\n<p>XPickup tambi\u00e9n es ideal para personas t\u00edmidas o introvertidas, ya que puedes tomarte tu tiempo y elegir con qui\u00e9n quieres hablar. No hay presi\u00f3n para enviar mensajes a nadie de inmediato y puedes chatear cuando est\u00e9s listo.<\/p>\n<p>Entonces, si est\u00e1s cansado de las mismas aplicaciones de citas antiguas, prueba XPickup. Podr\u00eda ser solo el pick-me-up<\/p>\n<p>Hay muchas aplicaciones de citas por ah\u00ed, y cada una tiene un precio diferente. Algunos son gratuitos, mientras que otros cobran una tarifa mensual o anual. XPickup es una de las aplicaciones de citas m\u00e1s asequibles, que cuesta solo $ 9.99 por mes. Esto lo convierte en una gran opci\u00f3n para aquellos con un presupuesto limitado. Adem\u00e1s, XPickup ofrece una prueba de 7 d\u00edas para que pueda probarlo antes de comprometerse con una suscripci\u00f3n paga. Esta es una excelente manera de ver si la aplicaci\u00f3n es adecuada para usted. Si est\u00e1 buscando una aplicaci\u00f3n de citas que no rompa el banco, definitivamente vale la pena echarle un vistazo a XPickup.<\/p>\n<h2>Proceso de membres\u00eda<\/h2>\n<p>XPickup es una nueva aplicaci\u00f3n de citas que permite a los usuarios conectarse con posibles coincidencias en su \u00e1rea. La aplicaci\u00f3n se puede descargar gratis y crear un perfil. Para convertirse en miembro, los usuarios deben registrarse para obtener una suscripci\u00f3n mensual. La suscripci\u00f3n brinda a los usuarios acceso a las funciones exclusivas de XPickup, como la capacidad de ver qui\u00e9n ha visto su perfil, enviar mensajes ilimitados y ver los perfiles de posibles coincidencias. XPickup tambi\u00e9n ofrece una membres\u00eda VIP, que brinda a los usuarios a\u00fan m\u00e1s acceso a funciones exclusivas, como la capacidad de ver a qui\u00e9n le ha gustado su perfil, enviar mensajes ilimitados y ver los perfiles de posibles coincidencias.<\/p>\n<h2>Similar a XPickup<\/h2>\n<p>Hay muchas aplicaciones de citas en el mercado, cada una con sus propias caracter\u00edsticas \u00fanicas. Sin embargo, una cosa que muchas de estas aplicaciones tienen en com\u00fan es la capacidad de permitir a los usuarios \u00abrecoger\u00bb a otros usuarios que est\u00e1n cerca. Esta caracter\u00edstica es extremadamente \u00fatil para los usuarios que buscan conocer gente nueva en su \u00e1rea.<\/p>\n<p>XPickup es una aplicaci\u00f3n de citas que lleva este concepto un paso m\u00e1s all\u00e1. No solo permite a los usuarios recoger a otros usuarios que est\u00e1n cerca, sino que tambi\u00e9n les permite ver un mapa de d\u00f3nde se encuentran estos usuarios. Esto hace que sea a\u00fan m\u00e1s f\u00e1cil encontrar a alguien que est\u00e9 cerca y a quien pueda interesar conocer.<\/p>\n<p>Si est\u00e1s cansado de las mismas aplicaciones de citas antiguas, entonces definitivamente vale la pena echarle un vistazo a XPickup. Es una excelente manera de conocer gente nueva en su \u00e1rea, y nunca se sabe, es posible que encuentre su pareja perfecta.<\/p>\n<h2>Seguridad<\/h2>\n<p>Hay muchas aplicaciones de citas por ah\u00ed y puede ser dif\u00edcil saber cu\u00e1les son seguras de usar. XPickup es una aplicaci\u00f3n de citas que se centra en la seguridad y la protecci\u00f3n. Tienen un equipo de expertos que trabajan duro para mantener la aplicaci\u00f3n segura para los usuarios. XPickup tambi\u00e9n tiene una serie de caracter\u00edsticas que ayudan a mantener a los usuarios seguros, como un sistema de verificaci\u00f3n de fotos. Esto significa que puede estar seguro de que la persona con la que est\u00e1 hablando es quien dice ser. XPickup es una gran opci\u00f3n para aquellos que buscan una aplicaci\u00f3n de citas segura y protegida.<\/p>\n<h2>\u00bfVale la pena XPickup?<\/h2>\n<p>Hay muchas aplicaciones de citas diferentes por ah\u00ed y puede ser dif\u00edcil decidir cu\u00e1l es la adecuada para usted. Si est\u00e1 buscando algo un poco m\u00e1s serio que una conexi\u00f3n, XPickup podr\u00eda valer la pena el costo. La aplicaci\u00f3n est\u00e1 dise\u00f1ada para ayudarte a encontrar relaciones a largo plazo, por lo que es una buena opci\u00f3n si est\u00e1s buscando establecerte. Sin embargo, es importante recordar que ninguna aplicaci\u00f3n de citas es perfecta, y a\u00fan tendr\u00e1 que esforzarse para encontrar una coincidencia compatible.<\/p>\n","protected":false},"excerpt":{"rendered":"<div class=\"mh-excerpt\"><p>Hay algunos tipos diferentes de sitios de recogida de sexo. Algunos est\u00e1n orientados a ayudar a las personas a conectarse con extra\u00f1os para aventuras de <a class=\"mh-excerpt-more\" href=\"https:\/\/mmabay.co.uk\/es\/xpickup\/\" title=\"XPickup\">[&#8230;]<\/a><\/p>\n<\/div>","protected":false},"author":1,"featured_media":0,"parent":0,"menu_order":0,"comment_status":"closed","ping_status":"closed","template":"","meta":[],"yoast_head":"<!-- This site is optimized with the Yoast SEO plugin v17.7.1 - https:\/\/yoast.com\/wordpress\/plugins\/seo\/ -->\n<title>XPickup - Bay Reviews<\/title>\n<meta name=\"robots\" content=\"index, follow, max-snippet:-1, max-image-preview:large, max-video-preview:-1\" \/>\n<link rel=\"canonical\" href=\"https:\/\/mmabay.co.uk\/es\/xpickup\/\" \/>\n<meta property=\"og:locale\" content=\"es_ES\" \/>\n<meta property=\"og:type\" content=\"article\" \/>\n<meta property=\"og:title\" content=\"XPickup - Bay Reviews\" \/>\n<meta property=\"og:description\" content=\"Hay algunos tipos diferentes de sitios de recogida de sexo. Algunos est\u00e1n orientados a ayudar a las personas a conectarse con extra\u00f1os para aventuras de [...]\" \/>\n<meta property=\"og:url\" content=\"https:\/\/mmabay.co.uk\/es\/xpickup\/\" \/>\n<meta property=\"og:site_name\" content=\"Bay Reviews\" \/>\n<meta name=\"twitter:card\" content=\"summary_large_image\" \/>\n<meta name=\"twitter:label1\" content=\"Tiempo de lectura\" \/>\n\t<meta name=\"twitter:data1\" content=\"5 minutos\" \/>\n<script type=\"application\/ld+json\" class=\"yoast-schema-graph\">{\"@context\":\"https:\/\/schema.org\",\"@graph\":[{\"@type\":\"WebSite\",\"@id\":\"https:\/\/mmabay.co.uk\/es\/#website\",\"url\":\"https:\/\/mmabay.co.uk\/es\/\",\"name\":\"Bay Reviews\",\"description\":\"Casual Hookup Finder\",\"potentialAction\":[{\"@type\":\"SearchAction\",\"target\":{\"@type\":\"EntryPoint\",\"urlTemplate\":\"https:\/\/mmabay.co.uk\/es\/?s={search_term_string}\"},\"query-input\":\"required name=search_term_string\"}],\"inLanguage\":\"es\"},{\"@type\":\"WebPage\",\"@id\":\"https:\/\/mmabay.co.uk\/es\/xpickup\/#webpage\",\"url\":\"https:\/\/mmabay.co.uk\/es\/xpickup\/\",\"name\":\"XPickup - Bay Reviews\",\"isPartOf\":{\"@id\":\"https:\/\/mmabay.co.uk\/es\/#website\"},\"datePublished\":\"2022-10-03T12:09:10+00:00\",\"dateModified\":\"2022-10-03T12:09:10+00:00\",\"breadcrumb\":{\"@id\":\"https:\/\/mmabay.co.uk\/es\/xpickup\/#breadcrumb\"},\"inLanguage\":\"es\",\"potentialAction\":[{\"@type\":\"ReadAction\",\"target\":[\"https:\/\/mmabay.co.uk\/es\/xpickup\/\"]}]},{\"@type\":\"BreadcrumbList\",\"@id\":\"https:\/\/mmabay.co.uk\/es\/xpickup\/#breadcrumb\",\"itemListElement\":[{\"@type\":\"ListItem\",\"position\":1,\"name\":\"Home\",\"item\":\"https:\/\/mmabay.co.uk\/es\/\"},{\"@type\":\"ListItem\",\"position\":2,\"name\":\"XPickup\"}]}]}<\/script>\n<!-- \/ Yoast SEO plugin. -->","yoast_head_json":{"title":"XPickup - Bay Reviews","robots":{"index":"index","follow":"follow","max-snippet":"max-snippet:-1","max-image-preview":"max-image-preview:large","max-video-preview":"max-video-preview:-1"},"canonical":"https:\/\/mmabay.co.uk\/es\/xpickup\/","og_locale":"es_ES","og_type":"article","og_title":"XPickup - Bay Reviews","og_description":"Hay algunos tipos diferentes de sitios de recogida de sexo. Algunos est\u00e1n orientados a ayudar a las personas a conectarse con extra\u00f1os para aventuras de [...]","og_url":"https:\/\/mmabay.co.uk\/es\/xpickup\/","og_site_name":"Bay Reviews","twitter_card":"summary_large_image","twitter_misc":{"Tiempo de lectura":"5 minutos"},"schema":{"@context":"https:\/\/schema.org","@graph":[{"@type":"WebSite","@id":"https:\/\/mmabay.co.uk\/es\/#website","url":"https:\/\/mmabay.co.uk\/es\/","name":"Bay Reviews","description":"Casual Hookup Finder","potentialAction":[{"@type":"SearchAction","target":{"@type":"EntryPoint","urlTemplate":"https:\/\/mmabay.co.uk\/es\/?s={search_term_string}"},"query-input":"required name=search_term_string"}],"inLanguage":"es"},{"@type":"WebPage","@id":"https:\/\/mmabay.co.uk\/es\/xpickup\/#webpage","url":"https:\/\/mmabay.co.uk\/es\/xpickup\/","name":"XPickup - Bay Reviews","isPartOf":{"@id":"https:\/\/mmabay.co.uk\/es\/#website"},"datePublished":"2022-10-03T12:09:10+00:00","dateModified":"2022-10-03T12:09:10+00:00","breadcrumb":{"@id":"https:\/\/mmabay.co.uk\/es\/xpickup\/#breadcrumb"},"inLanguage":"es","potentialAction":[{"@type":"ReadAction","target":["https:\/\/mmabay.co.uk\/es\/xpickup\/"]}]},{"@type":"BreadcrumbList","@id":"https:\/\/mmabay.co.uk\/es\/xpickup\/#breadcrumb","itemListElement":[{"@type":"ListItem","position":1,"name":"Home","item":"https:\/\/mmabay.co.uk\/es\/"},{"@type":"ListItem","position":2,"name":"XPickup"}]}]}},"_links":{"self":[{"href":"https:\/\/mmabay.co.uk\/es\/wp-json\/wp\/v2\/pages\/214"}],"collection":[{"href":"https:\/\/mmabay.co.uk\/es\/wp-json\/wp\/v2\/pages"}],"about":[{"href":"https:\/\/mmabay.co.uk\/es\/wp-json\/wp\/v2\/types\/page"}],"author":[{"embeddable":true,"href":"https:\/\/mmabay.co.uk\/es\/wp-json\/wp\/v2\/users\/1"}],"replies":[{"embeddable":true,"href":"https:\/\/mmabay.co.uk\/es\/wp-json\/wp\/v2\/comments?post=214"}],"version-history":[{"count":0,"href":"https:\/\/mmabay.co.uk\/es\/wp-json\/wp\/v2\/pages\/214\/revisions"}],"wp:attachment":[{"href":"https:\/\/mmabay.co.uk\/es\/wp-json\/wp\/v2\/media?parent=214"}],"curies":[{"name":"wp","href":"https:\/\/api.w.org\/{rel}","templated":true}]}}