{"id":106,"date":"2022-10-03T11:16:22","date_gmt":"2022-10-03T10:16:22","guid":{"rendered":"http:\/\/mmabay.co.uk\/sites-de-rencontres-en-ligne-gratuits-trouvez-du-sexe-dans-votre-region\/"},"modified":"2022-10-03T11:16:22","modified_gmt":"2022-10-03T10:16:22","slug":"sites-de-rencontres-en-ligne-gratuits-trouvez-du-sexe-dans-votre-region","status":"publish","type":"page","link":"https:\/\/mmabay.co.uk\/fr\/","title":{"rendered":"Sites de rencontres en ligne gratuits &#8211; Trouvez du sexe dans votre r\u00e9gion"},"content":{"rendered":"<p>Les rencontres occasionnelles sont diff\u00e9rentes du sexe occasionnel car elles comportent beaucoup moins de risques. Alors que le sexe occasionnel n\u00e9cessite souvent un certain niveau de confiance et de confort, les rencontres occasionnelles ne n\u00e9cessitent rien de tel. Vous n\u2019avez pas \u00e0 vous soucier de vous blesser ou d\u2019\u00eatre d\u00e9\u00e7u. Il n\u2019y a aucune pression pour faire quelque chose que vous ne voulez pas faire. Si vous d\u00e9cidez de rompre avec quelqu\u2019un, vous arr\u00eatez simplement de vous voir. Et si vous commencez \u00e0 voir quelqu\u2019un d\u2019autre, vous continuez simplement \u00e0 faire ce que vous avez fait.<\/p>\n<p>Les rencontres occasionnelles peuvent bien fonctionner pour la plupart des gens. Il y a beaucoup de raisons pour lesquelles il peut \u00eatre le choix parfait pour vous. Par exemple, peut-\u00eatre que vous \u00eates r\u00e9cemment sorti d\u2019une relation de longue dur\u00e9e et que vous ne cherchez pas vraiment \u00e0 vous lancer dans quelque chose de trop s\u00e9rieux \u00e0 ce stade de votre vie. Peut-\u00eatre que vous voulez explorer la sc\u00e8ne des rencontres selon vos propres termes et sans avoir \u00e0 vous soucier des attentes ou de la pression. Ou peut-\u00eatre que vous ne voulez tout simplement pas vous engager avec une personne \u00e0 la fois.<\/p>\n<h2>Avantages et inconv\u00e9nients<\/h2>\n<p>Il y a beaucoup d\u2019inconv\u00e9nients aux rencontres occasionnelles, et certains d\u2019entre eux peuvent vous surprendre. Si vous avez pens\u00e9 \u00e0 essayer des rencontres occasionnelles, voici huit choses que vous ne r\u00e9alisez peut-\u00eatre pas \u00e0 propos de ce type de relation.<\/p>\n<h3>Les rencontres occasionnelles ne m\u00e8nent pas toujours \u00e0 l\u2019engagement<\/h3>\n<p>Vous pensez peut-\u00eatre que parce que vous sortez avec quelqu\u2019un avec d\u00e9sinvolture depuis un certain temps maintenant, vous finirez par entrer dans une relation engag\u00e9e ensemble. Cependant, ce n\u2019est pas n\u00e9cessairement vrai. Certaines personnes ne finissent jamais par aller de l\u2019avant avec une relation, tandis que d\u2019autres d\u00e9cident de rompre leurs relations occasionnelles. Quoi qu\u2019il en soit, les rencontres occasionnelles ne garantissent pas un avenir ensemble.<\/p>\n<h3>Il n\u2019y a aucune garantie de compatibilit\u00e9<\/h3>\n<p>Lorsque vous commencez \u00e0 sortir avec quelqu\u2019un avec d\u00e9sinvolture, vous pouvez supposer que vous serez tous les deux compatibles l\u2019un avec l\u2019autre. Mais c\u2019est rarement le cas. M\u00eame si vous avez l\u2019impression de vous conna\u00eetre assez bien pour faire des suppositions sur la fa\u00e7on dont vous travailleriez ensemble, vous n\u2019avez toujours pas pass\u00e9 beaucoup de temps \u00e0 apprendre \u00e0 vous conna\u00eetre. Et puisque vous n\u2019avez jamais eu \u00e0 vous mettre en avant et \u00e0 poser des questions, vous ne pouvez pas comprendre certaines parties de la personnalit\u00e9 d\u2019une autre personne. Cela pourrait causer des probl\u00e8mes \u00e0 l\u2019avenir.<\/p>\n<h3>Vous risquez de manquer des opportunit\u00e9s<\/h3>\n<p>Si vous sortez avec quelqu\u2019un avec d\u00e9sinvolture, vous n\u2019aurez aucune raison de sortir avec d\u2019autres personnes. Lorsque vous \u00eates c\u00e9libataire, vous avez g\u00e9n\u00e9ralement l\u2019occasion de rencontrer beaucoup de gens diff\u00e9rents et de voir o\u00f9 vont les choses. Mais lorsque vous sortez d\u00e9j\u00e0 avec quelqu\u2019un avec d\u00e9sinvolture, vous n\u2019avez peut-\u00eatre pas la chance de le faire. Vous pouvez \u00e9galement manquer de rencontrer des partenaires potentiels qui ne sont pas int\u00e9ress\u00e9s par les rencontres occasionnelles.<\/p>\n<h2>Choix chauds d\u2019applications de connexion sexuelle<\/h2>\n<p>Si vous avez d\u00e9j\u00e0 essay\u00e9 les rencontres en ligne, vous savez \u00e0 quel point il peut \u00eatre difficile de trouver quelqu\u2019un de sp\u00e9cial. Et bien qu\u2019il existe de nombreux sites pour vous aider \u00e0 vous connecter avec les gens, la plupart d\u2019entre eux ne sont pas con\u00e7us pour faciliter la recherche de l\u2019amour. Alors, que faites-vous?<\/p>\n<h3>Gond<\/h3>\n<p>Hinge est l\u2019une de ces applications auxquelles il faut s\u2019habituer. Une liste de correspondances potentielles vous est pr\u00e9sent\u00e9e en fonction d\u2019amis communs, d\u2019emplacements communs et d\u2019int\u00e9r\u00eats communs. Une fois que vous avez gliss\u00e9 vers la gauche ou la droite, vous \u00eates redirig\u00e9 vers l\u2019\u00e9cran suivant, o\u00f9 vous pouvez en savoir plus sur la personne avec laquelle vous venez de correspondre. Ce processus se poursuit jusqu\u2019\u00e0 ce que vous trouviez quelqu\u2019un que vous aimez assez pour continuer \u00e0 discuter.<\/p>\n<p>L\u2019application est livr\u00e9e avec quelques limitations. Tout d\u2019abord, il n\u2019y a pas de balayages illimit\u00e9s, sauf si vous payez 4,99 $ par mois pour un abonnement premium. Deuxi\u00e8mement, vous ne pouvez pas envoyer de messages aux personnes dans votre file d\u2019attente \u00e0 moins de payer pour un abonnement premium. Troisi\u00e8mement, il n\u2019y a que trois profils affich\u00e9s \u00e0 la fois, ce qui rend difficile de garder une trace de ce que vous faites. Et enfin, si vous n\u2019aimez pas la personne que vous avez rencontr\u00e9e, vous vous \u00e9loignez simplement sans avoir la chance de dire au revoir.<\/p>\n<h3>Allumette<\/h3>\n<p>Match est l\u2019un des sites de rencontres les plus populaires en Am\u00e9rique du Nord. Avec des millions de personnes inscrites \u00e0 travers le monde, il offre un large \u00e9ventail d\u2019options pour trouver l\u2019amour. Que vous souhaitiez sortir avec d\u00e9sinvolture, fonder une famille ou simplement chercher des amis, Match offre une vari\u00e9t\u00e9 de fa\u00e7ons de vous connecter avec les autres.<\/p>\n<p>Le site compte un grand nombre de membres, ce qui facilite la navigation dans les profils et la recherche de dates potentielles. Lors de votre inscription, vous choisirez le type de personne que vous recherchez &#8211; d\u00e9contract\u00e9, amiti\u00e9, romance, etc. Vous s\u00e9lectionnerez \u00e9galement le nombre de questions auxquelles vous souhaitez r\u00e9pondre sur vous-m\u00eame. Une fois ces \u00e9tapes termin\u00e9es, vous pourrez rechercher des correspondances en fonction de l\u2019emplacement, du sexe, des int\u00e9r\u00eats, des passe-temps et m\u00eame de l\u2019\u00e2ge.<\/p>\n<p>Une fois que vous avez trouv\u00e9 quelqu\u2019un que vous aimez, vous pouvez envoyer des messages et \u00e9changer des num\u00e9ros de t\u00e9l\u00e9phone. Cependant, si vous d\u00e9cidez d\u2019aller plus loin, vous pouvez mettre \u00e0 niveau votre abonnement vers Premium, ce qui vous permet d\u2019afficher des informations suppl\u00e9mentaires sur chaque membre. Par exemple, vous pouvez savoir s\u2019ils sont c\u00e9libataires, mari\u00e9s, divorc\u00e9s, fianc\u00e9s ou font partie d\u2019un autre couple. Premium d\u00e9verrouille \u00e9galement l\u2019acc\u00e8s \u00e0 des fonctionnalit\u00e9s exclusives telles que les salles de discussion VIP, o\u00f9 vous pouvez rencontrer des c\u00e9libataires dans la vie r\u00e9elle.<\/p>\n<h3>Amadou<\/h3>\n<p>Tinder r\u00e8gne en ma\u00eetre dans ce domaine car il est facile \u00e0 utiliser, gratuit et qu\u2019il n\u2019y a pas de barri\u00e8res \u00e0 l\u2019entr\u00e9e. Vous n\u2019avez m\u00eame pas besoin de t\u00e9l\u00e9charger l\u2019application &#8211; vous pouvez y acc\u00e9der via un navigateur mobile. Et bien que vous puissiez rencontrer des gens pour des rendez-vous informels ou des relations sexuelles occasionnelles sur la plupart de ces applications, Tinder est celui o\u00f9 les gens recherchent quelque chose de plus significatif.<\/p>\n<p>L\u2019application est extr\u00eamement simple \u00e0 comprendre, bien que cela signifie que les gens font des jugements rapides, qui peuvent parfois se concentrer davantage sur les photos de quelqu\u2019un que sur son profil et ses int\u00e9r\u00eats. Si vous voulez vous connecter avec quelqu\u2019un, vous devrez aller au-del\u00e0 du niveau de la surface pour voir s\u2019il pourrait potentiellement \u00eatre un bon ajustement.<\/p>\n<p>Pour suivre le rythme, essayez de pr\u00eater attention \u00e0 vos photos et d\u2019essayer de vous repr\u00e9senter sous le meilleur jour possible. Par exemple, Schneider conseille de t\u00e9l\u00e9charger des images qui montrent votre sourire, car sourire est souvent consid\u00e9r\u00e9 comme attrayant. Elle sugg\u00e8re \u00e9galement de s\u2019assurer que votre visage n\u2019est pas trop pr\u00e8s de la cam\u00e9ra, car cela vous rend moins accessible.<\/p>\n<p>Vous pouvez \u00e9galement envisager de prendre quelques minutes pour r\u00e9diger une courte description qui comprend vos passe-temps, vos objectifs de carri\u00e8re et vos aspirations. De cette fa\u00e7on, les gens sauront pourquoi vous \u00eates int\u00e9ress\u00e9 \u00e0 vous connecter avec eux.<\/p>\n<p>Enfin, Schneider recommande de garder les choses amusantes. Ne vous prenez pas trop au s\u00e9rieux et ne r\u00e9fl\u00e9chissez pas trop aux choses. D\u00e9tendez-vous et profitez du processus.<\/p>\n","protected":false},"excerpt":{"rendered":"<div class=\"mh-excerpt\"><p>Les rencontres occasionnelles sont diff\u00e9rentes du sexe occasionnel car elles comportent beaucoup moins de risques. Alors que le sexe occasionnel n\u00e9cessite souvent un certain niveau <a class=\"mh-excerpt-more\" href=\"https:\/\/mmabay.co.uk\/fr\/\" title=\"Sites de rencontres en ligne gratuits &#8211; Trouvez du sexe dans votre r\u00e9gion\">[&#8230;]<\/a><\/p>\n<\/div>","protected":false},"author":1,"featured_media":0,"parent":0,"menu_order":0,"comment_status":"closed","ping_status":"closed","template":"","meta":[],"yoast_head":"<!-- This site is optimized with the Yoast SEO plugin v17.7.1 - https:\/\/yoast.com\/wordpress\/plugins\/seo\/ -->\n<title>Sites de rencontres en ligne gratuits - Trouvez du sexe dans votre r\u00e9gion - Bay Reviews<\/title>\n<meta name=\"robots\" content=\"index, follow, max-snippet:-1, max-image-preview:large, max-video-preview:-1\" \/>\n<link rel=\"canonical\" href=\"https:\/\/mmabay.co.uk\/fr\/\" \/>\n<meta property=\"og:locale\" content=\"fr_FR\" \/>\n<meta property=\"og:type\" content=\"article\" \/>\n<meta property=\"og:title\" content=\"Sites de rencontres en ligne gratuits - Trouvez du sexe dans votre r\u00e9gion - Bay Reviews\" \/>\n<meta property=\"og:description\" content=\"Les rencontres occasionnelles sont diff\u00e9rentes du sexe occasionnel car elles comportent beaucoup moins de risques. Alors que le sexe occasionnel n\u00e9cessite souvent un certain niveau [...]\" \/>\n<meta property=\"og:url\" content=\"https:\/\/mmabay.co.uk\/fr\/\" \/>\n<meta property=\"og:site_name\" content=\"Bay Reviews\" \/>\n<meta name=\"twitter:card\" content=\"summary_large_image\" \/>\n<meta name=\"twitter:label1\" content=\"Dur\u00e9e de lecture estim\u00e9e\" \/>\n\t<meta name=\"twitter:data1\" content=\"7 minutes\" \/>\n<script type=\"application\/ld+json\" class=\"yoast-schema-graph\">{\"@context\":\"https:\/\/schema.org\",\"@graph\":[{\"@type\":\"WebSite\",\"@id\":\"https:\/\/mmabay.co.uk\/fr\/#website\",\"url\":\"https:\/\/mmabay.co.uk\/fr\/\",\"name\":\"Bay Reviews\",\"description\":\"Casual Hookup Finder\",\"potentialAction\":[{\"@type\":\"SearchAction\",\"target\":{\"@type\":\"EntryPoint\",\"urlTemplate\":\"https:\/\/mmabay.co.uk\/fr\/?s={search_term_string}\"},\"query-input\":\"required name=search_term_string\"}],\"inLanguage\":\"fr-FR\"},{\"@type\":\"WebPage\",\"@id\":\"https:\/\/mmabay.co.uk\/fr\/#webpage\",\"url\":\"https:\/\/mmabay.co.uk\/fr\/\",\"name\":\"Sites de rencontres en ligne gratuits - Trouvez du sexe dans votre r\\u00e9gion - Bay Reviews\",\"isPartOf\":{\"@id\":\"https:\/\/mmabay.co.uk\/fr\/#website\"},\"datePublished\":\"2022-10-03T10:16:22+00:00\",\"dateModified\":\"2022-10-03T10:16:22+00:00\",\"breadcrumb\":{\"@id\":\"https:\/\/mmabay.co.uk\/fr\/#breadcrumb\"},\"inLanguage\":\"fr-FR\",\"potentialAction\":[{\"@type\":\"ReadAction\",\"target\":[\"https:\/\/mmabay.co.uk\/fr\/\"]}]},{\"@type\":\"BreadcrumbList\",\"@id\":\"https:\/\/mmabay.co.uk\/fr\/#breadcrumb\",\"itemListElement\":[{\"@type\":\"ListItem\",\"position\":1,\"name\":\"Home\",\"item\":\"https:\/\/mmabay.co.uk\/fr\/\"},{\"@type\":\"ListItem\",\"position\":2,\"name\":\"Sites de rencontres en ligne gratuits &#8211; Trouvez du sexe dans votre r\\u00e9gion\"}]}]}<\/script>\n<!-- \/ Yoast SEO plugin. -->","yoast_head_json":{"title":"Sites de rencontres en ligne gratuits - Trouvez du sexe dans votre r\u00e9gion - Bay Reviews","robots":{"index":"index","follow":"follow","max-snippet":"max-snippet:-1","max-image-preview":"max-image-preview:large","max-video-preview":"max-video-preview:-1"},"canonical":"https:\/\/mmabay.co.uk\/fr\/","og_locale":"fr_FR","og_type":"article","og_title":"Sites de rencontres en ligne gratuits - Trouvez du sexe dans votre r\u00e9gion - Bay Reviews","og_description":"Les rencontres occasionnelles sont diff\u00e9rentes du sexe occasionnel car elles comportent beaucoup moins de risques. Alors que le sexe occasionnel n\u00e9cessite souvent un certain niveau [...]","og_url":"https:\/\/mmabay.co.uk\/fr\/","og_site_name":"Bay Reviews","twitter_card":"summary_large_image","twitter_misc":{"Dur\u00e9e de lecture estim\u00e9e":"7 minutes"},"schema":{"@context":"https:\/\/schema.org","@graph":[{"@type":"WebSite","@id":"https:\/\/mmabay.co.uk\/fr\/#website","url":"https:\/\/mmabay.co.uk\/fr\/","name":"Bay Reviews","description":"Casual Hookup Finder","potentialAction":[{"@type":"SearchAction","target":{"@type":"EntryPoint","urlTemplate":"https:\/\/mmabay.co.uk\/fr\/?s={search_term_string}"},"query-input":"required name=search_term_string"}],"inLanguage":"fr-FR"},{"@type":"WebPage","@id":"https:\/\/mmabay.co.uk\/fr\/#webpage","url":"https:\/\/mmabay.co.uk\/fr\/","name":"Sites de rencontres en ligne gratuits - Trouvez du sexe dans votre r\u00e9gion - Bay Reviews","isPartOf":{"@id":"https:\/\/mmabay.co.uk\/fr\/#website"},"datePublished":"2022-10-03T10:16:22+00:00","dateModified":"2022-10-03T10:16:22+00:00","breadcrumb":{"@id":"https:\/\/mmabay.co.uk\/fr\/#breadcrumb"},"inLanguage":"fr-FR","potentialAction":[{"@type":"ReadAction","target":["https:\/\/mmabay.co.uk\/fr\/"]}]},{"@type":"BreadcrumbList","@id":"https:\/\/mmabay.co.uk\/fr\/#breadcrumb","itemListElement":[{"@type":"ListItem","position":1,"name":"Home","item":"https:\/\/mmabay.co.uk\/fr\/"},{"@type":"ListItem","position":2,"name":"Sites de rencontres en ligne gratuits &#8211; Trouvez du sexe dans votre r\u00e9gion"}]}]}},"_links":{"self":[{"href":"https:\/\/mmabay.co.uk\/fr\/wp-json\/wp\/v2\/pages\/106"}],"collection":[{"href":"https:\/\/mmabay.co.uk\/fr\/wp-json\/wp\/v2\/pages"}],"about":[{"href":"https:\/\/mmabay.co.uk\/fr\/wp-json\/wp\/v2\/types\/page"}],"author":[{"embeddable":true,"href":"https:\/\/mmabay.co.uk\/fr\/wp-json\/wp\/v2\/users\/1"}],"replies":[{"embeddable":true,"href":"https:\/\/mmabay.co.uk\/fr\/wp-json\/wp\/v2\/comments?post=106"}],"version-history":[{"count":0,"href":"https:\/\/mmabay.co.uk\/fr\/wp-json\/wp\/v2\/pages\/106\/revisions"}],"wp:attachment":[{"href":"https:\/\/mmabay.co.uk\/fr\/wp-json\/wp\/v2\/media?parent=106"}],"curies":[{"name":"wp","href":"https:\/\/api.w.org\/{rel}","templated":true}]}}