{"id":160,"date":"2022-10-03T13:15:06","date_gmt":"2022-10-03T12:15:06","guid":{"rendered":"http:\/\/mmabay.co.uk\/fabswingers\/"},"modified":"2022-10-03T13:15:06","modified_gmt":"2022-10-03T12:15:06","slug":"fabswingers","status":"publish","type":"page","link":"https:\/\/mmabay.co.uk\/fr\/fabswingers\/","title":{"rendered":"FabSwingers"},"content":{"rendered":"<p>Il existe de nombreuses applications de rencontres, mais FabSwingers est l\u2019une des seules sp\u00e9cifiquement destin\u00e9es aux \u00e9changistes. Cela en fait une excellente option pour les personnes qui aiment ce style de vie. L\u2019application est facile \u00e0 utiliser et poss\u00e8de de nombreuses fonctionnalit\u00e9s, ce qui en fait une excellente option pour les \u00e9changistes qui souhaitent rencontrer d\u2019autres \u00e9changistes. L\u2019application est \u00e9galement gratuite, ce qui est un autre grand avantage. Dans l\u2019ensemble, FabSwingers est une excellente option pour les \u00e9changistes qui veulent rencontrer d\u2019autres \u00e9changistes dans leur r\u00e9gion.<\/p>\n<h2>\u00c0 quoi ressemblent les fonctionnalit\u00e9s?<\/h2>\n<p>FabSwingers est une application de rencontres qui <a href=\"http:\/\/mmabay.co.uk\/fr\/xcheaters\/\">permet aux utilisateurs de se connecter avec d\u2019autres personnes partageant les m\u00eames id\u00e9es dans leur r\u00e9gion<\/a>. L\u2019application dispose d\u2019une vari\u00e9t\u00e9 de fonctionnalit\u00e9s qui facilitent la recherche et la connexion avec des correspondances potentielles. Les utilisateurs peuvent rechercher d\u2019autres membres par emplacement, \u00e2ge et centres d\u2019int\u00e9r\u00eat. Ils peuvent \u00e9galement afficher des profils et des photos, et envoyer des messages. L\u2019application dispose \u00e9galement d\u2019une fonction de chat, de sorte que les utilisateurs peuvent discuter avec d\u2019autres membres en temps r\u00e9el.<\/p>\n<h2>Options d\u2019adh\u00e9sion<\/h2>\n<p>FabSwingers est une application de rencontres qui vous permet de vous connecter avec d\u2019autres \u00e9changistes de votre r\u00e9gion. Deux options d\u2019adh\u00e9sion sont disponibles : gratuite et payante. L\u2019abonnement gratuit vous donne acc\u00e8s aux fonctionnalit\u00e9s de base de l\u2019application, tandis que l\u2019abonnement payant vous donne acc\u00e8s \u00e0 toutes les fonctionnalit\u00e9s de l\u2019application. L\u2019abonnement payant vous donne \u00e9galement acc\u00e8s \u00e0 des fonctionnalit\u00e9s exclusives, telles que la possibilit\u00e9 de voir qui est en ligne et qui ne l\u2019est pas.<\/p>\n<p>Le co\u00fbt d\u2019un abonnement FabSwingers est tr\u00e8s raisonnable par rapport \u00e0 d\u2019autres applications de rencontres. Moyennant des frais mensuels, vous avez acc\u00e8s \u00e0 toutes les fonctionnalit\u00e9s du site, y compris la messagerie, la recherche et les vues de profil. Vous avez \u00e9galement acc\u00e8s \u00e0 la vaste base de donn\u00e9es de membres du site. Le co\u00fbt d\u2019un abonnement FabSwingers est tr\u00e8s raisonnable par rapport \u00e0 d\u2019autres applications de rencontres.<\/p>\n<h2>S\u2019inscrire &#8211; Est-ce facile?<\/h2>\n<p>Oui, s\u2019inscrire \u00e0 FabSwingers est facile! Rendez-vous simplement sur le site Web et remplissez un formulaire rapide avec votre adresse e-mail, votre nom d\u2019utilisateur et votre mot de passe. Une fois que vous \u00eates tous configur\u00e9s, vous pouvez commencer \u00e0 parcourir les profils, \u00e0 envoyer des messages et \u00e0 organiser des rencontres avec d\u2019autres membres. L\u2019ensemble du processus ne devrait prendre que quelques minutes, puis vous serez sur le point de rencontrer de nouvelles personnes et de profiter de tous les avantages du site.<\/p>\n<h2>Alternatives aux FabSwingers<\/h2>\n<p>Il existe quelques alternatives aux FabSwingers qui s\u2019adressent \u00e0 ceux qui s\u2019int\u00e9ressent au style de vie \u00e9changiste. SDC (Swingers Date Club) et Kasidie sont deux options populaires. Les deux plates-formes offrent une exp\u00e9rience similaire \u00e0 FabSwingers, avec une large base d\u2019utilisateurs et diverses fonctionnalit\u00e9s pour vous aider \u00e0 vous connecter avec d\u2019autres \u00e9changistes.<\/p>\n<p>Si vous n\u2019\u00eates pas int\u00e9ress\u00e9 par le style de vie \u00e9changiste, il existe de nombreuses autres applications de rencontres qui peuvent r\u00e9pondre \u00e0 vos besoins. Tinder, Bumble et Hinge sont tous des choix populaires pour ceux qui recherchent une exp\u00e9rience de rencontre plus traditionnelle.<\/p>\n<p>FabSwingers est l\u2019une des applications de rencontres les plus s\u00fbres disponibles. L\u2019application exige que tous les utilisateurs v\u00e9rifient leur identit\u00e9 avec une adresse e-mail valide, et tous les profils d\u2019utilisateurs sont soigneusement v\u00e9rifi\u00e9s par l\u2019\u00e9quipe FabSwingers. En outre, l\u2019application utilise une politique de confidentialit\u00e9 stricte pour prot\u00e9ger les donn\u00e9es des utilisateurs. Dans l\u2019ensemble, FabSwingers est une option s\u00fbre et fiable pour ceux qui recherchent un partenaire \u00e9changiste.<\/p>\n<h2>FabSwingers en vaut-il la peine?<\/h2>\n<p>Il existe de nombreuses applications de rencontres et il peut \u00eatre difficile de d\u00e9cider laquelle choisir. Certaines personnes ne jurent que par Tinder tandis que d\u2019autres pr\u00e9f\u00e8rent Bumble. Ensuite, il y a des applications comme Plenty of Fish et Match.com. Et n\u2019oubliez pas toutes les applications de rencontres de niche comme Jdate et Christian Mingle. Alors, quelle est la place de FabSwingers ? Eh bien, si vous recherchez une application de rencontres qui s\u2019adresse aux \u00e9changistes, alors FabSwingers en vaut vraiment la peine. L\u2019application est facile \u00e0 utiliser et poss\u00e8de de nombreuses fonctionnalit\u00e9s int\u00e9ressantes. De plus, c\u2019est beaucoup moins cher que la plupart des autres applications de rencontres.<\/p>\n<p>Donc, si vous cherchez \u00e0 ajouter un peu de piquant \u00e0 votre vie amoureuse, alors FabSwingers est certainement la voie \u00e0 suivre.<\/p>\n","protected":false},"excerpt":{"rendered":"<div class=\"mh-excerpt\"><p>Il existe de nombreuses applications de rencontres, mais FabSwingers est l\u2019une des seules sp\u00e9cifiquement destin\u00e9es aux \u00e9changistes. Cela en fait une excellente option pour les <a class=\"mh-excerpt-more\" href=\"https:\/\/mmabay.co.uk\/fr\/fabswingers\/\" title=\"FabSwingers\">[&#8230;]<\/a><\/p>\n<\/div>","protected":false},"author":1,"featured_media":0,"parent":0,"menu_order":0,"comment_status":"closed","ping_status":"closed","template":"","meta":[],"yoast_head":"<!-- This site is optimized with the Yoast SEO plugin v17.7.1 - https:\/\/yoast.com\/wordpress\/plugins\/seo\/ -->\n<title>FabSwingers - Bay Reviews<\/title>\n<meta name=\"robots\" content=\"index, follow, max-snippet:-1, max-image-preview:large, max-video-preview:-1\" \/>\n<link rel=\"canonical\" href=\"https:\/\/mmabay.co.uk\/fr\/fabswingers\/\" \/>\n<meta property=\"og:locale\" content=\"fr_FR\" \/>\n<meta property=\"og:type\" content=\"article\" \/>\n<meta property=\"og:title\" content=\"FabSwingers - Bay Reviews\" \/>\n<meta property=\"og:description\" content=\"Il existe de nombreuses applications de rencontres, mais FabSwingers est l\u2019une des seules sp\u00e9cifiquement destin\u00e9es aux \u00e9changistes. Cela en fait une excellente option pour les [...]\" \/>\n<meta property=\"og:url\" content=\"https:\/\/mmabay.co.uk\/fr\/fabswingers\/\" \/>\n<meta property=\"og:site_name\" content=\"Bay Reviews\" \/>\n<meta name=\"twitter:card\" content=\"summary_large_image\" \/>\n<meta name=\"twitter:label1\" content=\"Dur\u00e9e de lecture estim\u00e9e\" \/>\n\t<meta name=\"twitter:data1\" content=\"4 minutes\" \/>\n<script type=\"application\/ld+json\" class=\"yoast-schema-graph\">{\"@context\":\"https:\/\/schema.org\",\"@graph\":[{\"@type\":\"WebSite\",\"@id\":\"https:\/\/mmabay.co.uk\/fr\/#website\",\"url\":\"https:\/\/mmabay.co.uk\/fr\/\",\"name\":\"Bay Reviews\",\"description\":\"Casual Hookup Finder\",\"potentialAction\":[{\"@type\":\"SearchAction\",\"target\":{\"@type\":\"EntryPoint\",\"urlTemplate\":\"https:\/\/mmabay.co.uk\/fr\/?s={search_term_string}\"},\"query-input\":\"required name=search_term_string\"}],\"inLanguage\":\"fr-FR\"},{\"@type\":\"WebPage\",\"@id\":\"https:\/\/mmabay.co.uk\/fr\/fabswingers\/#webpage\",\"url\":\"https:\/\/mmabay.co.uk\/fr\/fabswingers\/\",\"name\":\"FabSwingers - Bay Reviews\",\"isPartOf\":{\"@id\":\"https:\/\/mmabay.co.uk\/fr\/#website\"},\"datePublished\":\"2022-10-03T12:15:06+00:00\",\"dateModified\":\"2022-10-03T12:15:06+00:00\",\"breadcrumb\":{\"@id\":\"https:\/\/mmabay.co.uk\/fr\/fabswingers\/#breadcrumb\"},\"inLanguage\":\"fr-FR\",\"potentialAction\":[{\"@type\":\"ReadAction\",\"target\":[\"https:\/\/mmabay.co.uk\/fr\/fabswingers\/\"]}]},{\"@type\":\"BreadcrumbList\",\"@id\":\"https:\/\/mmabay.co.uk\/fr\/fabswingers\/#breadcrumb\",\"itemListElement\":[{\"@type\":\"ListItem\",\"position\":1,\"name\":\"Home\",\"item\":\"https:\/\/mmabay.co.uk\/fr\/\"},{\"@type\":\"ListItem\",\"position\":2,\"name\":\"FabSwingers\"}]}]}<\/script>\n<!-- \/ Yoast SEO plugin. -->","yoast_head_json":{"title":"FabSwingers - Bay Reviews","robots":{"index":"index","follow":"follow","max-snippet":"max-snippet:-1","max-image-preview":"max-image-preview:large","max-video-preview":"max-video-preview:-1"},"canonical":"https:\/\/mmabay.co.uk\/fr\/fabswingers\/","og_locale":"fr_FR","og_type":"article","og_title":"FabSwingers - Bay Reviews","og_description":"Il existe de nombreuses applications de rencontres, mais FabSwingers est l\u2019une des seules sp\u00e9cifiquement destin\u00e9es aux \u00e9changistes. Cela en fait une excellente option pour les [...]","og_url":"https:\/\/mmabay.co.uk\/fr\/fabswingers\/","og_site_name":"Bay Reviews","twitter_card":"summary_large_image","twitter_misc":{"Dur\u00e9e de lecture estim\u00e9e":"4 minutes"},"schema":{"@context":"https:\/\/schema.org","@graph":[{"@type":"WebSite","@id":"https:\/\/mmabay.co.uk\/fr\/#website","url":"https:\/\/mmabay.co.uk\/fr\/","name":"Bay Reviews","description":"Casual Hookup Finder","potentialAction":[{"@type":"SearchAction","target":{"@type":"EntryPoint","urlTemplate":"https:\/\/mmabay.co.uk\/fr\/?s={search_term_string}"},"query-input":"required name=search_term_string"}],"inLanguage":"fr-FR"},{"@type":"WebPage","@id":"https:\/\/mmabay.co.uk\/fr\/fabswingers\/#webpage","url":"https:\/\/mmabay.co.uk\/fr\/fabswingers\/","name":"FabSwingers - Bay Reviews","isPartOf":{"@id":"https:\/\/mmabay.co.uk\/fr\/#website"},"datePublished":"2022-10-03T12:15:06+00:00","dateModified":"2022-10-03T12:15:06+00:00","breadcrumb":{"@id":"https:\/\/mmabay.co.uk\/fr\/fabswingers\/#breadcrumb"},"inLanguage":"fr-FR","potentialAction":[{"@type":"ReadAction","target":["https:\/\/mmabay.co.uk\/fr\/fabswingers\/"]}]},{"@type":"BreadcrumbList","@id":"https:\/\/mmabay.co.uk\/fr\/fabswingers\/#breadcrumb","itemListElement":[{"@type":"ListItem","position":1,"name":"Home","item":"https:\/\/mmabay.co.uk\/fr\/"},{"@type":"ListItem","position":2,"name":"FabSwingers"}]}]}},"_links":{"self":[{"href":"https:\/\/mmabay.co.uk\/fr\/wp-json\/wp\/v2\/pages\/160"}],"collection":[{"href":"https:\/\/mmabay.co.uk\/fr\/wp-json\/wp\/v2\/pages"}],"about":[{"href":"https:\/\/mmabay.co.uk\/fr\/wp-json\/wp\/v2\/types\/page"}],"author":[{"embeddable":true,"href":"https:\/\/mmabay.co.uk\/fr\/wp-json\/wp\/v2\/users\/1"}],"replies":[{"embeddable":true,"href":"https:\/\/mmabay.co.uk\/fr\/wp-json\/wp\/v2\/comments?post=160"}],"version-history":[{"count":0,"href":"https:\/\/mmabay.co.uk\/fr\/wp-json\/wp\/v2\/pages\/160\/revisions"}],"wp:attachment":[{"href":"https:\/\/mmabay.co.uk\/fr\/wp-json\/wp\/v2\/media?parent=160"}],"curies":[{"name":"wp","href":"https:\/\/api.w.org\/{rel}","templated":true}]}}