{"id":170,"date":"2022-10-03T13:10:32","date_gmt":"2022-10-03T12:10:32","guid":{"rendered":"http:\/\/mmabay.co.uk\/affaires-chaudes\/"},"modified":"2022-10-03T13:10:32","modified_gmt":"2022-10-03T12:10:32","slug":"affaires-chaudes","status":"publish","type":"page","link":"https:\/\/mmabay.co.uk\/fr\/affaires-chaudes\/","title":{"rendered":"Affaires chaudes"},"content":{"rendered":"<p>HeatedAffairs est l\u2019une des applications de sexting les plus populaires disponibles aujourd\u2019hui. L\u2019application permet aux utilisateurs d\u2019envoyer et de recevoir des messages et des images sexuels, ainsi que de se connecter avec d\u2019autres utilisateurs int\u00e9ress\u00e9s par le sexting. HeatedAffairs est un excellent moyen de pimenter votre vie sexuelle ou d\u2019ajouter un peu plus d\u2019excitation \u00e0 votre relation. <a href=\"http:\/\/mmabay.co.uk\/fr\/doublelist\/\">L\u2019application est gratuite \u00e0 t\u00e9l\u00e9charger et \u00e0 utiliser<\/a>, et il n\u2019y a pas de frais d\u2019abonnement.<\/p>\n<h2>Interface<\/h2>\n<p>L\u2019interface de HeatedAffairs est super conviviale et facile \u00e0 naviguer. Vous pouvez trouver ce que vous cherchez rapidement et facilement, et le design est \u00e9l\u00e9gant et moderne. L\u2019application est \u00e9galement tr\u00e8s intuitive et r\u00e9active, vous n\u2019aurez donc aucun probl\u00e8me \u00e0 l\u2019utiliser. Dans l\u2019ensemble, l\u2019interface HeatedAffairs est l\u2019une des meilleures du secteur et rend la recherche d\u2019un rendez-vous facile et amusant.<\/p>\n<h2>Vos options<\/h2>\n<p>Il existe de nombreuses applications de rencontres diff\u00e9rentes et il peut \u00eatre difficile de d\u00e9cider laquelle vous convient le mieux. Si vous cherchez quelque chose d\u2019un peu plus torride et moins s\u00e9rieux, Heated Affairs pourrait \u00eatre une bonne option pour vous. Cette application est con\u00e7ue pour les personnes qui recherchent des rencontres et des affaires occasionnelles, vous pouvez donc vous attendre \u00e0 trouver des personnes qui recherchent simplement une connexion physique. Cependant, il y a aussi beaucoup de gens sur l\u2019application qui recherchent quelque chose de plus \u00e9motionnel et \u00e0 long terme, donc cela vaut vraiment la peine de v\u00e9rifier si vous \u00eates ouvert aux deux options. La grande chose \u00e0 propos de Heated Affairs est que c\u2019est une zone sans jugement, de sorte que vous pouvez vous sentir libre d\u2019\u00eatre vous-m\u00eame et d\u2019explorer votre sexualit\u00e9 sans souci.<\/p>\n<p>Le co\u00fbt de HeatedAffairs est de 39,99 $ pour un abonnement d\u2019un mois et de 19,99 $ pour un abonnement de trois mois. Il y a aussi un abonnement de six mois disponible pour 9,99 $. HeatedAffairs offre une vari\u00e9t\u00e9 de fonctionnalit\u00e9s \u00e0 ses membres, y compris la possibilit\u00e9 de rechercher des membres par emplacement, \u00e2ge, sexe et int\u00e9r\u00eats. HeatedAffairs propose \u00e9galement une vari\u00e9t\u00e9 d\u2019outils de communication, tels que des salles de chat, la messagerie instantan\u00e9e et le courrier \u00e9lectronique. HeatedAffairs est une application de rencontres qui s\u2019adresse aux personnes mari\u00e9es et attach\u00e9es qui recherchent un peu plus d\u2019excitation dans leur vie.<\/p>\n<h2>S\u00e9curit\u00e9<\/h2>\n<p>Il existe de nombreuses applications de rencontres et il peut \u00eatre difficile de savoir lesquelles sont s\u00fbres \u00e0 utiliser. HeatedAffairs est une application de rencontres con\u00e7ue pour \u00eatre s\u00fbre et s\u00e9curis\u00e9e pour ses utilisateurs. L\u2019application dispose d\u2019un certain nombre de fonctionnalit\u00e9s qui aident \u00e0 assurer la s\u00e9curit\u00e9 de ses utilisateurs, notamment un processus de v\u00e9rification strict, un syst\u00e8me de signalement pour les utilisateurs qui ne se sentent pas en s\u00e9curit\u00e9 et une fonction de blocage pour les utilisateurs qui ne souhaitent pas \u00eatre contact\u00e9s par certaines personnes. HeatedAffairs dispose \u00e9galement d\u2019une \u00e9quipe de mod\u00e9rateurs qui travaillent pour garder l\u2019application s\u00fbre et propre pour ses utilisateurs. Dans l\u2019ensemble, HeatedAffairs est une application de rencontres s\u00fbre et s\u00e9curis\u00e9e \u00e0 laquelle vous pouvez faire confiance.<\/p>\n<h2>Processus d\u2019adh\u00e9sion<\/h2>\n<p>Pour devenir membre de Heated Affairs, vous devez d\u2019abord cr\u00e9er un compte. Il vous sera ensuite demand\u00e9 de fournir votre adresse e-mail, de cr\u00e9er un mot de passe et de s\u00e9lectionner votre sexe et le sexe que vous recherchez. Une fois cela fait, vous pourrez acc\u00e9der aux fonctionnalit\u00e9s du site. Afin d\u2019utiliser le syst\u00e8me de messagerie du site, vous devrez passer \u00e0 un abonnement payant. Les abonnements payants donnent acc\u00e8s \u00e0 des fonctionnalit\u00e9s suppl\u00e9mentaires, telles que la possibilit\u00e9 de voir qui a consult\u00e9 votre profil, d\u2019envoyer et de recevoir un nombre illimit\u00e9 de messages et d\u2019afficher les photos des membres.<\/p>\n<h2>Sites similaires \u00e0 HeatedAffairs<\/h2>\n<p>Il existe de nombreux sites similaires \u00e0 HeatedAffairs en ce qui concerne les rencontres en ligne. D\u2019autres applications de rencontres populaires sont Tinder, OkCupid et Bumble. Toutes ces applications permettent aux utilisateurs de cr\u00e9er un profil, d\u2019ajouter des photos et de balayer vers la gauche ou la droite sur d\u2019autres utilisateurs pour indiquer leur int\u00e9r\u00eat. Ces applications sont similaires \u00e0 HeatedAffairs en ce sens qu\u2019elles sont toutes con\u00e7ues pour aider les utilisateurs \u00e0 rencontrer de nouvelles personnes. Cependant, chaque application a ses propres fonctionnalit\u00e9s et sa propre base d\u2019utilisateurs. Par exemple, Tinder est connu pour sa culture de connexion, tandis qu\u2019OkCupid est plus orient\u00e9 vers les relations. Bumble est unique en ce sens qu\u2019il permet uniquement aux femmes d\u2019initier le contact avec les hommes. HeatedAffairs est similaire \u00e0 ces autres applications en ce sens qu\u2019il s\u2019agit d\u2019une plate-forme permettant de rencontrer de nouvelles personnes, mais elle poss\u00e8de \u00e9galement des fonctionnalit\u00e9s uniques qui la distinguent. Par exemple, HeatedAffairs met l\u2019accent sur les relations extraconjugales et les rencontres discr\u00e8tes. Cela en fait une bonne option pour ceux qui recherchent quelque chose \u00e0 l\u2019ext\u00e9rieur<\/p>\n<h2>HeatedAffairs en vaut-il la peine?<\/h2>\n<p>Il existe de nombreuses applications de rencontres disponibles et il peut \u00eatre difficile de d\u00e9cider laquelle utiliser. HeatedAffairs est une option populaire et poss\u00e8de de nombreuses fonctionnalit\u00e9s qui plaisent aux utilisateurs. Il est important de noter qu\u2019il s\u2019agit d\u2019une application payante, vous devrez donc d\u00e9cider si le co\u00fbt en vaut la peine pour vous. Certaines personnes trouvent que les caract\u00e9ristiques et la qualit\u00e9 de HeatedAffairs valent le prix, tandis que d\u2019autres ne le font pas. C\u2019est une d\u00e9cision personnelle et vous devriez peser le pour et le contre avant de prendre une d\u00e9cision.<\/p>\n","protected":false},"excerpt":{"rendered":"<div class=\"mh-excerpt\"><p>HeatedAffairs est l\u2019une des applications de sexting les plus populaires disponibles aujourd\u2019hui. L\u2019application permet aux utilisateurs d\u2019envoyer et de recevoir des messages et des images <a class=\"mh-excerpt-more\" href=\"https:\/\/mmabay.co.uk\/fr\/affaires-chaudes\/\" title=\"Affaires chaudes\">[&#8230;]<\/a><\/p>\n<\/div>","protected":false},"author":1,"featured_media":0,"parent":0,"menu_order":0,"comment_status":"closed","ping_status":"closed","template":"","meta":[],"yoast_head":"<!-- This site is optimized with the Yoast SEO plugin v17.7.1 - https:\/\/yoast.com\/wordpress\/plugins\/seo\/ -->\n<title>Affaires chaudes - Bay Reviews<\/title>\n<meta name=\"robots\" content=\"index, follow, max-snippet:-1, max-image-preview:large, max-video-preview:-1\" \/>\n<link rel=\"canonical\" href=\"https:\/\/mmabay.co.uk\/fr\/affaires-chaudes\/\" \/>\n<meta property=\"og:locale\" content=\"fr_FR\" \/>\n<meta property=\"og:type\" content=\"article\" \/>\n<meta property=\"og:title\" content=\"Affaires chaudes - Bay Reviews\" \/>\n<meta property=\"og:description\" content=\"HeatedAffairs est l\u2019une des applications de sexting les plus populaires disponibles aujourd\u2019hui. L\u2019application permet aux utilisateurs d\u2019envoyer et de recevoir des messages et des images [...]\" \/>\n<meta property=\"og:url\" content=\"https:\/\/mmabay.co.uk\/fr\/affaires-chaudes\/\" \/>\n<meta property=\"og:site_name\" content=\"Bay Reviews\" \/>\n<meta name=\"twitter:card\" content=\"summary_large_image\" \/>\n<meta name=\"twitter:label1\" content=\"Dur\u00e9e de lecture estim\u00e9e\" \/>\n\t<meta name=\"twitter:data1\" content=\"5 minutes\" \/>\n<script type=\"application\/ld+json\" class=\"yoast-schema-graph\">{\"@context\":\"https:\/\/schema.org\",\"@graph\":[{\"@type\":\"WebSite\",\"@id\":\"https:\/\/mmabay.co.uk\/fr\/#website\",\"url\":\"https:\/\/mmabay.co.uk\/fr\/\",\"name\":\"Bay Reviews\",\"description\":\"Casual Hookup Finder\",\"potentialAction\":[{\"@type\":\"SearchAction\",\"target\":{\"@type\":\"EntryPoint\",\"urlTemplate\":\"https:\/\/mmabay.co.uk\/fr\/?s={search_term_string}\"},\"query-input\":\"required name=search_term_string\"}],\"inLanguage\":\"fr-FR\"},{\"@type\":\"WebPage\",\"@id\":\"https:\/\/mmabay.co.uk\/fr\/affaires-chaudes\/#webpage\",\"url\":\"https:\/\/mmabay.co.uk\/fr\/affaires-chaudes\/\",\"name\":\"Affaires chaudes - Bay Reviews\",\"isPartOf\":{\"@id\":\"https:\/\/mmabay.co.uk\/fr\/#website\"},\"datePublished\":\"2022-10-03T12:10:32+00:00\",\"dateModified\":\"2022-10-03T12:10:32+00:00\",\"breadcrumb\":{\"@id\":\"https:\/\/mmabay.co.uk\/fr\/affaires-chaudes\/#breadcrumb\"},\"inLanguage\":\"fr-FR\",\"potentialAction\":[{\"@type\":\"ReadAction\",\"target\":[\"https:\/\/mmabay.co.uk\/fr\/affaires-chaudes\/\"]}]},{\"@type\":\"BreadcrumbList\",\"@id\":\"https:\/\/mmabay.co.uk\/fr\/affaires-chaudes\/#breadcrumb\",\"itemListElement\":[{\"@type\":\"ListItem\",\"position\":1,\"name\":\"Home\",\"item\":\"https:\/\/mmabay.co.uk\/fr\/\"},{\"@type\":\"ListItem\",\"position\":2,\"name\":\"Affaires chaudes\"}]}]}<\/script>\n<!-- \/ Yoast SEO plugin. -->","yoast_head_json":{"title":"Affaires chaudes - Bay Reviews","robots":{"index":"index","follow":"follow","max-snippet":"max-snippet:-1","max-image-preview":"max-image-preview:large","max-video-preview":"max-video-preview:-1"},"canonical":"https:\/\/mmabay.co.uk\/fr\/affaires-chaudes\/","og_locale":"fr_FR","og_type":"article","og_title":"Affaires chaudes - Bay Reviews","og_description":"HeatedAffairs est l\u2019une des applications de sexting les plus populaires disponibles aujourd\u2019hui. L\u2019application permet aux utilisateurs d\u2019envoyer et de recevoir des messages et des images [...]","og_url":"https:\/\/mmabay.co.uk\/fr\/affaires-chaudes\/","og_site_name":"Bay Reviews","twitter_card":"summary_large_image","twitter_misc":{"Dur\u00e9e de lecture estim\u00e9e":"5 minutes"},"schema":{"@context":"https:\/\/schema.org","@graph":[{"@type":"WebSite","@id":"https:\/\/mmabay.co.uk\/fr\/#website","url":"https:\/\/mmabay.co.uk\/fr\/","name":"Bay Reviews","description":"Casual Hookup Finder","potentialAction":[{"@type":"SearchAction","target":{"@type":"EntryPoint","urlTemplate":"https:\/\/mmabay.co.uk\/fr\/?s={search_term_string}"},"query-input":"required name=search_term_string"}],"inLanguage":"fr-FR"},{"@type":"WebPage","@id":"https:\/\/mmabay.co.uk\/fr\/affaires-chaudes\/#webpage","url":"https:\/\/mmabay.co.uk\/fr\/affaires-chaudes\/","name":"Affaires chaudes - Bay Reviews","isPartOf":{"@id":"https:\/\/mmabay.co.uk\/fr\/#website"},"datePublished":"2022-10-03T12:10:32+00:00","dateModified":"2022-10-03T12:10:32+00:00","breadcrumb":{"@id":"https:\/\/mmabay.co.uk\/fr\/affaires-chaudes\/#breadcrumb"},"inLanguage":"fr-FR","potentialAction":[{"@type":"ReadAction","target":["https:\/\/mmabay.co.uk\/fr\/affaires-chaudes\/"]}]},{"@type":"BreadcrumbList","@id":"https:\/\/mmabay.co.uk\/fr\/affaires-chaudes\/#breadcrumb","itemListElement":[{"@type":"ListItem","position":1,"name":"Home","item":"https:\/\/mmabay.co.uk\/fr\/"},{"@type":"ListItem","position":2,"name":"Affaires chaudes"}]}]}},"_links":{"self":[{"href":"https:\/\/mmabay.co.uk\/fr\/wp-json\/wp\/v2\/pages\/170"}],"collection":[{"href":"https:\/\/mmabay.co.uk\/fr\/wp-json\/wp\/v2\/pages"}],"about":[{"href":"https:\/\/mmabay.co.uk\/fr\/wp-json\/wp\/v2\/types\/page"}],"author":[{"embeddable":true,"href":"https:\/\/mmabay.co.uk\/fr\/wp-json\/wp\/v2\/users\/1"}],"replies":[{"embeddable":true,"href":"https:\/\/mmabay.co.uk\/fr\/wp-json\/wp\/v2\/comments?post=170"}],"version-history":[{"count":0,"href":"https:\/\/mmabay.co.uk\/fr\/wp-json\/wp\/v2\/pages\/170\/revisions"}],"wp:attachment":[{"href":"https:\/\/mmabay.co.uk\/fr\/wp-json\/wp\/v2\/media?parent=170"}],"curies":[{"name":"wp","href":"https:\/\/api.w.org\/{rel}","templated":true}]}}