{"id":182,"date":"2022-10-03T13:09:41","date_gmt":"2022-10-03T12:09:41","guid":{"rendered":"http:\/\/mmabay.co.uk\/doublelist\/"},"modified":"2022-10-03T13:09:41","modified_gmt":"2022-10-03T12:09:41","slug":"doublelist","status":"publish","type":"page","link":"https:\/\/mmabay.co.uk\/fr\/doublelist\/","title":{"rendered":"DoubleList"},"content":{"rendered":"<p>Il y a une nouvelle application de rencontres sur la sc\u00e8ne, et elle s\u2019appelle DoubleList. Contrairement \u00e0 d\u2019autres applications de rencontres, DoubleList est sp\u00e9cialement con\u00e7u pour les personnes qui recherchent des relations sexuelles NSA (sans conditions).<\/p>\n<p>Si vous en avez assez de glisser vers la gauche et la droite, seulement pour vous sentir d\u00e9\u00e7u des r\u00e9sultats, alors DoubleList peut valoir la peine d\u2019\u00eatre v\u00e9rifi\u00e9. L\u2019application en est encore \u00e0 ses d\u00e9buts, mais elle a d\u00e9j\u00e0 gagn\u00e9 beaucoup de traction aupr\u00e8s des utilisateurs qui recherchent quelque chose d\u2019un peu diff\u00e9rent. Donc, si vous \u00eates int\u00e9ress\u00e9 \u00e0 explorer votre sexualit\u00e9 sans aucune condition, alors DoubleList pourrait bien \u00eatre l\u2019application pour vous.<\/p>\n<h2>Caract\u00e9ristiques de l\u2019application<\/h2>\n<p>DoubleList est une nouvelle application de rencontres qui permet aux utilisateurs de <a href=\"http:\/\/mmabay.co.uk\/fr\/xpickup\/\">trouver des correspondances en fonction de leur emplacement et de leurs int\u00e9r\u00eats<\/a>. L\u2019application permet \u00e9galement aux utilisateurs de configurer un profil et d\u2019ajouter des photos, afin que les correspondances potentielles puissent en savoir plus \u00e0 leur sujet. L\u2019une des caract\u00e9ristiques uniques de DoubleList est la possibilit\u00e9 de voir qui vous a aim\u00e9 avant m\u00eame que vous ne les ayez jumel\u00e9s. Cela signifie que vous pouvez commencer \u00e0 discuter avec quelqu\u2019un tout de suite, sans avoir \u00e0 attendre qu\u2019il vous aime en retour. DoubleList est \u00e9galement l\u2019une des seules applications de rencontres qui permet aux utilisateurs de rechercher des correspondances par mot-cl\u00e9, afin que vous puissiez trouver quelqu\u2019un qui partage vos int\u00e9r\u00eats. L\u2019application est gratuite \u00e0 t\u00e9l\u00e9charger et \u00e0 utiliser, et elle est disponible sur iOS et Android.<\/p>\n<h2>Votre choix<\/h2>\n<p>Il ne fait aucun doute que les applications de rencontres ont chang\u00e9 la fa\u00e7on dont nous sortons ensemble. Nous ne sommes plus limit\u00e9s \u00e0 rencontrer quelqu\u2019un dans un bar ou par l\u2019interm\u00e9diaire d\u2019un ami commun. Maintenant, nous pouvons simplement glisser vers la droite pour nous connecter avec quelqu\u2019un qui attire notre attention.<\/p>\n<p>Mais avec autant d\u2019applications de rencontres parmi lesquelles choisir, il peut \u00eatre difficile de savoir laquelle vous convient le mieux. C\u2019est pourquoi nous avons cr\u00e9\u00e9 une liste des meilleures applications de rencontres, afin que vous puissiez prendre une d\u00e9cision \u00e9clair\u00e9e sur l\u2019application qui vous convient. Si vous recherchez une relation s\u00e9rieuse, nous vous recommandons eHarmony. Cette application est con\u00e7ue pour vous aider \u00e0 trouver un partenaire \u00e0 long terme, et c\u2019est l\u2019une des applications de rencontres les plus populaires. Si vous cherchez quelque chose d\u2019un peu plus d\u00e9contract\u00e9, nous vous recommandons Tinder. Cette application est parfaite pour les personnes qui recherchent simplement une connexion rapide.<\/p>\n<p>Et si vous cherchez quelque chose entre les deux, alors nous vous recommandons DoubleList!<\/p>\n<h2>Co\u00fbts des primes<\/h2>\n<p>DoubleList est une application de rencontres qui permet aux utilisateurs de se connecter les uns aux autres pour diverses raisons, y compris les rencontres, les rencontres, les rencontres ou simplement se faire de nouveaux amis. L\u2019application est gratuite \u00e0 t\u00e9l\u00e9charger et \u00e0 utiliser, mais elle offre \u00e9galement un abonnement premium qui donne aux utilisateurs l\u2019acc\u00e8s \u00e0 des fonctionnalit\u00e9s suppl\u00e9mentaires, telles que des options de recherche avanc\u00e9es et la possibilit\u00e9 de voir qui a consult\u00e9 votre profil. L\u2019abonnement premium co\u00fbte 9,99 $ par mois et il est automatiquement renouvel\u00e9 chaque mois, sauf si vous l\u2019annulez. L\u2019application permet \u00e9galement aux utilisateurs de s\u2019inscrire pour un compte et de se connecter. L\u2019application a une interface simple et est facile \u00e0 utiliser. DoubleList est une excellente application pour rencontrer de nouvelles personnes et se connecter avec d\u2019autres utilisateurs.<\/p>\n<h2>Alternatives \u00e0 DoubleList<\/h2>\n<p>Il existe de nombreuses alternatives \u00e0 DoubleList pour ceux qui recherchent une application de rencontres. Certains d\u2019entre eux incluent Tinder, Bumble, OkCupid et Match.com. Toutes ces applications ont leurs propres fonctionnalit\u00e9s uniques et s\u2019adressent \u00e0 diff\u00e9rents publics. Par exemple, Tinder est l\u2019une des applications de rencontres les plus populaires et est connue pour sa fonction de balayage. Bumble est une autre application populaire qui permet aux femmes de faire le premier pas. OkCupid est une application gratuite connue pour ses profils d\u00e9taill\u00e9s et Match.com est une application payante consid\u00e9r\u00e9e comme plus s\u00e9rieuse.<\/p>\n<h2>S\u00e9curit\u00e9<\/h2>\n<p>Quand il s\u2019agit de rencontres en ligne, la s\u00e9curit\u00e9 est toujours une pr\u00e9occupation majeure. Cependant, vous pouvez \u00eatre assur\u00e9 que DoubleList est une application de rencontres s\u00fbre et s\u00e9curis\u00e9e. Toutes vos informations personnelles sont prot\u00e9g\u00e9es et l\u2019application utilise le cryptage SSL pour prot\u00e9ger vos donn\u00e9es. En outre, DoubleList emploie une \u00e9quipe d\u2019experts en s\u00e9curit\u00e9 qui travaillent toujours pour assurer la s\u00e9curit\u00e9 de l\u2019application. Ainsi, vous pouvez vous concentrer sur la recherche de votre partenaire parfait sans vous soucier de votre s\u00e9curit\u00e9.<\/p>\n<h2>DoubleList en vaut-il la peine?<\/h2>\n<p>Il existe de nombreuses applications de rencontres, il peut donc \u00eatre difficile de d\u00e9cider laquelle d\u00e9penser votre argent. Si vous envisagez DoubleList, cela vaut la peine de consid\u00e9rer le co\u00fbt. Un abonnement mensuel \u00e0 l\u2019application co\u00fbte 9,99 $, ce qui n\u2019est pas trop mal. Cependant, vous devez \u00e9galement payer 0,99 $ par message que vous envoyez, ce qui peut s\u2019additionner si vous \u00eates un gros utilisateur.<\/p>\n<p>Alors, DoubleList vaut-il le co\u00fbt? Cela d\u00e9pend de la fa\u00e7on dont vous l\u2019utilisez. Si vous \u00eates un utilisateur occasionnel qui n\u2019envoie que quelques messages par mois, cela n\u2019en vaut probablement pas la peine. Cependant, si vous \u00eates un gros utilisateur qui envoie beaucoup de messages, cela pourrait en valoir la peine.<\/p>\n","protected":false},"excerpt":{"rendered":"<div class=\"mh-excerpt\"><p>Il y a une nouvelle application de rencontres sur la sc\u00e8ne, et elle s\u2019appelle DoubleList. Contrairement \u00e0 d\u2019autres applications de rencontres, DoubleList est sp\u00e9cialement con\u00e7u <a class=\"mh-excerpt-more\" href=\"https:\/\/mmabay.co.uk\/fr\/doublelist\/\" title=\"DoubleList\">[&#8230;]<\/a><\/p>\n<\/div>","protected":false},"author":1,"featured_media":0,"parent":0,"menu_order":0,"comment_status":"closed","ping_status":"closed","template":"","meta":[],"yoast_head":"<!-- This site is optimized with the Yoast SEO plugin v17.7.1 - https:\/\/yoast.com\/wordpress\/plugins\/seo\/ -->\n<title>DoubleList - Bay Reviews<\/title>\n<meta name=\"robots\" content=\"index, follow, max-snippet:-1, max-image-preview:large, max-video-preview:-1\" \/>\n<link rel=\"canonical\" href=\"https:\/\/mmabay.co.uk\/fr\/doublelist\/\" \/>\n<meta property=\"og:locale\" content=\"fr_FR\" \/>\n<meta property=\"og:type\" content=\"article\" \/>\n<meta property=\"og:title\" content=\"DoubleList - Bay Reviews\" \/>\n<meta property=\"og:description\" content=\"Il y a une nouvelle application de rencontres sur la sc\u00e8ne, et elle s\u2019appelle DoubleList. Contrairement \u00e0 d\u2019autres applications de rencontres, DoubleList est sp\u00e9cialement con\u00e7u [...]\" \/>\n<meta property=\"og:url\" content=\"https:\/\/mmabay.co.uk\/fr\/doublelist\/\" \/>\n<meta property=\"og:site_name\" content=\"Bay Reviews\" \/>\n<meta name=\"twitter:card\" content=\"summary_large_image\" \/>\n<meta name=\"twitter:label1\" content=\"Dur\u00e9e de lecture estim\u00e9e\" \/>\n\t<meta name=\"twitter:data1\" content=\"5 minutes\" \/>\n<script type=\"application\/ld+json\" class=\"yoast-schema-graph\">{\"@context\":\"https:\/\/schema.org\",\"@graph\":[{\"@type\":\"WebSite\",\"@id\":\"https:\/\/mmabay.co.uk\/fr\/#website\",\"url\":\"https:\/\/mmabay.co.uk\/fr\/\",\"name\":\"Bay Reviews\",\"description\":\"Casual Hookup Finder\",\"potentialAction\":[{\"@type\":\"SearchAction\",\"target\":{\"@type\":\"EntryPoint\",\"urlTemplate\":\"https:\/\/mmabay.co.uk\/fr\/?s={search_term_string}\"},\"query-input\":\"required name=search_term_string\"}],\"inLanguage\":\"fr-FR\"},{\"@type\":\"WebPage\",\"@id\":\"https:\/\/mmabay.co.uk\/fr\/doublelist\/#webpage\",\"url\":\"https:\/\/mmabay.co.uk\/fr\/doublelist\/\",\"name\":\"DoubleList - Bay Reviews\",\"isPartOf\":{\"@id\":\"https:\/\/mmabay.co.uk\/fr\/#website\"},\"datePublished\":\"2022-10-03T12:09:41+00:00\",\"dateModified\":\"2022-10-03T12:09:41+00:00\",\"breadcrumb\":{\"@id\":\"https:\/\/mmabay.co.uk\/fr\/doublelist\/#breadcrumb\"},\"inLanguage\":\"fr-FR\",\"potentialAction\":[{\"@type\":\"ReadAction\",\"target\":[\"https:\/\/mmabay.co.uk\/fr\/doublelist\/\"]}]},{\"@type\":\"BreadcrumbList\",\"@id\":\"https:\/\/mmabay.co.uk\/fr\/doublelist\/#breadcrumb\",\"itemListElement\":[{\"@type\":\"ListItem\",\"position\":1,\"name\":\"Home\",\"item\":\"https:\/\/mmabay.co.uk\/fr\/\"},{\"@type\":\"ListItem\",\"position\":2,\"name\":\"DoubleList\"}]}]}<\/script>\n<!-- \/ Yoast SEO plugin. -->","yoast_head_json":{"title":"DoubleList - Bay Reviews","robots":{"index":"index","follow":"follow","max-snippet":"max-snippet:-1","max-image-preview":"max-image-preview:large","max-video-preview":"max-video-preview:-1"},"canonical":"https:\/\/mmabay.co.uk\/fr\/doublelist\/","og_locale":"fr_FR","og_type":"article","og_title":"DoubleList - Bay Reviews","og_description":"Il y a une nouvelle application de rencontres sur la sc\u00e8ne, et elle s\u2019appelle DoubleList. Contrairement \u00e0 d\u2019autres applications de rencontres, DoubleList est sp\u00e9cialement con\u00e7u [...]","og_url":"https:\/\/mmabay.co.uk\/fr\/doublelist\/","og_site_name":"Bay Reviews","twitter_card":"summary_large_image","twitter_misc":{"Dur\u00e9e de lecture estim\u00e9e":"5 minutes"},"schema":{"@context":"https:\/\/schema.org","@graph":[{"@type":"WebSite","@id":"https:\/\/mmabay.co.uk\/fr\/#website","url":"https:\/\/mmabay.co.uk\/fr\/","name":"Bay Reviews","description":"Casual Hookup Finder","potentialAction":[{"@type":"SearchAction","target":{"@type":"EntryPoint","urlTemplate":"https:\/\/mmabay.co.uk\/fr\/?s={search_term_string}"},"query-input":"required name=search_term_string"}],"inLanguage":"fr-FR"},{"@type":"WebPage","@id":"https:\/\/mmabay.co.uk\/fr\/doublelist\/#webpage","url":"https:\/\/mmabay.co.uk\/fr\/doublelist\/","name":"DoubleList - Bay Reviews","isPartOf":{"@id":"https:\/\/mmabay.co.uk\/fr\/#website"},"datePublished":"2022-10-03T12:09:41+00:00","dateModified":"2022-10-03T12:09:41+00:00","breadcrumb":{"@id":"https:\/\/mmabay.co.uk\/fr\/doublelist\/#breadcrumb"},"inLanguage":"fr-FR","potentialAction":[{"@type":"ReadAction","target":["https:\/\/mmabay.co.uk\/fr\/doublelist\/"]}]},{"@type":"BreadcrumbList","@id":"https:\/\/mmabay.co.uk\/fr\/doublelist\/#breadcrumb","itemListElement":[{"@type":"ListItem","position":1,"name":"Home","item":"https:\/\/mmabay.co.uk\/fr\/"},{"@type":"ListItem","position":2,"name":"DoubleList"}]}]}},"_links":{"self":[{"href":"https:\/\/mmabay.co.uk\/fr\/wp-json\/wp\/v2\/pages\/182"}],"collection":[{"href":"https:\/\/mmabay.co.uk\/fr\/wp-json\/wp\/v2\/pages"}],"about":[{"href":"https:\/\/mmabay.co.uk\/fr\/wp-json\/wp\/v2\/types\/page"}],"author":[{"embeddable":true,"href":"https:\/\/mmabay.co.uk\/fr\/wp-json\/wp\/v2\/users\/1"}],"replies":[{"embeddable":true,"href":"https:\/\/mmabay.co.uk\/fr\/wp-json\/wp\/v2\/comments?post=182"}],"version-history":[{"count":0,"href":"https:\/\/mmabay.co.uk\/fr\/wp-json\/wp\/v2\/pages\/182\/revisions"}],"wp:attachment":[{"href":"https:\/\/mmabay.co.uk\/fr\/wp-json\/wp\/v2\/media?parent=182"}],"curies":[{"name":"wp","href":"https:\/\/api.w.org\/{rel}","templated":true}]}}