{"id":198,"date":"2022-10-03T13:09:10","date_gmt":"2022-10-03T12:09:10","guid":{"rendered":"http:\/\/mmabay.co.uk\/xpickup\/"},"modified":"2022-10-03T13:09:10","modified_gmt":"2022-10-03T12:09:10","slug":"xpickup","status":"publish","type":"page","link":"https:\/\/mmabay.co.uk\/fr\/xpickup\/","title":{"rendered":"XPickup"},"content":{"rendered":"<p>Il existe diff\u00e9rents types de <a href=\"http:\/\/mmabay.co.uk\/onebbw\/\">sites de sexe pick-up<\/a>. Certains visent \u00e0 aider les gens \u00e0 se connecter avec des \u00e9trangers pour une nuit. D\u2019autres ressemblent plus \u00e0 des applications de rencontres, mais avec la fonctionnalit\u00e9 suppl\u00e9mentaire de vous aider \u00e0 trouver quelqu\u2019un avec qui avoir des relations sexuelles.<\/p>\n<p>Si vous recherchez une aventure d\u2019un soir, un site comme Pure ou Tinder pourrait \u00eatre une bonne option. Ces sites consistent \u00e0 rencontrer quelqu\u2019un et \u00e0 se mettre au travail. Il n\u2019est pas n\u00e9cessaire de d\u00e9conner avec de petites discussions ou de s\u2019inqui\u00e9ter de ce qu\u2019il faut faire ensuite.<\/p>\n<p>Si vous cherchez quelque chose d\u2019un peu plus s\u00e9rieux, alors un site comme OkCupid pourrait \u00eatre une meilleure option. Ces sites sont toujours sur la connexion, mais ils vous permettent \u00e9galement d\u2019apprendre \u00e0 conna\u00eetre quelqu\u2019un un peu mieux avant de vous rencontrer. Cela peut aider \u00e0 vous assurer que vous \u00eates tous les deux sur la m\u00eame longueur d\u2019onde avant de devenir physique.<\/p>\n<h2>Type de fonctionnalit\u00e9s<\/h2>\n<p>Il existe de nombreux types de fonctionnalit\u00e9s que l\u2019on peut trouver sur les applications de rencontres. Certains des plus populaires incluent la possibilit\u00e9 de rechercher d\u2019autres utilisateurs par emplacement, \u00e2ge, sexe et int\u00e9r\u00eats; la possibilit\u00e9 d\u2019envoyer des messages \u00e0 d\u2019autres utilisateurs; la possibilit\u00e9 de voir qui a consult\u00e9 votre profil; et la possibilit\u00e9 de voir qui est en ligne. D\u2019autres fonctionnalit\u00e9s qui deviennent de plus en plus courantes incluent la possibilit\u00e9 de voir qui a aim\u00e9 votre profil, la possibilit\u00e9 de voir qui vous a mis en favori et la possibilit\u00e9 de voir qui vous a envoy\u00e9 un flirt.<\/p>\n<h2>Votre choix<\/h2>\n<p>Il existe de nombreuses applications de rencontres parmi lesquelles choisir de nos jours et il peut \u00eatre difficile de d\u00e9terminer laquelle vous convient le mieux. Mais si vous cherchez quelque chose d\u2019un peu diff\u00e9rent, XPickup pourrait valoir la peine d\u2019\u00eatre v\u00e9rifi\u00e9.<\/p>\n<p>Contrairement \u00e0 d\u2019autres applications de rencontres, XPickup vise \u00e0 donner aux utilisateurs le pouvoir de choisir \u00e0 qui ils veulent parler. Vous pouvez parcourir les profils et choisir ceux qui vous int\u00e9ressent. Et si vous n\u2019\u00eates pas s\u00fbr de quelqu\u2019un, vous pouvez toujours lui envoyer un \u00ab&nbsp;ramassage&nbsp;\u00bb et voir s\u2019il est int\u00e9ress\u00e9.<\/p>\n<p>XPickup est \u00e9galement id\u00e9al pour les personnes timides ou introverties, car vous pouvez prendre votre temps et choisir \u00e0 qui vous voulez parler. Il n\u2019y a aucune pression pour envoyer un message \u00e0 qui que ce soit tout de suite et vous pouvez simplement discuter lorsque vous \u00eates pr\u00eat.<\/p>\n<p>Donc, si vous \u00eates fatigu\u00e9 des m\u00eames anciennes applications de rencontres, essayez XPickup. C\u2019est peut-\u00eatre juste le pick-me-up<\/p>\n<p>Il existe de nombreuses applications de rencontres, et chacune a un prix diff\u00e9rent. Certains sont gratuits, tandis que d\u2019autres facturent des frais mensuels ou annuels. XPickup est l\u2019une des applications de rencontres les plus abordables, ne co\u00fbtant que 9,99 $ par mois. Cela en fait une excellente option pour ceux qui ont un budget limit\u00e9. De plus, XPickup propose un essai de 7 jours afin que vous puissiez l\u2019essayer avant de vous engager dans un abonnement payant. C\u2019est un excellent moyen de voir si l\u2019application vous convient. Si vous recherchez une application de rencontres qui ne cassera pas la banque, XPickup vaut vraiment le d\u00e9tour.<\/p>\n<h2>Processus d\u2019adh\u00e9sion<\/h2>\n<p>XPickup est une nouvelle application de rencontres qui permet aux utilisateurs de se connecter avec des correspondances potentielles dans leur r\u00e9gion. L\u2019application est gratuite \u00e0 t\u00e9l\u00e9charger et \u00e0 cr\u00e9er un profil. Pour devenir membre, les utilisateurs doivent souscrire un abonnement mensuel. L\u2019abonnement donne aux utilisateurs l\u2019acc\u00e8s aux fonctionnalit\u00e9s exclusives de XPickup, telles que la possibilit\u00e9 de voir qui a consult\u00e9 leur profil, d\u2019envoyer un nombre illimit\u00e9 de messages et d\u2019afficher les profils des correspondances potentielles. XPickup propose \u00e9galement un abonnement VIP, qui donne aux utilisateurs encore plus d\u2019acc\u00e8s \u00e0 des fonctionnalit\u00e9s exclusives, telles que la possibilit\u00e9 de voir qui a aim\u00e9 leur profil, d\u2019envoyer des messages illimit\u00e9s et d\u2019afficher les profils des correspondances potentielles.<\/p>\n<h2>Semblable \u00e0 XPickup<\/h2>\n<p>Il existe de nombreuses applications de rencontres sur le march\u00e9, chacune avec ses propres caract\u00e9ristiques uniques. Cependant, une chose que beaucoup de ces applications ont en commun est la possibilit\u00e9 de permettre aux utilisateurs de \u00ab&nbsp;ramasser&nbsp;\u00bb d\u2019autres utilisateurs qui se trouvent \u00e0 proximit\u00e9. Cette fonctionnalit\u00e9 est extr\u00eamement pratique pour les utilisateurs qui cherchent \u00e0 rencontrer de nouvelles personnes dans leur r\u00e9gion.<\/p>\n<p>XPickup est une application de rencontres qui pousse ce concept un peu plus loin. Non seulement il permet aux utilisateurs de ramasser d\u2019autres utilisateurs qui sont \u00e0 proximit\u00e9, mais il leur permet \u00e9galement de voir une carte de l\u2019endroit o\u00f9 ces utilisateurs sont situ\u00e9s. Cela rend encore plus facile de trouver quelqu\u2019un qui est \u00e0 proximit\u00e9 et que vous pourriez \u00eatre int\u00e9ress\u00e9 \u00e0 rencontrer.<\/p>\n<p>Si vous \u00eates fatigu\u00e9 des m\u00eames anciennes applications de rencontres, alors XPickup vaut vraiment le d\u00e9tour. C\u2019est un excellent moyen de rencontrer de nouvelles personnes dans votre r\u00e9gion, et on ne sait jamais, vous pourriez bien trouver votre partenaire id\u00e9al.<\/p>\n<h2>S\u00e9curit\u00e9<\/h2>\n<p>Il existe de nombreuses applications de rencontres et il peut \u00eatre difficile de savoir lesquelles sont s\u00fbres \u00e0 utiliser. XPickup est une application de rencontres ax\u00e9e sur la s\u00fbret\u00e9 et la s\u00e9curit\u00e9. Ils ont une \u00e9quipe d\u2019experts qui travaillent dur pour garder l\u2019application s\u00fbre et s\u00e9curis\u00e9e pour les utilisateurs. XPickup dispose \u00e9galement d\u2019un certain nombre de fonctionnalit\u00e9s qui aident \u00e0 assurer la s\u00e9curit\u00e9 des utilisateurs, telles qu\u2019un syst\u00e8me de v\u00e9rification des photos. Cela signifie que vous pouvez \u00eatre s\u00fbr que la personne \u00e0 qui vous parlez est celle qu\u2019elle pr\u00e9tend \u00eatre. XPickup est une excellente option pour ceux qui recherchent une application de rencontres s\u00fbre et s\u00e9curis\u00e9e.<\/p>\n<h2>XPickup en vaut-il la peine?<\/h2>\n<p>Il existe de nombreuses applications de rencontres diff\u00e9rentes et il peut \u00eatre difficile de d\u00e9cider laquelle vous convient le mieux. Si vous cherchez quelque chose d\u2019un peu plus s\u00e9rieux qu\u2019une connexion, XPickup pourrait en valoir la peine. L\u2019application est con\u00e7ue pour vous aider \u00e0 trouver des relations \u00e0 long terme, c\u2019est donc une bonne option si vous cherchez \u00e0 vous installer. Cependant, il est important de se rappeler qu\u2019aucune application de rencontres n\u2019est parfaite et que vous devrez toujours faire des efforts pour trouver une correspondance compatible.<\/p>\n","protected":false},"excerpt":{"rendered":"<div class=\"mh-excerpt\"><p>Il existe diff\u00e9rents types de sites de sexe pick-up. Certains visent \u00e0 aider les gens \u00e0 se connecter avec des \u00e9trangers pour une nuit. D\u2019autres <a class=\"mh-excerpt-more\" href=\"https:\/\/mmabay.co.uk\/fr\/xpickup\/\" title=\"XPickup\">[&#8230;]<\/a><\/p>\n<\/div>","protected":false},"author":1,"featured_media":0,"parent":0,"menu_order":0,"comment_status":"closed","ping_status":"closed","template":"","meta":[],"yoast_head":"<!-- This site is optimized with the Yoast SEO plugin v17.7.1 - https:\/\/yoast.com\/wordpress\/plugins\/seo\/ -->\n<title>XPickup - Bay Reviews<\/title>\n<meta name=\"robots\" content=\"index, follow, max-snippet:-1, max-image-preview:large, max-video-preview:-1\" \/>\n<link rel=\"canonical\" href=\"https:\/\/mmabay.co.uk\/fr\/xpickup\/\" \/>\n<meta property=\"og:locale\" content=\"fr_FR\" \/>\n<meta property=\"og:type\" content=\"article\" \/>\n<meta property=\"og:title\" content=\"XPickup - Bay Reviews\" \/>\n<meta property=\"og:description\" content=\"Il existe diff\u00e9rents types de sites de sexe pick-up. Certains visent \u00e0 aider les gens \u00e0 se connecter avec des \u00e9trangers pour une nuit. D\u2019autres [...]\" \/>\n<meta property=\"og:url\" content=\"https:\/\/mmabay.co.uk\/fr\/xpickup\/\" \/>\n<meta property=\"og:site_name\" content=\"Bay Reviews\" \/>\n<meta name=\"twitter:card\" content=\"summary_large_image\" \/>\n<meta name=\"twitter:label1\" content=\"Dur\u00e9e de lecture estim\u00e9e\" \/>\n\t<meta name=\"twitter:data1\" content=\"6 minutes\" \/>\n<script type=\"application\/ld+json\" class=\"yoast-schema-graph\">{\"@context\":\"https:\/\/schema.org\",\"@graph\":[{\"@type\":\"WebSite\",\"@id\":\"https:\/\/mmabay.co.uk\/fr\/#website\",\"url\":\"https:\/\/mmabay.co.uk\/fr\/\",\"name\":\"Bay Reviews\",\"description\":\"Casual Hookup Finder\",\"potentialAction\":[{\"@type\":\"SearchAction\",\"target\":{\"@type\":\"EntryPoint\",\"urlTemplate\":\"https:\/\/mmabay.co.uk\/fr\/?s={search_term_string}\"},\"query-input\":\"required name=search_term_string\"}],\"inLanguage\":\"fr-FR\"},{\"@type\":\"WebPage\",\"@id\":\"https:\/\/mmabay.co.uk\/fr\/xpickup\/#webpage\",\"url\":\"https:\/\/mmabay.co.uk\/fr\/xpickup\/\",\"name\":\"XPickup - Bay Reviews\",\"isPartOf\":{\"@id\":\"https:\/\/mmabay.co.uk\/fr\/#website\"},\"datePublished\":\"2022-10-03T12:09:10+00:00\",\"dateModified\":\"2022-10-03T12:09:10+00:00\",\"breadcrumb\":{\"@id\":\"https:\/\/mmabay.co.uk\/fr\/xpickup\/#breadcrumb\"},\"inLanguage\":\"fr-FR\",\"potentialAction\":[{\"@type\":\"ReadAction\",\"target\":[\"https:\/\/mmabay.co.uk\/fr\/xpickup\/\"]}]},{\"@type\":\"BreadcrumbList\",\"@id\":\"https:\/\/mmabay.co.uk\/fr\/xpickup\/#breadcrumb\",\"itemListElement\":[{\"@type\":\"ListItem\",\"position\":1,\"name\":\"Home\",\"item\":\"https:\/\/mmabay.co.uk\/fr\/\"},{\"@type\":\"ListItem\",\"position\":2,\"name\":\"XPickup\"}]}]}<\/script>\n<!-- \/ Yoast SEO plugin. -->","yoast_head_json":{"title":"XPickup - Bay Reviews","robots":{"index":"index","follow":"follow","max-snippet":"max-snippet:-1","max-image-preview":"max-image-preview:large","max-video-preview":"max-video-preview:-1"},"canonical":"https:\/\/mmabay.co.uk\/fr\/xpickup\/","og_locale":"fr_FR","og_type":"article","og_title":"XPickup - Bay Reviews","og_description":"Il existe diff\u00e9rents types de sites de sexe pick-up. Certains visent \u00e0 aider les gens \u00e0 se connecter avec des \u00e9trangers pour une nuit. D\u2019autres [...]","og_url":"https:\/\/mmabay.co.uk\/fr\/xpickup\/","og_site_name":"Bay Reviews","twitter_card":"summary_large_image","twitter_misc":{"Dur\u00e9e de lecture estim\u00e9e":"6 minutes"},"schema":{"@context":"https:\/\/schema.org","@graph":[{"@type":"WebSite","@id":"https:\/\/mmabay.co.uk\/fr\/#website","url":"https:\/\/mmabay.co.uk\/fr\/","name":"Bay Reviews","description":"Casual Hookup Finder","potentialAction":[{"@type":"SearchAction","target":{"@type":"EntryPoint","urlTemplate":"https:\/\/mmabay.co.uk\/fr\/?s={search_term_string}"},"query-input":"required name=search_term_string"}],"inLanguage":"fr-FR"},{"@type":"WebPage","@id":"https:\/\/mmabay.co.uk\/fr\/xpickup\/#webpage","url":"https:\/\/mmabay.co.uk\/fr\/xpickup\/","name":"XPickup - Bay Reviews","isPartOf":{"@id":"https:\/\/mmabay.co.uk\/fr\/#website"},"datePublished":"2022-10-03T12:09:10+00:00","dateModified":"2022-10-03T12:09:10+00:00","breadcrumb":{"@id":"https:\/\/mmabay.co.uk\/fr\/xpickup\/#breadcrumb"},"inLanguage":"fr-FR","potentialAction":[{"@type":"ReadAction","target":["https:\/\/mmabay.co.uk\/fr\/xpickup\/"]}]},{"@type":"BreadcrumbList","@id":"https:\/\/mmabay.co.uk\/fr\/xpickup\/#breadcrumb","itemListElement":[{"@type":"ListItem","position":1,"name":"Home","item":"https:\/\/mmabay.co.uk\/fr\/"},{"@type":"ListItem","position":2,"name":"XPickup"}]}]}},"_links":{"self":[{"href":"https:\/\/mmabay.co.uk\/fr\/wp-json\/wp\/v2\/pages\/198"}],"collection":[{"href":"https:\/\/mmabay.co.uk\/fr\/wp-json\/wp\/v2\/pages"}],"about":[{"href":"https:\/\/mmabay.co.uk\/fr\/wp-json\/wp\/v2\/types\/page"}],"author":[{"embeddable":true,"href":"https:\/\/mmabay.co.uk\/fr\/wp-json\/wp\/v2\/users\/1"}],"replies":[{"embeddable":true,"href":"https:\/\/mmabay.co.uk\/fr\/wp-json\/wp\/v2\/comments?post=198"}],"version-history":[{"count":0,"href":"https:\/\/mmabay.co.uk\/fr\/wp-json\/wp\/v2\/pages\/198\/revisions"}],"wp:attachment":[{"href":"https:\/\/mmabay.co.uk\/fr\/wp-json\/wp\/v2\/media?parent=198"}],"curies":[{"name":"wp","href":"https:\/\/api.w.org\/{rel}","templated":true}]}}