{"id":225,"date":"2022-10-03T13:08:00","date_gmt":"2022-10-03T12:08:00","guid":{"rendered":"http:\/\/mmabay.co.uk\/instasex\/"},"modified":"2022-10-03T13:08:00","modified_gmt":"2022-10-03T12:08:00","slug":"instasex","status":"publish","type":"page","link":"https:\/\/mmabay.co.uk\/fr\/instasex\/","title":{"rendered":"Instasex"},"content":{"rendered":"<p>Si vous cherchez une nouvelle fa\u00e7on de pimenter votre vie amoureuse, ne cherchez pas plus loin que l\u2019Instasex. Cette nouvelle application est con\u00e7ue sp\u00e9cifiquement pour vous aider \u00e0 trouver de nouveaux partenaires sexuels, que vous soyez c\u00e9libataire ou en couple. Instasex rend la recherche de nouveaux partenaires facile et amusante, et vous pouvez m\u00eame rechercher des types sp\u00e9cifiques de partenaires en fonction de vos pr\u00e9f\u00e9rences sexuelles. Donc, si vous cherchez une nouvelle fa\u00e7on de vous faire poser, ou si vous voulez simplement ajouter du piquant \u00e0 votre vie sexuelle, assurez-vous de consulter Instasex.<\/p>\n<h2>Syst\u00e8me d\u2019appariement<\/h2>\n<p>Le syst\u00e8me de correspondance Instasex est une nouvelle <a href=\"http:\/\/mmabay.co.uk\/findmyflings\/\">application de rencontres<\/a> r\u00e9volutionnaire qui utilise un algorithme unique pour faire correspondre les utilisateurs avec des partenaires sexuels potentiels. L\u2019application est con\u00e7ue pour aider les utilisateurs \u00e0 trouver leur correspondance parfaite, et l\u2019algorithme prend en compte une vari\u00e9t\u00e9 de facteurs, y compris les pr\u00e9f\u00e9rences sexuelles, l\u2019emplacement et les int\u00e9r\u00eats. L\u2019application est actuellement disponible sur iOS et Android, et les utilisateurs peuvent s\u2019inscrire gratuitement.<\/p>\n<h2>Options<\/h2>\n<p>Instasex est une option qui permet aux utilisateurs de trouver des partenaires sexuels rapidement et facilement. C\u2019est l\u2019une des options les plus populaires sur les applications de rencontres et les sites Web. Instasex facilite la recherche de quelqu\u2019un qui s\u2019int\u00e9resse \u00e0 la m\u00eame chose que vous. Tout ce que vous avez \u00e0 faire est de glisser vers la droite sur leur profil et vous pouvez commencer \u00e0 discuter.<\/p>\n<p>Instasex est une excellente option pour les personnes qui recherchent une connexion rapide. C\u2019est aussi une bonne option pour les personnes qui sont nouvelles sur la sc\u00e8ne des rencontres et qui ne sont pas s\u00fbres de ce qu\u2019elles recherchent. Instasex est un moyen s\u00fbr et facile de trouver des partenaires sexuels.<\/p>\n<p>L\u2019application permet aux utilisateurs de s\u00e9lectionner une date, puis de la payer via l\u2019application. De cette fa\u00e7on, les utilisateurs peuvent \u00e9viter les tracas de transporter de l\u2019argent ou d\u2019utiliser une carte de cr\u00e9dit. L\u2019application est actuellement disponible aux \u00c9tats-Unis et au Royaume-Uni.<\/p>\n<h2>Adh\u00e9sion Inscrivez-vous<\/h2>\n<p>Instasex est une nouvelle application de rencontres qui devient rapidement populaire aupr\u00e8s des utilisateurs. L\u2019application permet aux utilisateurs de trouver des partenaires sexuels potentiels dans leur r\u00e9gion, puis de discuter, d\u2019\u00e9changer des photos et de se rencontrer. L\u2019application est gratuite \u00e0 t\u00e9l\u00e9charger et \u00e0 utiliser, mais il existe \u00e9galement une option d\u2019abonnement payant qui donne aux utilisateurs l\u2019acc\u00e8s \u00e0 des fonctionnalit\u00e9s suppl\u00e9mentaires.<\/p>\n<p>L\u2019abonnement payant donne aux utilisateurs la possibilit\u00e9 de voir qui a consult\u00e9 leur profil, d\u2019envoyer des messages illimit\u00e9s et de voir qui est en ligne quand ils le sont. Il permet \u00e9galement aux utilisateurs de voir un nombre illimit\u00e9 de profils et de voir qui est nouveau dans leur r\u00e9gion. L\u2019abonnement payant est de 9,99 $ par mois, mais il y a aussi un essai gratuit de 7 jours disponible.<\/p>\n<p>Instasex est une excellente option pour ceux qui recherchent une nouvelle fa\u00e7on de rencontrer des partenaires sexuels potentiels. L\u2019application est facile \u00e0 utiliser et poss\u00e8de de nombreuses fonctionnalit\u00e9s b\u00e9n\u00e9fiques pour les utilisateurs. L\u2019abonnement payant vaut vraiment le prix pour ceux qui cherchent \u00e0 tirer le meilleur parti de l\u2019application.<\/p>\n<h2>Sites Web comme Instasex<\/h2>\n<p>Il existe de nombreux sites Web comme Instasex qui se concentrent sur l\u2019aide aux gens pour se connecter avec les autres pour des rencontres sexuelles. Ces sites Web peuvent \u00eatre tr\u00e8s utiles pour ceux qui cherchent \u00e0 pimenter leur vie sexuelle ou pour ceux qui recherchent simplement un nouveau partenaire. Beaucoup de ces sites Web offrent une vari\u00e9t\u00e9 de fonctionnalit\u00e9s diff\u00e9rentes, telles que les salles de chat, la messagerie instantan\u00e9e et m\u00eame le chat vid\u00e9o, ce qui peut rendre la recherche de la bonne personne pour vous beaucoup plus facile.<\/p>\n<p>Instasex est l\u2019une des applications de rencontres les plus s\u00fbres disponibles. Il utilise un processus de v\u00e9rification strict pour s\u2019assurer que tous les utilisateurs sont r\u00e9els, et il emploie une \u00e9quipe de mod\u00e9rateurs qui gardent un \u0153il sur l\u2019application 24h \/ 24 et 7j \/ 7 pour s\u2019assurer qu\u2019aucun contenu inappropri\u00e9 n\u2019est publi\u00e9. En outre, l\u2019application offre un certain nombre de fonctionnalit\u00e9s pour aider \u00e0 assurer la s\u00e9curit\u00e9 des utilisateurs, telles que la possibilit\u00e9 de signaler et de bloquer d\u2019autres utilisateurs, et une fonction de chat int\u00e9gr\u00e9e qui permet aux utilisateurs d\u2019apprendre \u00e0 se conna\u00eetre avant de se rencontrer en personne. Dans l\u2019ensemble, Instasex est une option s\u00fbre et fiable pour ceux qui recherchent un moyen s\u00fbr et pratique de rencontrer de nouvelles personnes.<\/p>\n<h2>Instasex en vaut-il la peine?<\/h2>\n<p>Il n\u2019y a pas de r\u00e9ponse facile quand il s\u2019agit de savoir si oui ou non l\u2019application de rencontres Instasex vaut le co\u00fbt. D\u2019une part, l\u2019application offre une exp\u00e9rience unique qui permet aux utilisateurs de se connecter les uns aux autres d\u2019une mani\u00e8re plus intime. D\u2019autre part, l\u2019application est assez ch\u00e8re et il n\u2019est pas clair si elle offre suffisamment de valeur pour justifier le co\u00fbt. En fin de compte, la d\u00e9cision d\u2019utiliser ou non Instasex d\u00e9pendra des besoins et du budget de chaque individu.<\/p>\n","protected":false},"excerpt":{"rendered":"<div class=\"mh-excerpt\"><p>Si vous cherchez une nouvelle fa\u00e7on de pimenter votre vie amoureuse, ne cherchez pas plus loin que l\u2019Instasex. Cette nouvelle application est con\u00e7ue sp\u00e9cifiquement pour <a class=\"mh-excerpt-more\" href=\"https:\/\/mmabay.co.uk\/fr\/instasex\/\" title=\"Instasex\">[&#8230;]<\/a><\/p>\n<\/div>","protected":false},"author":1,"featured_media":0,"parent":0,"menu_order":0,"comment_status":"closed","ping_status":"closed","template":"","meta":[],"yoast_head":"<!-- This site is optimized with the Yoast SEO plugin v17.7.1 - https:\/\/yoast.com\/wordpress\/plugins\/seo\/ -->\n<title>Instasex - Bay Reviews<\/title>\n<meta name=\"robots\" content=\"index, follow, max-snippet:-1, max-image-preview:large, max-video-preview:-1\" \/>\n<link rel=\"canonical\" href=\"https:\/\/mmabay.co.uk\/fr\/instasex\/\" \/>\n<meta property=\"og:locale\" content=\"fr_FR\" \/>\n<meta property=\"og:type\" content=\"article\" \/>\n<meta property=\"og:title\" content=\"Instasex - Bay Reviews\" \/>\n<meta property=\"og:description\" content=\"Si vous cherchez une nouvelle fa\u00e7on de pimenter votre vie amoureuse, ne cherchez pas plus loin que l\u2019Instasex. Cette nouvelle application est con\u00e7ue sp\u00e9cifiquement pour [...]\" \/>\n<meta property=\"og:url\" content=\"https:\/\/mmabay.co.uk\/fr\/instasex\/\" \/>\n<meta property=\"og:site_name\" content=\"Bay Reviews\" \/>\n<meta name=\"twitter:card\" content=\"summary_large_image\" \/>\n<meta name=\"twitter:label1\" content=\"Dur\u00e9e de lecture estim\u00e9e\" \/>\n\t<meta name=\"twitter:data1\" content=\"5 minutes\" \/>\n<script type=\"application\/ld+json\" class=\"yoast-schema-graph\">{\"@context\":\"https:\/\/schema.org\",\"@graph\":[{\"@type\":\"WebSite\",\"@id\":\"https:\/\/mmabay.co.uk\/fr\/#website\",\"url\":\"https:\/\/mmabay.co.uk\/fr\/\",\"name\":\"Bay Reviews\",\"description\":\"Casual Hookup Finder\",\"potentialAction\":[{\"@type\":\"SearchAction\",\"target\":{\"@type\":\"EntryPoint\",\"urlTemplate\":\"https:\/\/mmabay.co.uk\/fr\/?s={search_term_string}\"},\"query-input\":\"required name=search_term_string\"}],\"inLanguage\":\"fr-FR\"},{\"@type\":\"WebPage\",\"@id\":\"https:\/\/mmabay.co.uk\/fr\/instasex\/#webpage\",\"url\":\"https:\/\/mmabay.co.uk\/fr\/instasex\/\",\"name\":\"Instasex - Bay Reviews\",\"isPartOf\":{\"@id\":\"https:\/\/mmabay.co.uk\/fr\/#website\"},\"datePublished\":\"2022-10-03T12:08:00+00:00\",\"dateModified\":\"2022-10-03T12:08:00+00:00\",\"breadcrumb\":{\"@id\":\"https:\/\/mmabay.co.uk\/fr\/instasex\/#breadcrumb\"},\"inLanguage\":\"fr-FR\",\"potentialAction\":[{\"@type\":\"ReadAction\",\"target\":[\"https:\/\/mmabay.co.uk\/fr\/instasex\/\"]}]},{\"@type\":\"BreadcrumbList\",\"@id\":\"https:\/\/mmabay.co.uk\/fr\/instasex\/#breadcrumb\",\"itemListElement\":[{\"@type\":\"ListItem\",\"position\":1,\"name\":\"Home\",\"item\":\"https:\/\/mmabay.co.uk\/fr\/\"},{\"@type\":\"ListItem\",\"position\":2,\"name\":\"Instasex\"}]}]}<\/script>\n<!-- \/ Yoast SEO plugin. -->","yoast_head_json":{"title":"Instasex - Bay Reviews","robots":{"index":"index","follow":"follow","max-snippet":"max-snippet:-1","max-image-preview":"max-image-preview:large","max-video-preview":"max-video-preview:-1"},"canonical":"https:\/\/mmabay.co.uk\/fr\/instasex\/","og_locale":"fr_FR","og_type":"article","og_title":"Instasex - Bay Reviews","og_description":"Si vous cherchez une nouvelle fa\u00e7on de pimenter votre vie amoureuse, ne cherchez pas plus loin que l\u2019Instasex. Cette nouvelle application est con\u00e7ue sp\u00e9cifiquement pour [...]","og_url":"https:\/\/mmabay.co.uk\/fr\/instasex\/","og_site_name":"Bay Reviews","twitter_card":"summary_large_image","twitter_misc":{"Dur\u00e9e de lecture estim\u00e9e":"5 minutes"},"schema":{"@context":"https:\/\/schema.org","@graph":[{"@type":"WebSite","@id":"https:\/\/mmabay.co.uk\/fr\/#website","url":"https:\/\/mmabay.co.uk\/fr\/","name":"Bay Reviews","description":"Casual Hookup Finder","potentialAction":[{"@type":"SearchAction","target":{"@type":"EntryPoint","urlTemplate":"https:\/\/mmabay.co.uk\/fr\/?s={search_term_string}"},"query-input":"required name=search_term_string"}],"inLanguage":"fr-FR"},{"@type":"WebPage","@id":"https:\/\/mmabay.co.uk\/fr\/instasex\/#webpage","url":"https:\/\/mmabay.co.uk\/fr\/instasex\/","name":"Instasex - Bay Reviews","isPartOf":{"@id":"https:\/\/mmabay.co.uk\/fr\/#website"},"datePublished":"2022-10-03T12:08:00+00:00","dateModified":"2022-10-03T12:08:00+00:00","breadcrumb":{"@id":"https:\/\/mmabay.co.uk\/fr\/instasex\/#breadcrumb"},"inLanguage":"fr-FR","potentialAction":[{"@type":"ReadAction","target":["https:\/\/mmabay.co.uk\/fr\/instasex\/"]}]},{"@type":"BreadcrumbList","@id":"https:\/\/mmabay.co.uk\/fr\/instasex\/#breadcrumb","itemListElement":[{"@type":"ListItem","position":1,"name":"Home","item":"https:\/\/mmabay.co.uk\/fr\/"},{"@type":"ListItem","position":2,"name":"Instasex"}]}]}},"_links":{"self":[{"href":"https:\/\/mmabay.co.uk\/fr\/wp-json\/wp\/v2\/pages\/225"}],"collection":[{"href":"https:\/\/mmabay.co.uk\/fr\/wp-json\/wp\/v2\/pages"}],"about":[{"href":"https:\/\/mmabay.co.uk\/fr\/wp-json\/wp\/v2\/types\/page"}],"author":[{"embeddable":true,"href":"https:\/\/mmabay.co.uk\/fr\/wp-json\/wp\/v2\/users\/1"}],"replies":[{"embeddable":true,"href":"https:\/\/mmabay.co.uk\/fr\/wp-json\/wp\/v2\/comments?post=225"}],"version-history":[{"count":0,"href":"https:\/\/mmabay.co.uk\/fr\/wp-json\/wp\/v2\/pages\/225\/revisions"}],"wp:attachment":[{"href":"https:\/\/mmabay.co.uk\/fr\/wp-json\/wp\/v2\/media?parent=225"}],"curies":[{"name":"wp","href":"https:\/\/api.w.org\/{rel}","templated":true}]}}