{"id":129,"date":"2022-10-03T11:16:22","date_gmt":"2022-10-03T10:16:22","guid":{"rendered":"http:\/\/mmabay.co.uk\/siti-di-incontri-online-gratuiti-trova-sesso-nella-tua-zona\/"},"modified":"2022-10-11T16:03:40","modified_gmt":"2022-10-11T15:03:40","slug":"siti-di-incontri-online-gratuiti-trova-sesso-nella-tua-zona","status":"publish","type":"page","link":"https:\/\/mmabay.co.uk\/it\/","title":{"rendered":"Siti di incontri online gratuiti &#8211; Trova sesso nella tua zona"},"content":{"rendered":"<p>Gli appuntamenti casuali sono diversi dal sesso occasionale perch\u00e9 comportano molti meno rischi. Mentre il sesso occasionale richiede spesso un certo livello di fiducia e comfort, gli appuntamenti casuali non richiedono nulla del genere. Non devi preoccuparti di farti male o di essere deluso. Non c&#8217;\u00e8 pressione per fare qualcosa che non vuoi fare. Se decidi di rompere con qualcuno, semplicemente smetti di vederti. E se inizi a vedere qualcun altro, continui a fare quello che hai fatto.<\/p>\n<p>Gli appuntamenti casuali possono funzionare bene per la maggior parte delle persone. Ci sono molte ragioni per cui pu\u00f2 essere la soluzione perfetta per te. Ad esempio, forse sei uscito di recente da una relazione duratura e non stai davvero cercando di saltare in qualcosa di troppo serio a questo punto della tua vita. Forse vuoi esplorare la scena degli appuntamenti alle tue condizioni e senza doverti preoccupare delle aspettative o della pressione. O forse semplicemente non vuoi impegnarti con una persona alla volta.<\/p>\n<h2>Pro e contro<\/h2>\n<p>Ci sono molti svantaggi negli appuntamenti casuali e alcuni di loro potrebbero sorprenderti. Se hai pensato di provare appuntamenti casuali, ecco otto cose che potresti non renderti conto di questo tipo di relazione.<\/p>\n<h3>Gli appuntamenti casuali non sempre portano all&#8217;impegno<\/h3>\n<p>Potresti pensare che, poich\u00e9 hai frequentato casualmente qualcuno per un po &#8216;di tempo, alla fine ti trasferirai in una <a href=\"http:\/\/www.sito-per-sesso.com\">Sito-per-Sesso.com<\/a> insieme. Tuttavia, questo non \u00e8 necessariamente vero. Alcune persone non finiscono mai per andare avanti con una relazione, mentre altri decidono di interrompere le loro connessioni casuali. In entrambi i casi, gli appuntamenti casuali non garantiscono un futuro insieme.<\/p>\n<h3>Non c&#8217;\u00e8 garanzia di compatibilit\u00e0<\/h3>\n<p>Quando inizi a uscire casualmente con qualcuno, potresti presumere che entrambi sarete compatibili l&#8217;uno con l&#8217;altro. Ma raramente \u00e8 cos\u00ec. Anche se potresti sentirti come se ti conoscessi abbastanza bene da fare ipotesi su come lavoreresti insieme, non hai ancora trascorso molto tempo a conoscerti. E dal momento che non hai mai dovuto metterti in gioco e fare domande, potresti non capire alcune parti della personalit\u00e0 di un&#8217;altra persona. Ci\u00f2 potrebbe causare problemi lungo la strada.<\/p>\n<h3>Potresti perdere opportunit\u00e0<\/h3>\n<p>Se stai uscendo casualmente con qualcuno, non avrai alcun motivo per uscire con altre persone. Quando sei single, in genere hai l&#8217;opportunit\u00e0 di incontrare molte persone diverse e vedere dove vanno le cose. Ma quando stai gi\u00e0 uscendo casualmente con qualcuno, potresti non avere la possibilit\u00e0 di farlo. Potresti anche perdere l&#8217;incontro con potenziali partner che non sono interessati agli appuntamenti casuali.<\/p>\n<h2>Hot Picks Of Sex Hookup Apps<\/h2>\n<p>Se hai mai provato gli appuntamenti online, sai quanto pu\u00f2 essere difficile trovare qualcuno di speciale. E mentre ci sono molti siti l\u00e0 fuori per aiutarti a connetterti con le persone, la maggior parte di essi non sono progettati per rendere facile trovare l&#8217;amore. Quindi cosa fai?<\/p>\n<h3>Cardine<\/h3>\n<p>Hinge \u00e8 una di quelle app a cui ci vuole un po &#8216;di tempo per abituarsi. Ti viene presentato un elenco di potenziali corrispondenze basate su amici comuni, posizioni comuni e interessi condivisi. Una volta che scorri verso sinistra o destra, vieni indirizzato alla schermata successiva, dove puoi saperne di pi\u00f9 sulla persona con cui ti sei appena abbinato. Questo processo continua fino a quando non trovi qualcuno che ti piace abbastanza da continuare a chattare.<\/p>\n<p>L&#8217;app presenta alcune limitazioni. Prima di tutto, non ci sono scorrimenti illimitati a meno che tu non paghi $ 4.99 al <a href=\"https:\/\/www.siti-incontri.net\/\">Siti-Incontri.net<\/a> mese per un abbonamento premium. In secondo luogo, non puoi inviare messaggi alle persone in coda a meno che tu non paghi per un abbonamento premium. In terzo luogo, ci sono solo tre profili mostrati contemporaneamente, il che rende difficile tenere traccia di ci\u00f2 che stai facendo. E infine, se non ti piace la persona che hai incontrato, semplicemente scorri via senza avere la possibilit\u00e0 di dire addio.<\/p>\n<h3>Fiammifero<\/h3>\n<p>Match \u00e8 uno dei siti di incontri pi\u00f9 popolari in Nord America. Con milioni di persone registrate in tutto il mondo, offre una vasta gamma di opzioni per trovare l&#8217;amore. Sia che tu voglia uscire casualmente, mettere su famiglia o semplicemente cercare amici, Match offre una variet\u00e0 di modi per connetterti con gli altri.<\/p>\n<p>Il sito vanta un gran numero di membri, rendendo facile sfogliare i profili e trovare potenziali date. Quando ti iscrivi, sceglierai il tipo di persona che stai cercando: casuale, amicizia, romanticismo, ecc. Selezionerai anche quante domande vorresti ricevere una risposta su di te. Una volta completati questi passaggi, sarai in grado di cercare corrispondenze in base a posizione, sesso, interessi, hobby e persino et\u00e0.<\/p>\n<p>Una volta trovato qualcuno che ti piace, puoi inviare messaggi e scambiare numeri di telefono. Tuttavia, se decidi di andare oltre, puoi aggiornare il tuo abbonamento a Premium, che ti consente di visualizzare informazioni aggiuntive su ciascun membro. Ad esempio, puoi sapere se sono single, sposati, divorziati, fidanzati o parte di un&#8217;altra coppia. Premium sblocca anche l&#8217;accesso a funzionalit\u00e0 esclusive come le chat room VIP, dove puoi incontrare single nella vita reale.<\/p>\n<h3>Esca<\/h3>\n<p>Tinder regna sovrano in questa arena perch\u00e9 \u00e8 facile da usare, gratuito e non ci sono barriere all&#8217;ingresso. Non \u00e8 nemmeno necessario scaricare l&#8217;app: \u00e8 possibile accedervi tramite browser mobile. E mentre puoi incontrare persone per appuntamenti informali o sesso occasionale sulla maggior parte di queste app, Tinder \u00e8 quello in cui le persone sono alla ricerca di qualcosa di pi\u00f9 significativo.<\/p>\n<p>L&#8217;app \u00e8 estremamente semplice da capire, anche se ci\u00f2 significa che le persone fanno giudizi rapidi, che a volte possono trasformarsi nel concentrarsi pi\u00f9 pesantemente sulle foto di qualcuno che sul loro profilo e interessi. Se vuoi connetterti con qualcuno, dovrai andare oltre il livello della superficie per vedere se potrebbe potenzialmente essere una buona misura.<\/p>\n<p>Per abbinare il ritmo, prova a prestare attenzione alle tue foto e cerca di ritrarre te stesso nella migliore luce possibile. Ad esempio, Schneider consiglia di caricare immagini che mostrino il tuo sorriso, poich\u00e9 sorridere \u00e8 spesso considerato attraente. Suggerisce anche di assicurarsi che il tuo viso non sia troppo vicino alla fotocamera, poich\u00e9 ci\u00f2 ti fa sembrare meno accessibile.<\/p>\n<p>Potresti anche prendere in considerazione la possibilit\u00e0 di dedicare qualche minuto a scrivere una breve descrizione che includa i tuoi hobby, obiettivi di carriera e aspirazioni. In questo modo, le persone sapranno perch\u00e9 sei interessato a connetterti con loro.<\/p>\n<p>Infine, Schneider consiglia di mantenere le cose divertenti. Non prenderti troppo sul serio e non pensare troppo alle cose. Rilassati e goditi il processo.<\/p>\n","protected":false},"excerpt":{"rendered":"<div class=\"mh-excerpt\"><p>Gli appuntamenti casuali sono diversi dal sesso occasionale perch\u00e9 comportano molti meno rischi. Mentre il sesso occasionale richiede spesso un certo livello di fiducia e <a class=\"mh-excerpt-more\" href=\"https:\/\/mmabay.co.uk\/it\/\" title=\"Siti di incontri online gratuiti &#8211; Trova sesso nella tua zona\">[&#8230;]<\/a><\/p>\n<\/div>","protected":false},"author":1,"featured_media":0,"parent":0,"menu_order":0,"comment_status":"closed","ping_status":"closed","template":"","meta":[],"yoast_head":"<!-- This site is optimized with the Yoast SEO plugin v17.7.1 - https:\/\/yoast.com\/wordpress\/plugins\/seo\/ -->\n<title>Siti di incontri online gratuiti - Trova sesso nella tua zona - Bay Reviews<\/title>\n<meta name=\"robots\" content=\"index, follow, max-snippet:-1, max-image-preview:large, max-video-preview:-1\" \/>\n<link rel=\"canonical\" href=\"https:\/\/mmabay.co.uk\/it\/\" \/>\n<meta property=\"og:locale\" content=\"it_IT\" \/>\n<meta property=\"og:type\" content=\"article\" \/>\n<meta property=\"og:title\" content=\"Siti di incontri online gratuiti - Trova sesso nella tua zona - Bay Reviews\" \/>\n<meta property=\"og:description\" content=\"Gli appuntamenti casuali sono diversi dal sesso occasionale perch\u00e9 comportano molti meno rischi. Mentre il sesso occasionale richiede spesso un certo livello di fiducia e [...]\" \/>\n<meta property=\"og:url\" content=\"https:\/\/mmabay.co.uk\/it\/\" \/>\n<meta property=\"og:site_name\" content=\"Bay Reviews\" \/>\n<meta property=\"article:modified_time\" content=\"2022-10-11T15:03:40+00:00\" \/>\n<meta name=\"twitter:card\" content=\"summary_large_image\" \/>\n<meta name=\"twitter:label1\" content=\"Tempo di lettura stimato\" \/>\n\t<meta name=\"twitter:data1\" content=\"5 minuti\" \/>\n<script type=\"application\/ld+json\" class=\"yoast-schema-graph\">{\"@context\":\"https:\/\/schema.org\",\"@graph\":[{\"@type\":\"WebSite\",\"@id\":\"https:\/\/mmabay.co.uk\/it\/#website\",\"url\":\"https:\/\/mmabay.co.uk\/it\/\",\"name\":\"Bay Reviews\",\"description\":\"Casual Hookup Finder\",\"potentialAction\":[{\"@type\":\"SearchAction\",\"target\":{\"@type\":\"EntryPoint\",\"urlTemplate\":\"https:\/\/mmabay.co.uk\/it\/?s={search_term_string}\"},\"query-input\":\"required name=search_term_string\"}],\"inLanguage\":\"it-IT\"},{\"@type\":\"WebPage\",\"@id\":\"https:\/\/mmabay.co.uk\/it\/#webpage\",\"url\":\"https:\/\/mmabay.co.uk\/it\/\",\"name\":\"Siti di incontri online gratuiti - Trova sesso nella tua zona - Bay Reviews\",\"isPartOf\":{\"@id\":\"https:\/\/mmabay.co.uk\/it\/#website\"},\"datePublished\":\"2022-10-03T10:16:22+00:00\",\"dateModified\":\"2022-10-11T15:03:40+00:00\",\"breadcrumb\":{\"@id\":\"https:\/\/mmabay.co.uk\/it\/#breadcrumb\"},\"inLanguage\":\"it-IT\",\"potentialAction\":[{\"@type\":\"ReadAction\",\"target\":[\"https:\/\/mmabay.co.uk\/it\/\"]}]},{\"@type\":\"BreadcrumbList\",\"@id\":\"https:\/\/mmabay.co.uk\/it\/#breadcrumb\",\"itemListElement\":[{\"@type\":\"ListItem\",\"position\":1,\"name\":\"Home\",\"item\":\"http:\/\/mmabay.co.uk\/it\/\"},{\"@type\":\"ListItem\",\"position\":2,\"name\":\"Siti di incontri online gratuiti &#8211; Trova sesso nella tua zona\"}]}]}<\/script>\n<!-- \/ Yoast SEO plugin. -->","yoast_head_json":{"title":"Siti di incontri online gratuiti - Trova sesso nella tua zona - Bay Reviews","robots":{"index":"index","follow":"follow","max-snippet":"max-snippet:-1","max-image-preview":"max-image-preview:large","max-video-preview":"max-video-preview:-1"},"canonical":"https:\/\/mmabay.co.uk\/it\/","og_locale":"it_IT","og_type":"article","og_title":"Siti di incontri online gratuiti - Trova sesso nella tua zona - Bay Reviews","og_description":"Gli appuntamenti casuali sono diversi dal sesso occasionale perch\u00e9 comportano molti meno rischi. Mentre il sesso occasionale richiede spesso un certo livello di fiducia e [...]","og_url":"https:\/\/mmabay.co.uk\/it\/","og_site_name":"Bay Reviews","article_modified_time":"2022-10-11T15:03:40+00:00","twitter_card":"summary_large_image","twitter_misc":{"Tempo di lettura stimato":"5 minuti"},"schema":{"@context":"https:\/\/schema.org","@graph":[{"@type":"WebSite","@id":"https:\/\/mmabay.co.uk\/it\/#website","url":"https:\/\/mmabay.co.uk\/it\/","name":"Bay Reviews","description":"Casual Hookup Finder","potentialAction":[{"@type":"SearchAction","target":{"@type":"EntryPoint","urlTemplate":"https:\/\/mmabay.co.uk\/it\/?s={search_term_string}"},"query-input":"required name=search_term_string"}],"inLanguage":"it-IT"},{"@type":"WebPage","@id":"https:\/\/mmabay.co.uk\/it\/#webpage","url":"https:\/\/mmabay.co.uk\/it\/","name":"Siti di incontri online gratuiti - Trova sesso nella tua zona - Bay Reviews","isPartOf":{"@id":"https:\/\/mmabay.co.uk\/it\/#website"},"datePublished":"2022-10-03T10:16:22+00:00","dateModified":"2022-10-11T15:03:40+00:00","breadcrumb":{"@id":"https:\/\/mmabay.co.uk\/it\/#breadcrumb"},"inLanguage":"it-IT","potentialAction":[{"@type":"ReadAction","target":["https:\/\/mmabay.co.uk\/it\/"]}]},{"@type":"BreadcrumbList","@id":"https:\/\/mmabay.co.uk\/it\/#breadcrumb","itemListElement":[{"@type":"ListItem","position":1,"name":"Home","item":"http:\/\/mmabay.co.uk\/it\/"},{"@type":"ListItem","position":2,"name":"Siti di incontri online gratuiti &#8211; Trova sesso nella tua zona"}]}]}},"_links":{"self":[{"href":"https:\/\/mmabay.co.uk\/it\/wp-json\/wp\/v2\/pages\/129"}],"collection":[{"href":"https:\/\/mmabay.co.uk\/it\/wp-json\/wp\/v2\/pages"}],"about":[{"href":"https:\/\/mmabay.co.uk\/it\/wp-json\/wp\/v2\/types\/page"}],"author":[{"embeddable":true,"href":"https:\/\/mmabay.co.uk\/it\/wp-json\/wp\/v2\/users\/1"}],"replies":[{"embeddable":true,"href":"https:\/\/mmabay.co.uk\/it\/wp-json\/wp\/v2\/comments?post=129"}],"version-history":[{"count":1,"href":"https:\/\/mmabay.co.uk\/it\/wp-json\/wp\/v2\/pages\/129\/revisions"}],"predecessor-version":[{"id":250,"href":"https:\/\/mmabay.co.uk\/it\/wp-json\/wp\/v2\/pages\/129\/revisions\/250"}],"wp:attachment":[{"href":"https:\/\/mmabay.co.uk\/it\/wp-json\/wp\/v2\/media?parent=129"}],"curies":[{"name":"wp","href":"https:\/\/api.w.org\/{rel}","templated":true}]}}