{"id":166,"date":"2022-10-03T13:15:06","date_gmt":"2022-10-03T12:15:06","guid":{"rendered":"http:\/\/mmabay.co.uk\/fabswingers\/"},"modified":"2022-10-03T13:15:06","modified_gmt":"2022-10-03T12:15:06","slug":"fabswingers","status":"publish","type":"page","link":"https:\/\/mmabay.co.uk\/it\/fabswingers\/","title":{"rendered":"FabSwingers"},"content":{"rendered":"<p>Ci sono molte app di appuntamenti l\u00e0 fuori, ma FabSwingers \u00e8 una delle uniche specifiche per gli scambisti. Questo lo rende un&#8217;ottima opzione per le persone che sono in quello stile di vita. L&#8217;app \u00e8 facile da usare e ha molte funzionalit\u00e0, rendendola un&#8217;ottima opzione per gli scambisti che vogliono incontrare altri scambisti. L&#8217;app \u00e8 anche gratuita, il che \u00e8 un altro grande vantaggio. Nel complesso, FabSwingers \u00e8 un&#8217;ottima opzione per gli scambisti che vogliono incontrare altri scambisti nella loro zona.<\/p>\n<h2>Come sono le caratteristiche?<\/h2>\n<p>FabSwingers \u00e8 un&#8217;app di appuntamenti che <a href=\"http:\/\/mmabay.co.uk\/it\/xcheaters\/\">consente agli utenti di connettersi con altre persone che la pensano allo stesso modo nella loro zona<\/a>. L&#8217;app ha una variet\u00e0 di funzionalit\u00e0 che semplificano la ricerca e la connessione con potenziali corrispondenze. Gli utenti possono cercare altri membri per posizione, et\u00e0 e interessi. Possono anche visualizzare profili e foto e inviare messaggi. L&#8217;app ha anche una funzione di chat, in modo che gli utenti possano chattare con altri membri in tempo reale.<\/p>\n<h2>Opzioni di iscrizione<\/h2>\n<p>FabSwingers \u00e8 un&#8217;app di appuntamenti che ti consente di connetterti con altri scambisti nella tua zona. Sono disponibili due opzioni di abbonamento: gratuito e a pagamento. L&#8217;abbonamento gratuito ti d\u00e0 accesso alle funzionalit\u00e0 di base dell&#8217;app, mentre l&#8217;abbonamento a pagamento ti d\u00e0 accesso a tutte le funzionalit\u00e0 dell&#8217;app. L&#8217;abbonamento a pagamento ti d\u00e0 anche accesso a funzionalit\u00e0 esclusive, come la possibilit\u00e0 di vedere chi \u00e8 online e chi no.<\/p>\n<p>Il costo di un abbonamento FabSwingers \u00e8 molto ragionevole rispetto ad altre app di appuntamenti. Per una tariffa mensile, hai accesso a tutte le funzionalit\u00e0 del sito, tra cui messaggistica, ricerca e visualizzazioni del profilo. Hai anche accesso all&#8217;ampio database di membri del sito. Il costo di un abbonamento FabSwingers \u00e8 molto ragionevole rispetto ad altre app di appuntamenti.<\/p>\n<h2>Registrazione &#8211; \u00c8 facile?<\/h2>\n<p>S\u00ec, iscriversi a FabSwingers \u00e8 facile! Basta andare sul sito Web e compilare un modulo rapido con il tuo indirizzo e-mail, nome utente e password. Una volta che sei pronto, puoi iniziare a navigare tra i profili, inviare messaggi e organizzare incontri con altri membri. L&#8217;intero processo dovrebbe richiedere solo pochi minuti, e poi sarai sulla buona strada per incontrare nuove persone e goderti tutti i vantaggi del sito.<\/p>\n<h2>Alternative a FabSwingers<\/h2>\n<p>Ci sono alcune alternative a FabSwingers che si rivolgono a coloro che sono interessati allo stile di vita oscillante. SDC (Swingers Date Club) e Kasidie sono due opzioni popolari. Entrambe le piattaforme offrono un&#8217;esperienza simile a FabSwingers, con una vasta base di utenti e varie funzionalit\u00e0 per aiutarti a connetterti con altri scambisti.<\/p>\n<p>Se non sei interessato allo stile di vita oscillante, ci sono molte altre app di appuntamenti l\u00e0 fuori che possono soddisfare le tue esigenze. Tinder, Bumble e Hinge sono tutte scelte popolari per coloro che cercano un&#8217;esperienza di appuntamenti pi\u00f9 tradizionale.<\/p>\n<p>FabSwingers \u00e8 una delle app di appuntamenti pi\u00f9 sicure disponibili. L&#8217;app richiede a tutti gli utenti di verificare la propria identit\u00e0 con un indirizzo e-mail valido e tutti i profili utente sono accuratamente controllati dal team fabswingers. Inoltre, l&#8217;app utilizza una rigorosa politica sulla privacy per mantenere i dati degli utenti al sicuro. Nel complesso, FabSwingers \u00e8 un&#8217;opzione sicura e affidabile per coloro che cercano un partner oscillante.<\/p>\n<h2>Ne vale la pena FabSwingers?<\/h2>\n<p>Ci sono molte app di appuntamenti l\u00e0 fuori e pu\u00f2 essere difficile decidere con quale andare. Alcune persone giurano su Tinder mentre altri preferiscono Bumble. Poi ci sono app come Plenty of Fish e Match.com. E non dimenticare tutte le app di appuntamenti di nicchia come Jdate e Christian Mingle. Quindi, dove si inserisce FabSwingers? Bene, se stai cercando un&#8217;app di appuntamenti che si rivolge agli scambisti, allora FabSwingers vale sicuramente il costo. L&#8217;app \u00e8 facile da usare e ha molte fantastiche funzionalit\u00e0. Inoltre, \u00e8 molto pi\u00f9 economico della maggior parte delle altre app di appuntamenti l\u00e0 fuori.<\/p>\n<p>Quindi, se stai cercando di aggiungere un po &#8216;di pepe alla tua vita di appuntamenti, allora FabSwingers \u00e8 sicuramente la strada da percorrere.<\/p>\n","protected":false},"excerpt":{"rendered":"<div class=\"mh-excerpt\"><p>Ci sono molte app di appuntamenti l\u00e0 fuori, ma FabSwingers \u00e8 una delle uniche specifiche per gli scambisti. Questo lo rende un&#8217;ottima opzione per le <a class=\"mh-excerpt-more\" href=\"https:\/\/mmabay.co.uk\/it\/fabswingers\/\" title=\"FabSwingers\">[&#8230;]<\/a><\/p>\n<\/div>","protected":false},"author":1,"featured_media":0,"parent":0,"menu_order":0,"comment_status":"closed","ping_status":"closed","template":"","meta":[],"yoast_head":"<!-- This site is optimized with the Yoast SEO plugin v17.7.1 - https:\/\/yoast.com\/wordpress\/plugins\/seo\/ -->\n<title>FabSwingers - Bay Reviews<\/title>\n<meta name=\"robots\" content=\"index, follow, max-snippet:-1, max-image-preview:large, max-video-preview:-1\" \/>\n<link rel=\"canonical\" href=\"https:\/\/mmabay.co.uk\/it\/fabswingers\/\" \/>\n<meta property=\"og:locale\" content=\"it_IT\" \/>\n<meta property=\"og:type\" content=\"article\" \/>\n<meta property=\"og:title\" content=\"FabSwingers - Bay Reviews\" \/>\n<meta property=\"og:description\" content=\"Ci sono molte app di appuntamenti l\u00e0 fuori, ma FabSwingers \u00e8 una delle uniche specifiche per gli scambisti. Questo lo rende un&#8217;ottima opzione per le [...]\" \/>\n<meta property=\"og:url\" content=\"https:\/\/mmabay.co.uk\/it\/fabswingers\/\" \/>\n<meta property=\"og:site_name\" content=\"Bay Reviews\" \/>\n<meta name=\"twitter:card\" content=\"summary_large_image\" \/>\n<meta name=\"twitter:label1\" content=\"Tempo di lettura stimato\" \/>\n\t<meta name=\"twitter:data1\" content=\"3 minuti\" \/>\n<script type=\"application\/ld+json\" class=\"yoast-schema-graph\">{\"@context\":\"https:\/\/schema.org\",\"@graph\":[{\"@type\":\"WebSite\",\"@id\":\"https:\/\/mmabay.co.uk\/it\/#website\",\"url\":\"https:\/\/mmabay.co.uk\/it\/\",\"name\":\"Bay Reviews\",\"description\":\"Casual Hookup Finder\",\"potentialAction\":[{\"@type\":\"SearchAction\",\"target\":{\"@type\":\"EntryPoint\",\"urlTemplate\":\"https:\/\/mmabay.co.uk\/it\/?s={search_term_string}\"},\"query-input\":\"required name=search_term_string\"}],\"inLanguage\":\"it-IT\"},{\"@type\":\"WebPage\",\"@id\":\"https:\/\/mmabay.co.uk\/it\/fabswingers\/#webpage\",\"url\":\"https:\/\/mmabay.co.uk\/it\/fabswingers\/\",\"name\":\"FabSwingers - Bay Reviews\",\"isPartOf\":{\"@id\":\"https:\/\/mmabay.co.uk\/it\/#website\"},\"datePublished\":\"2022-10-03T12:15:06+00:00\",\"dateModified\":\"2022-10-03T12:15:06+00:00\",\"breadcrumb\":{\"@id\":\"https:\/\/mmabay.co.uk\/it\/fabswingers\/#breadcrumb\"},\"inLanguage\":\"it-IT\",\"potentialAction\":[{\"@type\":\"ReadAction\",\"target\":[\"https:\/\/mmabay.co.uk\/it\/fabswingers\/\"]}]},{\"@type\":\"BreadcrumbList\",\"@id\":\"https:\/\/mmabay.co.uk\/it\/fabswingers\/#breadcrumb\",\"itemListElement\":[{\"@type\":\"ListItem\",\"position\":1,\"name\":\"Home\",\"item\":\"http:\/\/mmabay.co.uk\/it\/\"},{\"@type\":\"ListItem\",\"position\":2,\"name\":\"FabSwingers\"}]}]}<\/script>\n<!-- \/ Yoast SEO plugin. -->","yoast_head_json":{"title":"FabSwingers - Bay Reviews","robots":{"index":"index","follow":"follow","max-snippet":"max-snippet:-1","max-image-preview":"max-image-preview:large","max-video-preview":"max-video-preview:-1"},"canonical":"https:\/\/mmabay.co.uk\/it\/fabswingers\/","og_locale":"it_IT","og_type":"article","og_title":"FabSwingers - Bay Reviews","og_description":"Ci sono molte app di appuntamenti l\u00e0 fuori, ma FabSwingers \u00e8 una delle uniche specifiche per gli scambisti. Questo lo rende un&#8217;ottima opzione per le [...]","og_url":"https:\/\/mmabay.co.uk\/it\/fabswingers\/","og_site_name":"Bay Reviews","twitter_card":"summary_large_image","twitter_misc":{"Tempo di lettura stimato":"3 minuti"},"schema":{"@context":"https:\/\/schema.org","@graph":[{"@type":"WebSite","@id":"https:\/\/mmabay.co.uk\/it\/#website","url":"https:\/\/mmabay.co.uk\/it\/","name":"Bay Reviews","description":"Casual Hookup Finder","potentialAction":[{"@type":"SearchAction","target":{"@type":"EntryPoint","urlTemplate":"https:\/\/mmabay.co.uk\/it\/?s={search_term_string}"},"query-input":"required name=search_term_string"}],"inLanguage":"it-IT"},{"@type":"WebPage","@id":"https:\/\/mmabay.co.uk\/it\/fabswingers\/#webpage","url":"https:\/\/mmabay.co.uk\/it\/fabswingers\/","name":"FabSwingers - Bay Reviews","isPartOf":{"@id":"https:\/\/mmabay.co.uk\/it\/#website"},"datePublished":"2022-10-03T12:15:06+00:00","dateModified":"2022-10-03T12:15:06+00:00","breadcrumb":{"@id":"https:\/\/mmabay.co.uk\/it\/fabswingers\/#breadcrumb"},"inLanguage":"it-IT","potentialAction":[{"@type":"ReadAction","target":["https:\/\/mmabay.co.uk\/it\/fabswingers\/"]}]},{"@type":"BreadcrumbList","@id":"https:\/\/mmabay.co.uk\/it\/fabswingers\/#breadcrumb","itemListElement":[{"@type":"ListItem","position":1,"name":"Home","item":"http:\/\/mmabay.co.uk\/it\/"},{"@type":"ListItem","position":2,"name":"FabSwingers"}]}]}},"_links":{"self":[{"href":"https:\/\/mmabay.co.uk\/it\/wp-json\/wp\/v2\/pages\/166"}],"collection":[{"href":"https:\/\/mmabay.co.uk\/it\/wp-json\/wp\/v2\/pages"}],"about":[{"href":"https:\/\/mmabay.co.uk\/it\/wp-json\/wp\/v2\/types\/page"}],"author":[{"embeddable":true,"href":"https:\/\/mmabay.co.uk\/it\/wp-json\/wp\/v2\/users\/1"}],"replies":[{"embeddable":true,"href":"https:\/\/mmabay.co.uk\/it\/wp-json\/wp\/v2\/comments?post=166"}],"version-history":[{"count":0,"href":"https:\/\/mmabay.co.uk\/it\/wp-json\/wp\/v2\/pages\/166\/revisions"}],"wp:attachment":[{"href":"https:\/\/mmabay.co.uk\/it\/wp-json\/wp\/v2\/media?parent=166"}],"curies":[{"name":"wp","href":"https:\/\/api.w.org\/{rel}","templated":true}]}}