{"id":177,"date":"2022-10-03T13:10:32","date_gmt":"2022-10-03T12:10:32","guid":{"rendered":"http:\/\/mmabay.co.uk\/heatedaffairs\/"},"modified":"2022-10-17T11:59:10","modified_gmt":"2022-10-17T10:59:10","slug":"heatedaffairs","status":"publish","type":"page","link":"https:\/\/mmabay.co.uk\/it\/heatedaffairs\/","title":{"rendered":"HeatedAffairs"},"content":{"rendered":"<p>HeatedAffairs \u00e8 una delle app di sexting pi\u00f9 popolari disponibili oggi. L&#8217;app consente agli utenti di inviare e ricevere messaggi e immagini sessuali, nonch\u00e9 di connettersi con altri utenti interessati al sexting. HeatedAffairs \u00e8 un ottimo modo per ravvivare la tua vita sessuale o aggiungere un po &#8216;di eccitazione in pi\u00f9 alla tua relazione. <a href=\"http:\/\/mmabay.co.uk\/it\/doppia-lista\/\">L&#8217;app \u00e8 scaricabile e utilizzabile gratuitamente<\/a> e non ci sono costi di abbonamento.<\/p>\n<h2>Interfaccia<\/h2>\n<p>L&#8217;interfaccia di HeatedAffairs \u00e8 super user-friendly e facile da navigare. Puoi trovare quello che stai cercando in modo rapido e semplice e il design \u00e8 elegante e moderno. L&#8217;app \u00e8 anche molto intuitiva e reattiva, quindi non avrai problemi a usarla. Nel complesso, l&#8217;interfaccia HeatedAffairs \u00e8 una delle migliori del settore e rende la ricerca di un appuntamento facile e divertente.<\/p>\n<h2>Le tue opzioni<\/h2>\n<p>Ci sono molte diverse app di appuntamenti l\u00e0 fuori e pu\u00f2 essere difficile decidere quale \u00e8 giusta per te. Se stai cercando qualcosa di un po &#8216;pi\u00f9 fumante e meno serio, Heated Affairs potrebbe essere una buona opzione per te. Questa app \u00e8 progettata per le persone che sono alla ricerca di incontri e affari casuali, quindi puoi sicuramente aspettarti di trovare <a href=\"https:\/\/p5.uk\/it\/incontri-cuckold\/\">siti per cuckold<\/a> alcune persone che sono solo alla ricerca di una connessione fisica. Tuttavia, ci sono anche molte persone sull&#8217;app che sono alla ricerca di qualcosa di pi\u00f9 emotivo e a lungo termine, quindi vale sicuramente la pena dare un&#8217;occhiata se sei aperto a entrambe le opzioni. La cosa grandiosa di Heated Affairs \u00e8 che \u00e8 una zona senza giudizio, quindi puoi sentirti libero di essere te stesso ed esplorare la tua sessualit\u00e0 senza preoccupazioni.<\/p>\n<p>Il costo di HeatedAffairs \u00e8 di $ 39,99 per un abbonamento di un mese e $ 19,99 per un abbonamento di tre mesi. C&#8217;\u00e8 anche un abbonamento di sei mesi disponibile per $ 9.99. HeatedAffairs offre una variet\u00e0 di funzionalit\u00e0 per i suoi membri, tra cui la possibilit\u00e0 di cercare membri per posizione, et\u00e0, sesso e interessi. HeatedAffairs offre anche una variet\u00e0 di strumenti di comunicazione, come chat room, messaggistica istantanea ed e-mail. HeatedAffairs \u00e8 un&#8217;app di appuntamenti che si rivolge a persone sposate e attaccate che sono alla ricerca di un po &#8216;di eccitazione in pi\u00f9 nella loro vita.<\/p>\n<h2>Sicurezza<\/h2>\n<p>Ci sono molte app di appuntamenti l\u00e0 fuori e pu\u00f2 essere difficile sapere quali sono sicure da usare. HeatedAffairs \u00e8 un&#8217;app di appuntamenti progettata per essere sicura e protetta per i suoi utenti. L&#8217;app ha una serie di funzionalit\u00e0 che aiutano a mantenere i suoi utenti al sicuro, tra cui un rigoroso processo di verifica, un sistema di segnalazione <a href=\"http:\/\/www.adult-dating.net\/it\/sito-internet-cuckold\/\">siti per cuckold<\/a> per gli utenti che si sentono insicuri e una funzione di blocco per gli utenti che non vogliono essere contattati da determinate persone. HeatedAffairs ha anche un team di moderatori che lavorano per mantenere l&#8217;app sicura e pulita per i suoi utenti. Nel complesso, HeatedAffairs \u00e8 un&#8217;app di appuntamenti sicura e protetta di cui ti puoi fidare.<\/p>\n<h2>Processo di adesione<\/h2>\n<p>Per diventare un membro di Heated Affairs, devi prima creare un account. Ti verr\u00e0 quindi chiesto di fornire il tuo indirizzo e-mail, creare una password e selezionare il tuo sesso e il sesso che stai cercando. Una volta fatto questo, sarai in grado di accedere alle funzionalit\u00e0 del sito. Per utilizzare il sistema di messaggistica del sito, \u00e8 necessario eseguire l&#8217;aggiornamento a un abbonamento a pagamento. Gli abbonamenti a pagamento forniscono l&#8217;accesso a funzionalit\u00e0 aggiuntive, come la possibilit\u00e0 di vedere chi ha visualizzato il tuo profilo, inviare e ricevere messaggi illimitati e visualizzare le foto dei membri.<\/p>\n<h2>Siti simili a HeatedAffairs<\/h2>\n<p>Ci sono molti siti simili a HeatedAffairs quando si tratta di appuntamenti online. Alcune altre <a href=\"https:\/\/www.local-horny-women.net\/it\/siti-cuckold-gratuiti\/\">siti cuckold<\/a> popolari sono Tinder, OkCupid e Bumble. Tutte queste app consentono agli utenti di creare un profilo, aggiungere foto e scorrere verso sinistra o destra su altri utenti per indicare interesse. Queste app sono simili a HeatedAffairs in quanto sono tutte progettate per aiutare gli utenti a incontrare nuove persone. Tuttavia, ogni app ha le sue caratteristiche uniche e la sua base di utenti. Ad esempio, Tinder \u00e8 noto per la sua cultura del collegamento, mentre OkCupid \u00e8 pi\u00f9 orientato verso le relazioni. Bumble \u00e8 unico in quanto consente solo alle donne di avviare il contatto con gli uomini. HeatedAffairs \u00e8 simile a queste altre app in quanto \u00e8 una piattaforma per incontrare nuove persone, ma ha anche caratteristiche uniche che lo distinguono. Ad esempio, HeatedAffairs si concentra sulle relazioni extraconiugali e sugli incontri discreti. Questo lo rende una buona opzione per coloro che sono alla ricerca di qualcosa al di fuori<\/p>\n<h2>Ne vale la pena HeatedAffairs?<\/h2>\n<p>Ci sono molte app di appuntamenti disponibili e pu\u00f2 essere difficile decidere quale usare. HeatedAffairs \u00e8 un&#8217;opzione popolare e ha molte funzionalit\u00e0 che attirano gli utenti. \u00c8 importante notare che si tratta di un&#8217;app a pagamento, quindi dovrai decidere se il costo vale la pena per te. Alcune persone trovano che le caratteristiche e la qualit\u00e0 di HeatedAffairs valgono il prezzo, mentre altri no. \u00c8 una decisione personale e dovresti valutare i pro ei contro prima di prendere una decisione.<\/p>\n","protected":false},"excerpt":{"rendered":"<div class=\"mh-excerpt\"><p>HeatedAffairs \u00e8 una delle app di sexting pi\u00f9 popolari disponibili oggi. L&#8217;app consente agli utenti di inviare e ricevere messaggi e immagini sessuali, nonch\u00e9 di <a class=\"mh-excerpt-more\" href=\"https:\/\/mmabay.co.uk\/it\/heatedaffairs\/\" title=\"HeatedAffairs\">[&#8230;]<\/a><\/p>\n<\/div>","protected":false},"author":1,"featured_media":0,"parent":0,"menu_order":0,"comment_status":"closed","ping_status":"closed","template":"","meta":[],"yoast_head":"<!-- This site is optimized with the Yoast SEO plugin v17.7.1 - https:\/\/yoast.com\/wordpress\/plugins\/seo\/ -->\n<title>HeatedAffairs - Bay Reviews<\/title>\n<meta name=\"robots\" content=\"index, follow, max-snippet:-1, max-image-preview:large, max-video-preview:-1\" \/>\n<link rel=\"canonical\" href=\"https:\/\/mmabay.co.uk\/it\/heatedaffairs\/\" \/>\n<meta property=\"og:locale\" content=\"it_IT\" \/>\n<meta property=\"og:type\" content=\"article\" \/>\n<meta property=\"og:title\" content=\"HeatedAffairs - Bay Reviews\" \/>\n<meta property=\"og:description\" content=\"HeatedAffairs \u00e8 una delle app di sexting pi\u00f9 popolari disponibili oggi. L&#8217;app consente agli utenti di inviare e ricevere messaggi e immagini sessuali, nonch\u00e9 di [...]\" \/>\n<meta property=\"og:url\" content=\"https:\/\/mmabay.co.uk\/it\/heatedaffairs\/\" \/>\n<meta property=\"og:site_name\" content=\"Bay Reviews\" \/>\n<meta property=\"article:modified_time\" content=\"2022-10-17T10:59:10+00:00\" \/>\n<meta name=\"twitter:card\" content=\"summary_large_image\" \/>\n<meta name=\"twitter:label1\" content=\"Tempo di lettura stimato\" \/>\n\t<meta name=\"twitter:data1\" content=\"4 minuti\" \/>\n<script type=\"application\/ld+json\" class=\"yoast-schema-graph\">{\"@context\":\"https:\/\/schema.org\",\"@graph\":[{\"@type\":\"WebSite\",\"@id\":\"https:\/\/mmabay.co.uk\/it\/#website\",\"url\":\"https:\/\/mmabay.co.uk\/it\/\",\"name\":\"Bay Reviews\",\"description\":\"Casual Hookup Finder\",\"potentialAction\":[{\"@type\":\"SearchAction\",\"target\":{\"@type\":\"EntryPoint\",\"urlTemplate\":\"https:\/\/mmabay.co.uk\/it\/?s={search_term_string}\"},\"query-input\":\"required name=search_term_string\"}],\"inLanguage\":\"it-IT\"},{\"@type\":\"WebPage\",\"@id\":\"https:\/\/mmabay.co.uk\/it\/heatedaffairs\/#webpage\",\"url\":\"https:\/\/mmabay.co.uk\/it\/heatedaffairs\/\",\"name\":\"HeatedAffairs - Bay Reviews\",\"isPartOf\":{\"@id\":\"https:\/\/mmabay.co.uk\/it\/#website\"},\"datePublished\":\"2022-10-03T12:10:32+00:00\",\"dateModified\":\"2022-10-17T10:59:10+00:00\",\"breadcrumb\":{\"@id\":\"https:\/\/mmabay.co.uk\/it\/heatedaffairs\/#breadcrumb\"},\"inLanguage\":\"it-IT\",\"potentialAction\":[{\"@type\":\"ReadAction\",\"target\":[\"https:\/\/mmabay.co.uk\/it\/heatedaffairs\/\"]}]},{\"@type\":\"BreadcrumbList\",\"@id\":\"https:\/\/mmabay.co.uk\/it\/heatedaffairs\/#breadcrumb\",\"itemListElement\":[{\"@type\":\"ListItem\",\"position\":1,\"name\":\"Home\",\"item\":\"http:\/\/mmabay.co.uk\/it\/\"},{\"@type\":\"ListItem\",\"position\":2,\"name\":\"HeatedAffairs\"}]}]}<\/script>\n<!-- \/ Yoast SEO plugin. -->","yoast_head_json":{"title":"HeatedAffairs - Bay Reviews","robots":{"index":"index","follow":"follow","max-snippet":"max-snippet:-1","max-image-preview":"max-image-preview:large","max-video-preview":"max-video-preview:-1"},"canonical":"https:\/\/mmabay.co.uk\/it\/heatedaffairs\/","og_locale":"it_IT","og_type":"article","og_title":"HeatedAffairs - Bay Reviews","og_description":"HeatedAffairs \u00e8 una delle app di sexting pi\u00f9 popolari disponibili oggi. L&#8217;app consente agli utenti di inviare e ricevere messaggi e immagini sessuali, nonch\u00e9 di [...]","og_url":"https:\/\/mmabay.co.uk\/it\/heatedaffairs\/","og_site_name":"Bay Reviews","article_modified_time":"2022-10-17T10:59:10+00:00","twitter_card":"summary_large_image","twitter_misc":{"Tempo di lettura stimato":"4 minuti"},"schema":{"@context":"https:\/\/schema.org","@graph":[{"@type":"WebSite","@id":"https:\/\/mmabay.co.uk\/it\/#website","url":"https:\/\/mmabay.co.uk\/it\/","name":"Bay Reviews","description":"Casual Hookup Finder","potentialAction":[{"@type":"SearchAction","target":{"@type":"EntryPoint","urlTemplate":"https:\/\/mmabay.co.uk\/it\/?s={search_term_string}"},"query-input":"required name=search_term_string"}],"inLanguage":"it-IT"},{"@type":"WebPage","@id":"https:\/\/mmabay.co.uk\/it\/heatedaffairs\/#webpage","url":"https:\/\/mmabay.co.uk\/it\/heatedaffairs\/","name":"HeatedAffairs - Bay Reviews","isPartOf":{"@id":"https:\/\/mmabay.co.uk\/it\/#website"},"datePublished":"2022-10-03T12:10:32+00:00","dateModified":"2022-10-17T10:59:10+00:00","breadcrumb":{"@id":"https:\/\/mmabay.co.uk\/it\/heatedaffairs\/#breadcrumb"},"inLanguage":"it-IT","potentialAction":[{"@type":"ReadAction","target":["https:\/\/mmabay.co.uk\/it\/heatedaffairs\/"]}]},{"@type":"BreadcrumbList","@id":"https:\/\/mmabay.co.uk\/it\/heatedaffairs\/#breadcrumb","itemListElement":[{"@type":"ListItem","position":1,"name":"Home","item":"http:\/\/mmabay.co.uk\/it\/"},{"@type":"ListItem","position":2,"name":"HeatedAffairs"}]}]}},"_links":{"self":[{"href":"https:\/\/mmabay.co.uk\/it\/wp-json\/wp\/v2\/pages\/177"}],"collection":[{"href":"https:\/\/mmabay.co.uk\/it\/wp-json\/wp\/v2\/pages"}],"about":[{"href":"https:\/\/mmabay.co.uk\/it\/wp-json\/wp\/v2\/types\/page"}],"author":[{"embeddable":true,"href":"https:\/\/mmabay.co.uk\/it\/wp-json\/wp\/v2\/users\/1"}],"replies":[{"embeddable":true,"href":"https:\/\/mmabay.co.uk\/it\/wp-json\/wp\/v2\/comments?post=177"}],"version-history":[{"count":2,"href":"https:\/\/mmabay.co.uk\/it\/wp-json\/wp\/v2\/pages\/177\/revisions"}],"predecessor-version":[{"id":253,"href":"https:\/\/mmabay.co.uk\/it\/wp-json\/wp\/v2\/pages\/177\/revisions\/253"}],"wp:attachment":[{"href":"https:\/\/mmabay.co.uk\/it\/wp-json\/wp\/v2\/media?parent=177"}],"curies":[{"name":"wp","href":"https:\/\/api.w.org\/{rel}","templated":true}]}}