{"id":184,"date":"2022-10-03T13:10:53","date_gmt":"2022-10-03T12:10:53","guid":{"rendered":"http:\/\/mmabay.co.uk\/rubmaps\/"},"modified":"2022-10-17T12:00:02","modified_gmt":"2022-10-17T11:00:02","slug":"rubmaps","status":"publish","type":"page","link":"https:\/\/mmabay.co.uk\/it\/rubmaps\/","title":{"rendered":"Rubmaps"},"content":{"rendered":"<p>Rubmaps \u00e8 un&#8217;app di appuntamenti locale che consente agli utenti di trovare gli utenti di Rubmaps nella loro zona e chattare con loro. L&#8217;app consente inoltre agli utenti di condividere la propria posizione con altri utenti Rubmaps, in modo che possano trovare utenti Rubmaps locali con cui chattare. L&#8217;app \u00e8 disponibile gratuitamente su App Store e Google Play.<\/p>\n<h2>Sistema di abbinamento<\/h2>\n<p>Il sistema di corrispondenza Rubmaps \u00e8 un ottimo modo per trovare potenziali corrispondenze per la tua app di appuntamenti. Utilizza una variet\u00e0 di criteri per trovare corrispondenze, tra cui posizione, et\u00e0, sesso e interessi. Puoi anche impostare i tuoi criteri, come la distanza da te, la fascia di et\u00e0 e il sesso. Il sistema cercher\u00e0 quindi le corrispondenze e ti fornir\u00e0 un elenco di potenziali corrispondenze.<\/p>\n<h2>Scelte<\/h2>\n<p>Ci sono una variet\u00e0 di app di appuntamenti disponibili che si rivolgono a diverse scelte Rubmaps. Alcune app sono progettate <a href=\"http:\/\/www.bestfucksites.net\/it\/strapon-incontri\/\">incontri strapon<\/a> per un pubblico specifico, mentre altre sono pi\u00f9 generali. Alcune app di appuntamenti popolari includono Tinder, Bumble e Grindr. Ogni app ha i suoi pro e contro, quindi \u00e8 importante scegliere quella pi\u00f9 adatta alle tue esigenze. Tinder \u00e8 una scelta popolare per molte persone, in quanto \u00e8 facile da usare e ci sono molte potenziali corrispondenze disponibili. Tuttavia, \u00e8 importante essere consapevoli del fatto che Tinder \u00e8 noto per essere un&#8217;app di collegamento, quindi non \u00e8 la scelta migliore se stai cercando una relazione seria. Bumble \u00e8 un&#8217;altra popolare app di appuntamenti simile a Tinder, ma pone maggiore enfasi sulla sicurezza e sul rispetto. Grindr \u00e8 un&#8217;app di appuntamenti progettata specificamente per le persone LGBTQ + ed \u00e8 un&#8217;ottima scelta se stai cercando una comunit\u00e0 sicura e inclusiva.<\/p>\n<h2>Sicurezza<\/h2>\n<p>Rubmaps \u00e8 un&#8217;app di appuntamenti che consente agli utenti di <a href=\"http:\/\/mmabay.co.uk\/it\/heatedaffairs\/\">trovare potenziali corrispondenze<\/a> all&#8217;interno della loro area locale. L&#8217;app \u00e8 scaricabile e utilizzabile gratuitamente ed \u00e8 disponibile per dispositivi iOS e Android. Rubmaps \u00e8 un modo sicuro e protetto per incontrare nuove persone ed \u00e8 una delle app di appuntamenti pi\u00f9 popolari al mondo. Pi\u00f9 di 50 milioni di persone hanno utilizzato Rubmaps per trovare una corrispondenza e l&#8217;app ha una valutazione di 4,5 stelle sull&#8217;App Store. Rubmaps \u00e8 un ottimo modo per incontrare nuove persone ed \u00e8 un modo sicuro e protetto per trovare una corrispondenza.<\/p>\n<h2>Costi di iscrizione<\/h2>\n<p>Supponendo che tu ti riferisca al sito web Rubmaps, un abbonamento mensile costa $ 15.95. Tuttavia, c&#8217;\u00e8 anche una prova di tre giorni disponibile per $ 4.95. Rubmaps \u00e8 essenzialmente una directory di sale massaggi che sono state recensite dagli utenti del sito web. Le recensioni includono informazioni sulla qualit\u00e0 del massaggio, il prezzo e l&#8217;esperienza complessiva. Oltre alle recensioni, Rubmaps offre anche un forum in cui gli utenti possono discutere le loro esperienze.<\/p>\n<h2>Profilo e registrazione<\/h2>\n<p>Rubmaps \u00e8 una popolare app di appuntamenti che consente agli utenti di trovare potenziali corrispondenze in base alla loro posizione. L&#8217;app include anche una funzione di messaggistica, che rende pi\u00f9 facile per gli utenti connettersi tra loro. Tuttavia, per utilizzare l&#8217;app, gli utenti devono creare un profilo e registrarsi per un account. Il processo \u00e8 semplice e diretto e richiede solo pochi minuti per essere completato. Una volta che gli utenti <a href=\"http:\/\/www.sito-per-sesso.com\/siti-per-incontri-occasionali\/\">siti per incontri di sesso<\/a>, possono iniziare a navigare tra potenziali corrispondenze. Se trovano qualcuno a cui sono interessati, possono inviare un messaggio e iniziare a chattare. L&#8217;app \u00e8 scaricabile e utilizzabile gratuitamente ed \u00e8 disponibile per dispositivi iOS e Android.<\/p>\n<h2>Alternative a Rubmaps<\/h2>\n<p>Ci sono alcune alternative a Rubmaps se stai cercando un&#8217;app di appuntamenti. Un&#8217;opzione \u00e8 quella di utilizzare un sito di incontri tradizionale come Match.com o eHarmony. Questi siti richiedono di creare un profilo e rispondere a domande su di te, che possono essere utilizzate per abbinarti a potenziali date.<\/p>\n<p>Un&#8217;altra opzione \u00e8 quella di utilizzare un&#8217;app di appuntamenti mobili come Tinder o Bumble. Queste app ti consentono di sfogliare i profili di altri utenti nella tua zona e scorrere verso destra se sei interessato a qualcuno. Se anche loro scorrono verso destra su di te, allora sei abbinato e puoi chattare tra loro.<\/p>\n<p>Infine, potresti provare a utilizzare un servizio di appuntamenti <a href=\"https:\/\/www.free-adult-cams.com\/it\/le-migliori-sex-cam-gratuite\/\">cam sex gratis<\/a> online specifico per i massaggiatori. Questi siti possono aiutarti a connetterti con altri massaggiatori nella tua zona che potrebbero essere interessati agli appuntamenti.<\/p>\n<h2>Ne vale la pena Rubmaps?<\/h2>\n<p>Se stai cercando un&#8217;app di appuntamenti che ti consenta di collegarti con altri utenti nella tua zona, Rubmaps vale sicuramente il costo. L&#8217;app \u00e8 facile da usare ed \u00e8 un ottimo modo per incontrare nuove persone nella tua zona. Tuttavia, tieni presente che Rubmaps \u00e8 un&#8217;app di collegamento, quindi se stai cercando una relazione seria, questa potrebbe non essere l&#8217;app che fa per te.<\/p>\n","protected":false},"excerpt":{"rendered":"<div class=\"mh-excerpt\"><p>Rubmaps \u00e8 un&#8217;app di appuntamenti locale che consente agli utenti di trovare gli utenti di Rubmaps nella loro zona e chattare con loro. L&#8217;app consente <a class=\"mh-excerpt-more\" href=\"https:\/\/mmabay.co.uk\/it\/rubmaps\/\" title=\"Rubmaps\">[&#8230;]<\/a><\/p>\n<\/div>","protected":false},"author":1,"featured_media":0,"parent":0,"menu_order":0,"comment_status":"closed","ping_status":"closed","template":"","meta":[],"yoast_head":"<!-- This site is optimized with the Yoast SEO plugin v17.7.1 - https:\/\/yoast.com\/wordpress\/plugins\/seo\/ -->\n<title>Rubmaps - Bay Reviews<\/title>\n<meta name=\"robots\" content=\"index, follow, max-snippet:-1, max-image-preview:large, max-video-preview:-1\" \/>\n<link rel=\"canonical\" href=\"https:\/\/mmabay.co.uk\/it\/rubmaps\/\" \/>\n<meta property=\"og:locale\" content=\"it_IT\" \/>\n<meta property=\"og:type\" content=\"article\" \/>\n<meta property=\"og:title\" content=\"Rubmaps - Bay Reviews\" \/>\n<meta property=\"og:description\" content=\"Rubmaps \u00e8 un&#8217;app di appuntamenti locale che consente agli utenti di trovare gli utenti di Rubmaps nella loro zona e chattare con loro. L&#8217;app consente [...]\" \/>\n<meta property=\"og:url\" content=\"https:\/\/mmabay.co.uk\/it\/rubmaps\/\" \/>\n<meta property=\"og:site_name\" content=\"Bay Reviews\" \/>\n<meta property=\"article:modified_time\" content=\"2022-10-17T11:00:02+00:00\" \/>\n<meta name=\"twitter:card\" content=\"summary_large_image\" \/>\n<meta name=\"twitter:label1\" content=\"Tempo di lettura stimato\" \/>\n\t<meta name=\"twitter:data1\" content=\"4 minuti\" \/>\n<script type=\"application\/ld+json\" class=\"yoast-schema-graph\">{\"@context\":\"https:\/\/schema.org\",\"@graph\":[{\"@type\":\"WebSite\",\"@id\":\"https:\/\/mmabay.co.uk\/it\/#website\",\"url\":\"https:\/\/mmabay.co.uk\/it\/\",\"name\":\"Bay Reviews\",\"description\":\"Casual Hookup Finder\",\"potentialAction\":[{\"@type\":\"SearchAction\",\"target\":{\"@type\":\"EntryPoint\",\"urlTemplate\":\"https:\/\/mmabay.co.uk\/it\/?s={search_term_string}\"},\"query-input\":\"required name=search_term_string\"}],\"inLanguage\":\"it-IT\"},{\"@type\":\"WebPage\",\"@id\":\"https:\/\/mmabay.co.uk\/it\/rubmaps\/#webpage\",\"url\":\"https:\/\/mmabay.co.uk\/it\/rubmaps\/\",\"name\":\"Rubmaps - Bay Reviews\",\"isPartOf\":{\"@id\":\"https:\/\/mmabay.co.uk\/it\/#website\"},\"datePublished\":\"2022-10-03T12:10:53+00:00\",\"dateModified\":\"2022-10-17T11:00:02+00:00\",\"breadcrumb\":{\"@id\":\"https:\/\/mmabay.co.uk\/it\/rubmaps\/#breadcrumb\"},\"inLanguage\":\"it-IT\",\"potentialAction\":[{\"@type\":\"ReadAction\",\"target\":[\"https:\/\/mmabay.co.uk\/it\/rubmaps\/\"]}]},{\"@type\":\"BreadcrumbList\",\"@id\":\"https:\/\/mmabay.co.uk\/it\/rubmaps\/#breadcrumb\",\"itemListElement\":[{\"@type\":\"ListItem\",\"position\":1,\"name\":\"Home\",\"item\":\"http:\/\/mmabay.co.uk\/it\/\"},{\"@type\":\"ListItem\",\"position\":2,\"name\":\"Rubmaps\"}]}]}<\/script>\n<!-- \/ Yoast SEO plugin. -->","yoast_head_json":{"title":"Rubmaps - Bay Reviews","robots":{"index":"index","follow":"follow","max-snippet":"max-snippet:-1","max-image-preview":"max-image-preview:large","max-video-preview":"max-video-preview:-1"},"canonical":"https:\/\/mmabay.co.uk\/it\/rubmaps\/","og_locale":"it_IT","og_type":"article","og_title":"Rubmaps - Bay Reviews","og_description":"Rubmaps \u00e8 un&#8217;app di appuntamenti locale che consente agli utenti di trovare gli utenti di Rubmaps nella loro zona e chattare con loro. L&#8217;app consente [...]","og_url":"https:\/\/mmabay.co.uk\/it\/rubmaps\/","og_site_name":"Bay Reviews","article_modified_time":"2022-10-17T11:00:02+00:00","twitter_card":"summary_large_image","twitter_misc":{"Tempo di lettura stimato":"4 minuti"},"schema":{"@context":"https:\/\/schema.org","@graph":[{"@type":"WebSite","@id":"https:\/\/mmabay.co.uk\/it\/#website","url":"https:\/\/mmabay.co.uk\/it\/","name":"Bay Reviews","description":"Casual Hookup Finder","potentialAction":[{"@type":"SearchAction","target":{"@type":"EntryPoint","urlTemplate":"https:\/\/mmabay.co.uk\/it\/?s={search_term_string}"},"query-input":"required name=search_term_string"}],"inLanguage":"it-IT"},{"@type":"WebPage","@id":"https:\/\/mmabay.co.uk\/it\/rubmaps\/#webpage","url":"https:\/\/mmabay.co.uk\/it\/rubmaps\/","name":"Rubmaps - Bay Reviews","isPartOf":{"@id":"https:\/\/mmabay.co.uk\/it\/#website"},"datePublished":"2022-10-03T12:10:53+00:00","dateModified":"2022-10-17T11:00:02+00:00","breadcrumb":{"@id":"https:\/\/mmabay.co.uk\/it\/rubmaps\/#breadcrumb"},"inLanguage":"it-IT","potentialAction":[{"@type":"ReadAction","target":["https:\/\/mmabay.co.uk\/it\/rubmaps\/"]}]},{"@type":"BreadcrumbList","@id":"https:\/\/mmabay.co.uk\/it\/rubmaps\/#breadcrumb","itemListElement":[{"@type":"ListItem","position":1,"name":"Home","item":"http:\/\/mmabay.co.uk\/it\/"},{"@type":"ListItem","position":2,"name":"Rubmaps"}]}]}},"_links":{"self":[{"href":"https:\/\/mmabay.co.uk\/it\/wp-json\/wp\/v2\/pages\/184"}],"collection":[{"href":"https:\/\/mmabay.co.uk\/it\/wp-json\/wp\/v2\/pages"}],"about":[{"href":"https:\/\/mmabay.co.uk\/it\/wp-json\/wp\/v2\/types\/page"}],"author":[{"embeddable":true,"href":"https:\/\/mmabay.co.uk\/it\/wp-json\/wp\/v2\/users\/1"}],"replies":[{"embeddable":true,"href":"https:\/\/mmabay.co.uk\/it\/wp-json\/wp\/v2\/comments?post=184"}],"version-history":[{"count":2,"href":"https:\/\/mmabay.co.uk\/it\/wp-json\/wp\/v2\/pages\/184\/revisions"}],"predecessor-version":[{"id":255,"href":"https:\/\/mmabay.co.uk\/it\/wp-json\/wp\/v2\/pages\/184\/revisions\/255"}],"wp:attachment":[{"href":"https:\/\/mmabay.co.uk\/it\/wp-json\/wp\/v2\/media?parent=184"}],"curies":[{"name":"wp","href":"https:\/\/api.w.org\/{rel}","templated":true}]}}