{"id":191,"date":"2022-10-03T13:09:41","date_gmt":"2022-10-03T12:09:41","guid":{"rendered":"http:\/\/mmabay.co.uk\/doppia-lista\/"},"modified":"2022-10-17T12:01:07","modified_gmt":"2022-10-17T11:01:07","slug":"doppia-lista","status":"publish","type":"page","link":"https:\/\/mmabay.co.uk\/it\/doppia-lista\/","title":{"rendered":"Doppia Lista"},"content":{"rendered":"<p>C&#8217;\u00e8 una nuova app di appuntamenti sulla scena e si chiama DoubleList. A differenza di altre app di appuntamenti, DoubleList \u00e8 specificamente progettato per le persone che sono alla ricerca di sesso NSA (senza vincoli).<\/p>\n<p>Se sei stanco di scorrere a sinistra ea destra, solo per ritrovarti deluso dai risultati, allora DoubleList potrebbe valere la pena dare un&#8217;occhiata. L&#8217;app \u00e8 ancora nelle sue fasi iniziali, ma ha gi\u00e0 guadagnato molta trazione con gli utenti che sono alla ricerca di qualcosa di un po &#8216;diverso. Quindi, se sei interessato a esplorare la tua sessualit\u00e0 senza vincoli, allora DoubleList potrebbe essere l&#8217;app che fa per te.<\/p>\n<h2>Caratteristiche dell&#8217;app<\/h2>\n<p>DoubleList \u00e8 una nuova app di appuntamenti che consente agli utenti di <a href=\"http:\/\/mmabay.co.uk\/xpickup\/\">trovare corrispondenze in base alla loro posizione e ai loro interessi<\/a>. L&#8217;app consente inoltre agli utenti di impostare un profilo e aggiungere foto, in modo che le potenziali corrispondenze possano saperne di pi\u00f9 su di loro. Una delle caratteristiche uniche di DoubleList \u00e8 la possibilit\u00e0 di vedere chi ti \u00e8 piaciuto prima ancora che tu abbia abbinato a loro. Ci\u00f2 significa che puoi iniziare subito a chattare con qualcuno, senza dover aspettare che ti piaccia di nuovo. DoubleList \u00e8 anche una delle poche <a href=\"https:\/\/www.free-adult-cams.com\/it\/siti-come-cam4\/\">siti simili a cam4<\/a> che consente agli utenti di cercare corrispondenze per parola chiave, in modo da poter trovare qualcuno che condivida i tuoi interessi. L&#8217;app \u00e8 scaricabile e utilizzabile gratuitamente ed \u00e8 disponibile sia su iOS che su Android.<\/p>\n<h2>La tua scelta<\/h2>\n<p>Non c&#8217;\u00e8 dubbio che le app di appuntamenti abbiano cambiato il modo in cui usciamo. Non ci limitiamo pi\u00f9 a incontrare qualcuno in un bar o attraverso un amico comune. Ora, possiamo semplicemente scorrere verso destra per connetterci con qualcuno che attira la nostra attenzione.<\/p>\n<p>Ma con cos\u00ec tante app di appuntamenti tra cui scegliere, pu\u00f2 essere difficile sapere quale \u00e8 giusta per te. Ecco perch\u00e9 abbiamo creato un elenco delle migliori app di appuntamenti, in modo da poter prendere una decisione informata su quale app \u00e8 giusta per te. Se stai cercando una relazione seria, ti consigliamo eHarmony. Questa app \u00e8 progettata per aiutarti a trovare un partner a lungo termine ed \u00e8 una delle app di appuntamenti pi\u00f9 popolari l\u00e0 fuori. Se stai cercando qualcosa di un po &#8216;pi\u00f9 casual, ti consigliamo Tinder. Questa app \u00e8 perfetta per le persone che sono solo alla ricerca di un collegamento rapido.<\/p>\n<p>E se stai cercando qualcosa nel mezzo, allora ti consigliamo DoubleList!<\/p>\n<h2>Costi Premium<\/h2>\n<p>DoubleList \u00e8 un&#8217;app di appuntamenti che consente agli utenti di connettersi <a href=\"http:\/\/buyawife.org\/it\/spose-portoricane-per-corrispondenza\/\">donne portoricane<\/a> tra loro per una serie di motivi, tra cui appuntamenti, collegamenti o semplicemente fare nuove amicizie. L&#8217;app \u00e8 scaricabile e utilizzabile gratuitamente, ma offre anche un abbonamento premium che offre agli utenti l&#8217;accesso a funzionalit\u00e0 aggiuntive, come le opzioni di ricerca avanzate e la possibilit\u00e0 di vedere chi ha visualizzato il tuo profilo. L&#8217;abbonamento premium costa $ 9.99 al mese e viene rinnovato automaticamente ogni mese a meno che non lo annulli. L&#8217;app consente inoltre agli utenti di registrarsi per un account e accedere. L&#8217;app ha un&#8217;interfaccia semplice ed \u00e8 facile da usare. DoubleList \u00e8 un&#8217;ottima app per incontrare nuove persone e connettersi con altri utenti.<\/p>\n<h2>Alternative a DoubleList<\/h2>\n<p>Ci sono molte alternative a DoubleList per coloro che cercano un&#8217;app di appuntamenti. Alcuni di questi includono Tinder, Bumble, OkCupid e Match.com. Tutte queste app hanno le loro caratteristiche uniche e si rivolgono a un pubblico diverso. Ad esempio, Tinder \u00e8 una delle app di appuntamenti pi\u00f9 popolari ed \u00e8 nota per la sua funzione di scorrimento. Bumble \u00e8 un&#8217;altra app popolare che consente alle donne di fare la prima mossa. OkCupid \u00e8 un&#8217;app gratuita nota per i suoi profili approfonditi e Match.com \u00e8 un&#8217;app a pagamento considerata pi\u00f9 seria.<\/p>\n<h2>Sicurezza<\/h2>\n<p>Quando si tratta di appuntamenti online, la sicurezza \u00e8 sempre una delle principali preoccupazioni. Tuttavia, puoi essere certo che DoubleList \u00e8 un&#8217;app di appuntamenti sicura e protetta. Tutte le tue informazioni personali sono protette e l&#8217;app utilizza la crittografia SSL per proteggere i tuoi dati. Inoltre, DoubleList impiega un team di esperti di sicurezza che lavorano sempre per mantenere l&#8217;app sicura <a href=\"http:\/\/wank.io\/it\/ragazze-in-cerca-di-sesso\/\">ragazze per sesso<\/a> e protetta. Quindi, puoi concentrarti sulla ricerca della tua corrispondenza perfetta senza preoccuparti della tua sicurezza.<\/p>\n<h2>DoubleList ne vale la pena?<\/h2>\n<p>Ci sono molte app di appuntamenti l\u00e0 fuori, quindi pu\u00f2 essere difficile decidere su quale spendere i tuoi soldi. Se stai considerando DoubleList, vale la pena considerare il costo. Un abbonamento mensile all&#8217;app costa $ 9.99, il che non \u00e8 poi cos\u00ec male. Tuttavia, devi anche pagare $ 0.99 per messaggio che invii, che pu\u00f2 sommarsi se sei un utente pesante.<\/p>\n<p>Quindi, DoubleList vale il costo? Dipende da come lo usi. Se sei un utente occasionale che invia solo pochi messaggi al mese, probabilmente non ne vale la pena. Tuttavia, se sei un utente pesante che invia molti messaggi, potrebbe valere la pena.<\/p>\n","protected":false},"excerpt":{"rendered":"<div class=\"mh-excerpt\"><p>C&#8217;\u00e8 una nuova app di appuntamenti sulla scena e si chiama DoubleList. A differenza di altre app di appuntamenti, DoubleList \u00e8 specificamente progettato per le <a class=\"mh-excerpt-more\" href=\"https:\/\/mmabay.co.uk\/it\/doppia-lista\/\" title=\"Doppia Lista\">[&#8230;]<\/a><\/p>\n<\/div>","protected":false},"author":1,"featured_media":0,"parent":0,"menu_order":0,"comment_status":"closed","ping_status":"closed","template":"","meta":[],"yoast_head":"<!-- This site is optimized with the Yoast SEO plugin v17.7.1 - https:\/\/yoast.com\/wordpress\/plugins\/seo\/ -->\n<title>Doppia Lista - Bay Reviews<\/title>\n<meta name=\"robots\" content=\"index, follow, max-snippet:-1, max-image-preview:large, max-video-preview:-1\" \/>\n<link rel=\"canonical\" href=\"https:\/\/mmabay.co.uk\/it\/doppia-lista\/\" \/>\n<meta property=\"og:locale\" content=\"it_IT\" \/>\n<meta property=\"og:type\" content=\"article\" \/>\n<meta property=\"og:title\" content=\"Doppia Lista - Bay Reviews\" \/>\n<meta property=\"og:description\" content=\"C&#8217;\u00e8 una nuova app di appuntamenti sulla scena e si chiama DoubleList. A differenza di altre app di appuntamenti, DoubleList \u00e8 specificamente progettato per le [...]\" \/>\n<meta property=\"og:url\" content=\"https:\/\/mmabay.co.uk\/it\/doppia-lista\/\" \/>\n<meta property=\"og:site_name\" content=\"Bay Reviews\" \/>\n<meta property=\"article:modified_time\" content=\"2022-10-17T11:01:07+00:00\" \/>\n<meta name=\"twitter:card\" content=\"summary_large_image\" \/>\n<meta name=\"twitter:label1\" content=\"Tempo di lettura stimato\" \/>\n\t<meta name=\"twitter:data1\" content=\"4 minuti\" \/>\n<script type=\"application\/ld+json\" class=\"yoast-schema-graph\">{\"@context\":\"https:\/\/schema.org\",\"@graph\":[{\"@type\":\"WebSite\",\"@id\":\"https:\/\/mmabay.co.uk\/it\/#website\",\"url\":\"https:\/\/mmabay.co.uk\/it\/\",\"name\":\"Bay Reviews\",\"description\":\"Casual Hookup Finder\",\"potentialAction\":[{\"@type\":\"SearchAction\",\"target\":{\"@type\":\"EntryPoint\",\"urlTemplate\":\"https:\/\/mmabay.co.uk\/it\/?s={search_term_string}\"},\"query-input\":\"required name=search_term_string\"}],\"inLanguage\":\"it-IT\"},{\"@type\":\"WebPage\",\"@id\":\"https:\/\/mmabay.co.uk\/it\/doppia-lista\/#webpage\",\"url\":\"https:\/\/mmabay.co.uk\/it\/doppia-lista\/\",\"name\":\"Doppia Lista - Bay Reviews\",\"isPartOf\":{\"@id\":\"https:\/\/mmabay.co.uk\/it\/#website\"},\"datePublished\":\"2022-10-03T12:09:41+00:00\",\"dateModified\":\"2022-10-17T11:01:07+00:00\",\"breadcrumb\":{\"@id\":\"https:\/\/mmabay.co.uk\/it\/doppia-lista\/#breadcrumb\"},\"inLanguage\":\"it-IT\",\"potentialAction\":[{\"@type\":\"ReadAction\",\"target\":[\"https:\/\/mmabay.co.uk\/it\/doppia-lista\/\"]}]},{\"@type\":\"BreadcrumbList\",\"@id\":\"https:\/\/mmabay.co.uk\/it\/doppia-lista\/#breadcrumb\",\"itemListElement\":[{\"@type\":\"ListItem\",\"position\":1,\"name\":\"Home\",\"item\":\"http:\/\/mmabay.co.uk\/it\/\"},{\"@type\":\"ListItem\",\"position\":2,\"name\":\"Doppia Lista\"}]}]}<\/script>\n<!-- \/ Yoast SEO plugin. -->","yoast_head_json":{"title":"Doppia Lista - Bay Reviews","robots":{"index":"index","follow":"follow","max-snippet":"max-snippet:-1","max-image-preview":"max-image-preview:large","max-video-preview":"max-video-preview:-1"},"canonical":"https:\/\/mmabay.co.uk\/it\/doppia-lista\/","og_locale":"it_IT","og_type":"article","og_title":"Doppia Lista - Bay Reviews","og_description":"C&#8217;\u00e8 una nuova app di appuntamenti sulla scena e si chiama DoubleList. A differenza di altre app di appuntamenti, DoubleList \u00e8 specificamente progettato per le [...]","og_url":"https:\/\/mmabay.co.uk\/it\/doppia-lista\/","og_site_name":"Bay Reviews","article_modified_time":"2022-10-17T11:01:07+00:00","twitter_card":"summary_large_image","twitter_misc":{"Tempo di lettura stimato":"4 minuti"},"schema":{"@context":"https:\/\/schema.org","@graph":[{"@type":"WebSite","@id":"https:\/\/mmabay.co.uk\/it\/#website","url":"https:\/\/mmabay.co.uk\/it\/","name":"Bay Reviews","description":"Casual Hookup Finder","potentialAction":[{"@type":"SearchAction","target":{"@type":"EntryPoint","urlTemplate":"https:\/\/mmabay.co.uk\/it\/?s={search_term_string}"},"query-input":"required name=search_term_string"}],"inLanguage":"it-IT"},{"@type":"WebPage","@id":"https:\/\/mmabay.co.uk\/it\/doppia-lista\/#webpage","url":"https:\/\/mmabay.co.uk\/it\/doppia-lista\/","name":"Doppia Lista - Bay Reviews","isPartOf":{"@id":"https:\/\/mmabay.co.uk\/it\/#website"},"datePublished":"2022-10-03T12:09:41+00:00","dateModified":"2022-10-17T11:01:07+00:00","breadcrumb":{"@id":"https:\/\/mmabay.co.uk\/it\/doppia-lista\/#breadcrumb"},"inLanguage":"it-IT","potentialAction":[{"@type":"ReadAction","target":["https:\/\/mmabay.co.uk\/it\/doppia-lista\/"]}]},{"@type":"BreadcrumbList","@id":"https:\/\/mmabay.co.uk\/it\/doppia-lista\/#breadcrumb","itemListElement":[{"@type":"ListItem","position":1,"name":"Home","item":"http:\/\/mmabay.co.uk\/it\/"},{"@type":"ListItem","position":2,"name":"Doppia Lista"}]}]}},"_links":{"self":[{"href":"https:\/\/mmabay.co.uk\/it\/wp-json\/wp\/v2\/pages\/191"}],"collection":[{"href":"https:\/\/mmabay.co.uk\/it\/wp-json\/wp\/v2\/pages"}],"about":[{"href":"https:\/\/mmabay.co.uk\/it\/wp-json\/wp\/v2\/types\/page"}],"author":[{"embeddable":true,"href":"https:\/\/mmabay.co.uk\/it\/wp-json\/wp\/v2\/users\/1"}],"replies":[{"embeddable":true,"href":"https:\/\/mmabay.co.uk\/it\/wp-json\/wp\/v2\/comments?post=191"}],"version-history":[{"count":1,"href":"https:\/\/mmabay.co.uk\/it\/wp-json\/wp\/v2\/pages\/191\/revisions"}],"predecessor-version":[{"id":257,"href":"https:\/\/mmabay.co.uk\/it\/wp-json\/wp\/v2\/pages\/191\/revisions\/257"}],"wp:attachment":[{"href":"https:\/\/mmabay.co.uk\/it\/wp-json\/wp\/v2\/media?parent=191"}],"curies":[{"name":"wp","href":"https:\/\/api.w.org\/{rel}","templated":true}]}}