{"id":200,"date":"2022-10-03T13:09:10","date_gmt":"2022-10-03T12:09:10","guid":{"rendered":"http:\/\/mmabay.co.uk\/xpickup\/"},"modified":"2022-10-17T12:00:30","modified_gmt":"2022-10-17T11:00:30","slug":"xpickup","status":"publish","type":"page","link":"https:\/\/mmabay.co.uk\/it\/xpickup\/","title":{"rendered":"XPickup"},"content":{"rendered":"<p>Ci sono diversi tipi di siti di <a href=\"http:\/\/mmabay.co.uk\/onebbw\/\">sesso pick-up<\/a>. Alcuni sono orientati ad aiutare le persone a collegarsi con estranei per una notte. Altri sono pi\u00f9 simili alle app di appuntamenti, ma con l&#8217;aggiunta della funzione di aiutarti a trovare qualcuno con cui fare sesso.<\/p>\n<p>Se stai cercando un soggiorno di una notte, allora un sito come Pure o Tinder potrebbe essere una buona opzione. Questi siti riguardano l&#8217;incontro con qualcuno e poi mettersi al lavoro. Non c&#8217;\u00e8 bisogno di scherzare con le chiacchiere o preoccuparsi di cosa fare dopo.<\/p>\n<p>Se stai cercando qualcosa di un po &#8216;pi\u00f9 serio, allora un sito come OkCupid potrebbe <a href=\"http:\/\/www.sito-per-sesso.com\/giochi-di-sesso-gratis-nessuna-iscrizione\/\">giochi porno senza iscrizione<\/a> essere un&#8217;opzione migliore. Questi siti riguardano ancora il collegamento, ma ti permettono anche di conoscere qualcuno un po &#8216;meglio prima di incontrarti. Questo pu\u00f2 aiutare ad assicurarsi che siate entrambi sulla stessa pagina prima di diventare fisici.<\/p>\n<h2>Tipo di caratteristiche<\/h2>\n<p>Esistono molti tipi diversi di funzionalit\u00e0 che possono essere trovate sulle app di appuntamenti. Alcuni dei pi\u00f9 popolari includono la possibilit\u00e0 di cercare altri utenti per posizione, et\u00e0, sesso e interessi; la possibilit\u00e0 di inviare messaggi ad altri utenti; la possibilit\u00e0 di vedere chi ha visualizzato il tuo profilo; e la possibilit\u00e0 di vedere chi \u00e8 online. Altre caratteristiche che stanno diventando pi\u00f9 comuni includono la possibilit\u00e0 di vedere a chi \u00e8 piaciuto il tuo profilo, la possibilit\u00e0 di vedere chi ti ha preferito e la possibilit\u00e0 di vedere chi ti ha inviato un flirt.<\/p>\n<h2>La tua scelta<\/h2>\n<p>Ci sono molte app di appuntamenti tra cui scegliere in questi giorni e pu\u00f2 essere difficile capire quale sia giusta per te. Ma se stai cercando qualcosa di un po &#8216;diverso, XPickup potrebbe valere la pena di dare un&#8217;occhiata.<\/p>\n<p>A differenza di altre app di appuntamenti, XPickup offre agli utenti il potere di scegliere <a href=\"http:\/\/www.meet-single-women.net\/it\/siti-di-sexting-gratuiti\/\">siti sexting<\/a> con chi vogliono parlare. Puoi sfogliare i profili e scegliere quelli che ti interessano. E se non sei sicuro di qualcuno, puoi sempre inviargli un &#8220;ritiro&#8221; e vedere se \u00e8 interessato.<\/p>\n<p>XPickup \u00e8 ottimo anche per le persone timide o introverse, dal momento che puoi prenderti il tuo tempo e scegliere con chi vuoi parlare. Non c&#8217;\u00e8 pressione per inviare messaggi a nessuno subito e puoi semplicemente chattare quando sei pronto.<\/p>\n<p>Quindi, se sei stanco delle stesse vecchie app di appuntamenti, prova XPickup. Potrebbe essere solo il pick-me-up<\/p>\n<p>Ci sono molte app di appuntamenti l\u00e0 fuori e ognuna ha un prezzo diverso. Alcuni sono gratuiti, mentre altri fanno pagare una tariffa mensile o annuale. XPickup \u00e8 una delle app di appuntamenti pi\u00f9 convenienti, che costa solo $ 9.99 al mese. Questo lo rende un&#8217;ottima opzione per chi ha un budget limitato. Inoltre, XPickup offre una prova di 7 giorni in modo da poterlo provare prima di impegnarsi in un abbonamento a pagamento. Questo \u00e8 un ottimo modo per vedere se l&#8217;app \u00e8 giusta per te. Se stai cercando un&#8217;app di appuntamenti che non rompa la banca, XPickup vale sicuramente la pena dare un&#8217;occhiata.<\/p>\n<h2>Processo di adesione<\/h2>\n<p>XPickup \u00e8 una nuova app di appuntamenti che consente agli utenti di connettersi con potenziali <a href=\"https:\/\/wank.io\/it\/siti-di-collegamento-gay\/gay-guys-near-me-mappa\/\">chat gay porno<\/a> corrispondenze nella loro zona. L&#8217;app pu\u00f2 essere scaricata gratuitamente e crea un profilo. Per diventare un membro, gli utenti devono registrarsi per un abbonamento mensile. L&#8217;abbonamento offre agli utenti l&#8217;accesso alle funzionalit\u00e0 esclusive di XPickup, come la possibilit\u00e0 di vedere chi ha visualizzato il proprio profilo, inviare messaggi illimitati e visualizzare i profili di potenziali corrispondenze. XPickup offre anche un abbonamento VIP, che offre agli utenti ancora pi\u00f9 accesso a funzionalit\u00e0 esclusive, come la possibilit\u00e0 di vedere a chi \u00e8 piaciuto il proprio profilo, inviare messaggi illimitati e visualizzare i profili di potenziali corrispondenze.<\/p>\n<h2>Simile a xPickup<\/h2>\n<p>Ci sono molte app di appuntamenti sul mercato, ognuna con le proprie caratteristiche uniche. Tuttavia, una cosa che molte di queste app hanno in comune \u00e8 la capacit\u00e0 di consentire agli utenti di &#8220;raccogliere&#8221; altri utenti che si trovano nelle vicinanze. Questa funzione \u00e8 estremamente utile per gli utenti che stanno cercando di incontrare nuove persone nella loro zona.<\/p>\n<p>XPickup \u00e8 un&#8217;app di appuntamenti che porta questo concetto un passo avanti. Non solo consente agli utenti di raccogliere altri utenti che si trovano nelle vicinanze, ma consente anche loro di vedere una mappa di dove si trovano questi utenti. Questo rende ancora pi\u00f9 facile trovare qualcuno che \u00e8 vicino e che potresti essere interessato a incontrare.<\/p>\n<p>Se sei stanco delle stesse vecchie app di appuntamenti, allora vale sicuramente la pena dare un&#8217;occhiata a XPickup. \u00c8 un ottimo modo per incontrare nuove persone nella tua zona e non si sa mai, potresti trovare la tua corrispondenza perfetta.<\/p>\n<h2>Sicurezza<\/h2>\n<p>Ci sono molte app di appuntamenti l\u00e0 fuori e pu\u00f2 essere difficile sapere quali sono sicure da usare. XPickup \u00e8 un&#8217;app di appuntamenti incentrata sulla sicurezza e la protezione. Hanno un team di esperti che lavorano duramente per mantenere l&#8217;app sicura e protetta per gli utenti. XPickup ha anche una serie di funzionalit\u00e0 che aiutano a proteggere gli utenti, come un sistema di verifica fotografica. Ci\u00f2 significa che puoi essere sicuro che la persona con cui stai parlando \u00e8 chi dice di essere. XPickup \u00e8 un&#8217;ottima opzione per coloro che sono alla ricerca di un&#8217;app di appuntamenti sicura e protetta.<\/p>\n<h2>Ne vale la pena XPickup?<\/h2>\n<p>Ci sono molte diverse app di appuntamenti l\u00e0 fuori e pu\u00f2 essere difficile decidere quale \u00e8 giusta per te. Se stai cercando qualcosa di un po &#8216;pi\u00f9 serio di un collegamento, XPickup potrebbe valere il costo. L&#8217;app \u00e8 progettata per aiutarti a trovare relazioni a lungo termine, quindi \u00e8 una buona opzione se stai cercando di sistemarti. Tuttavia, \u00e8 importante ricordare che nessuna app di appuntamenti \u00e8 perfetta e dovrai comunque fare uno sforzo per trovare una corrispondenza compatibile.<\/p>\n","protected":false},"excerpt":{"rendered":"<div class=\"mh-excerpt\"><p>Ci sono diversi tipi di siti di sesso pick-up. Alcuni sono orientati ad aiutare le persone a collegarsi con estranei per una notte. Altri sono <a class=\"mh-excerpt-more\" href=\"https:\/\/mmabay.co.uk\/it\/xpickup\/\" title=\"XPickup\">[&#8230;]<\/a><\/p>\n<\/div>","protected":false},"author":1,"featured_media":0,"parent":0,"menu_order":0,"comment_status":"closed","ping_status":"closed","template":"","meta":[],"yoast_head":"<!-- This site is optimized with the Yoast SEO plugin v17.7.1 - https:\/\/yoast.com\/wordpress\/plugins\/seo\/ -->\n<title>XPickup - Bay Reviews<\/title>\n<meta name=\"robots\" content=\"index, follow, max-snippet:-1, max-image-preview:large, max-video-preview:-1\" \/>\n<link rel=\"canonical\" href=\"https:\/\/mmabay.co.uk\/it\/xpickup\/\" \/>\n<meta property=\"og:locale\" content=\"it_IT\" \/>\n<meta property=\"og:type\" content=\"article\" \/>\n<meta property=\"og:title\" content=\"XPickup - Bay Reviews\" \/>\n<meta property=\"og:description\" content=\"Ci sono diversi tipi di siti di sesso pick-up. Alcuni sono orientati ad aiutare le persone a collegarsi con estranei per una notte. Altri sono [...]\" \/>\n<meta property=\"og:url\" content=\"https:\/\/mmabay.co.uk\/it\/xpickup\/\" \/>\n<meta property=\"og:site_name\" content=\"Bay Reviews\" \/>\n<meta property=\"article:modified_time\" content=\"2022-10-17T11:00:30+00:00\" \/>\n<meta name=\"twitter:card\" content=\"summary_large_image\" \/>\n<meta name=\"twitter:label1\" content=\"Tempo di lettura stimato\" \/>\n\t<meta name=\"twitter:data1\" content=\"5 minuti\" \/>\n<script type=\"application\/ld+json\" class=\"yoast-schema-graph\">{\"@context\":\"https:\/\/schema.org\",\"@graph\":[{\"@type\":\"WebSite\",\"@id\":\"https:\/\/mmabay.co.uk\/it\/#website\",\"url\":\"https:\/\/mmabay.co.uk\/it\/\",\"name\":\"Bay Reviews\",\"description\":\"Casual Hookup Finder\",\"potentialAction\":[{\"@type\":\"SearchAction\",\"target\":{\"@type\":\"EntryPoint\",\"urlTemplate\":\"https:\/\/mmabay.co.uk\/it\/?s={search_term_string}\"},\"query-input\":\"required name=search_term_string\"}],\"inLanguage\":\"it-IT\"},{\"@type\":\"WebPage\",\"@id\":\"https:\/\/mmabay.co.uk\/it\/xpickup\/#webpage\",\"url\":\"https:\/\/mmabay.co.uk\/it\/xpickup\/\",\"name\":\"XPickup - Bay Reviews\",\"isPartOf\":{\"@id\":\"https:\/\/mmabay.co.uk\/it\/#website\"},\"datePublished\":\"2022-10-03T12:09:10+00:00\",\"dateModified\":\"2022-10-17T11:00:30+00:00\",\"breadcrumb\":{\"@id\":\"https:\/\/mmabay.co.uk\/it\/xpickup\/#breadcrumb\"},\"inLanguage\":\"it-IT\",\"potentialAction\":[{\"@type\":\"ReadAction\",\"target\":[\"https:\/\/mmabay.co.uk\/it\/xpickup\/\"]}]},{\"@type\":\"BreadcrumbList\",\"@id\":\"https:\/\/mmabay.co.uk\/it\/xpickup\/#breadcrumb\",\"itemListElement\":[{\"@type\":\"ListItem\",\"position\":1,\"name\":\"Home\",\"item\":\"http:\/\/mmabay.co.uk\/it\/\"},{\"@type\":\"ListItem\",\"position\":2,\"name\":\"XPickup\"}]}]}<\/script>\n<!-- \/ Yoast SEO plugin. -->","yoast_head_json":{"title":"XPickup - Bay Reviews","robots":{"index":"index","follow":"follow","max-snippet":"max-snippet:-1","max-image-preview":"max-image-preview:large","max-video-preview":"max-video-preview:-1"},"canonical":"https:\/\/mmabay.co.uk\/it\/xpickup\/","og_locale":"it_IT","og_type":"article","og_title":"XPickup - Bay Reviews","og_description":"Ci sono diversi tipi di siti di sesso pick-up. Alcuni sono orientati ad aiutare le persone a collegarsi con estranei per una notte. Altri sono [...]","og_url":"https:\/\/mmabay.co.uk\/it\/xpickup\/","og_site_name":"Bay Reviews","article_modified_time":"2022-10-17T11:00:30+00:00","twitter_card":"summary_large_image","twitter_misc":{"Tempo di lettura stimato":"5 minuti"},"schema":{"@context":"https:\/\/schema.org","@graph":[{"@type":"WebSite","@id":"https:\/\/mmabay.co.uk\/it\/#website","url":"https:\/\/mmabay.co.uk\/it\/","name":"Bay Reviews","description":"Casual Hookup Finder","potentialAction":[{"@type":"SearchAction","target":{"@type":"EntryPoint","urlTemplate":"https:\/\/mmabay.co.uk\/it\/?s={search_term_string}"},"query-input":"required name=search_term_string"}],"inLanguage":"it-IT"},{"@type":"WebPage","@id":"https:\/\/mmabay.co.uk\/it\/xpickup\/#webpage","url":"https:\/\/mmabay.co.uk\/it\/xpickup\/","name":"XPickup - Bay Reviews","isPartOf":{"@id":"https:\/\/mmabay.co.uk\/it\/#website"},"datePublished":"2022-10-03T12:09:10+00:00","dateModified":"2022-10-17T11:00:30+00:00","breadcrumb":{"@id":"https:\/\/mmabay.co.uk\/it\/xpickup\/#breadcrumb"},"inLanguage":"it-IT","potentialAction":[{"@type":"ReadAction","target":["https:\/\/mmabay.co.uk\/it\/xpickup\/"]}]},{"@type":"BreadcrumbList","@id":"https:\/\/mmabay.co.uk\/it\/xpickup\/#breadcrumb","itemListElement":[{"@type":"ListItem","position":1,"name":"Home","item":"http:\/\/mmabay.co.uk\/it\/"},{"@type":"ListItem","position":2,"name":"XPickup"}]}]}},"_links":{"self":[{"href":"https:\/\/mmabay.co.uk\/it\/wp-json\/wp\/v2\/pages\/200"}],"collection":[{"href":"https:\/\/mmabay.co.uk\/it\/wp-json\/wp\/v2\/pages"}],"about":[{"href":"https:\/\/mmabay.co.uk\/it\/wp-json\/wp\/v2\/types\/page"}],"author":[{"embeddable":true,"href":"https:\/\/mmabay.co.uk\/it\/wp-json\/wp\/v2\/users\/1"}],"replies":[{"embeddable":true,"href":"https:\/\/mmabay.co.uk\/it\/wp-json\/wp\/v2\/comments?post=200"}],"version-history":[{"count":1,"href":"https:\/\/mmabay.co.uk\/it\/wp-json\/wp\/v2\/pages\/200\/revisions"}],"predecessor-version":[{"id":256,"href":"https:\/\/mmabay.co.uk\/it\/wp-json\/wp\/v2\/pages\/200\/revisions\/256"}],"wp:attachment":[{"href":"https:\/\/mmabay.co.uk\/it\/wp-json\/wp\/v2\/media?parent=200"}],"curies":[{"name":"wp","href":"https:\/\/api.w.org\/{rel}","templated":true}]}}