{"id":207,"date":"2022-10-03T13:08:39","date_gmt":"2022-10-03T12:08:39","guid":{"rendered":"http:\/\/mmabay.co.uk\/onebbw\/"},"modified":"2022-10-03T13:08:39","modified_gmt":"2022-10-03T12:08:39","slug":"onebbw","status":"publish","type":"page","link":"https:\/\/mmabay.co.uk\/it\/onebbw\/","title":{"rendered":"OneBBW"},"content":{"rendered":"<p>OneBBW \u00e8 una guida sessuale che aiuta le donne plus-size a <a href=\"http:\/\/mmabay.co.uk\/kasual\/\">trovare partner sessuali<\/a>. L&#8217;app fornisce un ambiente sicuro e protetto per consentire agli utenti di connettersi e chattare. OneBBW offre anche una funzione di appuntamenti, che consente agli utenti di trovare corrispondenze in base alla loro posizione e ai loro interessi. L&#8217;app \u00e8 scaricabile e utilizzabile gratuitamente ed \u00e8 disponibile per dispositivi iOS e Android.<\/p>\n<h2>Tipo di caratteristiche<\/h2>\n<p>OneBBW \u00e8 un&#8217;app di appuntamenti specificamente progettata per le persone plus-size e i loro ammiratori. OneBBW offre una variet\u00e0 di funzionalit\u00e0 che soddisfano le esigenze e i desideri unici dei suoi utenti. Alcune di queste funzionalit\u00e0 includono uno spazio &#8220;grasso-positivo&#8221; per consentire agli utenti di connettersi tra loro, nonch\u00e9 una variet\u00e0 di filtri specifici per tipo di corpo e dimensioni per aiutare gli utenti a trovare la loro corrispondenza perfetta. OneBBW offre anche una funzione di &#8220;corrispondenza&#8221; che consente agli utenti di essere abbinati a potenziali partner in base alle loro risposte a una serie di domande. Questa funzione aiuta a garantire che gli utenti siano abbinati a persone compatibili con loro in termini di interessi, valori e stile di vita.<\/p>\n<h2>Opzioni di iscrizione<\/h2>\n<p>OneBBW offre diverse opzioni di abbonamento per soddisfare le tue esigenze. Puoi scegliere di iscriverti a un abbonamento gratuito, che ti d\u00e0 accesso limitato al sito, oppure puoi passare a un abbonamento a pagamento per l&#8217;accesso completo. Gli abbonamenti a pagamento partono da $ 9.99 al mese e puoi scegliere di pagare con 1, 3, 6 o 12 mesi di anticipo. Con un abbonamento a pagamento, avrai accesso a tutte le funzionalit\u00e0 del sito, tra cui messaggistica, ricerca e corrispondenza avanzata. Puoi anche scegliere di passare a un abbonamento VIP, che ti offre ancora pi\u00f9 funzionalit\u00e0, come l&#8217;assistenza clienti prioritaria e un sistema di messaggistica privata.<\/p>\n<p>OneBBW \u00e8 una popolare app di appuntamenti per donne curvy e uomini che le amano. L&#8217;app ha un sistema di fatturazione semplice e diretto che semplifica il monitoraggio delle tue spese. Puoi pagare la tua iscrizione tramite PayPal o carta di credito e puoi annullare la tua iscrizione in qualsiasi momento. OneBBW offre anche una variet\u00e0 di opzioni di abbonamento, in modo da poter scegliere il piano pi\u00f9 adatto alle tue esigenze.<\/p>\n<h2>Profilo e registrazione<\/h2>\n<p>Se stai cercando un&#8217;app che si rivolge specificamente ai single plus-size, allora ti consigliamo di dare un&#8217;occhiata a OneBBW. Il processo di registrazione \u00e8 semplice e veloce e puoi iniziare subito a sfogliare i profili. OneBBW ha anche una grande funzione di ricerca, in modo da poter trovare facilmente potenziali corrispondenze in base alle tue preferenze. Inoltre, l&#8217;app \u00e8 scaricabile e utilizzabile gratuitamente, quindi puoi provarla senza spendere soldi.<\/p>\n<h2>Siti come OneBBW<\/h2>\n<p>OneBBW \u00e8 un&#8217;app di appuntamenti specificamente progettata per single plus-size. L&#8217;app pu\u00f2 essere scaricata gratuitamente e crea un profilo. \u00c8 disponibile per dispositivi iOS e Android. OneBBW ha un&#8217;interfaccia pulita e semplice che \u00e8 facile da usare. L&#8217;app ha anche una vasta base di utenti, il che significa che ci sono molte potenziali corrispondenze tra cui scegliere. OneBBW \u00e8 un&#8217;ottima opzione per i single plus-size che sono alla ricerca di una relazione seria.<\/p>\n<h2>Sicurezza<\/h2>\n<p>Quando si cerca un&#8217;app di appuntamenti, \u00e8 importante considerare la sicurezza dell&#8217;app. OneBBW \u00e8 un&#8217;app di appuntamenti sicura che adotta misure per proteggere i suoi utenti. L&#8217;app richiede agli utenti di creare un account e di accedere per utilizzare l&#8217;app. OneBBW richiede inoltre agli utenti di verificare la propria identit\u00e0 con un documento d&#8217;identit\u00e0 rilasciato dal governo. OneBBW ha anche una rigorosa politica anti-spam per proteggere gli utenti da messaggi indesiderati. OneBBW \u00e8 un&#8217;app di appuntamenti sicura e protetta che adotta misure per proteggere i suoi utenti.<\/p>\n<h2>OneBBW ne vale la pena?<\/h2>\n<p>Ci sono molte app di appuntamenti l\u00e0 fuori e pu\u00f2 essere difficile decidere con quale andare. OneBBW \u00e8 un&#8217;app di appuntamenti specifica per le donne plus-size e gli uomini che le amano. \u00c8 una delle app di appuntamenti pi\u00f9 costose, ma \u00e8 anche una delle pi\u00f9 popolari, quindi vale la pena considerarla.<\/p>\n<p>OneBBW ha molte funzionalit\u00e0 che altre app di appuntamenti non hanno, come uno spazio &#8220;grasso-positivo&#8221; in cui le donne plus-size possono sentirsi a proprio agio e sicure. L&#8217;app ha anche un ottimo sistema di corrispondenza, quindi \u00e8 probabile che tu trovi alcune buone corrispondenze se la usi.<\/p>\n<p>Se sei plus-size e stai cercando un&#8217;ottima app di appuntamenti, OneBBW vale sicuramente la pena considerare.<\/p>\n","protected":false},"excerpt":{"rendered":"<div class=\"mh-excerpt\"><p>OneBBW \u00e8 una guida sessuale che aiuta le donne plus-size a trovare partner sessuali. L&#8217;app fornisce un ambiente sicuro e protetto per consentire agli utenti <a class=\"mh-excerpt-more\" href=\"https:\/\/mmabay.co.uk\/it\/onebbw\/\" title=\"OneBBW\">[&#8230;]<\/a><\/p>\n<\/div>","protected":false},"author":1,"featured_media":0,"parent":0,"menu_order":0,"comment_status":"closed","ping_status":"closed","template":"","meta":[],"yoast_head":"<!-- This site is optimized with the Yoast SEO plugin v17.7.1 - https:\/\/yoast.com\/wordpress\/plugins\/seo\/ -->\n<title>OneBBW - Bay Reviews<\/title>\n<meta name=\"robots\" content=\"index, follow, max-snippet:-1, max-image-preview:large, max-video-preview:-1\" \/>\n<link rel=\"canonical\" href=\"https:\/\/mmabay.co.uk\/it\/onebbw\/\" \/>\n<meta property=\"og:locale\" content=\"it_IT\" \/>\n<meta property=\"og:type\" content=\"article\" \/>\n<meta property=\"og:title\" content=\"OneBBW - Bay Reviews\" \/>\n<meta property=\"og:description\" content=\"OneBBW \u00e8 una guida sessuale che aiuta le donne plus-size a trovare partner sessuali. L&#8217;app fornisce un ambiente sicuro e protetto per consentire agli utenti [...]\" \/>\n<meta property=\"og:url\" content=\"https:\/\/mmabay.co.uk\/it\/onebbw\/\" \/>\n<meta property=\"og:site_name\" content=\"Bay Reviews\" \/>\n<meta name=\"twitter:card\" content=\"summary_large_image\" \/>\n<meta name=\"twitter:label1\" content=\"Tempo di lettura stimato\" \/>\n\t<meta name=\"twitter:data1\" content=\"4 minuti\" \/>\n<script type=\"application\/ld+json\" class=\"yoast-schema-graph\">{\"@context\":\"https:\/\/schema.org\",\"@graph\":[{\"@type\":\"WebSite\",\"@id\":\"https:\/\/mmabay.co.uk\/it\/#website\",\"url\":\"https:\/\/mmabay.co.uk\/it\/\",\"name\":\"Bay Reviews\",\"description\":\"Casual Hookup Finder\",\"potentialAction\":[{\"@type\":\"SearchAction\",\"target\":{\"@type\":\"EntryPoint\",\"urlTemplate\":\"https:\/\/mmabay.co.uk\/it\/?s={search_term_string}\"},\"query-input\":\"required name=search_term_string\"}],\"inLanguage\":\"it-IT\"},{\"@type\":\"WebPage\",\"@id\":\"https:\/\/mmabay.co.uk\/it\/onebbw\/#webpage\",\"url\":\"https:\/\/mmabay.co.uk\/it\/onebbw\/\",\"name\":\"OneBBW - Bay Reviews\",\"isPartOf\":{\"@id\":\"https:\/\/mmabay.co.uk\/it\/#website\"},\"datePublished\":\"2022-10-03T12:08:39+00:00\",\"dateModified\":\"2022-10-03T12:08:39+00:00\",\"breadcrumb\":{\"@id\":\"https:\/\/mmabay.co.uk\/it\/onebbw\/#breadcrumb\"},\"inLanguage\":\"it-IT\",\"potentialAction\":[{\"@type\":\"ReadAction\",\"target\":[\"https:\/\/mmabay.co.uk\/it\/onebbw\/\"]}]},{\"@type\":\"BreadcrumbList\",\"@id\":\"https:\/\/mmabay.co.uk\/it\/onebbw\/#breadcrumb\",\"itemListElement\":[{\"@type\":\"ListItem\",\"position\":1,\"name\":\"Home\",\"item\":\"http:\/\/mmabay.co.uk\/it\/\"},{\"@type\":\"ListItem\",\"position\":2,\"name\":\"OneBBW\"}]}]}<\/script>\n<!-- \/ Yoast SEO plugin. -->","yoast_head_json":{"title":"OneBBW - Bay Reviews","robots":{"index":"index","follow":"follow","max-snippet":"max-snippet:-1","max-image-preview":"max-image-preview:large","max-video-preview":"max-video-preview:-1"},"canonical":"https:\/\/mmabay.co.uk\/it\/onebbw\/","og_locale":"it_IT","og_type":"article","og_title":"OneBBW - Bay Reviews","og_description":"OneBBW \u00e8 una guida sessuale che aiuta le donne plus-size a trovare partner sessuali. L&#8217;app fornisce un ambiente sicuro e protetto per consentire agli utenti [...]","og_url":"https:\/\/mmabay.co.uk\/it\/onebbw\/","og_site_name":"Bay Reviews","twitter_card":"summary_large_image","twitter_misc":{"Tempo di lettura stimato":"4 minuti"},"schema":{"@context":"https:\/\/schema.org","@graph":[{"@type":"WebSite","@id":"https:\/\/mmabay.co.uk\/it\/#website","url":"https:\/\/mmabay.co.uk\/it\/","name":"Bay Reviews","description":"Casual Hookup Finder","potentialAction":[{"@type":"SearchAction","target":{"@type":"EntryPoint","urlTemplate":"https:\/\/mmabay.co.uk\/it\/?s={search_term_string}"},"query-input":"required name=search_term_string"}],"inLanguage":"it-IT"},{"@type":"WebPage","@id":"https:\/\/mmabay.co.uk\/it\/onebbw\/#webpage","url":"https:\/\/mmabay.co.uk\/it\/onebbw\/","name":"OneBBW - Bay Reviews","isPartOf":{"@id":"https:\/\/mmabay.co.uk\/it\/#website"},"datePublished":"2022-10-03T12:08:39+00:00","dateModified":"2022-10-03T12:08:39+00:00","breadcrumb":{"@id":"https:\/\/mmabay.co.uk\/it\/onebbw\/#breadcrumb"},"inLanguage":"it-IT","potentialAction":[{"@type":"ReadAction","target":["https:\/\/mmabay.co.uk\/it\/onebbw\/"]}]},{"@type":"BreadcrumbList","@id":"https:\/\/mmabay.co.uk\/it\/onebbw\/#breadcrumb","itemListElement":[{"@type":"ListItem","position":1,"name":"Home","item":"http:\/\/mmabay.co.uk\/it\/"},{"@type":"ListItem","position":2,"name":"OneBBW"}]}]}},"_links":{"self":[{"href":"https:\/\/mmabay.co.uk\/it\/wp-json\/wp\/v2\/pages\/207"}],"collection":[{"href":"https:\/\/mmabay.co.uk\/it\/wp-json\/wp\/v2\/pages"}],"about":[{"href":"https:\/\/mmabay.co.uk\/it\/wp-json\/wp\/v2\/types\/page"}],"author":[{"embeddable":true,"href":"https:\/\/mmabay.co.uk\/it\/wp-json\/wp\/v2\/users\/1"}],"replies":[{"embeddable":true,"href":"https:\/\/mmabay.co.uk\/it\/wp-json\/wp\/v2\/comments?post=207"}],"version-history":[{"count":0,"href":"https:\/\/mmabay.co.uk\/it\/wp-json\/wp\/v2\/pages\/207\/revisions"}],"wp:attachment":[{"href":"https:\/\/mmabay.co.uk\/it\/wp-json\/wp\/v2\/media?parent=207"}],"curies":[{"name":"wp","href":"https:\/\/api.w.org\/{rel}","templated":true}]}}