{"id":220,"date":"2022-10-03T13:08:00","date_gmt":"2022-10-03T12:08:00","guid":{"rendered":"http:\/\/mmabay.co.uk\/instasex\/"},"modified":"2022-10-03T13:08:00","modified_gmt":"2022-10-03T12:08:00","slug":"instasex","status":"publish","type":"page","link":"https:\/\/mmabay.co.uk\/it\/instasex\/","title":{"rendered":"Instasex"},"content":{"rendered":"<p>Se stai cercando un nuovo modo per ravvivare la tua vita di appuntamenti, non guardare oltre Instasex. Questa nuova app \u00e8 progettata specificamente per aiutarti a trovare nuovi partner sessuali, sia che tu sia single o in una relazione. Instasex rende la ricerca di nuovi partner facile e divertente, e puoi anche cercare tipi specifici di partner in base alle tue preferenze sessuali. Quindi, se stai cercando un nuovo modo di essere posato, o semplicemente vuoi aggiungere un po &#8216;di pepe alla tua vita sessuale, assicurati di dare un&#8217;occhiata a Instasex.<\/p>\n<h2>Sistema di abbinamento<\/h2>\n<p>Instasex Matching System \u00e8 una nuova rivoluzionaria <a href=\"http:\/\/mmabay.co.uk\/findmyflings\/\">app di appuntamenti<\/a> che utilizza un algoritmo unico per abbinare gli utenti con potenziali partner sessuali. L&#8217;app \u00e8 progettata per aiutare gli utenti a trovare la loro corrispondenza perfetta e l&#8217;algoritmo tiene conto di una variet\u00e0 di fattori tra cui preferenze sessuali, posizione e interessi. L&#8217;app \u00e8 attualmente disponibile su iOS e Android e gli utenti possono registrarsi gratuitamente.<\/p>\n<h2>Opzioni<\/h2>\n<p>Instasex \u00e8 un&#8217;opzione che consente agli utenti di trovare partner sessuali in modo rapido e semplice. \u00c8 una delle opzioni pi\u00f9 popolari su app e siti Web di appuntamenti. Instasex rende facile trovare qualcuno che \u00e8 interessato alla tua stessa cosa. Tutto quello che devi fare \u00e8 scorrere verso destra sul loro profilo e puoi iniziare a chattare.<\/p>\n<p>Instasex \u00e8 un&#8217;ottima opzione per le persone che sono alla ricerca di un collegamento rapido. \u00c8 anche una buona opzione per le persone che sono nuove nella scena degli appuntamenti e non sono sicure di cosa stiano cercando. Instasex \u00e8 un modo semplice e sicuro per trovare partner sessuali.<\/p>\n<p>L&#8217;app consente agli utenti di selezionare una data e quindi pagarla tramite l&#8217;app. In questo modo, gli utenti possono evitare il fastidio di portare contanti o utilizzare una carta di credito. L&#8217;app \u00e8 attualmente disponibile negli Stati Uniti e nel Regno Unito.<\/p>\n<h2>Iscrizione Iscriviti<\/h2>\n<p>Instasex \u00e8 una nuova app di appuntamenti che sta rapidamente diventando popolare tra gli utenti. L&#8217;app consente agli utenti di trovare potenziali partner sessuali nella loro zona e quindi chattare, scambiare foto e organizzare un incontro. L&#8217;app \u00e8 scaricabile e utilizzabile gratuitamente, ma esiste anche un&#8217;opzione di abbonamento a pagamento che offre agli utenti l&#8217;accesso a funzionalit\u00e0 aggiuntive.<\/p>\n<p>L&#8217;abbonamento a pagamento offre agli utenti la possibilit\u00e0 di vedere chi ha visualizzato il proprio profilo, inviare messaggi illimitati e vedere chi \u00e8 online quando lo sono. Consente inoltre agli utenti di visualizzare profili illimitati e vedere chi \u00e8 nuovo nella loro zona. L&#8217;abbonamento a pagamento \u00e8 di $ 9.99 al mese, ma \u00e8 disponibile anche una prova gratuita di 7 giorni.<\/p>\n<p>Instasex \u00e8 un&#8217;ottima opzione per coloro che sono alla ricerca di un nuovo modo per incontrare potenziali partner sessuali. L&#8217;app \u00e8 facile da usare e ha molte funzionalit\u00e0 vantaggiose per gli utenti. L&#8217;abbonamento a pagamento vale sicuramente il prezzo per coloro che stanno cercando di ottenere il massimo dall&#8217;app.<\/p>\n<h2>Siti web come Instasex<\/h2>\n<p>Ci sono molti siti web come Instasex che si concentrano sull&#8217;aiutare le persone a connettersi con gli altri per incontri sessuali. Questi siti Web possono essere molto utili per coloro che stanno cercando di ravvivare la loro vita sessuale o per coloro che sono semplicemente alla ricerca di un nuovo partner. Molti di questi siti Web offrono una variet\u00e0 di funzionalit\u00e0 diverse, come chat room, messaggistica istantanea e persino chat video, che possono rendere molto pi\u00f9 facile trovare la persona giusta per te.<\/p>\n<p>Instasex \u00e8 una delle app di appuntamenti pi\u00f9 sicure disponibili. Utilizza un rigoroso processo di verifica per garantire che tutti gli utenti siano reali e impiega un team di moderatori che tengono d&#8217;occhio l&#8217;app 24 ore su 24, 7 giorni su 7, per assicurarsi che non vengano pubblicati contenuti inappropriati. Inoltre, l&#8217;app offre una serie di funzionalit\u00e0 per aiutare a mantenere gli utenti al sicuro, come la possibilit\u00e0 di segnalare e bloccare altri utenti e una funzione di chat integrata che consente agli utenti di conoscersi prima di incontrarsi di persona. Nel complesso, Instasex \u00e8 un&#8217;opzione sicura e affidabile per coloro che cercano un modo sicuro e conveniente per incontrare nuove persone.<\/p>\n<h2>Ne vale la pena Instasex?<\/h2>\n<p>Non c&#8217;\u00e8 una risposta facile quando si tratta di sapere se l&#8217;app di appuntamenti Instasex vale o meno il costo. Da un lato, l&#8217;app offre un&#8217;esperienza unica che consente agli utenti di connettersi tra loro in un modo pi\u00f9 intimo. D&#8217;altra parte, l&#8217;app \u00e8 piuttosto costosa e non \u00e8 chiaro se offra un valore sufficiente per giustificare il costo. In definitiva, la decisione di utilizzare o meno Instasex dipender\u00e0 dalle esigenze e dal budget di ogni individuo.<\/p>\n","protected":false},"excerpt":{"rendered":"<div class=\"mh-excerpt\"><p>Se stai cercando un nuovo modo per ravvivare la tua vita di appuntamenti, non guardare oltre Instasex. Questa nuova app \u00e8 progettata specificamente per aiutarti <a class=\"mh-excerpt-more\" href=\"https:\/\/mmabay.co.uk\/it\/instasex\/\" title=\"Instasex\">[&#8230;]<\/a><\/p>\n<\/div>","protected":false},"author":1,"featured_media":0,"parent":0,"menu_order":0,"comment_status":"closed","ping_status":"closed","template":"","meta":[],"yoast_head":"<!-- This site is optimized with the Yoast SEO plugin v17.7.1 - https:\/\/yoast.com\/wordpress\/plugins\/seo\/ -->\n<title>Instasex - Bay Reviews<\/title>\n<meta name=\"robots\" content=\"index, follow, max-snippet:-1, max-image-preview:large, max-video-preview:-1\" \/>\n<link rel=\"canonical\" href=\"https:\/\/mmabay.co.uk\/it\/instasex\/\" \/>\n<meta property=\"og:locale\" content=\"it_IT\" \/>\n<meta property=\"og:type\" content=\"article\" \/>\n<meta property=\"og:title\" content=\"Instasex - Bay Reviews\" \/>\n<meta property=\"og:description\" content=\"Se stai cercando un nuovo modo per ravvivare la tua vita di appuntamenti, non guardare oltre Instasex. Questa nuova app \u00e8 progettata specificamente per aiutarti [...]\" \/>\n<meta property=\"og:url\" content=\"https:\/\/mmabay.co.uk\/it\/instasex\/\" \/>\n<meta property=\"og:site_name\" content=\"Bay Reviews\" \/>\n<meta name=\"twitter:card\" content=\"summary_large_image\" \/>\n<meta name=\"twitter:label1\" content=\"Tempo di lettura stimato\" \/>\n\t<meta name=\"twitter:data1\" content=\"4 minuti\" \/>\n<script type=\"application\/ld+json\" class=\"yoast-schema-graph\">{\"@context\":\"https:\/\/schema.org\",\"@graph\":[{\"@type\":\"WebSite\",\"@id\":\"https:\/\/mmabay.co.uk\/it\/#website\",\"url\":\"https:\/\/mmabay.co.uk\/it\/\",\"name\":\"Bay Reviews\",\"description\":\"Casual Hookup Finder\",\"potentialAction\":[{\"@type\":\"SearchAction\",\"target\":{\"@type\":\"EntryPoint\",\"urlTemplate\":\"https:\/\/mmabay.co.uk\/it\/?s={search_term_string}\"},\"query-input\":\"required name=search_term_string\"}],\"inLanguage\":\"it-IT\"},{\"@type\":\"WebPage\",\"@id\":\"https:\/\/mmabay.co.uk\/it\/instasex\/#webpage\",\"url\":\"https:\/\/mmabay.co.uk\/it\/instasex\/\",\"name\":\"Instasex - Bay Reviews\",\"isPartOf\":{\"@id\":\"https:\/\/mmabay.co.uk\/it\/#website\"},\"datePublished\":\"2022-10-03T12:08:00+00:00\",\"dateModified\":\"2022-10-03T12:08:00+00:00\",\"breadcrumb\":{\"@id\":\"https:\/\/mmabay.co.uk\/it\/instasex\/#breadcrumb\"},\"inLanguage\":\"it-IT\",\"potentialAction\":[{\"@type\":\"ReadAction\",\"target\":[\"https:\/\/mmabay.co.uk\/it\/instasex\/\"]}]},{\"@type\":\"BreadcrumbList\",\"@id\":\"https:\/\/mmabay.co.uk\/it\/instasex\/#breadcrumb\",\"itemListElement\":[{\"@type\":\"ListItem\",\"position\":1,\"name\":\"Home\",\"item\":\"http:\/\/mmabay.co.uk\/it\/\"},{\"@type\":\"ListItem\",\"position\":2,\"name\":\"Instasex\"}]}]}<\/script>\n<!-- \/ Yoast SEO plugin. -->","yoast_head_json":{"title":"Instasex - Bay Reviews","robots":{"index":"index","follow":"follow","max-snippet":"max-snippet:-1","max-image-preview":"max-image-preview:large","max-video-preview":"max-video-preview:-1"},"canonical":"https:\/\/mmabay.co.uk\/it\/instasex\/","og_locale":"it_IT","og_type":"article","og_title":"Instasex - Bay Reviews","og_description":"Se stai cercando un nuovo modo per ravvivare la tua vita di appuntamenti, non guardare oltre Instasex. Questa nuova app \u00e8 progettata specificamente per aiutarti [...]","og_url":"https:\/\/mmabay.co.uk\/it\/instasex\/","og_site_name":"Bay Reviews","twitter_card":"summary_large_image","twitter_misc":{"Tempo di lettura stimato":"4 minuti"},"schema":{"@context":"https:\/\/schema.org","@graph":[{"@type":"WebSite","@id":"https:\/\/mmabay.co.uk\/it\/#website","url":"https:\/\/mmabay.co.uk\/it\/","name":"Bay Reviews","description":"Casual Hookup Finder","potentialAction":[{"@type":"SearchAction","target":{"@type":"EntryPoint","urlTemplate":"https:\/\/mmabay.co.uk\/it\/?s={search_term_string}"},"query-input":"required name=search_term_string"}],"inLanguage":"it-IT"},{"@type":"WebPage","@id":"https:\/\/mmabay.co.uk\/it\/instasex\/#webpage","url":"https:\/\/mmabay.co.uk\/it\/instasex\/","name":"Instasex - Bay Reviews","isPartOf":{"@id":"https:\/\/mmabay.co.uk\/it\/#website"},"datePublished":"2022-10-03T12:08:00+00:00","dateModified":"2022-10-03T12:08:00+00:00","breadcrumb":{"@id":"https:\/\/mmabay.co.uk\/it\/instasex\/#breadcrumb"},"inLanguage":"it-IT","potentialAction":[{"@type":"ReadAction","target":["https:\/\/mmabay.co.uk\/it\/instasex\/"]}]},{"@type":"BreadcrumbList","@id":"https:\/\/mmabay.co.uk\/it\/instasex\/#breadcrumb","itemListElement":[{"@type":"ListItem","position":1,"name":"Home","item":"http:\/\/mmabay.co.uk\/it\/"},{"@type":"ListItem","position":2,"name":"Instasex"}]}]}},"_links":{"self":[{"href":"https:\/\/mmabay.co.uk\/it\/wp-json\/wp\/v2\/pages\/220"}],"collection":[{"href":"https:\/\/mmabay.co.uk\/it\/wp-json\/wp\/v2\/pages"}],"about":[{"href":"https:\/\/mmabay.co.uk\/it\/wp-json\/wp\/v2\/types\/page"}],"author":[{"embeddable":true,"href":"https:\/\/mmabay.co.uk\/it\/wp-json\/wp\/v2\/users\/1"}],"replies":[{"embeddable":true,"href":"https:\/\/mmabay.co.uk\/it\/wp-json\/wp\/v2\/comments?post=220"}],"version-history":[{"count":0,"href":"https:\/\/mmabay.co.uk\/it\/wp-json\/wp\/v2\/pages\/220\/revisions"}],"wp:attachment":[{"href":"https:\/\/mmabay.co.uk\/it\/wp-json\/wp\/v2\/media?parent=220"}],"curies":[{"name":"wp","href":"https:\/\/api.w.org\/{rel}","templated":true}]}}