{"id":230,"date":"2022-10-03T13:07:24","date_gmt":"2022-10-03T12:07:24","guid":{"rendered":"http:\/\/mmabay.co.uk\/schizzare\/"},"modified":"2022-10-03T13:07:24","modified_gmt":"2022-10-03T12:07:24","slug":"schizzare","status":"publish","type":"page","link":"https:\/\/mmabay.co.uk\/it\/schizzare\/","title":{"rendered":"Schizzare"},"content":{"rendered":"<p>Sono disponibili molte diverse app di appuntamenti, ognuna con le proprie funzionalit\u00e0 e il proprio pubblico di destinazione. Tuttavia, un&#8217;app che ha guadagnato popolarit\u00e0 di recente \u00e8 Squirt. Questa app \u00e8 unica in quanto \u00e8 specificamente progettata per le persone che sono interessate a trovare incontri sessuali casuali.<\/p>\n<p>Anche se questo pu\u00f2 sembrare un&#8217;app di collegamento, pu\u00f2 effettivamente essere utilizzato anche per gli appuntamenti. Molte persone lo usano per incontrare nuove persone e vedere se c&#8217;\u00e8 una connessione sessuale. Se c&#8217;\u00e8, allora possono portare le cose al livello successivo e incontrarsi di persona. In caso contrario, possono semplicemente andare avanti e chattare con qualcun altro. Squirt \u00e8 un&#8217;ottima opzione per le persone che sono alla ricerca di qualcosa di un po &#8216;diverso dalla tradizionale app di appuntamenti. \u00c8 perfetto per coloro che vogliono ravvivare la loro vita amorosa o semplicemente incontrare nuove persone per divertimento casuale.<\/p>\n<h2>Tipo di caratteristiche<\/h2>\n<p>Squirt \u00e8 un&#8217;app di appuntamenti relativamente nuova che offre una visione unica dell&#8217;esperienza di appuntamenti online. A differenza della maggior parte delle app di appuntamenti, Squirt ti consente di cercare potenziali corrispondenze utilizzando una variet\u00e0 di criteri diversi. Ci\u00f2 include cose come posizione, et\u00e0, interessi e persino attributi fisici.<\/p>\n<p>Una delle migliori caratteristiche di Squirt \u00e8 la possibilit\u00e0 di vedere chi \u00e8 online contemporaneamente a te. Questo rende facile trovare qualcuno con cui chattare o persino incontrarsi di persona. Un&#8217;altra grande caratteristica \u00e8 la possibilit\u00e0 di filtrare i risultati della ricerca. Ci\u00f2 significa che puoi trovare esattamente quello che stai cercando, che si tratti di un collegamento casuale o di qualcosa di pi\u00f9 serio. Nel complesso, Squirt \u00e8 un&#8217;ottima opzione per chiunque cerchi un&#8217;esperienza di appuntamenti online pi\u00f9 flessibile e su misura. Se sei stanco dello stesso vecchio, dello stesso vecchio, prova Squirt.<\/p>\n<h2>Pacchetti da provare<\/h2>\n<p>Ci sono alcuni diversi &#8220;pacchetti squirt&#8221; che puoi provare su alcune delle popolari app di appuntamenti. Il primo \u00e8 il pacchetto &#8220;Tinder Plus&#8221;, che ti d\u00e0 accesso alle funzionalit\u00e0 premium sull&#8217;app per un canone mensile. Questo pu\u00f2 includere cose come Mi piace illimitati, la possibilit\u00e0 di riavvolgere l&#8217;ultimo scorrimento e altro ancora. Il secondo \u00e8 il pacchetto &#8220;Bumble Boost&#8221;, che ti d\u00e0 accesso alle funzionalit\u00e0 premium sull&#8217;app per un canone mensile. Questo pu\u00f2 includere cose come la possibilit\u00e0 di vedere chi ti ha gi\u00e0 apprezzato, estendere le tue partite per altre 24 ore e altro ancora. Il terzo \u00e8 il pacchetto &#8220;OkCupid A-List&#8221;, che ti d\u00e0 accesso alle funzionalit\u00e0 premium sull&#8217;app per un canone mensile. Questo pu\u00f2 includere cose come vedere a chi piaci prima che ti piacciano, filtri di ricerca avanzati e altro ancora.<\/p>\n<h2>Costo<\/h2>\n<p>Squirt \u00e8 una nuova app di appuntamenti che consente agli utenti di pagare per inviare messaggi flirt a potenziali corrispondenze. L&#8217;app \u00e8 attualmente disponibile negli Stati Uniti e nel Regno Unito. Il costo dell&#8217;utilizzo dell&#8217;app varia a seconda del numero di messaggi che si desidera inviare. Un singolo messaggio costa $ 0,99 e un pacchetto di 10 messaggi costa $ 4,99. C&#8217;\u00e8 anche un&#8217;opzione di abbonamento mensile che ti offre messaggi illimitati per $ 9.99.<\/p>\n<h2>Configurazione del profilo<\/h2>\n<p>Se vuoi creare un profilo su un&#8217;app di appuntamenti come Squirt, dovrai fornire alcune informazioni di base su di te. Ci\u00f2 include cose come il tuo nome, et\u00e0 e posizione. Dovrai anche scrivere una breve biografia su di te. Nella tua biografia, dovresti menzionare cose come i tuoi interessi e ci\u00f2 che stai cercando in un partner. Una volta creato il tuo profilo, puoi iniziare a sfogliare i profili di altri utenti e inviare messaggi.<\/p>\n<h2>Siti simili a Squirt<\/h2>\n<p>Ci sono alcuni siti e app che sono simili a Squirt in termini di funzionalit\u00e0 e scopo. Questi includono Grindr, Scruff e Jack&#8217;d. Tutte queste app consentono agli utenti di trovare potenziali collegamenti o date nella loro zona. Tutti hanno anche funzionalit\u00e0 che consentono agli utenti di chattare e scambiare foto o video. In termini di differenze, ognuna di queste app ha le sue caratteristiche uniche e la sua base di utenti. Grindr, ad esempio, \u00e8 orientato pi\u00f9 verso gli uomini gay e bisessuali, mentre Scruff \u00e8 pi\u00f9 verso i ragazzi che amano gli orsi e gli uomini pelosi.<\/p>\n<p>Squirt \u00e8 un&#8217;app di appuntamenti sicura che consente agli utenti di connettersi con persone che la pensano allo stesso modo nella loro zona. L&#8217;app \u00e8 progettata per essere utilizzata da adulti consenzienti di et\u00e0 superiore ai 18 anni e non \u00e8 destinata all&#8217;uso da parte di minori. L&#8217;app \u00e8 scaricabile e utilizzabile gratuitamente e non sono necessari acquisti in-app. Squirt \u00e8 un modo semplice e sicuro per incontrare nuove persone ed esplorare la tua sessualit\u00e0.<\/p>\n<h2>Ne vale la pena Squirt?<\/h2>\n<p>Ci sono molte app di appuntamenti l\u00e0 fuori e pu\u00f2 essere difficile decidere con quale andare. Alcune persone giurano su Squirt e dicono che ne vale la pena. Altri lo trovano uno spreco di denaro. Dipende davvero da cosa stai cercando e da quanto sei disposto a spendere.<\/p>\n","protected":false},"excerpt":{"rendered":"<div class=\"mh-excerpt\"><p>Sono disponibili molte diverse app di appuntamenti, ognuna con le proprie funzionalit\u00e0 e il proprio pubblico di destinazione. Tuttavia, un&#8217;app che ha guadagnato popolarit\u00e0 di <a class=\"mh-excerpt-more\" href=\"https:\/\/mmabay.co.uk\/it\/schizzare\/\" title=\"Schizzare\">[&#8230;]<\/a><\/p>\n<\/div>","protected":false},"author":1,"featured_media":0,"parent":0,"menu_order":0,"comment_status":"closed","ping_status":"closed","template":"","meta":[],"yoast_head":"<!-- This site is optimized with the Yoast SEO plugin v17.7.1 - https:\/\/yoast.com\/wordpress\/plugins\/seo\/ -->\n<title>Schizzare - Bay Reviews<\/title>\n<meta name=\"robots\" content=\"index, follow, max-snippet:-1, max-image-preview:large, max-video-preview:-1\" \/>\n<link rel=\"canonical\" href=\"https:\/\/mmabay.co.uk\/it\/schizzare\/\" \/>\n<meta property=\"og:locale\" content=\"it_IT\" \/>\n<meta property=\"og:type\" content=\"article\" \/>\n<meta property=\"og:title\" content=\"Schizzare - Bay Reviews\" \/>\n<meta property=\"og:description\" content=\"Sono disponibili molte diverse app di appuntamenti, ognuna con le proprie funzionalit\u00e0 e il proprio pubblico di destinazione. Tuttavia, un&#8217;app che ha guadagnato popolarit\u00e0 di [...]\" \/>\n<meta property=\"og:url\" content=\"https:\/\/mmabay.co.uk\/it\/schizzare\/\" \/>\n<meta property=\"og:site_name\" content=\"Bay Reviews\" \/>\n<meta name=\"twitter:card\" content=\"summary_large_image\" \/>\n<meta name=\"twitter:label1\" content=\"Tempo di lettura stimato\" \/>\n\t<meta name=\"twitter:data1\" content=\"4 minuti\" \/>\n<script type=\"application\/ld+json\" class=\"yoast-schema-graph\">{\"@context\":\"https:\/\/schema.org\",\"@graph\":[{\"@type\":\"WebSite\",\"@id\":\"https:\/\/mmabay.co.uk\/it\/#website\",\"url\":\"https:\/\/mmabay.co.uk\/it\/\",\"name\":\"Bay Reviews\",\"description\":\"Casual Hookup Finder\",\"potentialAction\":[{\"@type\":\"SearchAction\",\"target\":{\"@type\":\"EntryPoint\",\"urlTemplate\":\"https:\/\/mmabay.co.uk\/it\/?s={search_term_string}\"},\"query-input\":\"required name=search_term_string\"}],\"inLanguage\":\"it-IT\"},{\"@type\":\"WebPage\",\"@id\":\"https:\/\/mmabay.co.uk\/it\/schizzare\/#webpage\",\"url\":\"https:\/\/mmabay.co.uk\/it\/schizzare\/\",\"name\":\"Schizzare - Bay Reviews\",\"isPartOf\":{\"@id\":\"https:\/\/mmabay.co.uk\/it\/#website\"},\"datePublished\":\"2022-10-03T12:07:24+00:00\",\"dateModified\":\"2022-10-03T12:07:24+00:00\",\"breadcrumb\":{\"@id\":\"https:\/\/mmabay.co.uk\/it\/schizzare\/#breadcrumb\"},\"inLanguage\":\"it-IT\",\"potentialAction\":[{\"@type\":\"ReadAction\",\"target\":[\"https:\/\/mmabay.co.uk\/it\/schizzare\/\"]}]},{\"@type\":\"BreadcrumbList\",\"@id\":\"https:\/\/mmabay.co.uk\/it\/schizzare\/#breadcrumb\",\"itemListElement\":[{\"@type\":\"ListItem\",\"position\":1,\"name\":\"Home\",\"item\":\"http:\/\/mmabay.co.uk\/it\/\"},{\"@type\":\"ListItem\",\"position\":2,\"name\":\"Schizzare\"}]}]}<\/script>\n<!-- \/ Yoast SEO plugin. -->","yoast_head_json":{"title":"Schizzare - Bay Reviews","robots":{"index":"index","follow":"follow","max-snippet":"max-snippet:-1","max-image-preview":"max-image-preview:large","max-video-preview":"max-video-preview:-1"},"canonical":"https:\/\/mmabay.co.uk\/it\/schizzare\/","og_locale":"it_IT","og_type":"article","og_title":"Schizzare - Bay Reviews","og_description":"Sono disponibili molte diverse app di appuntamenti, ognuna con le proprie funzionalit\u00e0 e il proprio pubblico di destinazione. Tuttavia, un&#8217;app che ha guadagnato popolarit\u00e0 di [...]","og_url":"https:\/\/mmabay.co.uk\/it\/schizzare\/","og_site_name":"Bay Reviews","twitter_card":"summary_large_image","twitter_misc":{"Tempo di lettura stimato":"4 minuti"},"schema":{"@context":"https:\/\/schema.org","@graph":[{"@type":"WebSite","@id":"https:\/\/mmabay.co.uk\/it\/#website","url":"https:\/\/mmabay.co.uk\/it\/","name":"Bay Reviews","description":"Casual Hookup Finder","potentialAction":[{"@type":"SearchAction","target":{"@type":"EntryPoint","urlTemplate":"https:\/\/mmabay.co.uk\/it\/?s={search_term_string}"},"query-input":"required name=search_term_string"}],"inLanguage":"it-IT"},{"@type":"WebPage","@id":"https:\/\/mmabay.co.uk\/it\/schizzare\/#webpage","url":"https:\/\/mmabay.co.uk\/it\/schizzare\/","name":"Schizzare - Bay Reviews","isPartOf":{"@id":"https:\/\/mmabay.co.uk\/it\/#website"},"datePublished":"2022-10-03T12:07:24+00:00","dateModified":"2022-10-03T12:07:24+00:00","breadcrumb":{"@id":"https:\/\/mmabay.co.uk\/it\/schizzare\/#breadcrumb"},"inLanguage":"it-IT","potentialAction":[{"@type":"ReadAction","target":["https:\/\/mmabay.co.uk\/it\/schizzare\/"]}]},{"@type":"BreadcrumbList","@id":"https:\/\/mmabay.co.uk\/it\/schizzare\/#breadcrumb","itemListElement":[{"@type":"ListItem","position":1,"name":"Home","item":"http:\/\/mmabay.co.uk\/it\/"},{"@type":"ListItem","position":2,"name":"Schizzare"}]}]}},"_links":{"self":[{"href":"https:\/\/mmabay.co.uk\/it\/wp-json\/wp\/v2\/pages\/230"}],"collection":[{"href":"https:\/\/mmabay.co.uk\/it\/wp-json\/wp\/v2\/pages"}],"about":[{"href":"https:\/\/mmabay.co.uk\/it\/wp-json\/wp\/v2\/types\/page"}],"author":[{"embeddable":true,"href":"https:\/\/mmabay.co.uk\/it\/wp-json\/wp\/v2\/users\/1"}],"replies":[{"embeddable":true,"href":"https:\/\/mmabay.co.uk\/it\/wp-json\/wp\/v2\/comments?post=230"}],"version-history":[{"count":0,"href":"https:\/\/mmabay.co.uk\/it\/wp-json\/wp\/v2\/pages\/230\/revisions"}],"wp:attachment":[{"href":"https:\/\/mmabay.co.uk\/it\/wp-json\/wp\/v2\/media?parent=230"}],"curies":[{"name":"wp","href":"https:\/\/api.w.org\/{rel}","templated":true}]}}