{"id":150,"date":"2022-10-03T13:15:06","date_gmt":"2022-10-03T12:15:06","guid":{"rendered":"http:\/\/mmabay.co.uk\/fabswingers\/"},"modified":"2022-10-03T13:15:06","modified_gmt":"2022-10-03T12:15:06","slug":"fabswingers","status":"publish","type":"page","link":"https:\/\/mmabay.co.uk\/no\/fabswingers\/","title":{"rendered":"FabSwingers"},"content":{"rendered":"<p>Det er mange dating-apper der ute, men FabSwingers er en av de eneste som er spesielt for swingere. Dette gj\u00f8r det til et flott alternativ for folk som er i den livsstilen. Appen er enkel \u00e5 bruke og har mange funksjoner, noe som gj\u00f8r den til et flott alternativ for swingere som \u00f8nsker \u00e5 m\u00f8te andre swingere. Appen er ogs\u00e5 gratis \u00e5 bruke, som er en annen stor fordel. Totalt sett er FabSwingers et flott alternativ for swingere som \u00f8nsker \u00e5 m\u00f8te andre swingere i deres omr\u00e5de.<\/p>\n<h2>Hvordan er funksjonene?<\/h2>\n<p>FabSwingers er en datingapp som <a href=\"http:\/\/mmabay.co.uk\/no\/xcheaters\/\">lar brukere komme i kontakt med andre likesinnede i deres omr\u00e5de<\/a> . Appen har en rekke funksjoner som gj\u00f8r det enkelt \u00e5 finne og koble til potensielle treff. Brukere kan s\u00f8ke etter andre medlemmer etter sted, alder og interesser. De kan ogs\u00e5 se profiler og bilder og sende meldinger. Appen har ogs\u00e5 en chat-funksjon, slik at brukere kan chatte med andre medlemmer i sanntid.<\/p>\n<h2>Alternativer for medlemskap<\/h2>\n<p>FabSwingers er en datingapp som lar deg f\u00e5 kontakt med andre swingere i ditt omr\u00e5de. Det er to tilgjengelige medlemskapsalternativer: gratis og betalt. Det gratis medlemskapet gir deg tilgang til de grunnleggende funksjonene i appen, mens det betalte medlemskapet gir deg tilgang til alle funksjonene i appen. Det betalte medlemskapet gir deg ogs\u00e5 tilgang til eksklusive funksjoner, for eksempel muligheten til \u00e5 se hvem som er online og hvem som ikke er det.<\/p>\n<p>Kostnaden for et FabSwingers-medlemskap er sv\u00e6rt rimelig sammenlignet med andre datingapper. For en m\u00e5nedlig avgift f\u00e5r du tilgang til alle funksjonene p\u00e5 nettstedet, inkludert meldinger, s\u00f8k og profilvisninger. Du f\u00e5r ogs\u00e5 tilgang til nettstedets omfattende database med medlemmer. Kostnaden for et FabSwingers-medlemskap er sv\u00e6rt rimelig sammenlignet med andre datingapper.<\/p>\n<h2>Registrering \u2013 er det enkelt?<\/h2>\n<p>Ja, det er enkelt \u00e5 registrere seg for FabSwingers! Bare g\u00e5 til nettstedet og fyll ut et raskt skjema med e-postadresse, brukernavn og passord. N\u00e5r du er ferdig, kan du begynne \u00e5 bla gjennom profiler, sende meldinger og arrangere m\u00f8ter med andre medlemmer. Hele prosessen b\u00f8r bare ta noen f\u00e5 minutter, og s\u00e5 er du p\u00e5 vei til \u00e5 m\u00f8te nye mennesker og nyte alle fordelene med siden.<\/p>\n<h2>Alternativer til FabSwingers<\/h2>\n<p>Det finnes noen f\u00e5 alternativer til FabSwingers som henvender seg til de som er interessert i den svingende livsstilen. SDC (Swingers Date Club) og Kasidie er to popul\u00e6re alternativer. Begge plattformene tilbyr en lignende opplevelse som FabSwingers, med en stor brukerbase og ulike funksjoner som hjelper deg med \u00e5 komme i kontakt med andre swingere.<\/p>\n<p>Hvis du ikke er interessert i den svingende livsstilen, er det mange andre datingapper der ute som kan dekke dine behov. Tinder, Bumble og Hinge er alle popul\u00e6re valg for de som leter etter en mer tradisjonell datingopplevelse.<\/p>\n<p>FabSwingers er en av de sikreste datingappene som finnes. Appen krever at alle brukere bekrefter identiteten sin med en gyldig e-postadresse, og alle brukerprofiler blir grundig gjennomg\u00e5tt av FabSwingers-teamet. I tillegg bruker appen en streng personvernpolicy for \u00e5 holde brukerdata trygge og sikre. Totalt sett er FabSwingers et trygt og p\u00e5litelig alternativ for de som leter etter en swingende partner.<\/p>\n<h2>Er FabSwingers verdt det?<\/h2>\n<p>Det er mange datingapper der ute, og det kan v\u00e6re vanskelig \u00e5 bestemme seg for hvilken du skal velge. Noen sverger til Tinder mens andre foretrekker Bumble. S\u00e5 er det apper som Plenty of Fish og Match.com. Og ikke glem alle nisjedatingappene som Jdate og Christian Mingle. S\u00e5 hvor passer FabSwingers inn? Vel, hvis du leter etter en datingapp som henvender seg til swingere, s\u00e5 er FabSwingers definitivt verdt prisen. Appen er enkel \u00e5 bruke og har mange flotte funksjoner. I tillegg er det mye billigere enn de fleste andre datingappene der ute.<\/p>\n<p>S\u00e5 hvis du \u00f8nsker \u00e5 gi litt krydder til datinglivet ditt, s\u00e5 er FabSwingers definitivt veien \u00e5 g\u00e5.<\/p>\n","protected":false},"excerpt":{"rendered":"<div class=\"mh-excerpt\"><p>Det er mange dating-apper der ute, men FabSwingers er en av de eneste som er spesielt for swingere. Dette gj\u00f8r det til et flott alternativ <a class=\"mh-excerpt-more\" href=\"https:\/\/mmabay.co.uk\/no\/fabswingers\/\" title=\"FabSwingers\">[&#8230;]<\/a><\/p>\n<\/div>","protected":false},"author":1,"featured_media":0,"parent":0,"menu_order":0,"comment_status":"closed","ping_status":"closed","template":"","meta":[],"yoast_head":"<!-- This site is optimized with the Yoast SEO plugin v17.7.1 - https:\/\/yoast.com\/wordpress\/plugins\/seo\/ -->\n<title>FabSwingers - Bay Reviews<\/title>\n<meta name=\"robots\" content=\"index, follow, max-snippet:-1, max-image-preview:large, max-video-preview:-1\" \/>\n<link rel=\"canonical\" href=\"https:\/\/mmabay.co.uk\/no\/fabswingers\/\" \/>\n<meta property=\"og:locale\" content=\"nb_NO\" \/>\n<meta property=\"og:type\" content=\"article\" \/>\n<meta property=\"og:title\" content=\"FabSwingers - Bay Reviews\" \/>\n<meta property=\"og:description\" content=\"Det er mange dating-apper der ute, men FabSwingers er en av de eneste som er spesielt for swingere. Dette gj\u00f8r det til et flott alternativ [...]\" \/>\n<meta property=\"og:url\" content=\"https:\/\/mmabay.co.uk\/no\/fabswingers\/\" \/>\n<meta property=\"og:site_name\" content=\"Bay Reviews\" \/>\n<meta name=\"twitter:card\" content=\"summary_large_image\" \/>\n<meta name=\"twitter:label1\" content=\"Ansl. lesetid\" \/>\n\t<meta name=\"twitter:data1\" content=\"3 minutter\" \/>\n<script type=\"application\/ld+json\" class=\"yoast-schema-graph\">{\"@context\":\"https:\/\/schema.org\",\"@graph\":[{\"@type\":\"WebSite\",\"@id\":\"https:\/\/mmabay.co.uk\/no\/#website\",\"url\":\"https:\/\/mmabay.co.uk\/no\/\",\"name\":\"Bay Reviews\",\"description\":\"Casual Hookup Finder\",\"potentialAction\":[{\"@type\":\"SearchAction\",\"target\":{\"@type\":\"EntryPoint\",\"urlTemplate\":\"https:\/\/mmabay.co.uk\/no\/?s={search_term_string}\"},\"query-input\":\"required name=search_term_string\"}],\"inLanguage\":\"nb-NO\"},{\"@type\":\"WebPage\",\"@id\":\"https:\/\/mmabay.co.uk\/no\/fabswingers\/#webpage\",\"url\":\"https:\/\/mmabay.co.uk\/no\/fabswingers\/\",\"name\":\"FabSwingers - Bay Reviews\",\"isPartOf\":{\"@id\":\"https:\/\/mmabay.co.uk\/no\/#website\"},\"datePublished\":\"2022-10-03T12:15:06+00:00\",\"dateModified\":\"2022-10-03T12:15:06+00:00\",\"breadcrumb\":{\"@id\":\"https:\/\/mmabay.co.uk\/no\/fabswingers\/#breadcrumb\"},\"inLanguage\":\"nb-NO\",\"potentialAction\":[{\"@type\":\"ReadAction\",\"target\":[\"https:\/\/mmabay.co.uk\/no\/fabswingers\/\"]}]},{\"@type\":\"BreadcrumbList\",\"@id\":\"https:\/\/mmabay.co.uk\/no\/fabswingers\/#breadcrumb\",\"itemListElement\":[{\"@type\":\"ListItem\",\"position\":1,\"name\":\"Home\",\"item\":\"https:\/\/mmabay.co.uk\/no\/\"},{\"@type\":\"ListItem\",\"position\":2,\"name\":\"FabSwingers\"}]}]}<\/script>\n<!-- \/ Yoast SEO plugin. -->","yoast_head_json":{"title":"FabSwingers - Bay Reviews","robots":{"index":"index","follow":"follow","max-snippet":"max-snippet:-1","max-image-preview":"max-image-preview:large","max-video-preview":"max-video-preview:-1"},"canonical":"https:\/\/mmabay.co.uk\/no\/fabswingers\/","og_locale":"nb_NO","og_type":"article","og_title":"FabSwingers - Bay Reviews","og_description":"Det er mange dating-apper der ute, men FabSwingers er en av de eneste som er spesielt for swingere. Dette gj\u00f8r det til et flott alternativ [...]","og_url":"https:\/\/mmabay.co.uk\/no\/fabswingers\/","og_site_name":"Bay Reviews","twitter_card":"summary_large_image","twitter_misc":{"Ansl. lesetid":"3 minutter"},"schema":{"@context":"https:\/\/schema.org","@graph":[{"@type":"WebSite","@id":"https:\/\/mmabay.co.uk\/no\/#website","url":"https:\/\/mmabay.co.uk\/no\/","name":"Bay Reviews","description":"Casual Hookup Finder","potentialAction":[{"@type":"SearchAction","target":{"@type":"EntryPoint","urlTemplate":"https:\/\/mmabay.co.uk\/no\/?s={search_term_string}"},"query-input":"required name=search_term_string"}],"inLanguage":"nb-NO"},{"@type":"WebPage","@id":"https:\/\/mmabay.co.uk\/no\/fabswingers\/#webpage","url":"https:\/\/mmabay.co.uk\/no\/fabswingers\/","name":"FabSwingers - Bay Reviews","isPartOf":{"@id":"https:\/\/mmabay.co.uk\/no\/#website"},"datePublished":"2022-10-03T12:15:06+00:00","dateModified":"2022-10-03T12:15:06+00:00","breadcrumb":{"@id":"https:\/\/mmabay.co.uk\/no\/fabswingers\/#breadcrumb"},"inLanguage":"nb-NO","potentialAction":[{"@type":"ReadAction","target":["https:\/\/mmabay.co.uk\/no\/fabswingers\/"]}]},{"@type":"BreadcrumbList","@id":"https:\/\/mmabay.co.uk\/no\/fabswingers\/#breadcrumb","itemListElement":[{"@type":"ListItem","position":1,"name":"Home","item":"https:\/\/mmabay.co.uk\/no\/"},{"@type":"ListItem","position":2,"name":"FabSwingers"}]}]}},"_links":{"self":[{"href":"https:\/\/mmabay.co.uk\/no\/wp-json\/wp\/v2\/pages\/150"}],"collection":[{"href":"https:\/\/mmabay.co.uk\/no\/wp-json\/wp\/v2\/pages"}],"about":[{"href":"https:\/\/mmabay.co.uk\/no\/wp-json\/wp\/v2\/types\/page"}],"author":[{"embeddable":true,"href":"https:\/\/mmabay.co.uk\/no\/wp-json\/wp\/v2\/users\/1"}],"replies":[{"embeddable":true,"href":"https:\/\/mmabay.co.uk\/no\/wp-json\/wp\/v2\/comments?post=150"}],"version-history":[{"count":0,"href":"https:\/\/mmabay.co.uk\/no\/wp-json\/wp\/v2\/pages\/150\/revisions"}],"wp:attachment":[{"href":"https:\/\/mmabay.co.uk\/no\/wp-json\/wp\/v2\/media?parent=150"}],"curies":[{"name":"wp","href":"https:\/\/api.w.org\/{rel}","templated":true}]}}