{"id":167,"date":"2022-10-03T13:14:33","date_gmt":"2022-10-03T12:14:33","guid":{"rendered":"http:\/\/mmabay.co.uk\/xcheaters\/"},"modified":"2022-10-03T13:14:33","modified_gmt":"2022-10-03T12:14:33","slug":"xcheaters","status":"publish","type":"page","link":"https:\/\/mmabay.co.uk\/no\/xcheaters\/","title":{"rendered":"XCheaters"},"content":{"rendered":"<p>Det er mange oppkoblingssider der ute som henvender seg til folk som leter etter et uformelt forhold. XCheaters er en av disse sidene. Det er et popul\u00e6rt nettsted for folk som leter etter en rask oppkobling, og det er ogs\u00e5 en flott side for folk som leter etter et langsiktig forhold. Siden har mange funksjoner som gj\u00f8r det enkelt \u00e5 finne matcher, og det har ogs\u00e5 mange medlemmer, s\u00e5 du er garantert \u00e5 finne noen som er kompatibel med deg.<\/p>\n<h2>Tilkoblingsfunksjoner<\/h2>\n<p>XCheaters Hookup er en ny datingapp som lar brukere f\u00e5 kontakt med potensielle kamper i deres omr\u00e5de. Appen har en rekke funksjoner som gj\u00f8r det enkelt \u00e5 finne og koble til potensielle treff. Appen lar ogs\u00e5 brukere chatte med potensielle kamper i sanntid. Appen er gratis \u00e5 laste ned og bruke.<\/p>\n<h2>Ditt valg<\/h2>\n<p>Det er mange datingapper der ute, men XCheaters er definitivt en av de beste. Den er enkel \u00e5 bruke og har massevis av funksjoner som gj\u00f8r den flott for \u00e5 finne en date eller bare en oppkobling. S\u00f8kefunksjonen er veldig bra, og du kan begrense resultatene dine etter massevis av forskjellige kriterier. Meldingssystemet er ogs\u00e5 flott, og du kan enkelt holde styr p\u00e5 samtalene dine. Totalt sett er XCheaters et flott alternativ for alle som leter etter en datingapp.<\/p>\n<h2>Gebyrer<\/h2>\n<p>Det er ingen tvil om at dating-apper har revolusjonert m\u00e5ten vi dater og m\u00f8ter mennesker p\u00e5. Men sammen med bekvemmeligheten de har medf\u00f8rt, er det ogs\u00e5 et nytt sett med utfordringer. En av de st\u00f8rste er sp\u00f8rsm\u00e5let om gebyrer. Noen datingapper, som Tinder, er helt gratis \u00e5 bruke. Andre, som Bumble, krever en m\u00e5nedlig abonnementsavgift. Og atter andre, som eHarmony, krever et gebyr per tjeneste (i dette tilfellet for hver melding du sender). Problemet er at disse avgiftene kan \u00f8ke, og de er ikke alltid klare. For eksempel annonseres Bumbles abonnementsavgift som $8,99 per m\u00e5ned. Men hvis du vil bruke premiumfunksjonene deres, som &laquo;SuperSwipes&raquo;, m\u00e5 du betale ytterligere $9,99 per m\u00e5ned. S\u00e5 det er virkelig $18 per m\u00e5ned. Og s\u00e5 er det de skjulte avgiftene. Noen apper, som Hinge, koster $3,99<\/p>\n<h2>Var registreringen enkel?<\/h2>\n<p>Hvis du leter etter en enkel m\u00e5te \u00e5 m\u00f8te nye mennesker p\u00e5, er XCheaters definitivt veien \u00e5 g\u00e5. Registreringsprosessen er rask og enkel, og du kan begynne \u00e5 chatte med folk p\u00e5 bare noen f\u00e5 minutter. Grensesnittet er brukervennlig og enkelt \u00e5 navigere i, og hele opplevelsen er totalt sett forn\u00f8yelig. Jeg vil definitivt anbefale XCheaters til alle som leter etter en ny datingapp.<\/p>\n<h2>Nettsteder som XCheaters<\/h2>\n<p>Det er noen f\u00e5 nettsteder som XCheaters som er popul\u00e6re blant folk som leter etter datingapper. Disse nettstedene tilbyr en rekke funksjoner som lar brukere finne potensielle treff og chatte med dem. Noen av funksjonene som tilbys av disse nettstedene inkluderer:<\/p>\n<ul>\n<li>Avanserte s\u00f8kealternativer som lar brukere finne treff basert p\u00e5 plassering, alder, interesser og mer.<\/li>\n<li>Et bredt utvalg av kommunikasjonsverkt\u00f8y som lar brukere chatte med kamper og bli bedre kjent med dem.<\/li>\n<li>Muligheten til \u00e5 laste opp bilder og videoer slik at kamper kan f\u00e5 en bedre ide om hvem de snakker med.<\/li>\n<li>En rekke funksjoner som gj\u00f8r det enkelt \u00e5 finne og chatte med treff.<\/li>\n<\/ul>\n<p>Hvis du ser etter en datingapp som tilbyr alle disse funksjonene, b\u00f8r du definitivt sjekke ut en av nettsidene som XCheaters.<\/p>\n<p>Hvis du leter etter en trygg dating-app, er XCheaters et flott alternativ. Appen tilbyr en sikker plattform for brukere \u00e5 koble til og kommunisere med hverandre. All personlig informasjon er kryptert og lagret sikkert p\u00e5 appens servere. I tillegg tilbyr XCheaters en rekke sikkerhetsfunksjoner, inkludert en blokkeringsfunksjon og en rapporteringsfunksjon. Hvis du st\u00f8ter p\u00e5 problemer eller mistenker at noen ikke er den de sier de er, kan du rapportere dem til appens supportteam. XCheaters er et flott alternativ for de som \u00f8nsker en trygg og sikker m\u00e5te \u00e5 f\u00e5 kontakt med andre p\u00e5.<\/p>\n<h2>Er XCheaters verdt det?<\/h2>\n<p>Det er mange datingapper der ute, og det kan v\u00e6re vanskelig \u00e5 bestemme seg for hvilken du skal g\u00e5 med. XCheaters er en nyere datingapp og den har definitivt mye potensial. Det st\u00f8rste salgsargumentet for denne appen er definitivt prisen. Det er bare $4,99 i m\u00e5neden, som er mye billigere enn de fleste andre datingapper. Appen har ogs\u00e5 mange funksjoner som andre datingapper ikke har, som en avansert s\u00f8kefunksjon og muligheten til \u00e5 se hvem som har sett p\u00e5 profilen din. Ulempen med denne appen er at den ikke har en veldig stor brukerbase enn\u00e5, s\u00e5 du har kanskje ikke like flaks med \u00e5 finne matcher. Totalt sett er XCheaters definitivt verdt prisen og er definitivt verdt \u00e5 sjekke ut.<\/p>\n","protected":false},"excerpt":{"rendered":"<div class=\"mh-excerpt\"><p>Det er mange oppkoblingssider der ute som henvender seg til folk som leter etter et uformelt forhold. XCheaters er en av disse sidene. Det er <a class=\"mh-excerpt-more\" href=\"https:\/\/mmabay.co.uk\/no\/xcheaters\/\" title=\"XCheaters\">[&#8230;]<\/a><\/p>\n<\/div>","protected":false},"author":1,"featured_media":0,"parent":0,"menu_order":0,"comment_status":"closed","ping_status":"closed","template":"","meta":[],"yoast_head":"<!-- This site is optimized with the Yoast SEO plugin v17.7.1 - https:\/\/yoast.com\/wordpress\/plugins\/seo\/ -->\n<title>XCheaters - Bay Reviews<\/title>\n<meta name=\"robots\" content=\"index, follow, max-snippet:-1, max-image-preview:large, max-video-preview:-1\" \/>\n<link rel=\"canonical\" href=\"https:\/\/mmabay.co.uk\/no\/xcheaters\/\" \/>\n<meta property=\"og:locale\" content=\"nb_NO\" \/>\n<meta property=\"og:type\" content=\"article\" \/>\n<meta property=\"og:title\" content=\"XCheaters - Bay Reviews\" \/>\n<meta property=\"og:description\" content=\"Det er mange oppkoblingssider der ute som henvender seg til folk som leter etter et uformelt forhold. XCheaters er en av disse sidene. Det er [...]\" \/>\n<meta property=\"og:url\" content=\"https:\/\/mmabay.co.uk\/no\/xcheaters\/\" \/>\n<meta property=\"og:site_name\" content=\"Bay Reviews\" \/>\n<meta name=\"twitter:card\" content=\"summary_large_image\" \/>\n<meta name=\"twitter:label1\" content=\"Ansl. lesetid\" \/>\n\t<meta name=\"twitter:data1\" content=\"4 minutter\" \/>\n<script type=\"application\/ld+json\" class=\"yoast-schema-graph\">{\"@context\":\"https:\/\/schema.org\",\"@graph\":[{\"@type\":\"WebSite\",\"@id\":\"https:\/\/mmabay.co.uk\/no\/#website\",\"url\":\"https:\/\/mmabay.co.uk\/no\/\",\"name\":\"Bay Reviews\",\"description\":\"Casual Hookup Finder\",\"potentialAction\":[{\"@type\":\"SearchAction\",\"target\":{\"@type\":\"EntryPoint\",\"urlTemplate\":\"https:\/\/mmabay.co.uk\/no\/?s={search_term_string}\"},\"query-input\":\"required name=search_term_string\"}],\"inLanguage\":\"nb-NO\"},{\"@type\":\"WebPage\",\"@id\":\"https:\/\/mmabay.co.uk\/no\/xcheaters\/#webpage\",\"url\":\"https:\/\/mmabay.co.uk\/no\/xcheaters\/\",\"name\":\"XCheaters - Bay Reviews\",\"isPartOf\":{\"@id\":\"https:\/\/mmabay.co.uk\/no\/#website\"},\"datePublished\":\"2022-10-03T12:14:33+00:00\",\"dateModified\":\"2022-10-03T12:14:33+00:00\",\"breadcrumb\":{\"@id\":\"https:\/\/mmabay.co.uk\/no\/xcheaters\/#breadcrumb\"},\"inLanguage\":\"nb-NO\",\"potentialAction\":[{\"@type\":\"ReadAction\",\"target\":[\"https:\/\/mmabay.co.uk\/no\/xcheaters\/\"]}]},{\"@type\":\"BreadcrumbList\",\"@id\":\"https:\/\/mmabay.co.uk\/no\/xcheaters\/#breadcrumb\",\"itemListElement\":[{\"@type\":\"ListItem\",\"position\":1,\"name\":\"Home\",\"item\":\"https:\/\/mmabay.co.uk\/no\/\"},{\"@type\":\"ListItem\",\"position\":2,\"name\":\"XCheaters\"}]}]}<\/script>\n<!-- \/ Yoast SEO plugin. -->","yoast_head_json":{"title":"XCheaters - Bay Reviews","robots":{"index":"index","follow":"follow","max-snippet":"max-snippet:-1","max-image-preview":"max-image-preview:large","max-video-preview":"max-video-preview:-1"},"canonical":"https:\/\/mmabay.co.uk\/no\/xcheaters\/","og_locale":"nb_NO","og_type":"article","og_title":"XCheaters - Bay Reviews","og_description":"Det er mange oppkoblingssider der ute som henvender seg til folk som leter etter et uformelt forhold. XCheaters er en av disse sidene. Det er [...]","og_url":"https:\/\/mmabay.co.uk\/no\/xcheaters\/","og_site_name":"Bay Reviews","twitter_card":"summary_large_image","twitter_misc":{"Ansl. lesetid":"4 minutter"},"schema":{"@context":"https:\/\/schema.org","@graph":[{"@type":"WebSite","@id":"https:\/\/mmabay.co.uk\/no\/#website","url":"https:\/\/mmabay.co.uk\/no\/","name":"Bay Reviews","description":"Casual Hookup Finder","potentialAction":[{"@type":"SearchAction","target":{"@type":"EntryPoint","urlTemplate":"https:\/\/mmabay.co.uk\/no\/?s={search_term_string}"},"query-input":"required name=search_term_string"}],"inLanguage":"nb-NO"},{"@type":"WebPage","@id":"https:\/\/mmabay.co.uk\/no\/xcheaters\/#webpage","url":"https:\/\/mmabay.co.uk\/no\/xcheaters\/","name":"XCheaters - Bay Reviews","isPartOf":{"@id":"https:\/\/mmabay.co.uk\/no\/#website"},"datePublished":"2022-10-03T12:14:33+00:00","dateModified":"2022-10-03T12:14:33+00:00","breadcrumb":{"@id":"https:\/\/mmabay.co.uk\/no\/xcheaters\/#breadcrumb"},"inLanguage":"nb-NO","potentialAction":[{"@type":"ReadAction","target":["https:\/\/mmabay.co.uk\/no\/xcheaters\/"]}]},{"@type":"BreadcrumbList","@id":"https:\/\/mmabay.co.uk\/no\/xcheaters\/#breadcrumb","itemListElement":[{"@type":"ListItem","position":1,"name":"Home","item":"https:\/\/mmabay.co.uk\/no\/"},{"@type":"ListItem","position":2,"name":"XCheaters"}]}]}},"_links":{"self":[{"href":"https:\/\/mmabay.co.uk\/no\/wp-json\/wp\/v2\/pages\/167"}],"collection":[{"href":"https:\/\/mmabay.co.uk\/no\/wp-json\/wp\/v2\/pages"}],"about":[{"href":"https:\/\/mmabay.co.uk\/no\/wp-json\/wp\/v2\/types\/page"}],"author":[{"embeddable":true,"href":"https:\/\/mmabay.co.uk\/no\/wp-json\/wp\/v2\/users\/1"}],"replies":[{"embeddable":true,"href":"https:\/\/mmabay.co.uk\/no\/wp-json\/wp\/v2\/comments?post=167"}],"version-history":[{"count":0,"href":"https:\/\/mmabay.co.uk\/no\/wp-json\/wp\/v2\/pages\/167\/revisions"}],"wp:attachment":[{"href":"https:\/\/mmabay.co.uk\/no\/wp-json\/wp\/v2\/media?parent=167"}],"curies":[{"name":"wp","href":"https:\/\/api.w.org\/{rel}","templated":true}]}}