{"id":192,"date":"2022-10-03T13:09:41","date_gmt":"2022-10-03T12:09:41","guid":{"rendered":"http:\/\/mmabay.co.uk\/dobbeltliste\/"},"modified":"2022-10-03T13:09:41","modified_gmt":"2022-10-03T12:09:41","slug":"dobbeltliste","status":"publish","type":"page","link":"https:\/\/mmabay.co.uk\/no\/dobbeltliste\/","title":{"rendered":"Dobbeltliste"},"content":{"rendered":"<p>Det er en ny datingapp p\u00e5 scenen, og den heter DoubleList. I motsetning til andre datingapper, er DoubleList spesielt utviklet for folk som leter etter NSA-sex.<\/p>\n<p>Hvis du er lei av \u00e5 sveipe til venstre og h\u00f8yre, bare for \u00e5 bli skuffet over resultatene, kan DoubleList v\u00e6re verdt \u00e5 sjekke ut. Appen er fortsatt i de tidlige stadiene, men den har allerede f\u00e5tt mye oppmerksomhet hos brukere som leter etter noe litt annerledes. S\u00e5 hvis du er interessert i \u00e5 utforske seksualiteten din uten noen strenge krav, kan DoubleList v\u00e6re appen for deg.<\/p>\n<h2>App-funksjoner<\/h2>\n<p>DoubleList er en ny datingapp som lar brukere <a href=\"http:\/\/mmabay.co.uk\/xpickup\/\">finne treff basert p\u00e5 deres plassering og interesser<\/a> . Appen lar ogs\u00e5 brukere sette opp en profil og legge til bilder, slik at potensielle treff kan l\u00e6re mer om dem. En av de unike egenskapene til DoubleList er muligheten til \u00e5 se hvem som har likt deg f\u00f8r du i det hele tatt har matchet dem. Dette betyr at du kan begynne \u00e5 chatte med noen med en gang, uten \u00e5 m\u00e5tte vente p\u00e5 at de skal like deg tilbake. DoubleList er ogs\u00e5 en av de eneste datingappene som lar brukere s\u00f8ke etter treff etter n\u00f8kkelord, slik at du kan finne noen som deler interessene dine. Appen er gratis \u00e5 laste ned og bruke, og den er tilgjengelig p\u00e5 b\u00e5de iOS og Android.<\/p>\n<h2>Ditt valg<\/h2>\n<p>Det er ingen tvil om at datingapper har endret m\u00e5ten vi dater p\u00e5. Vi er ikke lenger begrenset til \u00e5 m\u00f8te noen p\u00e5 en bar eller gjennom en felles venn. N\u00e5 kan vi ganske enkelt sveipe til h\u00f8yre for \u00e5 f\u00e5 kontakt med noen som fanger oppmerksomheten v\u00e5r.<\/p>\n<p>Men med s\u00e5 mange datingapper \u00e5 velge mellom, kan det v\u00e6re vanskelig \u00e5 vite hvilken som passer for deg. Det er derfor vi har laget en liste over de beste datingappene, slik at du kan ta en informert avgj\u00f8relse om hvilken app som passer for deg. Hvis du leter etter et seri\u00f8st forhold, anbefaler vi eHarmony. Denne appen er utviklet for \u00e5 hjelpe deg med \u00e5 finne en langsiktig partner, og det er en av de mest popul\u00e6re datingappene der ute. Hvis du leter etter noe litt mer uformelt, anbefaler vi Tinder. Denne appen er perfekt for folk som bare er ute etter en rask oppkobling.<\/p>\n<p>Og hvis du leter etter noe i mellom, s\u00e5 anbefaler vi DoubleList!<\/p>\n<h2>Premium kostnader<\/h2>\n<p>DoubleList er en dating-app som lar brukere komme i kontakt med hverandre av en rekke \u00e5rsaker, inkludert dating, koble opp eller ganske enkelt f\u00e5 nye venner. Appen er gratis \u00e5 laste ned og bruke, men den tilbyr ogs\u00e5 et premium-abonnement som gir brukerne tilgang til tilleggsfunksjoner, som avanserte s\u00f8kealternativer og muligheten til \u00e5 se hvem som har sett p\u00e5 profilen din. Premium-abonnementet koster $9,99 per m\u00e5ned, og det fornyes automatisk hver m\u00e5ned med mindre du kansellerer det. Appen lar ogs\u00e5 brukere registrere seg for en konto og logge inn. Appen har et enkelt grensesnitt og er enkel \u00e5 bruke. DoubleList er en flott app for \u00e5 m\u00f8te nye mennesker og f\u00e5 kontakt med andre brukere.<\/p>\n<h2>Alternativer til DoubleList<\/h2>\n<p>Det finnes mange alternativer til DoubleList for de som leter etter en datingapp. Noen av disse inkluderer Tinder, Bumble, OkCupid og Match.com. Alle disse appene har sine egne unike funksjoner og henvender seg til forskjellige m\u00e5lgrupper. For eksempel er Tinder en av de mest popul\u00e6re datingappene og er kjent for sin sveipefunksjon. Bumble er en annen popul\u00e6r app som lar kvinner ta det f\u00f8rste steget. OkCupid er en gratis app som er kjent for sine dyptg\u00e5ende profiler og Match.com er en betalt app som anses som mer seri\u00f8s.<\/p>\n<h2>Sikkerhet<\/h2>\n<p>N\u00e5r det gjelder nettdating, er sikkerhet alltid en stor bekymring. Du kan imidlertid v\u00e6re trygg p\u00e5 at DoubleList er en trygg og sikker datingapp. All din personlige informasjon er beskyttet og appen bruker SSL-kryptering for \u00e5 holde dataene dine trygge. I tillegg har DoubleList et team med sikkerhetseksperter som alltid jobber med \u00e5 holde appen trygg og sikker. S\u00e5 du kan fokusere p\u00e5 \u00e5 finne den perfekte matchen uten \u00e5 bekymre deg for sikkerheten din.<\/p>\n<h2>Er DoubleList verdt det?<\/h2>\n<p>Det er mange datingapper der ute, s\u00e5 det kan v\u00e6re vanskelig \u00e5 bestemme seg for hvilken du skal bruke pengene dine p\u00e5. Hvis du vurderer DoubleList, er det verdt \u00e5 vurdere kostnadene. Et m\u00e5nedlig abonnement p\u00e5 appen koster $9,99, noe som ikke er s\u00e5 verst. Du m\u00e5 imidlertid ogs\u00e5 betale $0,99 per melding du sender, noe som kan \u00f8ke hvis du er en storbruker.<\/p>\n<p>S\u00e5, er DoubleList verdt prisen? Det kommer an p\u00e5 hvordan du bruker det. Hvis du er en tilfeldig bruker som bare sender noen f\u00e5 meldinger i m\u00e5neden, er det sannsynligvis ikke verdt det. Men hvis du er en stor bruker som sender mange meldinger, kan det v\u00e6re verdt prisen.<\/p>\n","protected":false},"excerpt":{"rendered":"<div class=\"mh-excerpt\"><p>Det er en ny datingapp p\u00e5 scenen, og den heter DoubleList. I motsetning til andre datingapper, er DoubleList spesielt utviklet for folk som leter etter <a class=\"mh-excerpt-more\" href=\"https:\/\/mmabay.co.uk\/no\/dobbeltliste\/\" title=\"Dobbeltliste\">[&#8230;]<\/a><\/p>\n<\/div>","protected":false},"author":1,"featured_media":0,"parent":0,"menu_order":0,"comment_status":"closed","ping_status":"closed","template":"","meta":[],"yoast_head":"<!-- This site is optimized with the Yoast SEO plugin v17.7.1 - https:\/\/yoast.com\/wordpress\/plugins\/seo\/ -->\n<title>Dobbeltliste - Bay Reviews<\/title>\n<meta name=\"robots\" content=\"index, follow, max-snippet:-1, max-image-preview:large, max-video-preview:-1\" \/>\n<link rel=\"canonical\" href=\"https:\/\/mmabay.co.uk\/no\/dobbeltliste\/\" \/>\n<meta property=\"og:locale\" content=\"nb_NO\" \/>\n<meta property=\"og:type\" content=\"article\" \/>\n<meta property=\"og:title\" content=\"Dobbeltliste - Bay Reviews\" \/>\n<meta property=\"og:description\" content=\"Det er en ny datingapp p\u00e5 scenen, og den heter DoubleList. I motsetning til andre datingapper, er DoubleList spesielt utviklet for folk som leter etter [...]\" \/>\n<meta property=\"og:url\" content=\"https:\/\/mmabay.co.uk\/no\/dobbeltliste\/\" \/>\n<meta property=\"og:site_name\" content=\"Bay Reviews\" \/>\n<meta name=\"twitter:card\" content=\"summary_large_image\" \/>\n<meta name=\"twitter:label1\" content=\"Ansl. lesetid\" \/>\n\t<meta name=\"twitter:data1\" content=\"4 minutter\" \/>\n<script type=\"application\/ld+json\" class=\"yoast-schema-graph\">{\"@context\":\"https:\/\/schema.org\",\"@graph\":[{\"@type\":\"WebSite\",\"@id\":\"https:\/\/mmabay.co.uk\/no\/#website\",\"url\":\"https:\/\/mmabay.co.uk\/no\/\",\"name\":\"Bay Reviews\",\"description\":\"Casual Hookup Finder\",\"potentialAction\":[{\"@type\":\"SearchAction\",\"target\":{\"@type\":\"EntryPoint\",\"urlTemplate\":\"https:\/\/mmabay.co.uk\/no\/?s={search_term_string}\"},\"query-input\":\"required name=search_term_string\"}],\"inLanguage\":\"nb-NO\"},{\"@type\":\"WebPage\",\"@id\":\"https:\/\/mmabay.co.uk\/no\/dobbeltliste\/#webpage\",\"url\":\"https:\/\/mmabay.co.uk\/no\/dobbeltliste\/\",\"name\":\"Dobbeltliste - Bay Reviews\",\"isPartOf\":{\"@id\":\"https:\/\/mmabay.co.uk\/no\/#website\"},\"datePublished\":\"2022-10-03T12:09:41+00:00\",\"dateModified\":\"2022-10-03T12:09:41+00:00\",\"breadcrumb\":{\"@id\":\"https:\/\/mmabay.co.uk\/no\/dobbeltliste\/#breadcrumb\"},\"inLanguage\":\"nb-NO\",\"potentialAction\":[{\"@type\":\"ReadAction\",\"target\":[\"https:\/\/mmabay.co.uk\/no\/dobbeltliste\/\"]}]},{\"@type\":\"BreadcrumbList\",\"@id\":\"https:\/\/mmabay.co.uk\/no\/dobbeltliste\/#breadcrumb\",\"itemListElement\":[{\"@type\":\"ListItem\",\"position\":1,\"name\":\"Home\",\"item\":\"https:\/\/mmabay.co.uk\/no\/\"},{\"@type\":\"ListItem\",\"position\":2,\"name\":\"Dobbeltliste\"}]}]}<\/script>\n<!-- \/ Yoast SEO plugin. -->","yoast_head_json":{"title":"Dobbeltliste - Bay Reviews","robots":{"index":"index","follow":"follow","max-snippet":"max-snippet:-1","max-image-preview":"max-image-preview:large","max-video-preview":"max-video-preview:-1"},"canonical":"https:\/\/mmabay.co.uk\/no\/dobbeltliste\/","og_locale":"nb_NO","og_type":"article","og_title":"Dobbeltliste - Bay Reviews","og_description":"Det er en ny datingapp p\u00e5 scenen, og den heter DoubleList. I motsetning til andre datingapper, er DoubleList spesielt utviklet for folk som leter etter [...]","og_url":"https:\/\/mmabay.co.uk\/no\/dobbeltliste\/","og_site_name":"Bay Reviews","twitter_card":"summary_large_image","twitter_misc":{"Ansl. lesetid":"4 minutter"},"schema":{"@context":"https:\/\/schema.org","@graph":[{"@type":"WebSite","@id":"https:\/\/mmabay.co.uk\/no\/#website","url":"https:\/\/mmabay.co.uk\/no\/","name":"Bay Reviews","description":"Casual Hookup Finder","potentialAction":[{"@type":"SearchAction","target":{"@type":"EntryPoint","urlTemplate":"https:\/\/mmabay.co.uk\/no\/?s={search_term_string}"},"query-input":"required name=search_term_string"}],"inLanguage":"nb-NO"},{"@type":"WebPage","@id":"https:\/\/mmabay.co.uk\/no\/dobbeltliste\/#webpage","url":"https:\/\/mmabay.co.uk\/no\/dobbeltliste\/","name":"Dobbeltliste - Bay Reviews","isPartOf":{"@id":"https:\/\/mmabay.co.uk\/no\/#website"},"datePublished":"2022-10-03T12:09:41+00:00","dateModified":"2022-10-03T12:09:41+00:00","breadcrumb":{"@id":"https:\/\/mmabay.co.uk\/no\/dobbeltliste\/#breadcrumb"},"inLanguage":"nb-NO","potentialAction":[{"@type":"ReadAction","target":["https:\/\/mmabay.co.uk\/no\/dobbeltliste\/"]}]},{"@type":"BreadcrumbList","@id":"https:\/\/mmabay.co.uk\/no\/dobbeltliste\/#breadcrumb","itemListElement":[{"@type":"ListItem","position":1,"name":"Home","item":"https:\/\/mmabay.co.uk\/no\/"},{"@type":"ListItem","position":2,"name":"Dobbeltliste"}]}]}},"_links":{"self":[{"href":"https:\/\/mmabay.co.uk\/no\/wp-json\/wp\/v2\/pages\/192"}],"collection":[{"href":"https:\/\/mmabay.co.uk\/no\/wp-json\/wp\/v2\/pages"}],"about":[{"href":"https:\/\/mmabay.co.uk\/no\/wp-json\/wp\/v2\/types\/page"}],"author":[{"embeddable":true,"href":"https:\/\/mmabay.co.uk\/no\/wp-json\/wp\/v2\/users\/1"}],"replies":[{"embeddable":true,"href":"https:\/\/mmabay.co.uk\/no\/wp-json\/wp\/v2\/comments?post=192"}],"version-history":[{"count":0,"href":"https:\/\/mmabay.co.uk\/no\/wp-json\/wp\/v2\/pages\/192\/revisions"}],"wp:attachment":[{"href":"https:\/\/mmabay.co.uk\/no\/wp-json\/wp\/v2\/media?parent=192"}],"curies":[{"name":"wp","href":"https:\/\/api.w.org\/{rel}","templated":true}]}}