{"id":206,"date":"2022-10-03T13:09:10","date_gmt":"2022-10-03T12:09:10","guid":{"rendered":"http:\/\/mmabay.co.uk\/xpickup\/"},"modified":"2022-10-03T13:09:10","modified_gmt":"2022-10-03T12:09:10","slug":"xpickup","status":"publish","type":"page","link":"https:\/\/mmabay.co.uk\/no\/xpickup\/","title":{"rendered":"XPickup"},"content":{"rendered":"<p>Det finnes noen f\u00e5 forskjellige typer <a href=\"http:\/\/mmabay.co.uk\/onebbw\/\">pickup-sexsider<\/a> . Noen er rettet mot \u00e5 hjelpe folk \u00e5 koble opp med fremmede for one night stands. Andre er mer som dating-apper, men med den ekstra funksjonen \u00e5 hjelpe deg med \u00e5 finne noen \u00e5 ha sex med.<\/p>\n<p>Hvis du leter etter et one night stand, kan et nettsted som Pure eller Tinder v\u00e6re et godt alternativ. Disse nettstedene handler om \u00e5 m\u00f8te noen og deretter komme i gang. Det er ingen grunn til \u00e5 rote rundt med sm\u00e5prat eller bekymre deg for hva du skal gj\u00f8re videre.<\/p>\n<p>Hvis du leter etter noe litt mer seri\u00f8st, kan et nettsted som OkCupid v\u00e6re et bedre alternativ. Disse sidene handler fortsatt om \u00e5 koble opp, men de lar deg ogs\u00e5 bli litt bedre kjent med noen f\u00f8r du m\u00f8ter opp. Dette kan bidra til \u00e5 sikre at dere begge er p\u00e5 samme side f\u00f8r dere blir fysiske.<\/p>\n<h2>Type funksjoner<\/h2>\n<p>Det er mange forskjellige typer funksjoner som finnes p\u00e5 datingapper. Noen av de mest popul\u00e6re inkluderer muligheten til \u00e5 s\u00f8ke etter andre brukere etter sted, alder, kj\u00f8nn og interesser; muligheten til \u00e5 sende meldinger til andre brukere; muligheten til \u00e5 se hvem som har sett profilen din; og muligheten til \u00e5 se hvem som er online. Andre funksjoner som blir mer vanlige inkluderer muligheten til \u00e5 se hvem som har likt profilen din, muligheten til \u00e5 se hvem som har merket deg som favoritt, og muligheten til \u00e5 se hvem som har sendt deg en fl\u00f8rt.<\/p>\n<h2>Ditt valg<\/h2>\n<p>Det er mange datingapper \u00e5 velge mellom i disse dager, og det kan v\u00e6re vanskelig \u00e5 finne ut hvilken som passer for deg. Men hvis du ser etter noe litt annerledes, kan XPickup v\u00e6re verdt \u00e5 sjekke ut.<\/p>\n<p>I motsetning til noen andre dating-apper handler XPickup om \u00e5 gi brukerne muligheten til \u00e5 velge hvem de vil snakke med. Du kan bla gjennom profiler og velge ut de som interesserer deg. Og hvis du ikke er sikker p\u00e5 noen, kan du alltids bare sende dem en &laquo;henting&raquo; og se om de er interessert.<\/p>\n<p>XPickup er ogs\u00e5 flott for folk som er sjenerte eller innadvendte, siden du kan ta deg god tid og velge ut hvem du vil snakke med. Det er ikke noe press for \u00e5 sende meldinger til noen med en gang, og du kan bare chatte n\u00e5r du er klar.<\/p>\n<p>S\u00e5 hvis du er lei av de samme gamle datingappene, pr\u00f8v XPickup. Det kan bare v\u00e6re pick-me-up<\/p>\n<p>Det finnes mange datingapper der ute, og hver enkelt har en annen prislapp. Noen er gratis, mens andre krever en m\u00e5nedlig eller \u00e5rlig avgift. XPickup er en av de rimeligere datingappene, og koster bare $9,99 per m\u00e5ned. Dette gj\u00f8r det til et flott alternativ for de som har et budsjett. I tillegg tilbyr XPickup en 7-dagers pr\u00f8veversjon slik at du kan pr\u00f8ve den f\u00f8r du forplikter deg til et betalt abonnement. Dette er en fin m\u00e5te \u00e5 se om appen passer for deg. Hvis du leter etter en datingapp som ikke vil \u00f8delegge banken, er XPickup definitivt verdt \u00e5 sjekke ut.<\/p>\n<h2>Medlemsprosess<\/h2>\n<p>XPickup er en ny dating-app som lar brukere f\u00e5 kontakt med potensielle treff i deres omr\u00e5de. Appen er gratis \u00e5 laste ned og opprette en profil. For \u00e5 bli medlem m\u00e5 brukere registrere seg for et m\u00e5nedlig abonnement. Abonnementet gir brukere tilgang til XPickups eksklusive funksjoner, for eksempel muligheten til \u00e5 se hvem som har sett profilen deres, sende ubegrensede meldinger og se potensielle kampprofiler. XPickup tilbyr ogs\u00e5 et VIP-medlemskap, som gir brukerne enda mer tilgang til eksklusive funksjoner, for eksempel muligheten til \u00e5 se hvem som har likt profilen deres, sende ubegrensede meldinger og se potensielle kampprofiler.<\/p>\n<h2>Ligner p\u00e5 XPickup<\/h2>\n<p>Det er mange datingapper p\u00e5 markedet, hver med sine egne unike funksjoner. En ting som imidlertid mange av disse appene har til felles, er muligheten til \u00e5 la brukere &laquo;plukke opp&raquo; andre brukere som er i n\u00e6rheten. Denne funksjonen er ekstremt nyttig for brukere som \u00f8nsker \u00e5 m\u00f8te nye mennesker i sitt omr\u00e5de.<\/p>\n<p>XPickup er en datingapp som tar dette konseptet ett skritt videre. Ikke bare lar det brukere plukke opp andre brukere som er i n\u00e6rheten, men det lar dem ogs\u00e5 se et kart over hvor disse brukerne befinner seg. Dette gj\u00f8r det enda enklere \u00e5 finne noen som er i n\u00e6rheten og som du kan v\u00e6re interessert i \u00e5 m\u00f8te.<\/p>\n<p>Hvis du er lei av de samme gamle datingappene, s\u00e5 er XPickup definitivt verdt \u00e5 sjekke ut. Det er en fin m\u00e5te \u00e5 m\u00f8te nye mennesker i omr\u00e5det ditt p\u00e5, og du vet aldri, kanskje du bare finner den perfekte matchen din.<\/p>\n<h2>Sikkerhet<\/h2>\n<p>Det finnes mange datingapper der ute, og det kan v\u00e6re vanskelig \u00e5 vite hvilke som er trygge \u00e5 bruke. XPickup er en dating-app som er fokusert p\u00e5 sikkerhet og sikkerhet. De har et team med eksperter som jobber hardt for \u00e5 holde appen trygg og sikker for brukerne. XPickup har ogs\u00e5 en rekke funksjoner som bidrar til \u00e5 holde brukere trygge, for eksempel et bildeverifiseringssystem. Dette betyr at du kan v\u00e6re sikker p\u00e5 at personen du snakker med er den de sier de er. XPickup er et flott alternativ for de som leter etter en trygg og sikker datingapp.<\/p>\n<h2>Er XPickup verdt det?<\/h2>\n<p>Det finnes mange forskjellige datingapper der ute, og det kan v\u00e6re vanskelig \u00e5 bestemme hvilken som er riktig for deg. Hvis du leter etter noe litt mer seri\u00f8st enn en oppkobling, kan XPickup v\u00e6re verdt prisen. Appen er utviklet for \u00e5 hjelpe deg med \u00e5 finne langsiktige forhold, s\u00e5 det er et godt alternativ hvis du \u00f8nsker \u00e5 sl\u00e5 deg til ro. Det er imidlertid viktig \u00e5 huske at ingen datingapp er perfekt, og du m\u00e5 fortsatt anstrenge deg for \u00e5 finne en kompatibel match.<\/p>\n","protected":false},"excerpt":{"rendered":"<div class=\"mh-excerpt\"><p>Det finnes noen f\u00e5 forskjellige typer pickup-sexsider . Noen er rettet mot \u00e5 hjelpe folk \u00e5 koble opp med fremmede for one night stands. Andre <a class=\"mh-excerpt-more\" href=\"https:\/\/mmabay.co.uk\/no\/xpickup\/\" title=\"XPickup\">[&#8230;]<\/a><\/p>\n<\/div>","protected":false},"author":1,"featured_media":0,"parent":0,"menu_order":0,"comment_status":"closed","ping_status":"closed","template":"","meta":[],"yoast_head":"<!-- This site is optimized with the Yoast SEO plugin v17.7.1 - https:\/\/yoast.com\/wordpress\/plugins\/seo\/ -->\n<title>XPickup - Bay Reviews<\/title>\n<meta name=\"robots\" content=\"index, follow, max-snippet:-1, max-image-preview:large, max-video-preview:-1\" \/>\n<link rel=\"canonical\" href=\"https:\/\/mmabay.co.uk\/no\/xpickup\/\" \/>\n<meta property=\"og:locale\" content=\"nb_NO\" \/>\n<meta property=\"og:type\" content=\"article\" \/>\n<meta property=\"og:title\" content=\"XPickup - Bay Reviews\" \/>\n<meta property=\"og:description\" content=\"Det finnes noen f\u00e5 forskjellige typer pickup-sexsider . Noen er rettet mot \u00e5 hjelpe folk \u00e5 koble opp med fremmede for one night stands. Andre [...]\" \/>\n<meta property=\"og:url\" content=\"https:\/\/mmabay.co.uk\/no\/xpickup\/\" \/>\n<meta property=\"og:site_name\" content=\"Bay Reviews\" \/>\n<meta name=\"twitter:card\" content=\"summary_large_image\" \/>\n<meta name=\"twitter:label1\" content=\"Ansl. lesetid\" \/>\n\t<meta name=\"twitter:data1\" content=\"5 minutter\" \/>\n<script type=\"application\/ld+json\" class=\"yoast-schema-graph\">{\"@context\":\"https:\/\/schema.org\",\"@graph\":[{\"@type\":\"WebSite\",\"@id\":\"https:\/\/mmabay.co.uk\/no\/#website\",\"url\":\"https:\/\/mmabay.co.uk\/no\/\",\"name\":\"Bay Reviews\",\"description\":\"Casual Hookup Finder\",\"potentialAction\":[{\"@type\":\"SearchAction\",\"target\":{\"@type\":\"EntryPoint\",\"urlTemplate\":\"https:\/\/mmabay.co.uk\/no\/?s={search_term_string}\"},\"query-input\":\"required name=search_term_string\"}],\"inLanguage\":\"nb-NO\"},{\"@type\":\"WebPage\",\"@id\":\"https:\/\/mmabay.co.uk\/no\/xpickup\/#webpage\",\"url\":\"https:\/\/mmabay.co.uk\/no\/xpickup\/\",\"name\":\"XPickup - Bay Reviews\",\"isPartOf\":{\"@id\":\"https:\/\/mmabay.co.uk\/no\/#website\"},\"datePublished\":\"2022-10-03T12:09:10+00:00\",\"dateModified\":\"2022-10-03T12:09:10+00:00\",\"breadcrumb\":{\"@id\":\"https:\/\/mmabay.co.uk\/no\/xpickup\/#breadcrumb\"},\"inLanguage\":\"nb-NO\",\"potentialAction\":[{\"@type\":\"ReadAction\",\"target\":[\"https:\/\/mmabay.co.uk\/no\/xpickup\/\"]}]},{\"@type\":\"BreadcrumbList\",\"@id\":\"https:\/\/mmabay.co.uk\/no\/xpickup\/#breadcrumb\",\"itemListElement\":[{\"@type\":\"ListItem\",\"position\":1,\"name\":\"Home\",\"item\":\"https:\/\/mmabay.co.uk\/no\/\"},{\"@type\":\"ListItem\",\"position\":2,\"name\":\"XPickup\"}]}]}<\/script>\n<!-- \/ Yoast SEO plugin. -->","yoast_head_json":{"title":"XPickup - Bay Reviews","robots":{"index":"index","follow":"follow","max-snippet":"max-snippet:-1","max-image-preview":"max-image-preview:large","max-video-preview":"max-video-preview:-1"},"canonical":"https:\/\/mmabay.co.uk\/no\/xpickup\/","og_locale":"nb_NO","og_type":"article","og_title":"XPickup - Bay Reviews","og_description":"Det finnes noen f\u00e5 forskjellige typer pickup-sexsider . Noen er rettet mot \u00e5 hjelpe folk \u00e5 koble opp med fremmede for one night stands. Andre [...]","og_url":"https:\/\/mmabay.co.uk\/no\/xpickup\/","og_site_name":"Bay Reviews","twitter_card":"summary_large_image","twitter_misc":{"Ansl. lesetid":"5 minutter"},"schema":{"@context":"https:\/\/schema.org","@graph":[{"@type":"WebSite","@id":"https:\/\/mmabay.co.uk\/no\/#website","url":"https:\/\/mmabay.co.uk\/no\/","name":"Bay Reviews","description":"Casual Hookup Finder","potentialAction":[{"@type":"SearchAction","target":{"@type":"EntryPoint","urlTemplate":"https:\/\/mmabay.co.uk\/no\/?s={search_term_string}"},"query-input":"required name=search_term_string"}],"inLanguage":"nb-NO"},{"@type":"WebPage","@id":"https:\/\/mmabay.co.uk\/no\/xpickup\/#webpage","url":"https:\/\/mmabay.co.uk\/no\/xpickup\/","name":"XPickup - Bay Reviews","isPartOf":{"@id":"https:\/\/mmabay.co.uk\/no\/#website"},"datePublished":"2022-10-03T12:09:10+00:00","dateModified":"2022-10-03T12:09:10+00:00","breadcrumb":{"@id":"https:\/\/mmabay.co.uk\/no\/xpickup\/#breadcrumb"},"inLanguage":"nb-NO","potentialAction":[{"@type":"ReadAction","target":["https:\/\/mmabay.co.uk\/no\/xpickup\/"]}]},{"@type":"BreadcrumbList","@id":"https:\/\/mmabay.co.uk\/no\/xpickup\/#breadcrumb","itemListElement":[{"@type":"ListItem","position":1,"name":"Home","item":"https:\/\/mmabay.co.uk\/no\/"},{"@type":"ListItem","position":2,"name":"XPickup"}]}]}},"_links":{"self":[{"href":"https:\/\/mmabay.co.uk\/no\/wp-json\/wp\/v2\/pages\/206"}],"collection":[{"href":"https:\/\/mmabay.co.uk\/no\/wp-json\/wp\/v2\/pages"}],"about":[{"href":"https:\/\/mmabay.co.uk\/no\/wp-json\/wp\/v2\/types\/page"}],"author":[{"embeddable":true,"href":"https:\/\/mmabay.co.uk\/no\/wp-json\/wp\/v2\/users\/1"}],"replies":[{"embeddable":true,"href":"https:\/\/mmabay.co.uk\/no\/wp-json\/wp\/v2\/comments?post=206"}],"version-history":[{"count":0,"href":"https:\/\/mmabay.co.uk\/no\/wp-json\/wp\/v2\/pages\/206\/revisions"}],"wp:attachment":[{"href":"https:\/\/mmabay.co.uk\/no\/wp-json\/wp\/v2\/media?parent=206"}],"curies":[{"name":"wp","href":"https:\/\/api.w.org\/{rel}","templated":true}]}}