{"id":124,"date":"2022-10-03T11:16:22","date_gmt":"2022-10-03T10:16:22","guid":{"rendered":"http:\/\/mmabay.co.uk\/darmowe-serwisy-randkowe-online-znajdz-seks-w-swojej-okolicy\/"},"modified":"2022-10-03T11:16:22","modified_gmt":"2022-10-03T10:16:22","slug":"darmowe-serwisy-randkowe-online-znajdz-seks-w-swojej-okolicy","status":"publish","type":"page","link":"https:\/\/mmabay.co.uk\/pl\/","title":{"rendered":"Darmowe serwisy randkowe online &#8211; Znajd\u017a seks w swojej okolicy"},"content":{"rendered":"<p>Przypadkowe randki r\u00f3\u017cni\u0105 si\u0119 od przypadkowego seksu, poniewa\u017c wi\u0105\u017c\u0105 si\u0119 z du\u017co mniejszym ryzykiem. Podczas gdy przygodny seks cz\u0119sto wymaga pewnego poziomu zaufania i komfortu, przypadkowe randki nie wymagaj\u0105 niczego takiego. Nie musisz si\u0119 martwi\u0107, \u017ce zostaniesz zraniony lub rozczarowany. Nie ma presji, aby robi\u0107 co\u015b, czego nie chcesz robi\u0107. Je\u015bli zdecydujesz si\u0119 z kim\u015b zerwa\u0107, po prostu przestajesz si\u0119 widywa\u0107. A je\u015bli zaczniesz widzie\u0107 kogo\u015b innego, po prostu nadal robisz to, co robi\u0142e\u015b.<\/p>\n<p>Przypadkowe randki mog\u0105 dzia\u0142a\u0107 dobrze dla wi\u0119kszo\u015bci ludzi. Istnieje wiele powod\u00f3w, dla kt\u00f3rych mo\u017ce by\u0107 idealnym rozwi\u0105zaniem dla Ciebie. Na przyk\u0142ad, by\u0107 mo\u017ce niedawno wyszed\u0142e\u015b z d\u0142ugotrwa\u0142ego zwi\u0105zku i tak naprawd\u0119 nie chcesz wskoczy\u0107 w co\u015b zbyt powa\u017cnego w tym momencie swojego \u017cycia. Mo\u017ce chcesz zbada\u0107 scen\u0119 randkow\u0105 na w\u0142asnych warunkach i bez martwienia si\u0119 o oczekiwania lub presj\u0119. A mo\u017ce po prostu nie chcesz anga\u017cowa\u0107 si\u0119 w jedn\u0105 osob\u0119 na raz.<\/p>\n<h2>Plusy i minusy<\/h2>\n<p>Istnieje wiele wad przypadkowych randek, a niekt\u00f3re z nich mog\u0105 Ci\u0119 zaskoczy\u0107. Je\u015bli my\u015blisz o wypr\u00f3bowaniu przypadkowych randek, oto osiem rzeczy, z kt\u00f3rych mo\u017cesz nie zdawa\u0107 sobie sprawy z tego typu relacji.<\/p>\n<h3>Przypadkowe randki nie zawsze prowadz\u0105 do zaanga\u017cowania<\/h3>\n<p>Mo\u017cesz pomy\u015ble\u0107, \u017ce poniewa\u017c od jakiego\u015b czasu spotykasz si\u0119 z kim\u015b od niechcenia, w ko\u0144cu wprowadzisz si\u0119 do zaanga\u017cowanego zwi\u0105zku. Jednak niekoniecznie jest to prawd\u0105. Niekt\u00f3rzy ludzie nigdy nie id\u0105 do przodu z relacj\u0105, podczas gdy inni decyduj\u0105 si\u0119 zerwa\u0107 swoje przypadkowe kontakty. Tak czy inaczej, przypadkowe randki nie gwarantuj\u0105 wsp\u00f3lnej przysz\u0142o\u015bci.<\/p>\n<h3>Nie ma gwarancji kompatybilno\u015bci<\/h3>\n<p>Kiedy zaczynasz si\u0119 z kim\u015b spotyka\u0107, mo\u017cesz za\u0142o\u017cy\u0107, \u017ce oboje b\u0119dziecie ze sob\u0105 zgodni. Ale rzadko tak jest. Nawet je\u015bli czujecie, \u017ce znacie si\u0119 wystarczaj\u0105co dobrze, aby przyj\u0105\u0107 za\u0142o\u017cenia dotycz\u0105ce tego, jak b\u0119dziecie ze sob\u0105 wsp\u00f3\u0142pracowa\u0107, nadal nie sp\u0119dzili\u015bcie du\u017co czasu na poznawaniu si\u0119. A poniewa\u017c nigdy nie musia\u0142e\u015b stawia\u0107 si\u0119 tam i zadawa\u0107 pyta\u0144, mo\u017cesz nie rozumie\u0107 pewnych cz\u0119\u015bci osobowo\u015bci innej osoby. Mo\u017ce to powodowa\u0107 problemy w przysz\u0142o\u015bci.<\/p>\n<h3>Mo\u017cesz przegapi\u0107 okazje<\/h3>\n<p>Je\u015bli spotykasz si\u0119 z kim\u015b od niechcenia, nie b\u0119dziesz mia\u0142 \u017cadnego powodu, aby wychodzi\u0107 na randki z innymi lud\u017ami. Kiedy jeste\u015b singlem, zazwyczaj masz okazj\u0119 pozna\u0107 wielu r\u00f3\u017cnych ludzi i zobaczy\u0107, dok\u0105d zmierzaj\u0105 sprawy. Ale kiedy ju\u017c od niechcenia spotykasz si\u0119 z kim\u015b, mo\u017cesz nie mie\u0107 szansy, aby to zrobi\u0107. Mo\u017cesz tak\u017ce przegapi\u0107 spotkanie z potencjalnymi partnerami, kt\u00f3rzy nie s\u0105 zainteresowani przypadkowymi randkami.<\/p>\n<h2>Hot Picks Of Sex Hookup Apps<\/h2>\n<p>Je\u015bli kiedykolwiek pr\u00f3bowa\u0142e\u015b randek online, wiesz, jak trudno jest znale\u017a\u0107 kogo\u015b wyj\u0105tkowego. I chocia\u017c istnieje wiele witryn, kt\u00f3re pomog\u0105 Ci po\u0142\u0105czy\u0107 si\u0119 z lud\u017ami, wi\u0119kszo\u015b\u0107 z nich nie zosta\u0142a zaprojektowana tak, aby u\u0142atwi\u0107 znalezienie mi\u0142o\u015bci. Wi\u0119c co robisz?<\/p>\n<h3>Zawias<\/h3>\n<p>Zawias to jedna z tych aplikacji, do kt\u00f3rych trzeba si\u0119 przyzwyczai\u0107. Otrzymasz list\u0119 potencjalnych dopasowa\u0144 opart\u0105 na wsp\u00f3lnych przyjacio\u0142ach, wsp\u00f3lnych lokalizacjach i wsp\u00f3lnych zainteresowaniach. Przesuni\u0119cie palcem w lewo lub w prawo powoduje przej\u015bcie do nast\u0119pnego ekranu, na kt\u00f3rym mo\u017cesz dowiedzie\u0107 si\u0119 wi\u0119cej o osobie, z kt\u00f3r\u0105 w\u0142a\u015bnie si\u0119 dopasowa\u0142e\u015b. Ten proces trwa, dop\u00f3ki nie znajdziesz kogo\u015b, kogo lubisz na tyle, aby kontynuowa\u0107 rozmow\u0119.<\/p>\n<p>Aplikacja ma kilka ogranicze\u0144. Po pierwsze, nie ma nieograniczonej liczby przesuni\u0119\u0107, chyba \u017ce zap\u0142acisz 4,99 USD miesi\u0119cznie za subskrypcj\u0119 premium. Po drugie, nie mo\u017cesz wysy\u0142a\u0107 wiadomo\u015bci do os\u00f3b w kolejce, chyba \u017ce zap\u0142acisz za subskrypcj\u0119 premium. Po trzecie, wy\u015bwietlane s\u0105 tylko trzy profile jednocze\u015bnie, co utrudnia \u015bledzenie tego, co robisz. I wreszcie, je\u015bli nie podoba ci si\u0119 osoba, kt\u00f3r\u0105 spotka\u0142e\u015b, po prostu odsuwasz r\u0119k\u0119, nie maj\u0105c szansy na po\u017cegnanie.<\/p>\n<h3>Zapa\u0142ka<\/h3>\n<p>Match to jeden z najpopularniejszych serwis\u00f3w randkowych w Ameryce P\u00f3\u0142nocnej. Z milionami ludzi zarejestrowanych na ca\u0142ym \u015bwiecie, oferuje szeroki zakres opcji znalezienia mi\u0142o\u015bci. Niezale\u017cnie od tego, czy chcesz um\u00f3wi\u0107 si\u0119 na randk\u0119 od niechcenia, za\u0142o\u017cy\u0107 rodzin\u0119, czy po prostu szukasz przyjaci\u00f3\u0142, Match zapewnia wiele sposob\u00f3w \u0142\u0105czenia si\u0119 z innymi.<\/p>\n<p>Witryna mo\u017ce pochwali\u0107 si\u0119 du\u017c\u0105 liczb\u0105 cz\u0142onk\u00f3w, co u\u0142atwia przegl\u0105danie profili i znajdowanie potencjalnych dat. Rejestruj\u0105c si\u0119, wybierzesz rodzaj osoby, kt\u00f3rej szukasz &#8211; na co dzie\u0144, przyja\u017a\u0144, romans itp. Wybierzesz r\u00f3wnie\u017c, na ile pyta\u0144 chcesz uzyska\u0107 odpowiedzi na sw\u00f3j temat. Po wykonaniu tych krok\u00f3w b\u0119dziesz m\u00f3g\u0142 wyszukiwa\u0107 dopasowania na podstawie lokalizacji, p\u0142ci, zainteresowa\u0144, hobby, a nawet wieku.<\/p>\n<p>Po znalezieniu kogo\u015b, kogo lubisz, mo\u017cesz wysy\u0142a\u0107 wiadomo\u015bci i wymienia\u0107 si\u0119 numerami telefon\u00f3w. Je\u015bli jednak zdecydujesz si\u0119 p\u00f3j\u015b\u0107 dalej, mo\u017cesz uaktualni\u0107 swoje cz\u0142onkostwo do Wersji Premium, co pozwala na wy\u015bwietlenie dodatkowych informacji o ka\u017cdym cz\u0142onku. Na przyk\u0142ad mo\u017cesz dowiedzie\u0107 si\u0119, czy s\u0105 samotni, \u017conaci, rozwiedzeni, zar\u0119czeni lub cz\u0119\u015bci\u0105 innej pary. Premium odblokowuje r\u00f3wnie\u017c dost\u0119p do ekskluzywnych funkcji, takich jak czaty VIP, w kt\u00f3rych mo\u017cna spotka\u0107 singli w prawdziwym \u017cyciu.<\/p>\n<h3>Hubka<\/h3>\n<p>Tinder kr\u00f3luje na tej arenie, poniewa\u017c jest \u0142atwy w u\u017cyciu, darmowy i nie ma barier wej\u015bcia. Nie musisz nawet pobiera\u0107 aplikacji &#8211; mo\u017cesz uzyska\u0107 do niej dost\u0119p za po\u015brednictwem przegl\u0105darki mobilnej. I chocia\u017c w wi\u0119kszo\u015bci tych aplikacji mo\u017cesz spotyka\u0107 si\u0119 z lud\u017ami na nieformalne randki lub przypadkowy seks, Tinder jest tym, w kt\u00f3rym ludzie szukaj\u0105 czego\u015b bardziej znacz\u0105cego.<\/p>\n<p>Aplikacja jest niezwykle prosta do zrozumienia, cho\u0107 oznacza to, \u017ce ludzie dokonuj\u0105 szybkich os\u0105d\u00f3w, kt\u00f3re czasami mog\u0105 przekszta\u0142ci\u0107 si\u0119 w skupienie si\u0119 bardziej na czyich\u015b zdj\u0119ciach ni\u017c na ich profilu i zainteresowaniach. Je\u015bli chcesz si\u0119 z kim\u015b po\u0142\u0105czy\u0107, musisz wyj\u015b\u0107 poza poziom powierzchni, aby sprawdzi\u0107, czy potencjalnie mo\u017ce to by\u0107 dobre dopasowanie.<\/p>\n<p>Aby dopasowa\u0107 si\u0119 do tempa, spr\u00f3buj zwr\u00f3ci\u0107 uwag\u0119 na swoje zdj\u0119cia i staraj si\u0119 przedstawi\u0107 siebie w jak najlepszym \u015bwietle. Na przyk\u0142ad Schneider zaleca przesy\u0142anie zdj\u0119\u0107, kt\u00f3re pokazuj\u0105 Tw\u00f3j u\u015bmiech, poniewa\u017c u\u015bmiech jest cz\u0119sto uwa\u017cany za atrakcyjny. Sugeruje r\u00f3wnie\u017c upewnienie si\u0119, \u017ce twoja twarz nie jest zbyt blisko kamery, poniewa\u017c sprawia to, \u017ce wygl\u0105dasz mniej przyst\u0119pnie.<\/p>\n<p>Mo\u017cesz tak\u017ce po\u015bwi\u0119ci\u0107 kilka minut na napisanie kr\u00f3tkiego opisu, kt\u00f3ry zawiera twoje hobby, cele zawodowe i aspiracje. W ten spos\u00f3b ludzie b\u0119d\u0105 wiedzie\u0107, dlaczego jeste\u015b zainteresowany nawi\u0105zaniem z nimi kontaktu.<\/p>\n<p>Wreszcie, Schneider zaleca, aby wszystko by\u0142o zabawne. Nie traktuj siebie zbyt powa\u017cnie i nie przesadzaj z my\u015bleniem. Po prostu zrelaksuj si\u0119 i ciesz si\u0119 procesem.<\/p>\n","protected":false},"excerpt":{"rendered":"<div class=\"mh-excerpt\"><p>Przypadkowe randki r\u00f3\u017cni\u0105 si\u0119 od przypadkowego seksu, poniewa\u017c wi\u0105\u017c\u0105 si\u0119 z du\u017co mniejszym ryzykiem. Podczas gdy przygodny seks cz\u0119sto wymaga pewnego poziomu zaufania i komfortu, <a class=\"mh-excerpt-more\" href=\"https:\/\/mmabay.co.uk\/pl\/\" title=\"Darmowe serwisy randkowe online &#8211; Znajd\u017a seks w swojej okolicy\">[&#8230;]<\/a><\/p>\n<\/div>","protected":false},"author":1,"featured_media":0,"parent":0,"menu_order":0,"comment_status":"closed","ping_status":"closed","template":"","meta":[],"yoast_head":"<!-- This site is optimized with the Yoast SEO plugin v17.7.1 - https:\/\/yoast.com\/wordpress\/plugins\/seo\/ -->\n<title>Darmowe serwisy randkowe online - Znajd\u017a seks w swojej okolicy - Bay Reviews<\/title>\n<meta name=\"robots\" content=\"index, follow, max-snippet:-1, max-image-preview:large, max-video-preview:-1\" \/>\n<link rel=\"canonical\" href=\"https:\/\/mmabay.co.uk\/pl\/\" \/>\n<meta property=\"og:locale\" content=\"pl_PL\" \/>\n<meta property=\"og:type\" content=\"article\" \/>\n<meta property=\"og:title\" content=\"Darmowe serwisy randkowe online - Znajd\u017a seks w swojej okolicy - Bay Reviews\" \/>\n<meta property=\"og:description\" content=\"Przypadkowe randki r\u00f3\u017cni\u0105 si\u0119 od przypadkowego seksu, poniewa\u017c wi\u0105\u017c\u0105 si\u0119 z du\u017co mniejszym ryzykiem. Podczas gdy przygodny seks cz\u0119sto wymaga pewnego poziomu zaufania i komfortu, [...]\" \/>\n<meta property=\"og:url\" content=\"https:\/\/mmabay.co.uk\/pl\/\" \/>\n<meta property=\"og:site_name\" content=\"Bay Reviews\" \/>\n<meta name=\"twitter:card\" content=\"summary_large_image\" \/>\n<meta name=\"twitter:label1\" content=\"Szacowany czas czytania\" \/>\n\t<meta name=\"twitter:data1\" content=\"6 minut\" \/>\n<script type=\"application\/ld+json\" class=\"yoast-schema-graph\">{\"@context\":\"https:\/\/schema.org\",\"@graph\":[{\"@type\":\"WebSite\",\"@id\":\"https:\/\/mmabay.co.uk\/pl\/#website\",\"url\":\"https:\/\/mmabay.co.uk\/pl\/\",\"name\":\"Bay Reviews\",\"description\":\"Casual Hookup Finder\",\"potentialAction\":[{\"@type\":\"SearchAction\",\"target\":{\"@type\":\"EntryPoint\",\"urlTemplate\":\"https:\/\/mmabay.co.uk\/pl\/?s={search_term_string}\"},\"query-input\":\"required name=search_term_string\"}],\"inLanguage\":\"pl-PL\"},{\"@type\":\"WebPage\",\"@id\":\"https:\/\/mmabay.co.uk\/pl\/#webpage\",\"url\":\"https:\/\/mmabay.co.uk\/pl\/\",\"name\":\"Darmowe serwisy randkowe online - Znajd\\u017a seks w swojej okolicy - Bay Reviews\",\"isPartOf\":{\"@id\":\"https:\/\/mmabay.co.uk\/pl\/#website\"},\"datePublished\":\"2022-10-03T10:16:22+00:00\",\"dateModified\":\"2022-10-03T10:16:22+00:00\",\"breadcrumb\":{\"@id\":\"https:\/\/mmabay.co.uk\/pl\/#breadcrumb\"},\"inLanguage\":\"pl-PL\",\"potentialAction\":[{\"@type\":\"ReadAction\",\"target\":[\"https:\/\/mmabay.co.uk\/pl\/\"]}]},{\"@type\":\"BreadcrumbList\",\"@id\":\"https:\/\/mmabay.co.uk\/pl\/#breadcrumb\",\"itemListElement\":[{\"@type\":\"ListItem\",\"position\":1,\"name\":\"Home\",\"item\":\"https:\/\/mmabay.co.uk\/pl\/\"},{\"@type\":\"ListItem\",\"position\":2,\"name\":\"Darmowe serwisy randkowe online &#8211; Znajd\\u017a seks w swojej okolicy\"}]}]}<\/script>\n<!-- \/ Yoast SEO plugin. -->","yoast_head_json":{"title":"Darmowe serwisy randkowe online - Znajd\u017a seks w swojej okolicy - Bay Reviews","robots":{"index":"index","follow":"follow","max-snippet":"max-snippet:-1","max-image-preview":"max-image-preview:large","max-video-preview":"max-video-preview:-1"},"canonical":"https:\/\/mmabay.co.uk\/pl\/","og_locale":"pl_PL","og_type":"article","og_title":"Darmowe serwisy randkowe online - Znajd\u017a seks w swojej okolicy - Bay Reviews","og_description":"Przypadkowe randki r\u00f3\u017cni\u0105 si\u0119 od przypadkowego seksu, poniewa\u017c wi\u0105\u017c\u0105 si\u0119 z du\u017co mniejszym ryzykiem. Podczas gdy przygodny seks cz\u0119sto wymaga pewnego poziomu zaufania i komfortu, [...]","og_url":"https:\/\/mmabay.co.uk\/pl\/","og_site_name":"Bay Reviews","twitter_card":"summary_large_image","twitter_misc":{"Szacowany czas czytania":"6 minut"},"schema":{"@context":"https:\/\/schema.org","@graph":[{"@type":"WebSite","@id":"https:\/\/mmabay.co.uk\/pl\/#website","url":"https:\/\/mmabay.co.uk\/pl\/","name":"Bay Reviews","description":"Casual Hookup Finder","potentialAction":[{"@type":"SearchAction","target":{"@type":"EntryPoint","urlTemplate":"https:\/\/mmabay.co.uk\/pl\/?s={search_term_string}"},"query-input":"required name=search_term_string"}],"inLanguage":"pl-PL"},{"@type":"WebPage","@id":"https:\/\/mmabay.co.uk\/pl\/#webpage","url":"https:\/\/mmabay.co.uk\/pl\/","name":"Darmowe serwisy randkowe online - Znajd\u017a seks w swojej okolicy - Bay Reviews","isPartOf":{"@id":"https:\/\/mmabay.co.uk\/pl\/#website"},"datePublished":"2022-10-03T10:16:22+00:00","dateModified":"2022-10-03T10:16:22+00:00","breadcrumb":{"@id":"https:\/\/mmabay.co.uk\/pl\/#breadcrumb"},"inLanguage":"pl-PL","potentialAction":[{"@type":"ReadAction","target":["https:\/\/mmabay.co.uk\/pl\/"]}]},{"@type":"BreadcrumbList","@id":"https:\/\/mmabay.co.uk\/pl\/#breadcrumb","itemListElement":[{"@type":"ListItem","position":1,"name":"Home","item":"https:\/\/mmabay.co.uk\/pl\/"},{"@type":"ListItem","position":2,"name":"Darmowe serwisy randkowe online &#8211; Znajd\u017a seks w swojej okolicy"}]}]}},"_links":{"self":[{"href":"https:\/\/mmabay.co.uk\/pl\/wp-json\/wp\/v2\/pages\/124"}],"collection":[{"href":"https:\/\/mmabay.co.uk\/pl\/wp-json\/wp\/v2\/pages"}],"about":[{"href":"https:\/\/mmabay.co.uk\/pl\/wp-json\/wp\/v2\/types\/page"}],"author":[{"embeddable":true,"href":"https:\/\/mmabay.co.uk\/pl\/wp-json\/wp\/v2\/users\/1"}],"replies":[{"embeddable":true,"href":"https:\/\/mmabay.co.uk\/pl\/wp-json\/wp\/v2\/comments?post=124"}],"version-history":[{"count":0,"href":"https:\/\/mmabay.co.uk\/pl\/wp-json\/wp\/v2\/pages\/124\/revisions"}],"wp:attachment":[{"href":"https:\/\/mmabay.co.uk\/pl\/wp-json\/wp\/v2\/media?parent=124"}],"curies":[{"name":"wp","href":"https:\/\/api.w.org\/{rel}","templated":true}]}}