{"id":154,"date":"2022-10-03T13:15:06","date_gmt":"2022-10-03T12:15:06","guid":{"rendered":"http:\/\/mmabay.co.uk\/fabswingers\/"},"modified":"2022-10-03T13:15:06","modified_gmt":"2022-10-03T12:15:06","slug":"fabswingers","status":"publish","type":"page","link":"https:\/\/mmabay.co.uk\/pl\/fabswingers\/","title":{"rendered":"FabSwingers"},"content":{"rendered":"<p>Istnieje wiele aplikacji randkowych, ale FabSwingers jest jednym z niewielu specjalnie dla swingers\u00f3w. To sprawia, \u017ce jest to \u015bwietna opcja dla os\u00f3b, kt\u00f3re s\u0105 w tym stylu \u017cycia. Aplikacja jest \u0142atwa w u\u017cyciu i ma wiele funkcji, dzi\u0119ki czemu jest \u015bwietn\u0105 opcj\u0105 dla swingers\u00f3w, kt\u00f3rzy chc\u0105 pozna\u0107 innych swingers\u00f3w. Aplikacja jest r\u00f3wnie\u017c bezp\u0142atna, co jest kolejnym \u015bwietnym atutem. Og\u00f3lnie rzecz bior\u0105c, FabSwingers to \u015bwietna opcja dla swingers\u00f3w, kt\u00f3rzy chc\u0105 spotka\u0107 innych swingers\u00f3w w swojej okolicy.<\/p>\n<h2>Jakie s\u0105 funkcje?<\/h2>\n<p>FabSwingers to aplikacja randkowa, kt\u00f3ra <a href=\"http:\/\/mmabay.co.uk\/pl\/xcheaters\/\">pozwala u\u017cytkownikom \u0142\u0105czy\u0107 si\u0119 z innymi podobnie my\u015bl\u0105cymi lud\u017ami w ich okolicy<\/a>. Aplikacja ma wiele funkcji, kt\u00f3re u\u0142atwiaj\u0105 znajdowanie i \u0142\u0105czenie si\u0119 z potencjalnymi dopasowaniami. U\u017cytkownicy mog\u0105 wyszukiwa\u0107 innych cz\u0142onk\u00f3w wed\u0142ug lokalizacji, wieku i zainteresowa\u0144. Mog\u0105 r\u00f3wnie\u017c przegl\u0105da\u0107 profile i zdj\u0119cia oraz wysy\u0142a\u0107 wiadomo\u015bci. Aplikacja ma r\u00f3wnie\u017c funkcj\u0119 czatu, dzi\u0119ki czemu u\u017cytkownicy mog\u0105 rozmawia\u0107 z innymi cz\u0142onkami w czasie rzeczywistym.<\/p>\n<h2>Opcje cz\u0142onkostwa<\/h2>\n<p>FabSwingers to aplikacja randkowa, kt\u00f3ra pozwala \u0142\u0105czy\u0107 si\u0119 z innymi swingersami w Twojej okolicy. Dost\u0119pne s\u0105 dwie opcje cz\u0142onkostwa: bezp\u0142atna i p\u0142atna. Bezp\u0142atne cz\u0142onkostwo daje dost\u0119p do podstawowych funkcji aplikacji, a p\u0142atne cz\u0142onkostwo daje dost\u0119p do wszystkich funkcji aplikacji. P\u0142atne cz\u0142onkostwo daje r\u00f3wnie\u017c dost\u0119p do ekskluzywnych funkcji, takich jak mo\u017cliwo\u015b\u0107 zobaczenia, kto jest online, a kto nie.<\/p>\n<p>Koszt cz\u0142onkostwa FabSwingers jest bardzo rozs\u0105dny w por\u00f3wnaniu z innymi aplikacjami randkowymi. Za miesi\u0119czn\u0105 op\u0142at\u0105 otrzymujesz dost\u0119p do wszystkich funkcji witryny, w tym wiadomo\u015bci, wyszukiwania i widok\u00f3w profilu. Otrzymujesz r\u00f3wnie\u017c dost\u0119p do obszernej bazy danych cz\u0142onk\u00f3w witryny. Koszt cz\u0142onkostwa FabSwingers jest bardzo rozs\u0105dny w por\u00f3wnaniu z innymi aplikacjami randkowymi.<\/p>\n<h2>Rejestracja &#8211; czy to \u0142atwe?<\/h2>\n<p>Tak, rejestracja w FabSwingers jest \u0142atwa! Po prostu przejd\u017a do strony internetowej i wype\u0142nij szybki formularz z adresem e-mail, nazw\u0105 u\u017cytkownika i has\u0142em. Po skonfigurowaniu mo\u017cesz zacz\u0105\u0107 przegl\u0105da\u0107 profile, wysy\u0142a\u0107 wiadomo\u015bci i umawia\u0107 si\u0119 na spotkania z innymi cz\u0142onkami. Ca\u0142y proces powinien zaj\u0105\u0107 tylko kilka minut, a nast\u0119pnie b\u0119dziesz na dobrej drodze do poznania nowych ludzi i cieszenia si\u0119 wszystkimi zaletami witryny.<\/p>\n<h2>Alternatywy dla FabSwingers<\/h2>\n<p>Istnieje kilka alternatyw dla FabSwingers, kt\u00f3re zaspokajaj\u0105 potrzeby os\u00f3b zainteresowanych swinguj\u0105cym stylem \u017cycia. SDC (Swingers Date Club) i Kasidie to dwie popularne opcje. Obie platformy oferuj\u0105 podobne wra\u017cenia do FabSwingers, z du\u017c\u0105 baz\u0105 u\u017cytkownik\u00f3w i r\u00f3\u017cnymi funkcjami, kt\u00f3re pomog\u0105 Ci po\u0142\u0105czy\u0107 si\u0119 z innymi swingersami.<\/p>\n<p>Je\u015bli nie jeste\u015b zainteresowany swinguj\u0105cym stylem \u017cycia, istnieje wiele innych aplikacji randkowych, kt\u00f3re mog\u0105 zaspokoi\u0107 Twoje potrzeby. Tinder, Bumble i Hinge to popularne wybory dla os\u00f3b szukaj\u0105cych bardziej tradycyjnych randek.<\/p>\n<p>FabSwingers to jedna z najbezpieczniejszych dost\u0119pnych aplikacji randkowych. Aplikacja wymaga od wszystkich u\u017cytkownik\u00f3w zweryfikowania ich to\u017csamo\u015bci za pomoc\u0105 prawid\u0142owego adresu e-mail, a wszystkie profile u\u017cytkownik\u00f3w s\u0105 dok\u0142adnie sprawdzane przez zesp\u00f3\u0142 FabSwingers. Ponadto aplikacja korzysta ze \u015bcis\u0142ej polityki prywatno\u015bci, aby zapewni\u0107 bezpiecze\u0144stwo danych u\u017cytkownik\u00f3w. Og\u00f3lnie rzecz bior\u0105c, FabSwingers to bezpieczna i niezawodna opcja dla tych, kt\u00f3rzy szukaj\u0105 partnera swinguj\u0105cego.<\/p>\n<h2>Czy FabSwingers jest tego wart?<\/h2>\n<p>Istnieje wiele aplikacji randkowych i mo\u017ce by\u0107 trudno zdecydowa\u0107, z kt\u00f3r\u0105 z nich si\u0119 wybra\u0107. Niekt\u00f3rzy ludzie przysi\u0119gaj\u0105 na Tindera, podczas gdy inni wol\u0105 Bumble. Nast\u0119pnie s\u0105 aplikacje takie jak Plenty of Fish i Match.com. I nie zapomnij o wszystkich niszowych aplikacjach randkowych, takich jak Jdate i Christian Mingle. Gdzie wi\u0119c pasuje FabSwingers? C\u00f3\u017c, je\u015bli szukasz aplikacji randkowej, kt\u00f3ra zaspokaja potrzeby swingers\u00f3w, to FabSwingers jest zdecydowanie wart swojej ceny. Aplikacja jest \u0142atwa w u\u017cyciu i ma wiele wspania\u0142ych funkcji. Ponadto jest o wiele ta\u0144szy ni\u017c wi\u0119kszo\u015b\u0107 innych aplikacji randkowych.<\/p>\n<p>Wi\u0119c je\u015bli chcesz doda\u0107 troch\u0119 pikanterii do swojego \u017cycia randkowego, to FabSwingers jest zdecydowanie najlepszym rozwi\u0105zaniem.<\/p>\n","protected":false},"excerpt":{"rendered":"<div class=\"mh-excerpt\"><p>Istnieje wiele aplikacji randkowych, ale FabSwingers jest jednym z niewielu specjalnie dla swingers\u00f3w. To sprawia, \u017ce jest to \u015bwietna opcja dla os\u00f3b, kt\u00f3re s\u0105 w <a class=\"mh-excerpt-more\" href=\"https:\/\/mmabay.co.uk\/pl\/fabswingers\/\" title=\"FabSwingers\">[&#8230;]<\/a><\/p>\n<\/div>","protected":false},"author":1,"featured_media":0,"parent":0,"menu_order":0,"comment_status":"closed","ping_status":"closed","template":"","meta":[],"yoast_head":"<!-- This site is optimized with the Yoast SEO plugin v17.7.1 - https:\/\/yoast.com\/wordpress\/plugins\/seo\/ -->\n<title>FabSwingers - Bay Reviews<\/title>\n<meta name=\"robots\" content=\"index, follow, max-snippet:-1, max-image-preview:large, max-video-preview:-1\" \/>\n<link rel=\"canonical\" href=\"https:\/\/mmabay.co.uk\/pl\/fabswingers\/\" \/>\n<meta property=\"og:locale\" content=\"pl_PL\" \/>\n<meta property=\"og:type\" content=\"article\" \/>\n<meta property=\"og:title\" content=\"FabSwingers - Bay Reviews\" \/>\n<meta property=\"og:description\" content=\"Istnieje wiele aplikacji randkowych, ale FabSwingers jest jednym z niewielu specjalnie dla swingers\u00f3w. To sprawia, \u017ce jest to \u015bwietna opcja dla os\u00f3b, kt\u00f3re s\u0105 w [...]\" \/>\n<meta property=\"og:url\" content=\"https:\/\/mmabay.co.uk\/pl\/fabswingers\/\" \/>\n<meta property=\"og:site_name\" content=\"Bay Reviews\" \/>\n<meta name=\"twitter:card\" content=\"summary_large_image\" \/>\n<meta name=\"twitter:label1\" content=\"Szacowany czas czytania\" \/>\n\t<meta name=\"twitter:data1\" content=\"3 minuty\" \/>\n<script type=\"application\/ld+json\" class=\"yoast-schema-graph\">{\"@context\":\"https:\/\/schema.org\",\"@graph\":[{\"@type\":\"WebSite\",\"@id\":\"https:\/\/mmabay.co.uk\/pl\/#website\",\"url\":\"https:\/\/mmabay.co.uk\/pl\/\",\"name\":\"Bay Reviews\",\"description\":\"Casual Hookup Finder\",\"potentialAction\":[{\"@type\":\"SearchAction\",\"target\":{\"@type\":\"EntryPoint\",\"urlTemplate\":\"https:\/\/mmabay.co.uk\/pl\/?s={search_term_string}\"},\"query-input\":\"required name=search_term_string\"}],\"inLanguage\":\"pl-PL\"},{\"@type\":\"WebPage\",\"@id\":\"https:\/\/mmabay.co.uk\/pl\/fabswingers\/#webpage\",\"url\":\"https:\/\/mmabay.co.uk\/pl\/fabswingers\/\",\"name\":\"FabSwingers - Bay Reviews\",\"isPartOf\":{\"@id\":\"https:\/\/mmabay.co.uk\/pl\/#website\"},\"datePublished\":\"2022-10-03T12:15:06+00:00\",\"dateModified\":\"2022-10-03T12:15:06+00:00\",\"breadcrumb\":{\"@id\":\"https:\/\/mmabay.co.uk\/pl\/fabswingers\/#breadcrumb\"},\"inLanguage\":\"pl-PL\",\"potentialAction\":[{\"@type\":\"ReadAction\",\"target\":[\"https:\/\/mmabay.co.uk\/pl\/fabswingers\/\"]}]},{\"@type\":\"BreadcrumbList\",\"@id\":\"https:\/\/mmabay.co.uk\/pl\/fabswingers\/#breadcrumb\",\"itemListElement\":[{\"@type\":\"ListItem\",\"position\":1,\"name\":\"Home\",\"item\":\"https:\/\/mmabay.co.uk\/pl\/\"},{\"@type\":\"ListItem\",\"position\":2,\"name\":\"FabSwingers\"}]}]}<\/script>\n<!-- \/ Yoast SEO plugin. -->","yoast_head_json":{"title":"FabSwingers - Bay Reviews","robots":{"index":"index","follow":"follow","max-snippet":"max-snippet:-1","max-image-preview":"max-image-preview:large","max-video-preview":"max-video-preview:-1"},"canonical":"https:\/\/mmabay.co.uk\/pl\/fabswingers\/","og_locale":"pl_PL","og_type":"article","og_title":"FabSwingers - Bay Reviews","og_description":"Istnieje wiele aplikacji randkowych, ale FabSwingers jest jednym z niewielu specjalnie dla swingers\u00f3w. To sprawia, \u017ce jest to \u015bwietna opcja dla os\u00f3b, kt\u00f3re s\u0105 w [...]","og_url":"https:\/\/mmabay.co.uk\/pl\/fabswingers\/","og_site_name":"Bay Reviews","twitter_card":"summary_large_image","twitter_misc":{"Szacowany czas czytania":"3 minuty"},"schema":{"@context":"https:\/\/schema.org","@graph":[{"@type":"WebSite","@id":"https:\/\/mmabay.co.uk\/pl\/#website","url":"https:\/\/mmabay.co.uk\/pl\/","name":"Bay Reviews","description":"Casual Hookup Finder","potentialAction":[{"@type":"SearchAction","target":{"@type":"EntryPoint","urlTemplate":"https:\/\/mmabay.co.uk\/pl\/?s={search_term_string}"},"query-input":"required name=search_term_string"}],"inLanguage":"pl-PL"},{"@type":"WebPage","@id":"https:\/\/mmabay.co.uk\/pl\/fabswingers\/#webpage","url":"https:\/\/mmabay.co.uk\/pl\/fabswingers\/","name":"FabSwingers - Bay Reviews","isPartOf":{"@id":"https:\/\/mmabay.co.uk\/pl\/#website"},"datePublished":"2022-10-03T12:15:06+00:00","dateModified":"2022-10-03T12:15:06+00:00","breadcrumb":{"@id":"https:\/\/mmabay.co.uk\/pl\/fabswingers\/#breadcrumb"},"inLanguage":"pl-PL","potentialAction":[{"@type":"ReadAction","target":["https:\/\/mmabay.co.uk\/pl\/fabswingers\/"]}]},{"@type":"BreadcrumbList","@id":"https:\/\/mmabay.co.uk\/pl\/fabswingers\/#breadcrumb","itemListElement":[{"@type":"ListItem","position":1,"name":"Home","item":"https:\/\/mmabay.co.uk\/pl\/"},{"@type":"ListItem","position":2,"name":"FabSwingers"}]}]}},"_links":{"self":[{"href":"https:\/\/mmabay.co.uk\/pl\/wp-json\/wp\/v2\/pages\/154"}],"collection":[{"href":"https:\/\/mmabay.co.uk\/pl\/wp-json\/wp\/v2\/pages"}],"about":[{"href":"https:\/\/mmabay.co.uk\/pl\/wp-json\/wp\/v2\/types\/page"}],"author":[{"embeddable":true,"href":"https:\/\/mmabay.co.uk\/pl\/wp-json\/wp\/v2\/users\/1"}],"replies":[{"embeddable":true,"href":"https:\/\/mmabay.co.uk\/pl\/wp-json\/wp\/v2\/comments?post=154"}],"version-history":[{"count":0,"href":"https:\/\/mmabay.co.uk\/pl\/wp-json\/wp\/v2\/pages\/154\/revisions"}],"wp:attachment":[{"href":"https:\/\/mmabay.co.uk\/pl\/wp-json\/wp\/v2\/media?parent=154"}],"curies":[{"name":"wp","href":"https:\/\/api.w.org\/{rel}","templated":true}]}}