{"id":172,"date":"2022-10-03T13:14:33","date_gmt":"2022-10-03T12:14:33","guid":{"rendered":"http:\/\/mmabay.co.uk\/xcheaters\/"},"modified":"2022-10-03T13:14:33","modified_gmt":"2022-10-03T12:14:33","slug":"xcheaters","status":"publish","type":"page","link":"https:\/\/mmabay.co.uk\/pl\/xcheaters\/","title":{"rendered":"XCheaters"},"content":{"rendered":"<p>Istnieje wiele stron z pod\u0142\u0105czeniami, kt\u00f3re zaspokajaj\u0105 potrzeby os\u00f3b, kt\u00f3re szukaj\u0105 przypadkowego, niezwi\u0105zanego z ni\u0105 zwi\u0105zku. XCheaters jest jedn\u0105 z tych stron. Jest to popularna strona dla os\u00f3b, kt\u00f3re szukaj\u0105 szybkiego po\u0142\u0105czenia, a tak\u017ce \u015bwietna strona dla os\u00f3b, kt\u00f3re szukaj\u0105 d\u0142ugoterminowego zwi\u0105zku. Witryna ma wiele funkcji, kt\u00f3re u\u0142atwiaj\u0105 znajdowanie dopasowa\u0144, a tak\u017ce ma wielu cz\u0142onk\u00f3w, wi\u0119c na pewno znajdziesz kogo\u015b, kto jest z Tob\u0105 kompatybilny.<\/p>\n<h2>Funkcje pod\u0142\u0105czenia<\/h2>\n<p>XCheaters Hookup to nowa aplikacja randkowa, kt\u00f3ra pozwala u\u017cytkownikom \u0142\u0105czy\u0107 si\u0119 z potencjalnymi meczami w ich okolicy. Aplikacja zapewnia wiele funkcji, kt\u00f3re u\u0142atwiaj\u0105 znajdowanie i \u0142\u0105czenie si\u0119 z potencjalnymi dopasowaniami. Aplikacja pozwala r\u00f3wnie\u017c u\u017cytkownikom rozmawia\u0107 z potencjalnymi meczami w czasie rzeczywistym. Aplikacja jest bezp\u0142atna do pobrania i u\u017cytkowania.<\/p>\n<h2>Tw\u00f3j wyb\u00f3r<\/h2>\n<p>Istnieje wiele aplikacji randkowych, ale XCheaters jest zdecydowanie jednym z najlepszych. Jest \u0142atwy w u\u017cyciu i ma mn\u00f3stwo funkcji, kt\u00f3re sprawiaj\u0105, \u017ce \u015bwietnie nadaje si\u0119 do znalezienia daty lub po prostu pod\u0142\u0105czenia. Funkcja wyszukiwania jest naprawd\u0119 dobra i mo\u017cesz zaw\u0119zi\u0107 swoje wyniki o mn\u00f3stwo r\u00f3\u017cnych kryteri\u00f3w. System przesy\u0142ania wiadomo\u015bci jest r\u00f3wnie\u017c \u015bwietny i mo\u017cesz \u0142atwo \u015bledzi\u0107 swoje rozmowy. Og\u00f3lnie rzecz bior\u0105c, XCheaters to \u015bwietna opcja dla ka\u017cdego, kto szuka aplikacji randkowej.<\/p>\n<h2>Op\u0142aty<\/h2>\n<p>Nie ma w\u0105tpliwo\u015bci, \u017ce aplikacje randkowe zrewolucjonizowa\u0142y spos\u00f3b, w jaki umawiamy si\u0119 na randki i spotykamy si\u0119 z lud\u017ami. Ale wraz z wygod\u0105, kt\u00f3r\u0105 przynie\u015bli, jest te\u017c nowy zestaw wyzwa\u0144. Jednym z najwi\u0119kszych jest kwestia op\u0142at. Niekt\u00f3re aplikacje randkowe, takie jak Tinder, s\u0105 ca\u0142kowicie bezp\u0142atne. Inne, takie jak Bumble, pobieraj\u0105 miesi\u0119czn\u0105 op\u0142at\u0119 abonamentow\u0105. A jeszcze inne, takie jak eHarmony, pobieraj\u0105 op\u0142at\u0119 za us\u0142ug\u0119 (w tym przypadku za ka\u017cd\u0105 wys\u0142an\u0105 wiadomo\u015b\u0107). Problem polega na tym, \u017ce op\u0142aty te mog\u0105 si\u0119 sumowa\u0107 i nie zawsze s\u0105 jasne. Na przyk\u0142ad op\u0142ata subskrypcyjna Bumble jest reklamowana jako 8,99 USD miesi\u0119cznie. Ale je\u015bli chcesz korzysta\u0107 z ich funkcji premium, takich jak &#8222;SuperSwipes&#8221;, musisz zap\u0142aci\u0107 dodatkowe 9,99 USD miesi\u0119cznie. To naprawd\u0119 18 dolar\u00f3w miesi\u0119cznie. A potem s\u0105 ukryte op\u0142aty. Niekt\u00f3re aplikacje, takie jak Hinge, pobieraj\u0105 op\u0142at\u0119 w wysoko\u015bci 3,99 USD<\/p>\n<h2>Czy rejestracja by\u0142a \u0142atwa?<\/h2>\n<p>Je\u015bli szukasz \u0142atwego sposobu na poznanie nowych ludzi, XCheaters jest zdecydowanie najlepszym rozwi\u0105zaniem. Proces rejestracji jest szybki i prosty, a z lud\u017ami mo\u017cesz zacz\u0105\u0107 rozmawia\u0107 w ci\u0105gu zaledwie kilku minut. Interfejs jest przyjazny dla u\u017cytkownika i \u0142atwy w nawigacji, a ca\u0142e do\u015bwiadczenie jest og\u00f3lnie przyjemne. Zdecydowanie polecam XCheaters ka\u017cdemu, kto szuka nowej aplikacji randkowej.<\/p>\n<h2>Strony internetowe takie jak XCheaters<\/h2>\n<p>Istnieje kilka stron internetowych, takich jak XCheaters, kt\u00f3re s\u0105 popularne w\u015br\u00f3d os\u00f3b szukaj\u0105cych aplikacji randkowych. Witryny te oferuj\u0105 wiele funkcji, kt\u00f3re pozwalaj\u0105 u\u017cytkownikom znale\u017a\u0107 potencjalne dopasowania i rozmawia\u0107 z nimi. Niekt\u00f3re z funkcji oferowanych przez te strony internetowe obejmuj\u0105:<\/p>\n<ul>\n<li>Zaawansowane opcje wyszukiwania, kt\u00f3re pozwalaj\u0105 u\u017cytkownikom znajdowa\u0107 dopasowania na podstawie ich lokalizacji, wieku, zainteresowa\u0144 i innych.<\/li>\n<li>Szeroka gama narz\u0119dzi komunikacyjnych, kt\u00f3re pozwalaj\u0105 u\u017cytkownikom rozmawia\u0107 z meczami i lepiej je poznawa\u0107.<\/li>\n<li>Mo\u017cliwo\u015b\u0107 przesy\u0142ania zdj\u0119\u0107 i film\u00f3w, aby dopasowania mog\u0142y lepiej zrozumie\u0107, z kim rozmawiaj\u0105.<\/li>\n<li>R\u00f3\u017cnorodne funkcje, kt\u00f3re u\u0142atwiaj\u0105 znajdowanie dopasowa\u0144 i rozmawianie z nimi.<\/li>\n<\/ul>\n<p>Je\u015bli szukasz aplikacji randkowej, kt\u00f3ra oferuje wszystkie te funkcje, zdecydowanie powiniene\u015b sprawdzi\u0107 jedn\u0105 ze stron internetowych, takich jak XCheaters.<\/p>\n<p>Je\u015bli szukasz bezpiecznej aplikacji randkowej, XCheaters to \u015bwietna opcja. Aplikacja oferuje bezpieczn\u0105 platform\u0119 dla u\u017cytkownik\u00f3w do \u0142\u0105czenia si\u0119 i komunikowania si\u0119 ze sob\u0105. Wszystkie dane osobowe s\u0105 szyfrowane i bezpiecznie przechowywane na serwerach aplikacji. Ponadto XCheaters oferuje szereg funkcji bezpiecze\u0144stwa, w tym funkcj\u0119 blokowania i funkcj\u0119 raportowania. Je\u015bli napotkasz jakiekolwiek problemy lub podejrzewasz, \u017ce kto\u015b nie jest tym, za kogo si\u0119 podaje, mo\u017cesz zg\u0142osi\u0107 to zespo\u0142owi pomocy technicznej aplikacji. XCheaters to \u015bwietna opcja dla tych, kt\u00f3rzy chc\u0105 bezpiecznego sposobu \u0142\u0105czenia si\u0119 z innymi.<\/p>\n<h2>Czy XCheaters jest tego warte?<\/h2>\n<p>Istnieje wiele aplikacji randkowych i mo\u017ce by\u0107 trudno zdecydowa\u0107, z kt\u00f3r\u0105 z nich si\u0119 wybra\u0107. XCheaters to nowsza aplikacja randkowa i zdecydowanie ma du\u017cy potencja\u0142. Najwi\u0119kszym punktem sprzeda\u017cy tej aplikacji jest zdecydowanie cena. To tylko 4,99 USD miesi\u0119cznie, co jest o wiele ta\u0144sze ni\u017c wi\u0119kszo\u015b\u0107 innych aplikacji randkowych. Aplikacja ma r\u00f3wnie\u017c wiele funkcji, kt\u00f3rych nie maj\u0105 inne aplikacje randkowe, takich jak zaawansowana funkcja wyszukiwania i mo\u017cliwo\u015b\u0107 zobaczenia, kto ogl\u0105da\u0142 Tw\u00f3j profil. Minusem tej aplikacji jest to, \u017ce nie ma jeszcze bardzo du\u017cej bazy u\u017cytkownik\u00f3w, wi\u0119c mo\u017cesz nie mie\u0107 tyle szcz\u0119\u015bcia w znajdowaniu dopasowa\u0144. Og\u00f3lnie rzecz bior\u0105c, XCheaters jest zdecydowanie wart swojej ceny i zdecydowanie warto go sprawdzi\u0107.<\/p>\n","protected":false},"excerpt":{"rendered":"<div class=\"mh-excerpt\"><p>Istnieje wiele stron z pod\u0142\u0105czeniami, kt\u00f3re zaspokajaj\u0105 potrzeby os\u00f3b, kt\u00f3re szukaj\u0105 przypadkowego, niezwi\u0105zanego z ni\u0105 zwi\u0105zku. XCheaters jest jedn\u0105 z tych stron. Jest to popularna <a class=\"mh-excerpt-more\" href=\"https:\/\/mmabay.co.uk\/pl\/xcheaters\/\" title=\"XCheaters\">[&#8230;]<\/a><\/p>\n<\/div>","protected":false},"author":1,"featured_media":0,"parent":0,"menu_order":0,"comment_status":"closed","ping_status":"closed","template":"","meta":[],"yoast_head":"<!-- This site is optimized with the Yoast SEO plugin v17.7.1 - https:\/\/yoast.com\/wordpress\/plugins\/seo\/ -->\n<title>XCheaters - Bay Reviews<\/title>\n<meta name=\"robots\" content=\"index, follow, max-snippet:-1, max-image-preview:large, max-video-preview:-1\" \/>\n<link rel=\"canonical\" href=\"https:\/\/mmabay.co.uk\/pl\/xcheaters\/\" \/>\n<meta property=\"og:locale\" content=\"pl_PL\" \/>\n<meta property=\"og:type\" content=\"article\" \/>\n<meta property=\"og:title\" content=\"XCheaters - Bay Reviews\" \/>\n<meta property=\"og:description\" content=\"Istnieje wiele stron z pod\u0142\u0105czeniami, kt\u00f3re zaspokajaj\u0105 potrzeby os\u00f3b, kt\u00f3re szukaj\u0105 przypadkowego, niezwi\u0105zanego z ni\u0105 zwi\u0105zku. XCheaters jest jedn\u0105 z tych stron. Jest to popularna [...]\" \/>\n<meta property=\"og:url\" content=\"https:\/\/mmabay.co.uk\/pl\/xcheaters\/\" \/>\n<meta property=\"og:site_name\" content=\"Bay Reviews\" \/>\n<meta name=\"twitter:card\" content=\"summary_large_image\" \/>\n<meta name=\"twitter:label1\" content=\"Szacowany czas czytania\" \/>\n\t<meta name=\"twitter:data1\" content=\"4 minuty\" \/>\n<script type=\"application\/ld+json\" class=\"yoast-schema-graph\">{\"@context\":\"https:\/\/schema.org\",\"@graph\":[{\"@type\":\"WebSite\",\"@id\":\"https:\/\/mmabay.co.uk\/pl\/#website\",\"url\":\"https:\/\/mmabay.co.uk\/pl\/\",\"name\":\"Bay Reviews\",\"description\":\"Casual Hookup Finder\",\"potentialAction\":[{\"@type\":\"SearchAction\",\"target\":{\"@type\":\"EntryPoint\",\"urlTemplate\":\"https:\/\/mmabay.co.uk\/pl\/?s={search_term_string}\"},\"query-input\":\"required name=search_term_string\"}],\"inLanguage\":\"pl-PL\"},{\"@type\":\"WebPage\",\"@id\":\"https:\/\/mmabay.co.uk\/pl\/xcheaters\/#webpage\",\"url\":\"https:\/\/mmabay.co.uk\/pl\/xcheaters\/\",\"name\":\"XCheaters - Bay Reviews\",\"isPartOf\":{\"@id\":\"https:\/\/mmabay.co.uk\/pl\/#website\"},\"datePublished\":\"2022-10-03T12:14:33+00:00\",\"dateModified\":\"2022-10-03T12:14:33+00:00\",\"breadcrumb\":{\"@id\":\"https:\/\/mmabay.co.uk\/pl\/xcheaters\/#breadcrumb\"},\"inLanguage\":\"pl-PL\",\"potentialAction\":[{\"@type\":\"ReadAction\",\"target\":[\"https:\/\/mmabay.co.uk\/pl\/xcheaters\/\"]}]},{\"@type\":\"BreadcrumbList\",\"@id\":\"https:\/\/mmabay.co.uk\/pl\/xcheaters\/#breadcrumb\",\"itemListElement\":[{\"@type\":\"ListItem\",\"position\":1,\"name\":\"Home\",\"item\":\"https:\/\/mmabay.co.uk\/pl\/\"},{\"@type\":\"ListItem\",\"position\":2,\"name\":\"XCheaters\"}]}]}<\/script>\n<!-- \/ Yoast SEO plugin. -->","yoast_head_json":{"title":"XCheaters - Bay Reviews","robots":{"index":"index","follow":"follow","max-snippet":"max-snippet:-1","max-image-preview":"max-image-preview:large","max-video-preview":"max-video-preview:-1"},"canonical":"https:\/\/mmabay.co.uk\/pl\/xcheaters\/","og_locale":"pl_PL","og_type":"article","og_title":"XCheaters - Bay Reviews","og_description":"Istnieje wiele stron z pod\u0142\u0105czeniami, kt\u00f3re zaspokajaj\u0105 potrzeby os\u00f3b, kt\u00f3re szukaj\u0105 przypadkowego, niezwi\u0105zanego z ni\u0105 zwi\u0105zku. XCheaters jest jedn\u0105 z tych stron. Jest to popularna [...]","og_url":"https:\/\/mmabay.co.uk\/pl\/xcheaters\/","og_site_name":"Bay Reviews","twitter_card":"summary_large_image","twitter_misc":{"Szacowany czas czytania":"4 minuty"},"schema":{"@context":"https:\/\/schema.org","@graph":[{"@type":"WebSite","@id":"https:\/\/mmabay.co.uk\/pl\/#website","url":"https:\/\/mmabay.co.uk\/pl\/","name":"Bay Reviews","description":"Casual Hookup Finder","potentialAction":[{"@type":"SearchAction","target":{"@type":"EntryPoint","urlTemplate":"https:\/\/mmabay.co.uk\/pl\/?s={search_term_string}"},"query-input":"required name=search_term_string"}],"inLanguage":"pl-PL"},{"@type":"WebPage","@id":"https:\/\/mmabay.co.uk\/pl\/xcheaters\/#webpage","url":"https:\/\/mmabay.co.uk\/pl\/xcheaters\/","name":"XCheaters - Bay Reviews","isPartOf":{"@id":"https:\/\/mmabay.co.uk\/pl\/#website"},"datePublished":"2022-10-03T12:14:33+00:00","dateModified":"2022-10-03T12:14:33+00:00","breadcrumb":{"@id":"https:\/\/mmabay.co.uk\/pl\/xcheaters\/#breadcrumb"},"inLanguage":"pl-PL","potentialAction":[{"@type":"ReadAction","target":["https:\/\/mmabay.co.uk\/pl\/xcheaters\/"]}]},{"@type":"BreadcrumbList","@id":"https:\/\/mmabay.co.uk\/pl\/xcheaters\/#breadcrumb","itemListElement":[{"@type":"ListItem","position":1,"name":"Home","item":"https:\/\/mmabay.co.uk\/pl\/"},{"@type":"ListItem","position":2,"name":"XCheaters"}]}]}},"_links":{"self":[{"href":"https:\/\/mmabay.co.uk\/pl\/wp-json\/wp\/v2\/pages\/172"}],"collection":[{"href":"https:\/\/mmabay.co.uk\/pl\/wp-json\/wp\/v2\/pages"}],"about":[{"href":"https:\/\/mmabay.co.uk\/pl\/wp-json\/wp\/v2\/types\/page"}],"author":[{"embeddable":true,"href":"https:\/\/mmabay.co.uk\/pl\/wp-json\/wp\/v2\/users\/1"}],"replies":[{"embeddable":true,"href":"https:\/\/mmabay.co.uk\/pl\/wp-json\/wp\/v2\/comments?post=172"}],"version-history":[{"count":0,"href":"https:\/\/mmabay.co.uk\/pl\/wp-json\/wp\/v2\/pages\/172\/revisions"}],"wp:attachment":[{"href":"https:\/\/mmabay.co.uk\/pl\/wp-json\/wp\/v2\/media?parent=172"}],"curies":[{"name":"wp","href":"https:\/\/api.w.org\/{rel}","templated":true}]}}