{"id":183,"date":"2022-10-03T13:10:32","date_gmt":"2022-10-03T12:10:32","guid":{"rendered":"http:\/\/mmabay.co.uk\/sprawy-gorace\/"},"modified":"2022-10-03T13:10:32","modified_gmt":"2022-10-03T12:10:32","slug":"sprawy-gorace","status":"publish","type":"page","link":"https:\/\/mmabay.co.uk\/pl\/sprawy-gorace\/","title":{"rendered":"Sprawy gor\u0105ce"},"content":{"rendered":"<p>HeatedAffairs to jedna z najpopularniejszych dost\u0119pnych obecnie aplikacji do sekstowania. Aplikacja pozwala u\u017cytkownikom wysy\u0142a\u0107 i odbiera\u0107 wiadomo\u015bci i obrazy seksualne, a tak\u017ce \u0142\u0105czy\u0107 si\u0119 z innymi u\u017cytkownikami, kt\u00f3rzy s\u0105 zainteresowani sekstingiem. HeatedAffairs to \u015bwietny spos\u00f3b na urozmaicenie \u017cycia seksualnego lub dodanie odrobiny dodatkowej ekscytacji do zwi\u0105zku. <a href=\"http:\/\/mmabay.co.uk\/pl\/podwojna-lista\/\">Aplikacja jest bezp\u0142atna do pobrania i u\u017cytkowania<\/a> i nie ma \u017cadnych op\u0142at abonamentowych.<\/p>\n<h2>Interfejs<\/h2>\n<p>Interfejs HeatedAffairs jest bardzo przyjazny dla u\u017cytkownika i \u0142atwy w nawigacji. Mo\u017cesz szybko i \u0142atwo znale\u017a\u0107 to, czego szukasz, a projekt jest elegancki i nowoczesny. Aplikacja jest r\u00f3wnie\u017c bardzo intuicyjna i responsywna, wi\u0119c nie b\u0119dziesz mia\u0142 \u017cadnych problem\u00f3w z jej u\u017cywaniem. Og\u00f3lnie rzecz bior\u0105c, interfejs HeatedAffairs jest jednym z najlepszych w bran\u017cy i sprawia, \u017ce znalezienie daty jest \u0142atwe i przyjemne.<\/p>\n<h2>Twoje opcje<\/h2>\n<p>Istnieje wiele r\u00f3\u017cnych aplikacji randkowych i mo\u017ce by\u0107 trudno zdecydowa\u0107, kt\u00f3ra z nich jest dla Ciebie odpowiednia. Je\u015bli szukasz czego\u015b bardziej parnego i mniej powa\u017cnego, Heated Affairs mo\u017ce by\u0107 dla Ciebie dobrym rozwi\u0105zaniem. Ta aplikacja jest przeznaczona dla os\u00f3b, kt\u00f3re szukaj\u0105 przypadkowych po\u0142\u0105cze\u0144 i romans\u00f3w, wi\u0119c zdecydowanie mo\u017cesz spodziewa\u0107 si\u0119 znalezienia os\u00f3b, kt\u00f3re po prostu szukaj\u0105 fizycznego po\u0142\u0105czenia. Jednak w aplikacji jest r\u00f3wnie\u017c wiele os\u00f3b, kt\u00f3re szukaj\u0105 czego\u015b bardziej emocjonalnego i d\u0142ugoterminowego, wi\u0119c zdecydowanie warto sprawdzi\u0107, czy jeste\u015b otwarty na obie opcje. Wspania\u0142\u0105 rzecz\u0105 w Heated Affairs jest to, \u017ce jest to strefa wolna od os\u0105d\u00f3w, dzi\u0119ki czemu mo\u017cesz czu\u0107 si\u0119 swobodnie, aby by\u0107 sob\u0105 i odkrywa\u0107 swoj\u0105 seksualno\u015b\u0107 bez obaw.<\/p>\n<p>Koszt HeatedAffairs wynosi 39,99 USD za miesi\u0119czne cz\u0142onkostwo i 19,99 USD za trzymiesi\u0119czne cz\u0142onkostwo. Istnieje r\u00f3wnie\u017c sze\u015bciomiesi\u0119czne cz\u0142onkostwo dost\u0119pne za 9,99 USD. HeatedAffairs oferuje swoim cz\u0142onkom wiele funkcji, w tym mo\u017cliwo\u015b\u0107 wyszukiwania cz\u0142onk\u00f3w wed\u0142ug lokalizacji, wieku, p\u0142ci i zainteresowa\u0144. HeatedAffairs oferuje r\u00f3wnie\u017c r\u00f3\u017cnorodne narz\u0119dzia komunikacji, takie jak pokoje rozm\u00f3w, wiadomo\u015bci b\u0142yskawiczne i poczta e-mail. HeatedAffairs to aplikacja randkowa, kt\u00f3ra zaspokaja potrzeby os\u00f3b zam\u0119\u017cnych i przywi\u0105zanych, kt\u00f3re szukaj\u0105 troch\u0119 dodatkowych emocji w swoim \u017cyciu.<\/p>\n<h2>Bezpiecze\u0144stwo<\/h2>\n<p>Istnieje wiele aplikacji randkowych i mo\u017ce by\u0107 trudno wiedzie\u0107, kt\u00f3re z nich s\u0105 bezpieczne w u\u017cyciu. HeatedAffairs to aplikacja randkowa, kt\u00f3ra zosta\u0142a zaprojektowana tak, aby by\u0142a bezpieczna dla swoich u\u017cytkownik\u00f3w. Aplikacja ma wiele funkcji, kt\u00f3re pomagaj\u0105 zapewni\u0107 bezpiecze\u0144stwo u\u017cytkownikom, w tym \u015bcis\u0142y proces weryfikacji, system raportowania dla u\u017cytkownik\u00f3w, kt\u00f3rzy czuj\u0105 si\u0119 niebezpiecznie, oraz funkcj\u0119 blokowania dla u\u017cytkownik\u00f3w, kt\u00f3rzy nie chc\u0105, aby kontaktowa\u0142y si\u0119 z nimi okre\u015blone osoby. HeatedAffairs ma r\u00f3wnie\u017c zesp\u00f3\u0142 moderator\u00f3w, kt\u00f3rzy pracuj\u0105 nad tym, aby aplikacja by\u0142a bezpieczna i czysta dla jej u\u017cytkownik\u00f3w. Og\u00f3lnie rzecz bior\u0105c, HeatedAffairs to bezpieczna aplikacja randkowa, kt\u00f3rej mo\u017cesz zaufa\u0107.<\/p>\n<h2>Proces cz\u0142onkostwa<\/h2>\n<p>Aby zosta\u0107 cz\u0142onkiem Heated Affairs, musisz najpierw utworzy\u0107 konto. Nast\u0119pnie zostaniesz poproszony o podanie swojego adresu e-mail, utworzenie has\u0142a i wybranie p\u0142ci oraz p\u0142ci, kt\u00f3rej szukasz. Gdy to zrobisz, b\u0119dziesz m\u00f3g\u0142 uzyska\u0107 dost\u0119p do funkcji witryny. Aby korzysta\u0107 z systemu przesy\u0142ania wiadomo\u015bci w witrynie, musisz przej\u015b\u0107 na p\u0142atne cz\u0142onkostwo. P\u0142atne cz\u0142onkostwo zapewnia dost\u0119p do dodatkowych funkcji, takich jak mo\u017cliwo\u015b\u0107 sprawdzania, kto przegl\u0105da\u0142 Tw\u00f3j profil, wysy\u0142ania i odbierania nieograniczonej liczby wiadomo\u015bci oraz wy\u015bwietlania zdj\u0119\u0107 cz\u0142onk\u00f3w.<\/p>\n<h2>Strony podobne do HeatedAffairs<\/h2>\n<p>Istnieje wiele stron podobnych do HeatedAffairs, je\u015bli chodzi o randki online. Inne popularne aplikacje randkowe to Tinder, OkCupid i Bumble. Wszystkie te aplikacje umo\u017cliwiaj\u0105 u\u017cytkownikom tworzenie profilu, dodawanie zdj\u0119\u0107 i przesuwanie palcem w lewo lub w prawo na innych u\u017cytkownikach, aby wyrazi\u0107 zainteresowanie. Te aplikacje s\u0105 podobne do HeatedAffairs, poniewa\u017c wszystkie zosta\u0142y zaprojektowane, aby pom\u00f3c u\u017cytkownikom pozna\u0107 nowych ludzi. Jednak ka\u017cda aplikacja ma swoje unikalne funkcje i baz\u0119 u\u017cytkownik\u00f3w. Na przyk\u0142ad Tinder jest znany ze swojej kultury \u0142\u0105czenia, podczas gdy OkCupid jest bardziej nastawiony na relacje. Bumble jest wyj\u0105tkowy, poniewa\u017c pozwala kobietom tylko inicjowa\u0107 kontakt z m\u0119\u017cczyznami. HeatedAffairs jest podobny do tych innych aplikacji, poniewa\u017c jest platform\u0105 do poznawania nowych ludzi, ale ma r\u00f3wnie\u017c unikalne funkcje, kt\u00f3re j\u0105 wyr\u00f3\u017cniaj\u0105. Na przyk\u0142ad HeatedAffairs koncentruje si\u0119 na romansach pozama\u0142\u017ce\u0144skich i dyskretnych spotkaniach. To sprawia, \u017ce jest to dobra opcja dla tych, kt\u00f3rzy szukaj\u0105 czego\u015b na zewn\u0105trz<\/p>\n<h2>Czy HeatedAffairs jest tego warte?<\/h2>\n<p>Dost\u0119pnych jest wiele aplikacji randkowych i mo\u017ce by\u0107 trudno zdecydowa\u0107, kt\u00f3rej z nich u\u017cy\u0107. HeatedAffairs jest popularn\u0105 opcj\u0105 i ma wiele funkcji, kt\u00f3re przemawiaj\u0105 do u\u017cytkownik\u00f3w. Wa\u017cne jest, aby pami\u0119ta\u0107, \u017ce jest to p\u0142atna aplikacja, wi\u0119c musisz zdecydowa\u0107, czy koszt jest tego wart. Niekt\u00f3rzy uwa\u017caj\u0105, \u017ce funkcje i jako\u015b\u0107 HeatedAffairs s\u0105 warte swojej ceny, podczas gdy inni nie. Jest to osobista decyzja i powiniene\u015b rozwa\u017cy\u0107 zalety i wady przed podj\u0119ciem decyzji.<\/p>\n","protected":false},"excerpt":{"rendered":"<div class=\"mh-excerpt\"><p>HeatedAffairs to jedna z najpopularniejszych dost\u0119pnych obecnie aplikacji do sekstowania. Aplikacja pozwala u\u017cytkownikom wysy\u0142a\u0107 i odbiera\u0107 wiadomo\u015bci i obrazy seksualne, a tak\u017ce \u0142\u0105czy\u0107 si\u0119 z <a class=\"mh-excerpt-more\" href=\"https:\/\/mmabay.co.uk\/pl\/sprawy-gorace\/\" title=\"Sprawy gor\u0105ce\">[&#8230;]<\/a><\/p>\n<\/div>","protected":false},"author":1,"featured_media":0,"parent":0,"menu_order":0,"comment_status":"closed","ping_status":"closed","template":"","meta":[],"yoast_head":"<!-- This site is optimized with the Yoast SEO plugin v17.7.1 - https:\/\/yoast.com\/wordpress\/plugins\/seo\/ -->\n<title>Sprawy gor\u0105ce - Bay Reviews<\/title>\n<meta name=\"robots\" content=\"index, follow, max-snippet:-1, max-image-preview:large, max-video-preview:-1\" \/>\n<link rel=\"canonical\" href=\"https:\/\/mmabay.co.uk\/pl\/sprawy-gorace\/\" \/>\n<meta property=\"og:locale\" content=\"pl_PL\" \/>\n<meta property=\"og:type\" content=\"article\" \/>\n<meta property=\"og:title\" content=\"Sprawy gor\u0105ce - Bay Reviews\" \/>\n<meta property=\"og:description\" content=\"HeatedAffairs to jedna z najpopularniejszych dost\u0119pnych obecnie aplikacji do sekstowania. Aplikacja pozwala u\u017cytkownikom wysy\u0142a\u0107 i odbiera\u0107 wiadomo\u015bci i obrazy seksualne, a tak\u017ce \u0142\u0105czy\u0107 si\u0119 z [...]\" \/>\n<meta property=\"og:url\" content=\"https:\/\/mmabay.co.uk\/pl\/sprawy-gorace\/\" \/>\n<meta property=\"og:site_name\" content=\"Bay Reviews\" \/>\n<meta name=\"twitter:card\" content=\"summary_large_image\" \/>\n<meta name=\"twitter:label1\" content=\"Szacowany czas czytania\" \/>\n\t<meta name=\"twitter:data1\" content=\"4 minuty\" \/>\n<script type=\"application\/ld+json\" class=\"yoast-schema-graph\">{\"@context\":\"https:\/\/schema.org\",\"@graph\":[{\"@type\":\"WebSite\",\"@id\":\"https:\/\/mmabay.co.uk\/pl\/#website\",\"url\":\"https:\/\/mmabay.co.uk\/pl\/\",\"name\":\"Bay Reviews\",\"description\":\"Casual Hookup Finder\",\"potentialAction\":[{\"@type\":\"SearchAction\",\"target\":{\"@type\":\"EntryPoint\",\"urlTemplate\":\"https:\/\/mmabay.co.uk\/pl\/?s={search_term_string}\"},\"query-input\":\"required name=search_term_string\"}],\"inLanguage\":\"pl-PL\"},{\"@type\":\"WebPage\",\"@id\":\"https:\/\/mmabay.co.uk\/pl\/sprawy-gorace\/#webpage\",\"url\":\"https:\/\/mmabay.co.uk\/pl\/sprawy-gorace\/\",\"name\":\"Sprawy gor\\u0105ce - Bay Reviews\",\"isPartOf\":{\"@id\":\"https:\/\/mmabay.co.uk\/pl\/#website\"},\"datePublished\":\"2022-10-03T12:10:32+00:00\",\"dateModified\":\"2022-10-03T12:10:32+00:00\",\"breadcrumb\":{\"@id\":\"https:\/\/mmabay.co.uk\/pl\/sprawy-gorace\/#breadcrumb\"},\"inLanguage\":\"pl-PL\",\"potentialAction\":[{\"@type\":\"ReadAction\",\"target\":[\"https:\/\/mmabay.co.uk\/pl\/sprawy-gorace\/\"]}]},{\"@type\":\"BreadcrumbList\",\"@id\":\"https:\/\/mmabay.co.uk\/pl\/sprawy-gorace\/#breadcrumb\",\"itemListElement\":[{\"@type\":\"ListItem\",\"position\":1,\"name\":\"Home\",\"item\":\"https:\/\/mmabay.co.uk\/pl\/\"},{\"@type\":\"ListItem\",\"position\":2,\"name\":\"Sprawy gor\\u0105ce\"}]}]}<\/script>\n<!-- \/ Yoast SEO plugin. -->","yoast_head_json":{"title":"Sprawy gor\u0105ce - Bay Reviews","robots":{"index":"index","follow":"follow","max-snippet":"max-snippet:-1","max-image-preview":"max-image-preview:large","max-video-preview":"max-video-preview:-1"},"canonical":"https:\/\/mmabay.co.uk\/pl\/sprawy-gorace\/","og_locale":"pl_PL","og_type":"article","og_title":"Sprawy gor\u0105ce - Bay Reviews","og_description":"HeatedAffairs to jedna z najpopularniejszych dost\u0119pnych obecnie aplikacji do sekstowania. Aplikacja pozwala u\u017cytkownikom wysy\u0142a\u0107 i odbiera\u0107 wiadomo\u015bci i obrazy seksualne, a tak\u017ce \u0142\u0105czy\u0107 si\u0119 z [...]","og_url":"https:\/\/mmabay.co.uk\/pl\/sprawy-gorace\/","og_site_name":"Bay Reviews","twitter_card":"summary_large_image","twitter_misc":{"Szacowany czas czytania":"4 minuty"},"schema":{"@context":"https:\/\/schema.org","@graph":[{"@type":"WebSite","@id":"https:\/\/mmabay.co.uk\/pl\/#website","url":"https:\/\/mmabay.co.uk\/pl\/","name":"Bay Reviews","description":"Casual Hookup Finder","potentialAction":[{"@type":"SearchAction","target":{"@type":"EntryPoint","urlTemplate":"https:\/\/mmabay.co.uk\/pl\/?s={search_term_string}"},"query-input":"required name=search_term_string"}],"inLanguage":"pl-PL"},{"@type":"WebPage","@id":"https:\/\/mmabay.co.uk\/pl\/sprawy-gorace\/#webpage","url":"https:\/\/mmabay.co.uk\/pl\/sprawy-gorace\/","name":"Sprawy gor\u0105ce - Bay Reviews","isPartOf":{"@id":"https:\/\/mmabay.co.uk\/pl\/#website"},"datePublished":"2022-10-03T12:10:32+00:00","dateModified":"2022-10-03T12:10:32+00:00","breadcrumb":{"@id":"https:\/\/mmabay.co.uk\/pl\/sprawy-gorace\/#breadcrumb"},"inLanguage":"pl-PL","potentialAction":[{"@type":"ReadAction","target":["https:\/\/mmabay.co.uk\/pl\/sprawy-gorace\/"]}]},{"@type":"BreadcrumbList","@id":"https:\/\/mmabay.co.uk\/pl\/sprawy-gorace\/#breadcrumb","itemListElement":[{"@type":"ListItem","position":1,"name":"Home","item":"https:\/\/mmabay.co.uk\/pl\/"},{"@type":"ListItem","position":2,"name":"Sprawy gor\u0105ce"}]}]}},"_links":{"self":[{"href":"https:\/\/mmabay.co.uk\/pl\/wp-json\/wp\/v2\/pages\/183"}],"collection":[{"href":"https:\/\/mmabay.co.uk\/pl\/wp-json\/wp\/v2\/pages"}],"about":[{"href":"https:\/\/mmabay.co.uk\/pl\/wp-json\/wp\/v2\/types\/page"}],"author":[{"embeddable":true,"href":"https:\/\/mmabay.co.uk\/pl\/wp-json\/wp\/v2\/users\/1"}],"replies":[{"embeddable":true,"href":"https:\/\/mmabay.co.uk\/pl\/wp-json\/wp\/v2\/comments?post=183"}],"version-history":[{"count":0,"href":"https:\/\/mmabay.co.uk\/pl\/wp-json\/wp\/v2\/pages\/183\/revisions"}],"wp:attachment":[{"href":"https:\/\/mmabay.co.uk\/pl\/wp-json\/wp\/v2\/media?parent=183"}],"curies":[{"name":"wp","href":"https:\/\/api.w.org\/{rel}","templated":true}]}}