{"id":190,"date":"2022-10-03T13:10:53","date_gmt":"2022-10-03T12:10:53","guid":{"rendered":"http:\/\/mmabay.co.uk\/rubmapy\/"},"modified":"2022-10-03T13:10:53","modified_gmt":"2022-10-03T12:10:53","slug":"rubmapy","status":"publish","type":"page","link":"https:\/\/mmabay.co.uk\/pl\/rubmapy\/","title":{"rendered":"Rubmapy"},"content":{"rendered":"<p>Rubmaps to lokalna aplikacja randkowa, kt\u00f3ra pozwala u\u017cytkownikom znale\u017a\u0107 u\u017cytkownik\u00f3w Rubmaps w ich okolicy i rozmawia\u0107 z nimi. Aplikacja pozwala r\u00f3wnie\u017c u\u017cytkownikom udost\u0119pnia\u0107 swoj\u0105 lokalizacj\u0119 innym u\u017cytkownikom Rubmaps, dzi\u0119ki czemu mog\u0105 znale\u017a\u0107 lokalnych u\u017cytkownik\u00f3w Rubmaps do czatowania. Aplikacja jest dost\u0119pna za darmo w App Store i Google Play.<\/p>\n<h2>System dopasowywania<\/h2>\n<p>System dopasowywania Rubmaps to \u015bwietny spos\u00f3b na znalezienie potencjalnych dopasowa\u0144 do aplikacji randkowej. U\u017cywa r\u00f3\u017cnych kryteri\u00f3w do znajdowania dopasowa\u0144, w tym lokalizacji, wieku, p\u0142ci i zainteresowa\u0144. Mo\u017cesz tak\u017ce ustawi\u0107 w\u0142asne kryteria, takie jak odleg\u0142o\u015b\u0107 od siebie, przedzia\u0142 wiekowy i p\u0142e\u0107. Nast\u0119pnie system wyszuka dopasowania i dostarczy list\u0119 potencjalnych dopasowa\u0144.<\/p>\n<h2>Wybor\u00f3w<\/h2>\n<p>Dost\u0119pnych jest wiele aplikacji randkowych, kt\u00f3re zaspokajaj\u0105 r\u00f3\u017cne opcje Rubmaps. Niekt\u00f3re aplikacje s\u0105 przeznaczone dla okre\u015blonych odbiorc\u00f3w, podczas gdy inne s\u0105 bardziej og\u00f3lne. Niekt\u00f3re popularne aplikacje randkowe to Tinder, Bumble i Grindr. Ka\u017cda aplikacja ma swoje zalety i wady, dlatego wa\u017cne jest, aby wybra\u0107 t\u0119, kt\u00f3ra najlepiej odpowiada Twoim potrzebom. Tinder jest popularnym wyborem dla wielu os\u00f3b, poniewa\u017c jest \u0142atwy w u\u017cyciu i dost\u0119pnych jest wiele potencjalnych dopasowa\u0144. Jednak wa\u017cne jest, aby mie\u0107 \u015bwiadomo\u015b\u0107, \u017ce Tinder jest znany z tego, \u017ce jest aplikacj\u0105 do pod\u0142\u0105czania, wi\u0119c nie jest to najlepszy wyb\u00f3r, je\u015bli szukasz powa\u017cnego zwi\u0105zku. Bumble to kolejna popularna aplikacja randkowa, kt\u00f3ra jest podobna do Tindera, ale k\u0142adzie wi\u0119kszy nacisk na bezpiecze\u0144stwo i szacunek. Grindr to aplikacja randkowa zaprojektowana specjalnie dla os\u00f3b LGBTQ + i jest to \u015bwietny wyb\u00f3r, je\u015bli szukasz bezpiecznej i integracyjnej spo\u0142eczno\u015bci.<\/p>\n<h2>Bezpiecze\u0144stwo<\/h2>\n<p>Rubmaps to aplikacja randkowa, kt\u00f3ra pozwala u\u017cytkownikom <a href=\"http:\/\/mmabay.co.uk\/heatedaffairs\/\">znale\u017a\u0107 potencjalne dopasowania<\/a> w ich okolicy. Aplikacja jest bezp\u0142atna do pobrania i u\u017cytkowania i jest dost\u0119pna zar\u00f3wno dla urz\u0105dze\u0144 z systemem iOS, jak i Android. Rubmaps to bezpieczny spos\u00f3b na poznawanie nowych ludzi i jest to jedna z najpopularniejszych aplikacji randkowych na \u015bwiecie. Ponad 50 milion\u00f3w ludzi skorzysta\u0142o z Rubmaps, aby znale\u017a\u0107 dopasowanie, a aplikacja ma ocen\u0119 4,5 gwiazdki w App Store. Rubmaps to \u015bwietny spos\u00f3b na poznanie nowych ludzi i bezpieczny spos\u00f3b na znalezienie dopasowania.<\/p>\n<h2>Koszty cz\u0142onkostwa<\/h2>\n<p>Zak\u0142adaj\u0105c, \u017ce odnosisz si\u0119 do strony Internetowej Rubmaps, miesi\u0119czne cz\u0142onkostwo kosztuje 15,95 USD. Istnieje jednak r\u00f3wnie\u017c trzydniowy okres pr\u00f3bny dost\u0119pny za 4,95 USD. Rubmaps to zasadniczo katalog salon\u00f3w masa\u017cu, kt\u00f3re zosta\u0142y sprawdzone przez u\u017cytkownik\u00f3w witryny. Recenzje zawieraj\u0105 informacje o jako\u015bci masa\u017cu, cenie i og\u00f3lnym do\u015bwiadczeniu. Opr\u00f3cz recenzji, Rubmaps oferuje r\u00f3wnie\u017c forum, na kt\u00f3rym u\u017cytkownicy mog\u0105 dyskutowa\u0107 o swoich do\u015bwiadczeniach.<\/p>\n<h2>Profil i rejestracja<\/h2>\n<p>Rubmaps to popularna aplikacja randkowa, kt\u00f3ra pozwala u\u017cytkownikom znale\u017a\u0107 potencjalne dopasowania na podstawie ich lokalizacji. Aplikacja zawiera r\u00f3wnie\u017c funkcj\u0119 przesy\u0142ania wiadomo\u015bci, kt\u00f3ra u\u0142atwia u\u017cytkownikom \u0142\u0105czenie si\u0119 ze sob\u0105. Jednak aby korzysta\u0107 z aplikacji, u\u017cytkownicy musz\u0105 utworzy\u0107 profil i za\u0142o\u017cy\u0107 konto. Proces jest prosty i bezpo\u015bredni, a jego uko\u0144czenie zajmuje tylko kilka minut. Po zarejestrowaniu si\u0119 u\u017cytkownicy mog\u0105 rozpocz\u0105\u0107 przegl\u0105danie potencjalnych dopasowa\u0144. Je\u015bli znajd\u0105 kogo\u015b, kto ich interesuje, mog\u0105 wys\u0142a\u0107 wiadomo\u015b\u0107 i rozpocz\u0105\u0107 rozmow\u0119. Aplikacja jest bezp\u0142atna do pobrania i u\u017cytkowania i jest dost\u0119pna zar\u00f3wno dla urz\u0105dze\u0144 z systemem iOS, jak i Android.<\/p>\n<h2>Alternatywy dla Rubmaps<\/h2>\n<p>Istnieje kilka alternatyw dla Rubmaps, je\u015bli szukasz aplikacji randkowej. Jedn\u0105 z opcji jest skorzystanie z tradycyjnego serwisu randkowego, takiego jak Match.com lub eHarmony. Witryny te wymagaj\u0105 utworzenia profilu i odpowiedzi na pytania dotycz\u0105ce siebie, kt\u00f3re mo\u017cna wykorzysta\u0107 do dopasowania potencjalnych dat.<\/p>\n<p>Inn\u0105 opcj\u0105 jest skorzystanie z mobilnej aplikacji randkowej, takiej jak Tinder lub Bumble. Te aplikacje umo\u017cliwiaj\u0105 przegl\u0105danie profili innych u\u017cytkownik\u00f3w w Twojej okolicy i przesuwanie palcem w prawo, je\u015bli jeste\u015b kim\u015b zainteresowany. Je\u015bli r\u00f3wnie\u017c przesun\u0105 palcem w prawo na Ciebie, jeste\u015b dopasowany i mo\u017cesz rozmawia\u0107 ze sob\u0105.<\/p>\n<p>Na koniec mo\u017cesz spr\u00f3bowa\u0107 skorzysta\u0107 z internetowego serwisu randkowego specjalnie dla masa\u017cyst\u00f3w. Strony te mog\u0105 pom\u00f3c Ci po\u0142\u0105czy\u0107 si\u0119 z innymi masa\u017cystami w Twojej okolicy, kt\u00f3rzy mog\u0105 by\u0107 zainteresowani randkami.<\/p>\n<h2>Czy Rubmaps jest tego warte?<\/h2>\n<p>Je\u015bli szukasz aplikacji randkowej, kt\u00f3ra pozwala po\u0142\u0105czy\u0107 si\u0119 z innymi u\u017cytkownikami w Twojej okolicy, Rubmaps jest zdecydowanie wart swojej ceny. Aplikacja jest \u0142atwa w u\u017cyciu i jest \u015bwietnym sposobem na poznanie nowych ludzi w Twojej okolicy. Pami\u0119taj jednak, \u017ce Rubmaps to aplikacja do pod\u0142\u0105czania, wi\u0119c je\u015bli szukasz powa\u017cnego zwi\u0105zku, mo\u017ce to nie by\u0107 aplikacja dla Ciebie.<\/p>\n","protected":false},"excerpt":{"rendered":"<div class=\"mh-excerpt\"><p>Rubmaps to lokalna aplikacja randkowa, kt\u00f3ra pozwala u\u017cytkownikom znale\u017a\u0107 u\u017cytkownik\u00f3w Rubmaps w ich okolicy i rozmawia\u0107 z nimi. Aplikacja pozwala r\u00f3wnie\u017c u\u017cytkownikom udost\u0119pnia\u0107 swoj\u0105 lokalizacj\u0119 <a class=\"mh-excerpt-more\" href=\"https:\/\/mmabay.co.uk\/pl\/rubmapy\/\" title=\"Rubmapy\">[&#8230;]<\/a><\/p>\n<\/div>","protected":false},"author":1,"featured_media":0,"parent":0,"menu_order":0,"comment_status":"closed","ping_status":"closed","template":"","meta":[],"yoast_head":"<!-- This site is optimized with the Yoast SEO plugin v17.7.1 - https:\/\/yoast.com\/wordpress\/plugins\/seo\/ -->\n<title>Rubmapy - Bay Reviews<\/title>\n<meta name=\"robots\" content=\"index, follow, max-snippet:-1, max-image-preview:large, max-video-preview:-1\" \/>\n<link rel=\"canonical\" href=\"https:\/\/mmabay.co.uk\/pl\/rubmapy\/\" \/>\n<meta property=\"og:locale\" content=\"pl_PL\" \/>\n<meta property=\"og:type\" content=\"article\" \/>\n<meta property=\"og:title\" content=\"Rubmapy - Bay Reviews\" \/>\n<meta property=\"og:description\" content=\"Rubmaps to lokalna aplikacja randkowa, kt\u00f3ra pozwala u\u017cytkownikom znale\u017a\u0107 u\u017cytkownik\u00f3w Rubmaps w ich okolicy i rozmawia\u0107 z nimi. Aplikacja pozwala r\u00f3wnie\u017c u\u017cytkownikom udost\u0119pnia\u0107 swoj\u0105 lokalizacj\u0119 [...]\" \/>\n<meta property=\"og:url\" content=\"https:\/\/mmabay.co.uk\/pl\/rubmapy\/\" \/>\n<meta property=\"og:site_name\" content=\"Bay Reviews\" \/>\n<meta name=\"twitter:card\" content=\"summary_large_image\" \/>\n<meta name=\"twitter:label1\" content=\"Szacowany czas czytania\" \/>\n\t<meta name=\"twitter:data1\" content=\"4 minuty\" \/>\n<script type=\"application\/ld+json\" class=\"yoast-schema-graph\">{\"@context\":\"https:\/\/schema.org\",\"@graph\":[{\"@type\":\"WebSite\",\"@id\":\"https:\/\/mmabay.co.uk\/pl\/#website\",\"url\":\"https:\/\/mmabay.co.uk\/pl\/\",\"name\":\"Bay Reviews\",\"description\":\"Casual Hookup Finder\",\"potentialAction\":[{\"@type\":\"SearchAction\",\"target\":{\"@type\":\"EntryPoint\",\"urlTemplate\":\"https:\/\/mmabay.co.uk\/pl\/?s={search_term_string}\"},\"query-input\":\"required name=search_term_string\"}],\"inLanguage\":\"pl-PL\"},{\"@type\":\"WebPage\",\"@id\":\"https:\/\/mmabay.co.uk\/pl\/rubmapy\/#webpage\",\"url\":\"https:\/\/mmabay.co.uk\/pl\/rubmapy\/\",\"name\":\"Rubmapy - Bay Reviews\",\"isPartOf\":{\"@id\":\"https:\/\/mmabay.co.uk\/pl\/#website\"},\"datePublished\":\"2022-10-03T12:10:53+00:00\",\"dateModified\":\"2022-10-03T12:10:53+00:00\",\"breadcrumb\":{\"@id\":\"https:\/\/mmabay.co.uk\/pl\/rubmapy\/#breadcrumb\"},\"inLanguage\":\"pl-PL\",\"potentialAction\":[{\"@type\":\"ReadAction\",\"target\":[\"https:\/\/mmabay.co.uk\/pl\/rubmapy\/\"]}]},{\"@type\":\"BreadcrumbList\",\"@id\":\"https:\/\/mmabay.co.uk\/pl\/rubmapy\/#breadcrumb\",\"itemListElement\":[{\"@type\":\"ListItem\",\"position\":1,\"name\":\"Home\",\"item\":\"https:\/\/mmabay.co.uk\/pl\/\"},{\"@type\":\"ListItem\",\"position\":2,\"name\":\"Rubmapy\"}]}]}<\/script>\n<!-- \/ Yoast SEO plugin. -->","yoast_head_json":{"title":"Rubmapy - Bay Reviews","robots":{"index":"index","follow":"follow","max-snippet":"max-snippet:-1","max-image-preview":"max-image-preview:large","max-video-preview":"max-video-preview:-1"},"canonical":"https:\/\/mmabay.co.uk\/pl\/rubmapy\/","og_locale":"pl_PL","og_type":"article","og_title":"Rubmapy - Bay Reviews","og_description":"Rubmaps to lokalna aplikacja randkowa, kt\u00f3ra pozwala u\u017cytkownikom znale\u017a\u0107 u\u017cytkownik\u00f3w Rubmaps w ich okolicy i rozmawia\u0107 z nimi. Aplikacja pozwala r\u00f3wnie\u017c u\u017cytkownikom udost\u0119pnia\u0107 swoj\u0105 lokalizacj\u0119 [...]","og_url":"https:\/\/mmabay.co.uk\/pl\/rubmapy\/","og_site_name":"Bay Reviews","twitter_card":"summary_large_image","twitter_misc":{"Szacowany czas czytania":"4 minuty"},"schema":{"@context":"https:\/\/schema.org","@graph":[{"@type":"WebSite","@id":"https:\/\/mmabay.co.uk\/pl\/#website","url":"https:\/\/mmabay.co.uk\/pl\/","name":"Bay Reviews","description":"Casual Hookup Finder","potentialAction":[{"@type":"SearchAction","target":{"@type":"EntryPoint","urlTemplate":"https:\/\/mmabay.co.uk\/pl\/?s={search_term_string}"},"query-input":"required name=search_term_string"}],"inLanguage":"pl-PL"},{"@type":"WebPage","@id":"https:\/\/mmabay.co.uk\/pl\/rubmapy\/#webpage","url":"https:\/\/mmabay.co.uk\/pl\/rubmapy\/","name":"Rubmapy - Bay Reviews","isPartOf":{"@id":"https:\/\/mmabay.co.uk\/pl\/#website"},"datePublished":"2022-10-03T12:10:53+00:00","dateModified":"2022-10-03T12:10:53+00:00","breadcrumb":{"@id":"https:\/\/mmabay.co.uk\/pl\/rubmapy\/#breadcrumb"},"inLanguage":"pl-PL","potentialAction":[{"@type":"ReadAction","target":["https:\/\/mmabay.co.uk\/pl\/rubmapy\/"]}]},{"@type":"BreadcrumbList","@id":"https:\/\/mmabay.co.uk\/pl\/rubmapy\/#breadcrumb","itemListElement":[{"@type":"ListItem","position":1,"name":"Home","item":"https:\/\/mmabay.co.uk\/pl\/"},{"@type":"ListItem","position":2,"name":"Rubmapy"}]}]}},"_links":{"self":[{"href":"https:\/\/mmabay.co.uk\/pl\/wp-json\/wp\/v2\/pages\/190"}],"collection":[{"href":"https:\/\/mmabay.co.uk\/pl\/wp-json\/wp\/v2\/pages"}],"about":[{"href":"https:\/\/mmabay.co.uk\/pl\/wp-json\/wp\/v2\/types\/page"}],"author":[{"embeddable":true,"href":"https:\/\/mmabay.co.uk\/pl\/wp-json\/wp\/v2\/users\/1"}],"replies":[{"embeddable":true,"href":"https:\/\/mmabay.co.uk\/pl\/wp-json\/wp\/v2\/comments?post=190"}],"version-history":[{"count":0,"href":"https:\/\/mmabay.co.uk\/pl\/wp-json\/wp\/v2\/pages\/190\/revisions"}],"wp:attachment":[{"href":"https:\/\/mmabay.co.uk\/pl\/wp-json\/wp\/v2\/media?parent=190"}],"curies":[{"name":"wp","href":"https:\/\/api.w.org\/{rel}","templated":true}]}}