{"id":193,"date":"2022-10-03T13:09:41","date_gmt":"2022-10-03T12:09:41","guid":{"rendered":"http:\/\/mmabay.co.uk\/podwojna-lista\/"},"modified":"2022-10-03T13:09:41","modified_gmt":"2022-10-03T12:09:41","slug":"podwojna-lista","status":"publish","type":"page","link":"https:\/\/mmabay.co.uk\/pl\/podwojna-lista\/","title":{"rendered":"Podw\u00f3jna lista"},"content":{"rendered":"<p>Na scenie pojawi\u0142a si\u0119 nowa aplikacja randkowa o nazwie DoubleList. W przeciwie\u0144stwie do innych aplikacji randkowych, DoubleList jest specjalnie zaprojektowany dla os\u00f3b, kt\u00f3re szukaj\u0105 seksu NSA (bez \u017cadnych zobowi\u0105za\u0144).<\/p>\n<p>Je\u015bli jeste\u015b zm\u0119czony przesuwaniem w lewo i w prawo, tylko po to, aby rozczarowa\u0107 si\u0119 wynikami, warto sprawdzi\u0107 DoubleList. Aplikacja jest wci\u0105\u017c na wczesnym etapie, ale ju\u017c zyska\u0142a du\u017c\u0105 trakcj\u0119 w\u015br\u00f3d u\u017cytkownik\u00f3w, kt\u00f3rzy szukaj\u0105 czego\u015b nieco innego. Tak wi\u0119c, je\u015bli jeste\u015b zainteresowany odkrywaniem swojej seksualno\u015bci bez \u017cadnych zobowi\u0105za\u0144, DoubleList mo\u017ce by\u0107 po prostu aplikacj\u0105 dla Ciebie.<\/p>\n<h2>Funkcje aplikacji<\/h2>\n<p>DoubleList to nowa aplikacja randkowa, kt\u00f3ra pozwala u\u017cytkownikom <a href=\"http:\/\/mmabay.co.uk\/xpickup\/\">znale\u017a\u0107 dopasowania na podstawie ich lokalizacji i zainteresowa\u0144<\/a>. Aplikacja pozwala r\u00f3wnie\u017c u\u017cytkownikom skonfigurowa\u0107 profil i dodawa\u0107 zdj\u0119cia, aby potencjalne dopasowania mog\u0142y dowiedzie\u0107 si\u0119 o nich wi\u0119cej. Jedn\u0105 z unikalnych cech DoubleList jest mo\u017cliwo\u015b\u0107 zobaczenia, kto Ci\u0119 polubi\u0142, zanim jeszcze si\u0119 z nimi dopasujesz. Oznacza to, \u017ce mo\u017cesz zacz\u0105\u0107 rozmawia\u0107 z kim\u015b od razu, bez konieczno\u015bci czekania, a\u017c ci\u0119 polubi. DoubleList to tak\u017ce jedna z niewielu aplikacji randkowych, kt\u00f3ra pozwala u\u017cytkownikom wyszukiwa\u0107 dopasowania wed\u0142ug s\u0142\u00f3w kluczowych, dzi\u0119ki czemu mo\u017cesz znale\u017a\u0107 kogo\u015b, kto podziela Twoje zainteresowania. Aplikacja jest bezp\u0142atna do pobrania i u\u017cywania i jest dost\u0119pna zar\u00f3wno na iOS, jak i Androida.<\/p>\n<h2>Tw\u00f3j wyb\u00f3r<\/h2>\n<p>Nie ma w\u0105tpliwo\u015bci, \u017ce aplikacje randkowe zmieni\u0142y spos\u00f3b, w jaki si\u0119 spotykamy. Nie jeste\u015bmy ju\u017c ograniczeni do spotkania z kim\u015b w barze lub przez wsp\u00f3lnego przyjaciela. Teraz mo\u017cemy po prostu przesun\u0105\u0107 palcem w prawo, aby po\u0142\u0105czy\u0107 si\u0119 z kim\u015b, kto wpadnie nam w oko.<\/p>\n<p>Ale przy tak wielu aplikacjach randkowych do wyboru mo\u017ce by\u0107 trudno wiedzie\u0107, kt\u00f3ra z nich jest dla Ciebie odpowiednia. Dlatego stworzyli\u015bmy list\u0119 najlepszych aplikacji randkowych, aby\u015b m\u00f3g\u0142 podj\u0105\u0107 \u015bwiadom\u0105 decyzj\u0119, kt\u00f3ra aplikacja jest dla Ciebie odpowiednia. Je\u015bli szukasz powa\u017cnego zwi\u0105zku, polecamy eHarmony. Ta aplikacja zosta\u0142a zaprojektowana, aby pom\u00f3c Ci znale\u017a\u0107 d\u0142ugoterminowego partnera i jest to jedna z najpopularniejszych aplikacji randkowych. Je\u015bli szukasz czego\u015b nieco bardziej swobodnego, polecamy Tindera. Ta aplikacja jest idealna dla os\u00f3b, kt\u00f3re szukaj\u0105 tylko szybkiego po\u0142\u0105czenia.<\/p>\n<p>A je\u015bli szukasz czego\u015b pomi\u0119dzy, polecamy DoubleList!<\/p>\n<h2>Koszty premium<\/h2>\n<p>DoubleList to aplikacja randkowa, kt\u00f3ra pozwala u\u017cytkownikom \u0142\u0105czy\u0107 si\u0119 ze sob\u0105 z r\u00f3\u017cnych powod\u00f3w, w tym randek, pod\u0142\u0105czania si\u0119 lub po prostu nawi\u0105zywania nowych znajomo\u015bci. Aplikacja jest bezp\u0142atna do pobrania i u\u017cywania, ale oferuje r\u00f3wnie\u017c subskrypcj\u0119 premium, kt\u00f3ra daje u\u017cytkownikom dost\u0119p do dodatkowych funkcji, takich jak zaawansowane opcje wyszukiwania i mo\u017cliwo\u015b\u0107 zobaczenia, kto przegl\u0105da\u0142 Tw\u00f3j profil. Subskrypcja premium kosztuje 9,99 USD miesi\u0119cznie i jest automatycznie odnawiana co miesi\u0105c, chyba \u017ce j\u0105 anulujesz. Aplikacja pozwala r\u00f3wnie\u017c u\u017cytkownikom za\u0142o\u017cy\u0107 konto i zalogowa\u0107 si\u0119. Aplikacja ma prosty interfejs i jest \u0142atwa w u\u017cyciu. DoubleList to \u015bwietna aplikacja do poznawania nowych ludzi i \u0142\u0105czenia si\u0119 z innymi u\u017cytkownikami.<\/p>\n<h2>Alternatywy dla DoubleList<\/h2>\n<p>Istnieje wiele alternatyw dla DoubleList dla os\u00f3b szukaj\u0105cych aplikacji randkowej. Niekt\u00f3re z nich to Tinder, Bumble, OkCupid i Match.com. Wszystkie te aplikacje maj\u0105 swoje unikalne funkcje i s\u0105 przeznaczone dla r\u00f3\u017cnych odbiorc\u00f3w. Na przyk\u0142ad Tinder jest jedn\u0105 z najpopularniejszych aplikacji randkowych i jest znany z funkcji przesuwania. Bumble to kolejna popularna aplikacja, kt\u00f3ra pozwala kobietom wykona\u0107 pierwszy ruch. OkCupid to bezp\u0142atna aplikacja znana z dog\u0142\u0119bnych profili i Match.com jest p\u0142atn\u0105 aplikacj\u0105, kt\u00f3ra jest uwa\u017cana za powa\u017cniejsz\u0105.<\/p>\n<h2>Bezpiecze\u0144stwo<\/h2>\n<p>Je\u015bli chodzi o randki online, bezpiecze\u0144stwo jest zawsze powa\u017cnym problemem. Mo\u017cesz jednak mie\u0107 pewno\u015b\u0107, \u017ce DoubleList to bezpieczna aplikacja randkowa. Wszystkie Twoje dane osobowe s\u0105 chronione, a aplikacja wykorzystuje szyfrowanie SSL, aby zapewni\u0107 bezpiecze\u0144stwo Twoich danych. Ponadto DoubleList zatrudnia zesp\u00f3\u0142 ekspert\u00f3w ds. Bezpiecze\u0144stwa, kt\u00f3rzy zawsze pracuj\u0105 nad zapewnieniem bezpiecze\u0144stwa aplikacji. Mo\u017cesz wi\u0119c skupi\u0107 si\u0119 na znalezieniu idealnego dopasowania, nie martwi\u0105c si\u0119 o swoje bezpiecze\u0144stwo.<\/p>\n<h2>Czy DoubleList jest tego wart?<\/h2>\n<p>Istnieje wiele aplikacji randkowych, wi\u0119c mo\u017ce by\u0107 trudno zdecydowa\u0107, na kt\u00f3r\u0105 z nich wyda\u0107 pieni\u0105dze. Je\u015bli rozwa\u017casz DoubleList, warto wzi\u0105\u0107 pod uwag\u0119 koszt. Miesi\u0119czna subskrypcja aplikacji kosztuje 9,99 USD, co nie jest takie z\u0142e. Jednak musisz r\u00f3wnie\u017c zap\u0142aci\u0107 0,99 USD za wys\u0142an\u0105 wiadomo\u015b\u0107, co mo\u017ce si\u0119 sumowa\u0107, je\u015bli jeste\u015b ci\u0119\u017ckim u\u017cytkownikiem.<\/p>\n<p>Czy DoubleList jest wart swojej ceny? To zale\u017cy od tego, jak go u\u017cywasz. Je\u015bli jeste\u015b zwyk\u0142ym u\u017cytkownikiem, kt\u00f3ry wysy\u0142a tylko kilka wiadomo\u015bci miesi\u0119cznie, prawdopodobnie nie jest tego wart. Je\u015bli jednak jeste\u015b ci\u0119\u017ckim u\u017cytkownikiem, kt\u00f3ry wysy\u0142a wiele wiadomo\u015bci, mo\u017ce to by\u0107 warte swojej ceny.<\/p>\n","protected":false},"excerpt":{"rendered":"<div class=\"mh-excerpt\"><p>Na scenie pojawi\u0142a si\u0119 nowa aplikacja randkowa o nazwie DoubleList. W przeciwie\u0144stwie do innych aplikacji randkowych, DoubleList jest specjalnie zaprojektowany dla os\u00f3b, kt\u00f3re szukaj\u0105 seksu <a class=\"mh-excerpt-more\" href=\"https:\/\/mmabay.co.uk\/pl\/podwojna-lista\/\" title=\"Podw\u00f3jna lista\">[&#8230;]<\/a><\/p>\n<\/div>","protected":false},"author":1,"featured_media":0,"parent":0,"menu_order":0,"comment_status":"closed","ping_status":"closed","template":"","meta":[],"yoast_head":"<!-- This site is optimized with the Yoast SEO plugin v17.7.1 - https:\/\/yoast.com\/wordpress\/plugins\/seo\/ -->\n<title>Podw\u00f3jna lista - Bay Reviews<\/title>\n<meta name=\"robots\" content=\"index, follow, max-snippet:-1, max-image-preview:large, max-video-preview:-1\" \/>\n<link rel=\"canonical\" href=\"https:\/\/mmabay.co.uk\/pl\/podwojna-lista\/\" \/>\n<meta property=\"og:locale\" content=\"pl_PL\" \/>\n<meta property=\"og:type\" content=\"article\" \/>\n<meta property=\"og:title\" content=\"Podw\u00f3jna lista - Bay Reviews\" \/>\n<meta property=\"og:description\" content=\"Na scenie pojawi\u0142a si\u0119 nowa aplikacja randkowa o nazwie DoubleList. W przeciwie\u0144stwie do innych aplikacji randkowych, DoubleList jest specjalnie zaprojektowany dla os\u00f3b, kt\u00f3re szukaj\u0105 seksu [...]\" \/>\n<meta property=\"og:url\" content=\"https:\/\/mmabay.co.uk\/pl\/podwojna-lista\/\" \/>\n<meta property=\"og:site_name\" content=\"Bay Reviews\" \/>\n<meta name=\"twitter:card\" content=\"summary_large_image\" \/>\n<meta name=\"twitter:label1\" content=\"Szacowany czas czytania\" \/>\n\t<meta name=\"twitter:data1\" content=\"4 minuty\" \/>\n<script type=\"application\/ld+json\" class=\"yoast-schema-graph\">{\"@context\":\"https:\/\/schema.org\",\"@graph\":[{\"@type\":\"WebSite\",\"@id\":\"https:\/\/mmabay.co.uk\/pl\/#website\",\"url\":\"https:\/\/mmabay.co.uk\/pl\/\",\"name\":\"Bay Reviews\",\"description\":\"Casual Hookup Finder\",\"potentialAction\":[{\"@type\":\"SearchAction\",\"target\":{\"@type\":\"EntryPoint\",\"urlTemplate\":\"https:\/\/mmabay.co.uk\/pl\/?s={search_term_string}\"},\"query-input\":\"required name=search_term_string\"}],\"inLanguage\":\"pl-PL\"},{\"@type\":\"WebPage\",\"@id\":\"https:\/\/mmabay.co.uk\/pl\/podwojna-lista\/#webpage\",\"url\":\"https:\/\/mmabay.co.uk\/pl\/podwojna-lista\/\",\"name\":\"Podw\\u00f3jna lista - Bay Reviews\",\"isPartOf\":{\"@id\":\"https:\/\/mmabay.co.uk\/pl\/#website\"},\"datePublished\":\"2022-10-03T12:09:41+00:00\",\"dateModified\":\"2022-10-03T12:09:41+00:00\",\"breadcrumb\":{\"@id\":\"https:\/\/mmabay.co.uk\/pl\/podwojna-lista\/#breadcrumb\"},\"inLanguage\":\"pl-PL\",\"potentialAction\":[{\"@type\":\"ReadAction\",\"target\":[\"https:\/\/mmabay.co.uk\/pl\/podwojna-lista\/\"]}]},{\"@type\":\"BreadcrumbList\",\"@id\":\"https:\/\/mmabay.co.uk\/pl\/podwojna-lista\/#breadcrumb\",\"itemListElement\":[{\"@type\":\"ListItem\",\"position\":1,\"name\":\"Home\",\"item\":\"https:\/\/mmabay.co.uk\/pl\/\"},{\"@type\":\"ListItem\",\"position\":2,\"name\":\"Podw\\u00f3jna lista\"}]}]}<\/script>\n<!-- \/ Yoast SEO plugin. -->","yoast_head_json":{"title":"Podw\u00f3jna lista - Bay Reviews","robots":{"index":"index","follow":"follow","max-snippet":"max-snippet:-1","max-image-preview":"max-image-preview:large","max-video-preview":"max-video-preview:-1"},"canonical":"https:\/\/mmabay.co.uk\/pl\/podwojna-lista\/","og_locale":"pl_PL","og_type":"article","og_title":"Podw\u00f3jna lista - Bay Reviews","og_description":"Na scenie pojawi\u0142a si\u0119 nowa aplikacja randkowa o nazwie DoubleList. W przeciwie\u0144stwie do innych aplikacji randkowych, DoubleList jest specjalnie zaprojektowany dla os\u00f3b, kt\u00f3re szukaj\u0105 seksu [...]","og_url":"https:\/\/mmabay.co.uk\/pl\/podwojna-lista\/","og_site_name":"Bay Reviews","twitter_card":"summary_large_image","twitter_misc":{"Szacowany czas czytania":"4 minuty"},"schema":{"@context":"https:\/\/schema.org","@graph":[{"@type":"WebSite","@id":"https:\/\/mmabay.co.uk\/pl\/#website","url":"https:\/\/mmabay.co.uk\/pl\/","name":"Bay Reviews","description":"Casual Hookup Finder","potentialAction":[{"@type":"SearchAction","target":{"@type":"EntryPoint","urlTemplate":"https:\/\/mmabay.co.uk\/pl\/?s={search_term_string}"},"query-input":"required name=search_term_string"}],"inLanguage":"pl-PL"},{"@type":"WebPage","@id":"https:\/\/mmabay.co.uk\/pl\/podwojna-lista\/#webpage","url":"https:\/\/mmabay.co.uk\/pl\/podwojna-lista\/","name":"Podw\u00f3jna lista - Bay Reviews","isPartOf":{"@id":"https:\/\/mmabay.co.uk\/pl\/#website"},"datePublished":"2022-10-03T12:09:41+00:00","dateModified":"2022-10-03T12:09:41+00:00","breadcrumb":{"@id":"https:\/\/mmabay.co.uk\/pl\/podwojna-lista\/#breadcrumb"},"inLanguage":"pl-PL","potentialAction":[{"@type":"ReadAction","target":["https:\/\/mmabay.co.uk\/pl\/podwojna-lista\/"]}]},{"@type":"BreadcrumbList","@id":"https:\/\/mmabay.co.uk\/pl\/podwojna-lista\/#breadcrumb","itemListElement":[{"@type":"ListItem","position":1,"name":"Home","item":"https:\/\/mmabay.co.uk\/pl\/"},{"@type":"ListItem","position":2,"name":"Podw\u00f3jna lista"}]}]}},"_links":{"self":[{"href":"https:\/\/mmabay.co.uk\/pl\/wp-json\/wp\/v2\/pages\/193"}],"collection":[{"href":"https:\/\/mmabay.co.uk\/pl\/wp-json\/wp\/v2\/pages"}],"about":[{"href":"https:\/\/mmabay.co.uk\/pl\/wp-json\/wp\/v2\/types\/page"}],"author":[{"embeddable":true,"href":"https:\/\/mmabay.co.uk\/pl\/wp-json\/wp\/v2\/users\/1"}],"replies":[{"embeddable":true,"href":"https:\/\/mmabay.co.uk\/pl\/wp-json\/wp\/v2\/comments?post=193"}],"version-history":[{"count":0,"href":"https:\/\/mmabay.co.uk\/pl\/wp-json\/wp\/v2\/pages\/193\/revisions"}],"wp:attachment":[{"href":"https:\/\/mmabay.co.uk\/pl\/wp-json\/wp\/v2\/media?parent=193"}],"curies":[{"name":"wp","href":"https:\/\/api.w.org\/{rel}","templated":true}]}}