{"id":205,"date":"2022-10-03T13:08:39","date_gmt":"2022-10-03T12:08:39","guid":{"rendered":"http:\/\/mmabay.co.uk\/onebbw\/"},"modified":"2022-10-03T13:08:39","modified_gmt":"2022-10-03T12:08:39","slug":"onebbw","status":"publish","type":"page","link":"https:\/\/mmabay.co.uk\/pl\/onebbw\/","title":{"rendered":"OneBBW"},"content":{"rendered":"<p>OneBBW to przewodnik seksualny, kt\u00f3ry pomaga kobietom plus size <a href=\"http:\/\/mmabay.co.uk\/kasual\/\">znale\u017a\u0107 partner\u00f3w seksualnych<\/a>. Aplikacja zapewnia bezpieczne \u015brodowisko dla u\u017cytkownik\u00f3w do \u0142\u0105czenia si\u0119 i czatowania. OneBBW oferuje r\u00f3wnie\u017c funkcj\u0119 randkow\u0105, kt\u00f3ra pozwala u\u017cytkownikom znale\u017a\u0107 dopasowania na podstawie ich lokalizacji i zainteresowa\u0144. Aplikacja jest bezp\u0142atna do pobrania i u\u017cytkowania i jest dost\u0119pna na urz\u0105dzenia z systemem iOS i Android.<\/p>\n<h2>Typ funkcji<\/h2>\n<p>OneBBW to aplikacja randkowa zaprojektowana specjalnie dla os\u00f3b plus size i ich wielbicieli. OneBBW oferuje wiele funkcji, kt\u00f3re zaspokajaj\u0105 unikalne potrzeby i pragnienia u\u017cytkownik\u00f3w. Niekt\u00f3re z tych funkcji obejmuj\u0105 &#8222;t\u0142ust\u0105&#8221; przestrze\u0144 dla u\u017cytkownik\u00f3w, aby mogli si\u0119 ze sob\u0105 po\u0142\u0105czy\u0107, a tak\u017ce r\u00f3\u017cnorodne filtry specyficzne dla typu cia\u0142a i rozmiaru, aby pom\u00f3c u\u017cytkownikom znale\u017a\u0107 idealne dopasowanie. OneBBW oferuje r\u00f3wnie\u017c funkcj\u0119 &#8222;dopasowywania&#8221;, kt\u00f3ra pozwala u\u017cytkownikom by\u0107 dopasowanym do potencjalnych partner\u00f3w na podstawie ich odpowiedzi na seri\u0119 pyta\u0144. Ta funkcja pomaga zapewni\u0107, \u017ce u\u017cytkownicy s\u0105 dopasowani do os\u00f3b, kt\u00f3re s\u0105 z nimi zgodne pod wzgl\u0119dem zainteresowa\u0144, warto\u015bci i stylu \u017cycia.<\/p>\n<h2>Opcje cz\u0142onkostwa<\/h2>\n<p>OneBBW oferuje kilka opcji cz\u0142onkostwa dostosowanych do Twoich potrzeb. Mo\u017cesz zarejestrowa\u0107 si\u0119 w celu uzyskania bezp\u0142atnego cz\u0142onkostwa, kt\u00f3re daje ograniczony dost\u0119p do witryny, lub mo\u017cesz uaktualni\u0107 do p\u0142atnego cz\u0142onkostwa, aby uzyska\u0107 pe\u0142ny dost\u0119p. P\u0142atne cz\u0142onkostwo zaczyna si\u0119 od 9,99 USD miesi\u0119cznie i mo\u017cesz zap\u0142aci\u0107 za 1, 3, 6 lub 12 miesi\u0119cy z g\u00f3ry. Dzi\u0119ki p\u0142atnemu cz\u0142onkostwu b\u0119dziesz mie\u0107 dost\u0119p do wszystkich funkcji witryny, w tym wiadomo\u015bci, wyszukiwania i zaawansowanego dopasowywania. Mo\u017cesz tak\u017ce przej\u015b\u0107 na cz\u0142onkostwo VIP, kt\u00f3re zapewnia jeszcze wi\u0119cej funkcji, takich jak priorytetowa obs\u0142uga klienta i prywatny system przesy\u0142ania wiadomo\u015bci.<\/p>\n<p>OneBBW to popularna aplikacja randkowa dla kr\u0105g\u0142ych kobiet i m\u0119\u017cczyzn, kt\u00f3rzy je kochaj\u0105. Aplikacja ma prosty, prosty system rozliczeniowy, kt\u00f3ry u\u0142atwia \u015bledzenie wydatk\u00f3w. Mo\u017cesz zap\u0142aci\u0107 za cz\u0142onkostwo za pomoc\u0105 PayPal lub karty kredytowej i mo\u017cesz anulowa\u0107 cz\u0142onkostwo w dowolnym momencie. OneBBW oferuje r\u00f3wnie\u017c wiele opcji cz\u0142onkostwa, dzi\u0119ki czemu mo\u017cesz wybra\u0107 plan, kt\u00f3ry najlepiej odpowiada Twoim potrzebom.<\/p>\n<h2>Profil i zarejestruj si\u0119<\/h2>\n<p>Je\u015bli szukasz aplikacji, kt\u00f3ra specjalnie zaspokaja potrzeby singli w du\u017cych rozmiarach, b\u0119dziesz chcia\u0142 sprawdzi\u0107 OneBBW. Proces rejestracji jest szybki i \u0142atwy, a ty mo\u017cesz od razu rozpocz\u0105\u0107 przegl\u0105danie profili. OneBBW ma r\u00f3wnie\u017c \u015bwietn\u0105 funkcj\u0119 wyszukiwania, dzi\u0119ki czemu mo\u017cesz \u0142atwo znale\u017a\u0107 potencjalne dopasowania na podstawie swoich preferencji. Ponadto aplikacja jest bezp\u0142atna do pobrania i u\u017cywania, dzi\u0119ki czemu mo\u017cesz j\u0105 wypr\u00f3bowa\u0107 bez wydawania pieni\u0119dzy.<\/p>\n<h2>Strony takie jak OneBBW<\/h2>\n<p>OneBBW to aplikacja randkowa zaprojektowana specjalnie dla singli w du\u017cych rozmiarach. Aplikacj\u0119 mo\u017cna pobra\u0107 bezp\u0142atnie i utworzy\u0107 profil. Jest dost\u0119pny zar\u00f3wno dla urz\u0105dze\u0144 z systemem iOS, jak i Android. OneBBW ma czysty i prosty interfejs, kt\u00f3ry jest \u0142atwy w u\u017cyciu. Aplikacja ma r\u00f3wnie\u017c du\u017c\u0105 baz\u0119 u\u017cytkownik\u00f3w, co oznacza, \u017ce istnieje wiele potencjalnych dopasowa\u0144 do wyboru. OneBBW to \u015bwietna opcja dla singli plus size, kt\u00f3rzy szukaj\u0105 powa\u017cnego zwi\u0105zku.<\/p>\n<h2>Bezpiecze\u0144stwo<\/h2>\n<p>Szukaj\u0105c aplikacji randkowej, wa\u017cne jest, aby wzi\u0105\u0107 pod uwag\u0119 bezpiecze\u0144stwo aplikacji. OneBBW to bezpieczna aplikacja randkowa, kt\u00f3ra podejmuje \u015brodki w celu ochrony swoich u\u017cytkownik\u00f3w. Aplikacja wymaga od u\u017cytkownik\u00f3w utworzenia konta i zalogowania si\u0119 w celu korzystania z aplikacji. OneBBW wymaga r\u00f3wnie\u017c od u\u017cytkownik\u00f3w weryfikacji ich to\u017csamo\u015bci za pomoc\u0105 wydanego przez rz\u0105d identyfikatora. OneBBW ma r\u00f3wnie\u017c \u015bcis\u0142\u0105 polityk\u0119 antyspamow\u0105, aby chroni\u0107 u\u017cytkownik\u00f3w przed niechcianymi wiadomo\u015bciami. OneBBW to bezpieczna aplikacja randkowa, kt\u00f3ra podejmuje \u015brodki w celu ochrony swoich u\u017cytkownik\u00f3w.<\/p>\n<h2>Czy OneBBW jest tego warte?<\/h2>\n<p>Istnieje wiele aplikacji randkowych i mo\u017ce by\u0107 trudno zdecydowa\u0107, z kt\u00f3r\u0105 z nich si\u0119 wybra\u0107. OneBBW to aplikacja randkowa specjalnie dla kobiet plus size i m\u0119\u017cczyzn, kt\u00f3rzy je kochaj\u0105. Jest to jedna z dro\u017cszych aplikacji randkowych, ale jest te\u017c jedn\u0105 z najpopularniejszych, wi\u0119c warto si\u0119 nad tym zastanowi\u0107.<\/p>\n<p>OneBBW ma wiele funkcji, kt\u00f3rych nie maj\u0105 inne aplikacje randkowe, takich jak &#8222;grubo-pozytywna&#8221; przestrze\u0144, w kt\u00f3rej kobiety plus size mog\u0105 czu\u0107 si\u0119 komfortowo i pewnie. Aplikacja ma r\u00f3wnie\u017c \u015bwietny system dopasowywania, wi\u0119c prawdopodobnie znajdziesz dobre dopasowania, je\u015bli z niej skorzystasz.<\/p>\n<p>Je\u015bli jeste\u015b plus size i szukasz \u015bwietnej aplikacji randkowej, OneBBW jest zdecydowanie warte rozwa\u017cenia.<\/p>\n","protected":false},"excerpt":{"rendered":"<div class=\"mh-excerpt\"><p>OneBBW to przewodnik seksualny, kt\u00f3ry pomaga kobietom plus size znale\u017a\u0107 partner\u00f3w seksualnych. Aplikacja zapewnia bezpieczne \u015brodowisko dla u\u017cytkownik\u00f3w do \u0142\u0105czenia si\u0119 i czatowania. OneBBW oferuje <a class=\"mh-excerpt-more\" href=\"https:\/\/mmabay.co.uk\/pl\/onebbw\/\" title=\"OneBBW\">[&#8230;]<\/a><\/p>\n<\/div>","protected":false},"author":1,"featured_media":0,"parent":0,"menu_order":0,"comment_status":"closed","ping_status":"closed","template":"","meta":[],"yoast_head":"<!-- This site is optimized with the Yoast SEO plugin v17.7.1 - https:\/\/yoast.com\/wordpress\/plugins\/seo\/ -->\n<title>OneBBW - Bay Reviews<\/title>\n<meta name=\"robots\" content=\"index, follow, max-snippet:-1, max-image-preview:large, max-video-preview:-1\" \/>\n<link rel=\"canonical\" href=\"https:\/\/mmabay.co.uk\/pl\/onebbw\/\" \/>\n<meta property=\"og:locale\" content=\"pl_PL\" \/>\n<meta property=\"og:type\" content=\"article\" \/>\n<meta property=\"og:title\" content=\"OneBBW - Bay Reviews\" \/>\n<meta property=\"og:description\" content=\"OneBBW to przewodnik seksualny, kt\u00f3ry pomaga kobietom plus size znale\u017a\u0107 partner\u00f3w seksualnych. Aplikacja zapewnia bezpieczne \u015brodowisko dla u\u017cytkownik\u00f3w do \u0142\u0105czenia si\u0119 i czatowania. OneBBW oferuje [...]\" \/>\n<meta property=\"og:url\" content=\"https:\/\/mmabay.co.uk\/pl\/onebbw\/\" \/>\n<meta property=\"og:site_name\" content=\"Bay Reviews\" \/>\n<meta name=\"twitter:card\" content=\"summary_large_image\" \/>\n<meta name=\"twitter:label1\" content=\"Szacowany czas czytania\" \/>\n\t<meta name=\"twitter:data1\" content=\"4 minuty\" \/>\n<script type=\"application\/ld+json\" class=\"yoast-schema-graph\">{\"@context\":\"https:\/\/schema.org\",\"@graph\":[{\"@type\":\"WebSite\",\"@id\":\"https:\/\/mmabay.co.uk\/pl\/#website\",\"url\":\"https:\/\/mmabay.co.uk\/pl\/\",\"name\":\"Bay Reviews\",\"description\":\"Casual Hookup Finder\",\"potentialAction\":[{\"@type\":\"SearchAction\",\"target\":{\"@type\":\"EntryPoint\",\"urlTemplate\":\"https:\/\/mmabay.co.uk\/pl\/?s={search_term_string}\"},\"query-input\":\"required name=search_term_string\"}],\"inLanguage\":\"pl-PL\"},{\"@type\":\"WebPage\",\"@id\":\"https:\/\/mmabay.co.uk\/pl\/onebbw\/#webpage\",\"url\":\"https:\/\/mmabay.co.uk\/pl\/onebbw\/\",\"name\":\"OneBBW - Bay Reviews\",\"isPartOf\":{\"@id\":\"https:\/\/mmabay.co.uk\/pl\/#website\"},\"datePublished\":\"2022-10-03T12:08:39+00:00\",\"dateModified\":\"2022-10-03T12:08:39+00:00\",\"breadcrumb\":{\"@id\":\"https:\/\/mmabay.co.uk\/pl\/onebbw\/#breadcrumb\"},\"inLanguage\":\"pl-PL\",\"potentialAction\":[{\"@type\":\"ReadAction\",\"target\":[\"https:\/\/mmabay.co.uk\/pl\/onebbw\/\"]}]},{\"@type\":\"BreadcrumbList\",\"@id\":\"https:\/\/mmabay.co.uk\/pl\/onebbw\/#breadcrumb\",\"itemListElement\":[{\"@type\":\"ListItem\",\"position\":1,\"name\":\"Home\",\"item\":\"https:\/\/mmabay.co.uk\/pl\/\"},{\"@type\":\"ListItem\",\"position\":2,\"name\":\"OneBBW\"}]}]}<\/script>\n<!-- \/ Yoast SEO plugin. -->","yoast_head_json":{"title":"OneBBW - Bay Reviews","robots":{"index":"index","follow":"follow","max-snippet":"max-snippet:-1","max-image-preview":"max-image-preview:large","max-video-preview":"max-video-preview:-1"},"canonical":"https:\/\/mmabay.co.uk\/pl\/onebbw\/","og_locale":"pl_PL","og_type":"article","og_title":"OneBBW - Bay Reviews","og_description":"OneBBW to przewodnik seksualny, kt\u00f3ry pomaga kobietom plus size znale\u017a\u0107 partner\u00f3w seksualnych. Aplikacja zapewnia bezpieczne \u015brodowisko dla u\u017cytkownik\u00f3w do \u0142\u0105czenia si\u0119 i czatowania. OneBBW oferuje [...]","og_url":"https:\/\/mmabay.co.uk\/pl\/onebbw\/","og_site_name":"Bay Reviews","twitter_card":"summary_large_image","twitter_misc":{"Szacowany czas czytania":"4 minuty"},"schema":{"@context":"https:\/\/schema.org","@graph":[{"@type":"WebSite","@id":"https:\/\/mmabay.co.uk\/pl\/#website","url":"https:\/\/mmabay.co.uk\/pl\/","name":"Bay Reviews","description":"Casual Hookup Finder","potentialAction":[{"@type":"SearchAction","target":{"@type":"EntryPoint","urlTemplate":"https:\/\/mmabay.co.uk\/pl\/?s={search_term_string}"},"query-input":"required name=search_term_string"}],"inLanguage":"pl-PL"},{"@type":"WebPage","@id":"https:\/\/mmabay.co.uk\/pl\/onebbw\/#webpage","url":"https:\/\/mmabay.co.uk\/pl\/onebbw\/","name":"OneBBW - Bay Reviews","isPartOf":{"@id":"https:\/\/mmabay.co.uk\/pl\/#website"},"datePublished":"2022-10-03T12:08:39+00:00","dateModified":"2022-10-03T12:08:39+00:00","breadcrumb":{"@id":"https:\/\/mmabay.co.uk\/pl\/onebbw\/#breadcrumb"},"inLanguage":"pl-PL","potentialAction":[{"@type":"ReadAction","target":["https:\/\/mmabay.co.uk\/pl\/onebbw\/"]}]},{"@type":"BreadcrumbList","@id":"https:\/\/mmabay.co.uk\/pl\/onebbw\/#breadcrumb","itemListElement":[{"@type":"ListItem","position":1,"name":"Home","item":"https:\/\/mmabay.co.uk\/pl\/"},{"@type":"ListItem","position":2,"name":"OneBBW"}]}]}},"_links":{"self":[{"href":"https:\/\/mmabay.co.uk\/pl\/wp-json\/wp\/v2\/pages\/205"}],"collection":[{"href":"https:\/\/mmabay.co.uk\/pl\/wp-json\/wp\/v2\/pages"}],"about":[{"href":"https:\/\/mmabay.co.uk\/pl\/wp-json\/wp\/v2\/types\/page"}],"author":[{"embeddable":true,"href":"https:\/\/mmabay.co.uk\/pl\/wp-json\/wp\/v2\/users\/1"}],"replies":[{"embeddable":true,"href":"https:\/\/mmabay.co.uk\/pl\/wp-json\/wp\/v2\/comments?post=205"}],"version-history":[{"count":0,"href":"https:\/\/mmabay.co.uk\/pl\/wp-json\/wp\/v2\/pages\/205\/revisions"}],"wp:attachment":[{"href":"https:\/\/mmabay.co.uk\/pl\/wp-json\/wp\/v2\/media?parent=205"}],"curies":[{"name":"wp","href":"https:\/\/api.w.org\/{rel}","templated":true}]}}